{"id":483,"date":"2022-01-27T11:23:19","date_gmt":"2022-01-27T11:23:19","guid":{"rendered":"https:\/\/www.o-sarouel.com\/?post_type=product&#038;p=483"},"modified":"2024-07-01T20:19:59","modified_gmt":"2024-07-01T20:19:59","slug":"harembroek-jeans-broek-jp10-dirty-rouille","status":"publish","type":"product","link":"https:\/\/www.o-sarouel.com\/nl\/product-2\/harembroek-jeans-broek-jp10-dirty-rouille\/","title":{"rendered":"Sarouel jeansbroek jp10 dirty rouille \u2013 Dc Jeans"},"content":{"rendered":"","protected":false},"excerpt":{"rendered":"<p><strong>Kenmerken:<\/strong><\/p>\n<ul>\n<li>Kleur: Dirty Blue met roestkleurige tint.<\/li>\n<li>Samenstelling: stretch denim 98% katoen 2% Lycra.<\/li>\n<li>Kavalierszakken aan de riem.<\/li>\n<li>Logo-badge van leer en metaal. Elastiek bij de enkel.<\/li>\n<li>Zichtbare opgestikte achterzakken.<\/li>\n<li>Riem met halfelastische lussen (innovatie van dcjeans).<\/li>\n<li>Gepersonaliseerde metalen knopen en klinknagels.<\/li>\n<\/ul>","protected":false},"featured_media":482,"template":"","meta":[],"product_brand":[],"product_cat":[86],"product_tag":[],"class_list":{"0":"post-483","1":"product","2":"type-product","3":"status-publish","4":"has-post-thumbnail","6":"product_cat-fin-de-stock","8":"first","9":"instock","10":"shipping-taxable","11":"purchasable","12":"product-type-variable","13":"has-default-attributes"},"yoast_head":"<!-- This site is optimized with the Yoast SEO plugin v26.9 - https:\/\/yoast.com\/product\/yoast-seo-wordpress\/ -->\n<title>Sarouel jeans pants jp10 dirty rouille - Dc Jeans -<\/title>\n<meta name=\"robots\" content=\"index, follow, max-snippet:-1, max-image-preview:large, max-video-preview:-1\" \/>\n<link rel=\"canonical\" href=\"https:\/\/www.o-sarouel.com\/nl\/product-2\/harembroek-jeans-broek-jp10-dirty-rouille\/\" \/>\n<meta property=\"og:locale\" content=\"nl_NL\" \/>\n<meta property=\"og:type\" content=\"article\" \/>\n<meta property=\"og:title\" content=\"Sarouel jeans pants jp10 dirty rouille - Dc Jeans -\" \/>\n<meta property=\"og:description\" content=\"Caract\u00e9ristiques :   Coloris : Bleu Dirty teinte rouille.  Composition : toile de denim stretch 98% coton 2% Lycra.  Poches cavali\u00e8res \u00e0 la ceinture.  Badge logo cuir et m\u00e9tal.Elastique \u00e0 la cheville.  Poches dos plaqu\u00e9es apparentes.  Ceinture \u00e0 passant semi-\u00e9lastique (innovation dcjeans).  Boutons et rivets m\u00e9tal personnalis\u00e9s.\" \/>\n<meta property=\"og:url\" content=\"https:\/\/www.o-sarouel.com\/nl\/product-2\/harembroek-jeans-broek-jp10-dirty-rouille\/\" \/>\n<meta property=\"article:modified_time\" content=\"2024-07-01T20:19:59+00:00\" \/>\n<meta property=\"og:image\" content=\"https:\/\/www.o-sarouel.com\/wp-content\/uploads\/2022\/01\/sarouel-pants-jp10-dirty-rouille.jpg\" \/>\n\t<meta property=\"og:image:width\" content=\"600\" \/>\n\t<meta property=\"og:image:height\" content=\"600\" \/>\n\t<meta property=\"og:image:type\" content=\"image\/jpeg\" \/>\n<meta name=\"twitter:card\" content=\"summary_large_image\" \/>\n<script type=\"application\/ld+json\" class=\"yoast-schema-graph\">{\"@context\":\"https:\/\/schema.org\",\"@graph\":[{\"@type\":\"WebPage\",\"@id\":\"https:\/\/www.o-sarouel.com\/produit\/sarouel-jeans-pants-jp10-dirty-rouille\/\",\"url\":\"https:\/\/www.o-sarouel.com\/produit\/sarouel-jeans-pants-jp10-dirty-rouille\/\",\"name\":\"Sarouel jeans pants jp10 dirty rouille - Dc Jeans -\",\"isPartOf\":{\"@id\":\"https:\/\/www.o-sarouel.com\/#website\"},\"primaryImageOfPage\":{\"@id\":\"https:\/\/www.o-sarouel.com\/produit\/sarouel-jeans-pants-jp10-dirty-rouille\/#primaryimage\"},\"image\":{\"@id\":\"https:\/\/www.o-sarouel.com\/produit\/sarouel-jeans-pants-jp10-dirty-rouille\/#primaryimage\"},\"thumbnailUrl\":\"https:\/\/www.o-sarouel.com\/wp-content\/uploads\/2022\/01\/sarouel-pants-jp10-dirty-rouille.jpg\",\"datePublished\":\"2022-01-27T11:23:19+00:00\",\"dateModified\":\"2024-07-01T20:19:59+00:00\",\"breadcrumb\":{\"@id\":\"https:\/\/www.o-sarouel.com\/produit\/sarouel-jeans-pants-jp10-dirty-rouille\/#breadcrumb\"},\"inLanguage\":\"nl-NL\",\"potentialAction\":[{\"@type\":\"ReadAction\",\"target\":[\"https:\/\/www.o-sarouel.com\/produit\/sarouel-jeans-pants-jp10-dirty-rouille\/\"]}]},{\"@type\":\"ImageObject\",\"inLanguage\":\"nl-NL\",\"@id\":\"https:\/\/www.o-sarouel.com\/produit\/sarouel-jeans-pants-jp10-dirty-rouille\/#primaryimage\",\"url\":\"https:\/\/www.o-sarouel.com\/wp-content\/uploads\/2022\/01\/sarouel-pants-jp10-dirty-rouille.jpg\",\"contentUrl\":\"https:\/\/www.o-sarouel.com\/wp-content\/uploads\/2022\/01\/sarouel-pants-jp10-dirty-rouille.jpg\",\"width\":600,\"height\":600,\"caption\":\"Sarouel jeans pants jp10 dirty rouille - Dc Jeans\"},{\"@type\":\"BreadcrumbList\",\"@id\":\"https:\/\/www.o-sarouel.com\/produit\/sarouel-jeans-pants-jp10-dirty-rouille\/#breadcrumb\",\"itemListElement\":[{\"@type\":\"ListItem\",\"position\":1,\"name\":\"Accueil\",\"item\":\"https:\/\/www.o-sarouel.com\/\"},{\"@type\":\"ListItem\",\"position\":2,\"name\":\"Boutique\",\"item\":\"https:\/\/www.o-sarouel.com\/boutique\/\"},{\"@type\":\"ListItem\",\"position\":3,\"name\":\"Sarouel jeans pants jp10 dirty rouille &#8211; Dc Jeans\"}]},{\"@type\":\"WebSite\",\"@id\":\"https:\/\/www.o-sarouel.com\/#website\",\"url\":\"https:\/\/www.o-sarouel.com\/\",\"name\":\"\",\"description\":\"\",\"publisher\":{\"@id\":\"https:\/\/www.o-sarouel.com\/#organization\"},\"potentialAction\":[{\"@type\":\"SearchAction\",\"target\":{\"@type\":\"EntryPoint\",\"urlTemplate\":\"https:\/\/www.o-sarouel.com\/?s={search_term_string}\"},\"query-input\":{\"@type\":\"PropertyValueSpecification\",\"valueRequired\":true,\"valueName\":\"search_term_string\"}}],\"inLanguage\":\"nl-NL\"},{\"@type\":\"Organization\",\"@id\":\"https:\/\/www.o-sarouel.com\/#organization\",\"name\":\"O' Sarouel\",\"url\":\"https:\/\/www.o-sarouel.com\/\",\"logo\":{\"@type\":\"ImageObject\",\"inLanguage\":\"nl-NL\",\"@id\":\"https:\/\/www.o-sarouel.com\/#\/schema\/logo\/image\/\",\"url\":\"https:\/\/www.o-sarouel.com\/wp-content\/uploads\/2022\/01\/logo-o-sarouel.png\",\"contentUrl\":\"https:\/\/www.o-sarouel.com\/wp-content\/uploads\/2022\/01\/logo-o-sarouel.png\",\"width\":350,\"height\":250,\"caption\":\"O' Sarouel\"},\"image\":{\"@id\":\"https:\/\/www.o-sarouel.com\/#\/schema\/logo\/image\/\"}}]}<\/script>\n<!-- \/ Yoast SEO plugin. -->","yoast_head_json":{"title":"Sarouel jeansbroek jp10 dirty rouille - Dc Jeans -","robots":{"index":"index","follow":"follow","max-snippet":"max-snippet:-1","max-image-preview":"max-image-preview:large","max-video-preview":"max-video-preview:-1"},"canonical":"https:\/\/www.o-sarouel.com\/nl\/product-2\/harembroek-jeans-broek-jp10-dirty-rouille\/","og_locale":"nl_NL","og_type":"article","og_title":"Sarouel jeans pants jp10 dirty rouille - Dc Jeans -","og_description":"Caract\u00e9ristiques :   Coloris : Bleu Dirty teinte rouille.  Composition : toile de denim stretch 98% coton 2% Lycra.  Poches cavali\u00e8res \u00e0 la ceinture.  Badge logo cuir et m\u00e9tal.Elastique \u00e0 la cheville.  Poches dos plaqu\u00e9es apparentes.  Ceinture \u00e0 passant semi-\u00e9lastique (innovation dcjeans).  Boutons et rivets m\u00e9tal personnalis\u00e9s.","og_url":"https:\/\/www.o-sarouel.com\/nl\/product-2\/harembroek-jeans-broek-jp10-dirty-rouille\/","article_modified_time":"2024-07-01T20:19:59+00:00","og_image":[{"width":600,"height":600,"url":"https:\/\/www.o-sarouel.com\/wp-content\/uploads\/2022\/01\/sarouel-pants-jp10-dirty-rouille.jpg","type":"image\/jpeg"}],"twitter_card":"summary_large_image","schema":{"@context":"https:\/\/schema.org","@graph":[{"@type":"WebPage","@id":"https:\/\/www.o-sarouel.com\/produit\/sarouel-jeans-pants-jp10-dirty-rouille\/","url":"https:\/\/www.o-sarouel.com\/produit\/sarouel-jeans-pants-jp10-dirty-rouille\/","name":"Sarouel jeansbroek jp10 dirty rouille - Dc Jeans -","isPartOf":{"@id":"https:\/\/www.o-sarouel.com\/#website"},"primaryImageOfPage":{"@id":"https:\/\/www.o-sarouel.com\/produit\/sarouel-jeans-pants-jp10-dirty-rouille\/#primaryimage"},"image":{"@id":"https:\/\/www.o-sarouel.com\/produit\/sarouel-jeans-pants-jp10-dirty-rouille\/#primaryimage"},"thumbnailUrl":"https:\/\/www.o-sarouel.com\/wp-content\/uploads\/2022\/01\/sarouel-pants-jp10-dirty-rouille.jpg","datePublished":"2022-01-27T11:23:19+00:00","dateModified":"2024-07-01T20:19:59+00:00","breadcrumb":{"@id":"https:\/\/www.o-sarouel.com\/produit\/sarouel-jeans-pants-jp10-dirty-rouille\/#breadcrumb"},"inLanguage":"nl-NL","potentialAction":[{"@type":"ReadAction","target":["https:\/\/www.o-sarouel.com\/produit\/sarouel-jeans-pants-jp10-dirty-rouille\/"]}]},{"@type":"ImageObject","inLanguage":"nl-NL","@id":"https:\/\/www.o-sarouel.com\/produit\/sarouel-jeans-pants-jp10-dirty-rouille\/#primaryimage","url":"https:\/\/www.o-sarouel.com\/wp-content\/uploads\/2022\/01\/sarouel-pants-jp10-dirty-rouille.jpg","contentUrl":"https:\/\/www.o-sarouel.com\/wp-content\/uploads\/2022\/01\/sarouel-pants-jp10-dirty-rouille.jpg","width":600,"height":600,"caption":"Sarouel jeans pants jp10 dirty rouille - Dc Jeans"},{"@type":"BreadcrumbList","@id":"https:\/\/www.o-sarouel.com\/produit\/sarouel-jeans-pants-jp10-dirty-rouille\/#breadcrumb","itemListElement":[{"@type":"ListItem","position":1,"name":"Accueil","item":"https:\/\/www.o-sarouel.com\/"},{"@type":"ListItem","position":2,"name":"Boutique","item":"https:\/\/www.o-sarouel.com\/boutique\/"},{"@type":"ListItem","position":3,"name":"Sarouel jeans pants jp10 dirty rouille &#8211; Dc Jeans"}]},{"@type":"WebSite","@id":"https:\/\/www.o-sarouel.com\/#website","url":"https:\/\/www.o-sarouel.com\/","name":"","description":"","publisher":{"@id":"https:\/\/www.o-sarouel.com\/#organization"},"potentialAction":[{"@type":"SearchAction","target":{"@type":"EntryPoint","urlTemplate":"https:\/\/www.o-sarouel.com\/?s={search_term_string}"},"query-input":{"@type":"PropertyValueSpecification","valueRequired":true,"valueName":"search_term_string"}}],"inLanguage":"nl-NL"},{"@type":"Organization","@id":"https:\/\/www.o-sarouel.com\/#organization","name":"O' Sarouel","url":"https:\/\/www.o-sarouel.com\/","logo":{"@type":"ImageObject","inLanguage":"nl-NL","@id":"https:\/\/www.o-sarouel.com\/#\/schema\/logo\/image\/","url":"https:\/\/www.o-sarouel.com\/wp-content\/uploads\/2022\/01\/logo-o-sarouel.png","contentUrl":"https:\/\/www.o-sarouel.com\/wp-content\/uploads\/2022\/01\/logo-o-sarouel.png","width":350,"height":250,"caption":"O' Sarouel"},"image":{"@id":"https:\/\/www.o-sarouel.com\/#\/schema\/logo\/image\/"}}]}},"_links":{"self":[{"href":"https:\/\/www.o-sarouel.com\/nl\/wp-json\/wp\/v2\/product\/483","targetHints":{"allow":["GET"]}}],"collection":[{"href":"https:\/\/www.o-sarouel.com\/nl\/wp-json\/wp\/v2\/product"}],"about":[{"href":"https:\/\/www.o-sarouel.com\/nl\/wp-json\/wp\/v2\/types\/product"}],"wp:featuredmedia":[{"embeddable":true,"href":"https:\/\/www.o-sarouel.com\/nl\/wp-json\/wp\/v2\/media\/482"}],"wp:attachment":[{"href":"https:\/\/www.o-sarouel.com\/nl\/wp-json\/wp\/v2\/media?parent=483"}],"wp:term":[{"taxonomy":"product_brand","embeddable":true,"href":"https:\/\/www.o-sarouel.com\/nl\/wp-json\/wp\/v2\/product_brand?post=483"},{"taxonomy":"product_cat","embeddable":true,"href":"https:\/\/www.o-sarouel.com\/nl\/wp-json\/wp\/v2\/product_cat?post=483"},{"taxonomy":"product_tag","embeddable":true,"href":"https:\/\/www.o-sarouel.com\/nl\/wp-json\/wp\/v2\/product_tag?post=483"}],"curies":[{"name":"wp","href":"https:\/\/api.w.org\/{rel}","templated":true}]}}