{"id":138,"date":"2022-01-18T17:12:12","date_gmt":"2022-01-18T17:12:12","guid":{"rendered":"https:\/\/www.o-sarouel.com\/?post_type=product&#038;p=138"},"modified":"2025-02-05T15:53:09","modified_gmt":"2025-02-05T15:53:09","slug":"basic-sarouelbroek-donkerblauwe-jeans-n3","status":"publish","type":"product","link":"https:\/\/www.o-sarouel.com\/nl\/product-2\/basic-sarouelbroek-donkerblauwe-jeans-n3\/","title":{"rendered":"Basic sarouelbroek in donkerblauw denim N3 \u2013 Na3im"},"content":{"rendered":"","protected":false},"excerpt":{"rendered":"<p><strong>Kenmerken:<\/strong><\/p>\n<ul>\n<li>YKK-ritssluiting<\/li>\n<li>Verstelbare riem<\/li>\n<li>Lussen en elastiek<\/li>\n<li>Centrale knop en gepersonaliseerde klinknagels<\/li>\n<li>Verstelbare klittenbandsluiting bij de enkels.<\/li>\n<li>95% katoen en 5% lycra<\/li>\n<\/ul>","protected":false},"featured_media":87,"template":"","meta":[],"product_brand":[],"product_cat":[86],"product_tag":[],"class_list":{"0":"post-138","1":"product","2":"type-product","3":"status-publish","4":"has-post-thumbnail","6":"product_cat-fin-de-stock","8":"first","9":"instock","10":"shipping-taxable","11":"purchasable","12":"product-type-variable","13":"has-default-attributes"},"yoast_head":"<!-- This site is optimized with the Yoast SEO plugin v26.9 - https:\/\/yoast.com\/product\/yoast-seo-wordpress\/ -->\n<title>Sarouel basic jeans bleu fonc\u00e9 N3 - Na3im -<\/title>\n<meta name=\"robots\" content=\"index, follow, max-snippet:-1, max-image-preview:large, max-video-preview:-1\" \/>\n<link rel=\"canonical\" href=\"https:\/\/www.o-sarouel.com\/nl\/product-2\/basic-sarouelbroek-donkerblauwe-jeans-n3\/\" \/>\n<meta property=\"og:locale\" content=\"nl_NL\" \/>\n<meta property=\"og:type\" content=\"article\" \/>\n<meta property=\"og:title\" content=\"Sarouel basic jeans bleu fonc\u00e9 N3 - Na3im -\" \/>\n<meta property=\"og:description\" content=\"Caract\u00e9ristiques :   Fermeture \u00e9claire zip YKK  Ceinture r\u00e9glable  Passants et \u00e9lastique  Bouton central et rivets customis\u00e9s  Fermeture velcro ajustable aux chevilles.  95% coton et 5% lycra\" \/>\n<meta property=\"og:url\" content=\"https:\/\/www.o-sarouel.com\/nl\/product-2\/basic-sarouelbroek-donkerblauwe-jeans-n3\/\" \/>\n<meta property=\"article:modified_time\" content=\"2025-02-05T15:53:09+00:00\" \/>\n<meta property=\"og:image\" content=\"https:\/\/www.o-sarouel.com\/wp-content\/uploads\/2022\/01\/sarouel-basic-jeans-na3im-bleu-fonce.jpg\" \/>\n\t<meta property=\"og:image:width\" content=\"600\" \/>\n\t<meta property=\"og:image:height\" content=\"600\" \/>\n\t<meta property=\"og:image:type\" content=\"image\/jpeg\" \/>\n<meta name=\"twitter:card\" content=\"summary_large_image\" \/>\n<script type=\"application\/ld+json\" class=\"yoast-schema-graph\">{\"@context\":\"https:\/\/schema.org\",\"@graph\":[{\"@type\":\"WebPage\",\"@id\":\"https:\/\/www.o-sarouel.com\/produit\/sarouel-basic-jeans-bleu-fonce-n3\/\",\"url\":\"https:\/\/www.o-sarouel.com\/produit\/sarouel-basic-jeans-bleu-fonce-n3\/\",\"name\":\"Sarouel basic jeans bleu fonc\u00e9 N3 - Na3im -\",\"isPartOf\":{\"@id\":\"https:\/\/www.o-sarouel.com\/#website\"},\"primaryImageOfPage\":{\"@id\":\"https:\/\/www.o-sarouel.com\/produit\/sarouel-basic-jeans-bleu-fonce-n3\/#primaryimage\"},\"image\":{\"@id\":\"https:\/\/www.o-sarouel.com\/produit\/sarouel-basic-jeans-bleu-fonce-n3\/#primaryimage\"},\"thumbnailUrl\":\"https:\/\/www.o-sarouel.com\/wp-content\/uploads\/2022\/01\/sarouel-basic-jeans-na3im-bleu-fonce.jpg\",\"datePublished\":\"2022-01-18T17:12:12+00:00\",\"dateModified\":\"2025-02-05T15:53:09+00:00\",\"breadcrumb\":{\"@id\":\"https:\/\/www.o-sarouel.com\/produit\/sarouel-basic-jeans-bleu-fonce-n3\/#breadcrumb\"},\"inLanguage\":\"nl-NL\",\"potentialAction\":[{\"@type\":\"ReadAction\",\"target\":[\"https:\/\/www.o-sarouel.com\/produit\/sarouel-basic-jeans-bleu-fonce-n3\/\"]}]},{\"@type\":\"ImageObject\",\"inLanguage\":\"nl-NL\",\"@id\":\"https:\/\/www.o-sarouel.com\/produit\/sarouel-basic-jeans-bleu-fonce-n3\/#primaryimage\",\"url\":\"https:\/\/www.o-sarouel.com\/wp-content\/uploads\/2022\/01\/sarouel-basic-jeans-na3im-bleu-fonce.jpg\",\"contentUrl\":\"https:\/\/www.o-sarouel.com\/wp-content\/uploads\/2022\/01\/sarouel-basic-jeans-na3im-bleu-fonce.jpg\",\"width\":600,\"height\":600,\"caption\":\"Sarouel basic jeans bleu fonc\u00e9 N3 - Na3im\"},{\"@type\":\"BreadcrumbList\",\"@id\":\"https:\/\/www.o-sarouel.com\/produit\/sarouel-basic-jeans-bleu-fonce-n3\/#breadcrumb\",\"itemListElement\":[{\"@type\":\"ListItem\",\"position\":1,\"name\":\"Accueil\",\"item\":\"https:\/\/www.o-sarouel.com\/\"},{\"@type\":\"ListItem\",\"position\":2,\"name\":\"Boutique\",\"item\":\"https:\/\/www.o-sarouel.com\/boutique\/\"},{\"@type\":\"ListItem\",\"position\":3,\"name\":\"Sarouel basic jeans bleu fonc\u00e9 N3 &#8211; Na3im\"}]},{\"@type\":\"WebSite\",\"@id\":\"https:\/\/www.o-sarouel.com\/#website\",\"url\":\"https:\/\/www.o-sarouel.com\/\",\"name\":\"\",\"description\":\"\",\"publisher\":{\"@id\":\"https:\/\/www.o-sarouel.com\/#organization\"},\"potentialAction\":[{\"@type\":\"SearchAction\",\"target\":{\"@type\":\"EntryPoint\",\"urlTemplate\":\"https:\/\/www.o-sarouel.com\/?s={search_term_string}\"},\"query-input\":{\"@type\":\"PropertyValueSpecification\",\"valueRequired\":true,\"valueName\":\"search_term_string\"}}],\"inLanguage\":\"nl-NL\"},{\"@type\":\"Organization\",\"@id\":\"https:\/\/www.o-sarouel.com\/#organization\",\"name\":\"O' Sarouel\",\"url\":\"https:\/\/www.o-sarouel.com\/\",\"logo\":{\"@type\":\"ImageObject\",\"inLanguage\":\"nl-NL\",\"@id\":\"https:\/\/www.o-sarouel.com\/#\/schema\/logo\/image\/\",\"url\":\"https:\/\/www.o-sarouel.com\/wp-content\/uploads\/2022\/01\/logo-o-sarouel.png\",\"contentUrl\":\"https:\/\/www.o-sarouel.com\/wp-content\/uploads\/2022\/01\/logo-o-sarouel.png\",\"width\":350,\"height\":250,\"caption\":\"O' Sarouel\"},\"image\":{\"@id\":\"https:\/\/www.o-sarouel.com\/#\/schema\/logo\/image\/\"}}]}<\/script>\n<!-- \/ Yoast SEO plugin. -->","yoast_head_json":{"title":"Basic sarouelbroek in donkerblauw denim N3 - Na3im -","robots":{"index":"index","follow":"follow","max-snippet":"max-snippet:-1","max-image-preview":"max-image-preview:large","max-video-preview":"max-video-preview:-1"},"canonical":"https:\/\/www.o-sarouel.com\/nl\/product-2\/basic-sarouelbroek-donkerblauwe-jeans-n3\/","og_locale":"nl_NL","og_type":"article","og_title":"Sarouel basic jeans bleu fonc\u00e9 N3 - Na3im -","og_description":"Caract\u00e9ristiques :   Fermeture \u00e9claire zip YKK  Ceinture r\u00e9glable  Passants et \u00e9lastique  Bouton central et rivets customis\u00e9s  Fermeture velcro ajustable aux chevilles.  95% coton et 5% lycra","og_url":"https:\/\/www.o-sarouel.com\/nl\/product-2\/basic-sarouelbroek-donkerblauwe-jeans-n3\/","article_modified_time":"2025-02-05T15:53:09+00:00","og_image":[{"width":600,"height":600,"url":"https:\/\/www.o-sarouel.com\/wp-content\/uploads\/2022\/01\/sarouel-basic-jeans-na3im-bleu-fonce.jpg","type":"image\/jpeg"}],"twitter_card":"summary_large_image","schema":{"@context":"https:\/\/schema.org","@graph":[{"@type":"WebPage","@id":"https:\/\/www.o-sarouel.com\/produit\/sarouel-basic-jeans-bleu-fonce-n3\/","url":"https:\/\/www.o-sarouel.com\/produit\/sarouel-basic-jeans-bleu-fonce-n3\/","name":"Basic sarouelbroek in donkerblauw denim N3 - Na3im -","isPartOf":{"@id":"https:\/\/www.o-sarouel.com\/#website"},"primaryImageOfPage":{"@id":"https:\/\/www.o-sarouel.com\/produit\/sarouel-basic-jeans-bleu-fonce-n3\/#primaryimage"},"image":{"@id":"https:\/\/www.o-sarouel.com\/produit\/sarouel-basic-jeans-bleu-fonce-n3\/#primaryimage"},"thumbnailUrl":"https:\/\/www.o-sarouel.com\/wp-content\/uploads\/2022\/01\/sarouel-basic-jeans-na3im-bleu-fonce.jpg","datePublished":"2022-01-18T17:12:12+00:00","dateModified":"2025-02-05T15:53:09+00:00","breadcrumb":{"@id":"https:\/\/www.o-sarouel.com\/produit\/sarouel-basic-jeans-bleu-fonce-n3\/#breadcrumb"},"inLanguage":"nl-NL","potentialAction":[{"@type":"ReadAction","target":["https:\/\/www.o-sarouel.com\/produit\/sarouel-basic-jeans-bleu-fonce-n3\/"]}]},{"@type":"ImageObject","inLanguage":"nl-NL","@id":"https:\/\/www.o-sarouel.com\/produit\/sarouel-basic-jeans-bleu-fonce-n3\/#primaryimage","url":"https:\/\/www.o-sarouel.com\/wp-content\/uploads\/2022\/01\/sarouel-basic-jeans-na3im-bleu-fonce.jpg","contentUrl":"https:\/\/www.o-sarouel.com\/wp-content\/uploads\/2022\/01\/sarouel-basic-jeans-na3im-bleu-fonce.jpg","width":600,"height":600,"caption":"Sarouel basic jeans bleu fonc\u00e9 N3 - Na3im"},{"@type":"BreadcrumbList","@id":"https:\/\/www.o-sarouel.com\/produit\/sarouel-basic-jeans-bleu-fonce-n3\/#breadcrumb","itemListElement":[{"@type":"ListItem","position":1,"name":"Accueil","item":"https:\/\/www.o-sarouel.com\/"},{"@type":"ListItem","position":2,"name":"Boutique","item":"https:\/\/www.o-sarouel.com\/boutique\/"},{"@type":"ListItem","position":3,"name":"Sarouel basic jeans bleu fonc\u00e9 N3 &#8211; Na3im"}]},{"@type":"WebSite","@id":"https:\/\/www.o-sarouel.com\/#website","url":"https:\/\/www.o-sarouel.com\/","name":"","description":"","publisher":{"@id":"https:\/\/www.o-sarouel.com\/#organization"},"potentialAction":[{"@type":"SearchAction","target":{"@type":"EntryPoint","urlTemplate":"https:\/\/www.o-sarouel.com\/?s={search_term_string}"},"query-input":{"@type":"PropertyValueSpecification","valueRequired":true,"valueName":"search_term_string"}}],"inLanguage":"nl-NL"},{"@type":"Organization","@id":"https:\/\/www.o-sarouel.com\/#organization","name":"O' Sarouel","url":"https:\/\/www.o-sarouel.com\/","logo":{"@type":"ImageObject","inLanguage":"nl-NL","@id":"https:\/\/www.o-sarouel.com\/#\/schema\/logo\/image\/","url":"https:\/\/www.o-sarouel.com\/wp-content\/uploads\/2022\/01\/logo-o-sarouel.png","contentUrl":"https:\/\/www.o-sarouel.com\/wp-content\/uploads\/2022\/01\/logo-o-sarouel.png","width":350,"height":250,"caption":"O' Sarouel"},"image":{"@id":"https:\/\/www.o-sarouel.com\/#\/schema\/logo\/image\/"}}]}},"_links":{"self":[{"href":"https:\/\/www.o-sarouel.com\/nl\/wp-json\/wp\/v2\/product\/138","targetHints":{"allow":["GET"]}}],"collection":[{"href":"https:\/\/www.o-sarouel.com\/nl\/wp-json\/wp\/v2\/product"}],"about":[{"href":"https:\/\/www.o-sarouel.com\/nl\/wp-json\/wp\/v2\/types\/product"}],"wp:featuredmedia":[{"embeddable":true,"href":"https:\/\/www.o-sarouel.com\/nl\/wp-json\/wp\/v2\/media\/87"}],"wp:attachment":[{"href":"https:\/\/www.o-sarouel.com\/nl\/wp-json\/wp\/v2\/media?parent=138"}],"wp:term":[{"taxonomy":"product_brand","embeddable":true,"href":"https:\/\/www.o-sarouel.com\/nl\/wp-json\/wp\/v2\/product_brand?post=138"},{"taxonomy":"product_cat","embeddable":true,"href":"https:\/\/www.o-sarouel.com\/nl\/wp-json\/wp\/v2\/product_cat?post=138"},{"taxonomy":"product_tag","embeddable":true,"href":"https:\/\/www.o-sarouel.com\/nl\/wp-json\/wp\/v2\/product_tag?post=138"}],"curies":[{"name":"wp","href":"https:\/\/api.w.org\/{rel}","templated":true}]}}