{"id":1168,"date":"2022-07-12T15:27:58","date_gmt":"2022-07-12T15:27:58","guid":{"rendered":"https:\/\/www.o-sarouel.com\/?post_type=product&#038;p=1168"},"modified":"2026-05-01T14:55:43","modified_gmt":"2026-05-01T14:55:43","slug":"witte-qamis-broek","status":"publish","type":"product","link":"https:\/\/www.o-sarouel.com\/nl\/product-2\/witte-qamis-broek\/","title":{"rendered":"Witte qamis broek"},"content":{"rendered":"<p>De witte qamis-broek is\u00a0<strong>het onmisbare<\/strong>\u00a0om een qamis correct te dragen. Het is dat kleine detail dat uw stijl naar een hoger niveau tilt.<\/p>\n<h2><strong>De witte qamis-broek, kleding om uw bescheidenheid te respecteren<\/strong><\/h2>\n<p>Wanneer u een witte qamis draagt, is het nadeel dat deze gemakkelijk doorschijnend is. Met onze witte qamis-broek voorkomt u dit nadeel. En u zult\u00a0<strong>eer aan de Sunna<\/strong>\u00a0van onze geliefde profeet \ufdfa . Hij zal ook een\u00a0<strong>breed effect<\/strong>\u00a0aan uw qamis, die niet aan u zal kleven (zoals het geval kan zijn wanneer u geen broek draagt).<\/p>\n<p><strong>De witte qamis-broek: het extraatje dat u stijl geeft<\/strong><\/p>\n<p>Dit is de kleding die u altijd zult dragen.\u00a0<strong>gemak<\/strong>. Zo geeft het u een aanzienlijke bewegingsvrijheid. In combinatie met een witte qamis cre\u00ebert u een eenvoudige en stijlvolle look. U kunt ook <a href=\"https:\/\/www.custom-qamis.com\" target=\"_blank\" rel=\"noopener\"><strong>een gepersonaliseerde qamis vinden<\/strong><\/a>. Maar u kunt het ook combineren met een donkere qamis. Wit laat namelijk de donkere kleur goed uitkomen en laat u goed tot uw recht komen. U zult <strong>elegant<\/strong>\u00a0zonder te overdrijven.<\/p>\n<h2><strong>Wit dragen, een advies van onze geliefde profeet \ufdfa\u00a0<\/strong><\/h2>\n<p>Door onze witte qamis-broek te dragen, zet u een profetische traditie voort. De profeet \ufdfa zei namelijk: \u00abDraag witte kleding. Dat is de beste kleding.\u00bb (Overgeleverd door at-Tirmidhi). In een andere stijl, de joggingbroek Sarouel <a href=\"https:\/\/www.o-sarouel.com\/nl\/categorie\/sarouel-zomer\/\"><strong>lichte stof<\/strong><\/a> lichtgrijs \u2013 Qaba\u2019il, zal u uitstekend staan.<\/p>\n<h3><strong>Volg de profeet in uw manier van kleden<\/strong><\/h3>\n<p>Om te beginnen heeft de profeet \ufdfa ons opgedragen Allah te danken wanneer we nieuwe kleding aantrekken. Begin vervolgens met \u00abbismillah\u00bb (\u0628\u0650\u0633\u0652\u0645\u0650 \u0627\u0644\u0644\u0647\u0650) te zeggen. Begin dan altijd met uw rechterkant. Trek dus eerst uw rechterbeen aan, en daarna uw linkerbeen. Kies ten slotte voor eenvoud. De profeet \ufdfa heeft ons namelijk gewaarschuwd voor te opvallende kleding en de trots die we zouden kunnen voelen als we die dragen. O Sarouel staat voor elegantie in alle eenvoud.<\/p>","protected":false},"excerpt":{"rendered":"<p>Le pantalon qamis blanc est\u00a0l\u2019incontournable\u00a0pour porter correctement un qamis. C\u2019est la petite touche qui rel\u00e8vera votre style. Le pantalon qamis blanc, l\u2019habit pour respecter votre pudeur Lorsque vous portez un qamis blanc, l\u2019inconv\u00e9nient est qu\u2019on peut facilement voir \u00e0 travers. Notre pantalon de qamis blanc va permettre de vous \u00e9viter ce d\u00e9savantage. Et vous ferez\u00a0honneur [&#8230;]","protected":false},"featured_media":1174,"template":"","meta":[],"product_brand":[],"product_cat":[56],"product_tag":[],"class_list":{"0":"post-1168","1":"product","2":"type-product","3":"status-publish","4":"has-post-thumbnail","6":"product_cat-pantalon-qamis","8":"first","9":"instock","10":"shipping-taxable","11":"purchasable","12":"product-type-variable"},"yoast_head":"<!-- This site is optimized with the Yoast SEO plugin v26.9 - https:\/\/yoast.com\/product\/yoast-seo-wordpress\/ -->\n<title>Pantalon qamis blanc I Tissu agr\u00e9able et l\u00e9ger I Achat s\u00e9curis\u00e9<\/title>\n<meta name=\"description\" content=\"Le pantalon qamis blanc est\u00a0l\u2019incontournable\u00a0pour porter correctement un qamis. C\u2019est la petite touche qui rel\u00e8vera votre style.\u00a0\" \/>\n<meta name=\"robots\" content=\"index, follow, max-snippet:-1, max-image-preview:large, max-video-preview:-1\" \/>\n<link rel=\"canonical\" href=\"https:\/\/www.o-sarouel.com\/nl\/product-2\/witte-qamis-broek\/\" \/>\n<meta property=\"og:locale\" content=\"nl_NL\" \/>\n<meta property=\"og:type\" content=\"article\" \/>\n<meta property=\"og:title\" content=\"Pantalon qamis blanc I Tissu agr\u00e9able et l\u00e9ger I Achat s\u00e9curis\u00e9\" \/>\n<meta property=\"og:description\" content=\"Le pantalon qamis blanc est\u00a0l\u2019incontournable\u00a0pour porter correctement un qamis. C\u2019est la petite touche qui rel\u00e8vera votre style.\u00a0\" \/>\n<meta property=\"og:url\" content=\"https:\/\/www.o-sarouel.com\/nl\/product-2\/witte-qamis-broek\/\" \/>\n<meta property=\"article:modified_time\" content=\"2026-05-01T14:55:43+00:00\" \/>\n<meta property=\"og:image\" content=\"https:\/\/www.o-sarouel.com\/wp-content\/uploads\/2022\/07\/BLANC.jpg\" \/>\n\t<meta property=\"og:image:width\" content=\"600\" \/>\n\t<meta property=\"og:image:height\" content=\"600\" \/>\n\t<meta property=\"og:image:type\" content=\"image\/jpeg\" \/>\n<meta name=\"twitter:card\" content=\"summary_large_image\" \/>\n<meta name=\"twitter:label1\" content=\"Geschatte leestijd\" \/>\n\t<meta name=\"twitter:data1\" content=\"2 minuten\" \/>\n<script type=\"application\/ld+json\" class=\"yoast-schema-graph\">{\"@context\":\"https:\/\/schema.org\",\"@graph\":[{\"@type\":\"WebPage\",\"@id\":\"https:\/\/www.o-sarouel.com\/produit\/pantalon-qamis-blanc\/\",\"url\":\"https:\/\/www.o-sarouel.com\/produit\/pantalon-qamis-blanc\/\",\"name\":\"Pantalon qamis blanc I Tissu agr\u00e9able et l\u00e9ger I Achat s\u00e9curis\u00e9\",\"isPartOf\":{\"@id\":\"https:\/\/www.o-sarouel.com\/#website\"},\"primaryImageOfPage\":{\"@id\":\"https:\/\/www.o-sarouel.com\/produit\/pantalon-qamis-blanc\/#primaryimage\"},\"image\":{\"@id\":\"https:\/\/www.o-sarouel.com\/produit\/pantalon-qamis-blanc\/#primaryimage\"},\"thumbnailUrl\":\"https:\/\/www.o-sarouel.com\/wp-content\/uploads\/2022\/07\/BLANC.jpg\",\"datePublished\":\"2022-07-12T15:27:58+00:00\",\"dateModified\":\"2026-05-01T14:55:43+00:00\",\"description\":\"Le pantalon qamis blanc est\u00a0l\u2019incontournable\u00a0pour porter correctement un qamis. C\u2019est la petite touche qui rel\u00e8vera votre style.\u00a0\",\"breadcrumb\":{\"@id\":\"https:\/\/www.o-sarouel.com\/produit\/pantalon-qamis-blanc\/#breadcrumb\"},\"inLanguage\":\"nl-NL\",\"potentialAction\":[{\"@type\":\"ReadAction\",\"target\":[\"https:\/\/www.o-sarouel.com\/produit\/pantalon-qamis-blanc\/\"]}]},{\"@type\":\"ImageObject\",\"inLanguage\":\"nl-NL\",\"@id\":\"https:\/\/www.o-sarouel.com\/produit\/pantalon-qamis-blanc\/#primaryimage\",\"url\":\"https:\/\/www.o-sarouel.com\/wp-content\/uploads\/2022\/07\/BLANC.jpg\",\"contentUrl\":\"https:\/\/www.o-sarouel.com\/wp-content\/uploads\/2022\/07\/BLANC.jpg\",\"width\":600,\"height\":600,\"caption\":\"pantalon qamis blanc\"},{\"@type\":\"BreadcrumbList\",\"@id\":\"https:\/\/www.o-sarouel.com\/produit\/pantalon-qamis-blanc\/#breadcrumb\",\"itemListElement\":[{\"@type\":\"ListItem\",\"position\":1,\"name\":\"Accueil\",\"item\":\"https:\/\/www.o-sarouel.com\/\"},{\"@type\":\"ListItem\",\"position\":2,\"name\":\"Boutique\",\"item\":\"https:\/\/www.o-sarouel.com\/boutique\/\"},{\"@type\":\"ListItem\",\"position\":3,\"name\":\"Pantalon qamis blanc\"}]},{\"@type\":\"WebSite\",\"@id\":\"https:\/\/www.o-sarouel.com\/#website\",\"url\":\"https:\/\/www.o-sarouel.com\/\",\"name\":\"\",\"description\":\"\",\"publisher\":{\"@id\":\"https:\/\/www.o-sarouel.com\/#organization\"},\"potentialAction\":[{\"@type\":\"SearchAction\",\"target\":{\"@type\":\"EntryPoint\",\"urlTemplate\":\"https:\/\/www.o-sarouel.com\/?s={search_term_string}\"},\"query-input\":{\"@type\":\"PropertyValueSpecification\",\"valueRequired\":true,\"valueName\":\"search_term_string\"}}],\"inLanguage\":\"nl-NL\"},{\"@type\":\"Organization\",\"@id\":\"https:\/\/www.o-sarouel.com\/#organization\",\"name\":\"O' Sarouel\",\"url\":\"https:\/\/www.o-sarouel.com\/\",\"logo\":{\"@type\":\"ImageObject\",\"inLanguage\":\"nl-NL\",\"@id\":\"https:\/\/www.o-sarouel.com\/#\/schema\/logo\/image\/\",\"url\":\"https:\/\/www.o-sarouel.com\/wp-content\/uploads\/2022\/01\/logo-o-sarouel.png\",\"contentUrl\":\"https:\/\/www.o-sarouel.com\/wp-content\/uploads\/2022\/01\/logo-o-sarouel.png\",\"width\":350,\"height\":250,\"caption\":\"O' Sarouel\"},\"image\":{\"@id\":\"https:\/\/www.o-sarouel.com\/#\/schema\/logo\/image\/\"}}]}<\/script>\n<!-- \/ Yoast SEO plugin. -->","yoast_head_json":{"title":"Witte qamis broek I Aangename, lichte stof I Veilig kopen","description":"De witte qamis-broek is onmisbaar om een qamis correct te dragen. Het is het kleine detail dat uw stijl naar een hoger niveau tilt.\u00a0","robots":{"index":"index","follow":"follow","max-snippet":"max-snippet:-1","max-image-preview":"max-image-preview:large","max-video-preview":"max-video-preview:-1"},"canonical":"https:\/\/www.o-sarouel.com\/nl\/product-2\/witte-qamis-broek\/","og_locale":"nl_NL","og_type":"article","og_title":"Pantalon qamis blanc I Tissu agr\u00e9able et l\u00e9ger I Achat s\u00e9curis\u00e9","og_description":"Le pantalon qamis blanc est\u00a0l\u2019incontournable\u00a0pour porter correctement un qamis. C\u2019est la petite touche qui rel\u00e8vera votre style.\u00a0","og_url":"https:\/\/www.o-sarouel.com\/nl\/product-2\/witte-qamis-broek\/","article_modified_time":"2026-05-01T14:55:43+00:00","og_image":[{"width":600,"height":600,"url":"https:\/\/www.o-sarouel.com\/wp-content\/uploads\/2022\/07\/BLANC.jpg","type":"image\/jpeg"}],"twitter_card":"summary_large_image","twitter_misc":{"Geschatte leestijd":"2 minuten"},"schema":{"@context":"https:\/\/schema.org","@graph":[{"@type":"WebPage","@id":"https:\/\/www.o-sarouel.com\/produit\/pantalon-qamis-blanc\/","url":"https:\/\/www.o-sarouel.com\/produit\/pantalon-qamis-blanc\/","name":"Witte qamis broek I Aangename, lichte stof I Veilig kopen","isPartOf":{"@id":"https:\/\/www.o-sarouel.com\/#website"},"primaryImageOfPage":{"@id":"https:\/\/www.o-sarouel.com\/produit\/pantalon-qamis-blanc\/#primaryimage"},"image":{"@id":"https:\/\/www.o-sarouel.com\/produit\/pantalon-qamis-blanc\/#primaryimage"},"thumbnailUrl":"https:\/\/www.o-sarouel.com\/wp-content\/uploads\/2022\/07\/BLANC.jpg","datePublished":"2022-07-12T15:27:58+00:00","dateModified":"2026-05-01T14:55:43+00:00","description":"De witte qamis-broek is onmisbaar om een qamis correct te dragen. Het is het kleine detail dat uw stijl naar een hoger niveau tilt.\u00a0","breadcrumb":{"@id":"https:\/\/www.o-sarouel.com\/produit\/pantalon-qamis-blanc\/#breadcrumb"},"inLanguage":"nl-NL","potentialAction":[{"@type":"ReadAction","target":["https:\/\/www.o-sarouel.com\/produit\/pantalon-qamis-blanc\/"]}]},{"@type":"ImageObject","inLanguage":"nl-NL","@id":"https:\/\/www.o-sarouel.com\/produit\/pantalon-qamis-blanc\/#primaryimage","url":"https:\/\/www.o-sarouel.com\/wp-content\/uploads\/2022\/07\/BLANC.jpg","contentUrl":"https:\/\/www.o-sarouel.com\/wp-content\/uploads\/2022\/07\/BLANC.jpg","width":600,"height":600,"caption":"pantalon qamis blanc"},{"@type":"BreadcrumbList","@id":"https:\/\/www.o-sarouel.com\/produit\/pantalon-qamis-blanc\/#breadcrumb","itemListElement":[{"@type":"ListItem","position":1,"name":"Accueil","item":"https:\/\/www.o-sarouel.com\/"},{"@type":"ListItem","position":2,"name":"Boutique","item":"https:\/\/www.o-sarouel.com\/boutique\/"},{"@type":"ListItem","position":3,"name":"Pantalon qamis blanc"}]},{"@type":"WebSite","@id":"https:\/\/www.o-sarouel.com\/#website","url":"https:\/\/www.o-sarouel.com\/","name":"","description":"","publisher":{"@id":"https:\/\/www.o-sarouel.com\/#organization"},"potentialAction":[{"@type":"SearchAction","target":{"@type":"EntryPoint","urlTemplate":"https:\/\/www.o-sarouel.com\/?s={search_term_string}"},"query-input":{"@type":"PropertyValueSpecification","valueRequired":true,"valueName":"search_term_string"}}],"inLanguage":"nl-NL"},{"@type":"Organization","@id":"https:\/\/www.o-sarouel.com\/#organization","name":"O' Sarouel","url":"https:\/\/www.o-sarouel.com\/","logo":{"@type":"ImageObject","inLanguage":"nl-NL","@id":"https:\/\/www.o-sarouel.com\/#\/schema\/logo\/image\/","url":"https:\/\/www.o-sarouel.com\/wp-content\/uploads\/2022\/01\/logo-o-sarouel.png","contentUrl":"https:\/\/www.o-sarouel.com\/wp-content\/uploads\/2022\/01\/logo-o-sarouel.png","width":350,"height":250,"caption":"O' Sarouel"},"image":{"@id":"https:\/\/www.o-sarouel.com\/#\/schema\/logo\/image\/"}}]}},"_links":{"self":[{"href":"https:\/\/www.o-sarouel.com\/nl\/wp-json\/wp\/v2\/product\/1168","targetHints":{"allow":["GET"]}}],"collection":[{"href":"https:\/\/www.o-sarouel.com\/nl\/wp-json\/wp\/v2\/product"}],"about":[{"href":"https:\/\/www.o-sarouel.com\/nl\/wp-json\/wp\/v2\/types\/product"}],"wp:featuredmedia":[{"embeddable":true,"href":"https:\/\/www.o-sarouel.com\/nl\/wp-json\/wp\/v2\/media\/1174"}],"wp:attachment":[{"href":"https:\/\/www.o-sarouel.com\/nl\/wp-json\/wp\/v2\/media?parent=1168"}],"wp:term":[{"taxonomy":"product_brand","embeddable":true,"href":"https:\/\/www.o-sarouel.com\/nl\/wp-json\/wp\/v2\/product_brand?post=1168"},{"taxonomy":"product_cat","embeddable":true,"href":"https:\/\/www.o-sarouel.com\/nl\/wp-json\/wp\/v2\/product_cat?post=1168"},{"taxonomy":"product_tag","embeddable":true,"href":"https:\/\/www.o-sarouel.com\/nl\/wp-json\/wp\/v2\/product_tag?post=1168"}],"curies":[{"name":"wp","href":"https:\/\/api.w.org\/{rel}","templated":true}]}}