{"id":3,"date":"2022-01-15T21:14:33","date_gmt":"2022-01-15T21:14:33","guid":{"rendered":"https:\/\/www.o-sarouel.com\/?page_id=3"},"modified":"2022-01-16T20:28:28","modified_gmt":"2022-01-16T20:28:28","slug":"privacybeleid","status":"publish","type":"page","link":"https:\/\/www.o-sarouel.com\/nl\/privacybeleid\/","title":{"rendered":"GEBRUIK VAN VERZAMELDE PERSOONSGEGEVENS"},"content":{"rendered":"<p>De website https:\/\/www.o-sarouel.com is ontwikkeld door FRATY LLC, met hoofdkantoor op 304 S JONES BLVD, LAS VEGAS, NEVADA 89107.<\/p>\n\n\n\n<p>Als u vragen heeft, kunt u ons altijd mailen: contact@o-sarouel.com<\/p>\n\n\n\n<p>Voor zijn activiteiten verzamelt O\u2019 Sarouel gegevens die specifiek op u betrekking hebben en die u hebt opgegeven bij uw registratie als gebruiker van de website of als klant.<\/p>\n\n\n\n<p>Alle bepalingen en wetten met betrekking tot gegevensbescherming worden door O\u2019 Sarouel nageleefd.<\/p>\n\n\n\n<p>U kunt contact met ons opnemen om de informatie die wij over uw profiel hebben op te vragen.<\/p>\n\n\n\n<h3 class=\"wp-block-heading\"><strong>BESCHERMING VAN PERSOONSGEGEVENS<\/strong><\/h3>\n\n\n\n<p><strong>Google Analytics, Google AdWords Conversion Tracking, Google Remarketing, Facebook Pixel<\/strong><\/p>\n\n\n\n<p>Deze website maakt gebruik van Google Analytics, Google AdWords Conversion Tracking, Google Remarketing en de Facebook-pixel. Google en Facebook gebruiken cookies (tekstbestanden) die op uw computer worden opgeslagen. Deze maken het mogelijk om uw gebruik van de website te analyseren.<\/p>\n\n\n\n<p>Google Analytics en de Facebook-pixel verzamelen informatie op anonieme wijze. De statistieken van de website bevatten geen persoonlijke gegevens over bezoekers. De gebruikte cookies zijn doubleclick-cookies die bedoeld zijn om gegevens door te geven aan derden die deze verwerken om remarketing voor producten zoals AdWords in het Google-netwerk mogelijk te maken. Informatie zoals bijvoorbeeld de tijdstippen van de bezoeken wordt in de cookies opgeslagen. Daarnaast wordt aanvullende informatie verzameld: is dit het eerste bezoek van de gebruiker, welke informatie over de website heeft de bezoeker naar de webpagina geleid, enz. De door de cookies verstrekte informatie wordt naar de servers van Google en Facebook verzonden, waar deze wordt opgeslagen. Google kan deze informatie in voorkomend geval aan derden doorgeven indien dit wettelijk verplicht is of wanneer derden deze gegevens namens Google verwerken. Google voldoet aan de bepalingen inzake gegevensbescherming van de US Safe Harbor (veilige haven) en staat op de lijst van deelnemers aan het Safe Harbor-programma van het Amerikaanse Ministerie van Handel. Voor Google Adwords Conversion Tracking wordt een cookie gebruikt om de prestaties te bepalen nadat u op een AdWords-advertentie hebt geklikt. In het kader van Google Remarketing wordt de manier waarop internetgebruikers op de pagina's van de website surfen, anoniem geregistreerd door middel van cookies voor marketingdoeleinden en gebruikt om de advertenties aan te passen aan uw interesses.<\/p>\n\n\n\n<p>Persoonsgegevens waarmee de identiteit van bezoekers van de website kan worden achterhaald, worden door dit systeem op geen enkele wijze verzameld of opgeslagen. Het verzamelen en opslaan van gegevens kan te allen tijde worden stopgezet. U kunt het gebruik van cookies voor Google Adwords Conversion Tracking en Google Remarketing vinden op www.google.com\/ads\/preferences en deze uitschakelen op www.networkadvertising.org\/managing\/opt_out.asp.<\/p>\n\n\n\n<p>Als u alle cookies in de browser wilt verwijderen, moet u deze handeling herhalen. U kunt de installatie van cookies in uw browser volledig voorkomen door een passende instelling te kiezen. Als u Google Analytics wilt uitschakelen, vindt u de bijbehorende browser-add-on op https:\/\/tools.google.com\/dlpage\/gaoptout?hl=fr.<\/p>\n\n\n\n<p>Door deze website te gebruiken, verklaart u zich akkoord met de opslag en verwerking van uw gegevens voor het bovengenoemde doel. Meer informatie over advertenties op Google en gegevensbescherming vindt u op http:\/\/www.google.ch\/intl\/fr\/policies\/technologies\/ads\/.<\/p>\n\n\n\n<p><strong>VEILIGHEIDSVOORSCHRIFTEN MET BETREKKING TOT VERZAMELDE GEGEVENS<\/strong><\/p>\n\n\n\n<p>Alle informatie die u op uw website opslaat, kan door andere internetgebruikers worden gelezen. Daarom vragen wij u waakzaam te zijn en u bewust te zijn van uw verantwoordelijkheden met betrekking tot uw gevoelige informatie (bijv. adressen, telefoonnummers) en uw vertrouwelijke gegevens (bijv. wachtwoorden, gebruikersnamen). Houd er rekening mee dat wachtwoordgebieden niet beveiligd zijn tegen ongeoorloofde toegang (hacking).<\/p>\n\n\n\n<p><strong>DOORGIFTE VAN DE DOOR MON O\u2019 SAROUEL VERZAMELDE INFORMATIE<\/strong><\/p>\n\n\n\n<p>Uw gegevens worden niet aan derden verkocht.<\/p>\n\n\n\n<p>Bovendien zullen wij geen persoonlijke informatie aan derden bekendmaken zonder uw toestemming, behalve om te voldoen aan de Algemene Verkoopvoorwaarden, onze rechten, of om statistische analyses uit te voeren.<\/p>\n\n\n\n<p><strong>INFORMATIE OVER UW RECHTEN<\/strong><\/p>\n\n\n\n<p>Als u een account hebt of opmerkingen op de website hebt achtergelaten, kunt u een bestand aanvragen met alle persoonlijke gegevens die wij over u hebben, inclusief de gegevens die u ons hebt verstrekt. U kunt ook vragen om uw persoonlijke gegevens te verwijderen. Dit geldt niet voor gegevens die worden bewaard voor administratieve, wettelijke of veiligheidsdoeleinden.<\/p>","protected":false},"excerpt":{"rendered":"<p>Le site https:\/\/www.o-sarouel.com est d\u00e9velopp\u00e9 par la FRATY LLC dont le si\u00e8ge est au 304 S JONES BLVD, LAS VEGAS, NEVADA 89107. Pour toute question, n\u2019h\u00e9sitez pas \u00e0 nous contacter par email :\u00a0contact@o-sarouel.com Pour son activit\u00e9, O&#8217; Sarouel collecte des donn\u00e9es qui vous sont propres et que vous avez \u00e9t\u00e9 amen\u00e9s \u00e0 indiquer lors de [&#8230;]","protected":false},"author":1,"featured_media":0,"parent":0,"menu_order":0,"comment_status":"closed","ping_status":"open","template":"","meta":{"footnotes":""},"class_list":["post-3","page","type-page","status-publish","hentry"],"yoast_head":"<!-- This site is optimized with the Yoast SEO plugin v26.9 - https:\/\/yoast.com\/product\/yoast-seo-wordpress\/ -->\n<title>UTILISATION DES DONN\u00c9ES PERSONNELLES COLLECT\u00c9ES -<\/title>\n<meta name=\"robots\" content=\"index, follow, max-snippet:-1, max-image-preview:large, max-video-preview:-1\" \/>\n<link rel=\"canonical\" href=\"https:\/\/www.o-sarouel.com\/nl\/privacybeleid\/\" \/>\n<meta property=\"og:locale\" content=\"nl_NL\" \/>\n<meta property=\"og:type\" content=\"article\" \/>\n<meta property=\"og:title\" content=\"UTILISATION DES DONN\u00c9ES PERSONNELLES COLLECT\u00c9ES -\" \/>\n<meta property=\"og:description\" content=\"Le site https:\/\/www.o-sarouel.com est d\u00e9velopp\u00e9 par la FRATY LLC dont le si\u00e8ge est au 304 S JONES BLVD, LAS VEGAS, NEVADA 89107. Pour toute question, n\u2019h\u00e9sitez pas \u00e0 nous contacter par email :\u00a0contact@o-sarouel.com Pour son activit\u00e9, O&#8217; Sarouel collecte des donn\u00e9es qui vous sont propres et que vous avez \u00e9t\u00e9 amen\u00e9s \u00e0 indiquer lors de [...]\" \/>\n<meta property=\"og:url\" content=\"https:\/\/www.o-sarouel.com\/nl\/privacybeleid\/\" \/>\n<meta property=\"article:modified_time\" content=\"2022-01-16T20:28:28+00:00\" \/>\n<meta name=\"twitter:card\" content=\"summary_large_image\" \/>\n<meta name=\"twitter:label1\" content=\"Geschatte leestijd\" \/>\n\t<meta name=\"twitter:data1\" content=\"4 minuten\" \/>\n<script type=\"application\/ld+json\" class=\"yoast-schema-graph\">{\"@context\":\"https:\/\/schema.org\",\"@graph\":[{\"@type\":\"WebPage\",\"@id\":\"https:\/\/www.o-sarouel.com\/politique-de-confidentialite\/\",\"url\":\"https:\/\/www.o-sarouel.com\/politique-de-confidentialite\/\",\"name\":\"UTILISATION DES DONN\u00c9ES PERSONNELLES COLLECT\u00c9ES -\",\"isPartOf\":{\"@id\":\"https:\/\/www.o-sarouel.com\/#website\"},\"datePublished\":\"2022-01-15T21:14:33+00:00\",\"dateModified\":\"2022-01-16T20:28:28+00:00\",\"breadcrumb\":{\"@id\":\"https:\/\/www.o-sarouel.com\/politique-de-confidentialite\/#breadcrumb\"},\"inLanguage\":\"nl-NL\",\"potentialAction\":[{\"@type\":\"ReadAction\",\"target\":[\"https:\/\/www.o-sarouel.com\/politique-de-confidentialite\/\"]}]},{\"@type\":\"BreadcrumbList\",\"@id\":\"https:\/\/www.o-sarouel.com\/politique-de-confidentialite\/#breadcrumb\",\"itemListElement\":[{\"@type\":\"ListItem\",\"position\":1,\"name\":\"Accueil\",\"item\":\"https:\/\/www.o-sarouel.com\/\"},{\"@type\":\"ListItem\",\"position\":2,\"name\":\"UTILISATION DES DONN\u00c9ES PERSONNELLES COLLECT\u00c9ES\"}]},{\"@type\":\"WebSite\",\"@id\":\"https:\/\/www.o-sarouel.com\/#website\",\"url\":\"https:\/\/www.o-sarouel.com\/\",\"name\":\"\",\"description\":\"\",\"publisher\":{\"@id\":\"https:\/\/www.o-sarouel.com\/#organization\"},\"potentialAction\":[{\"@type\":\"SearchAction\",\"target\":{\"@type\":\"EntryPoint\",\"urlTemplate\":\"https:\/\/www.o-sarouel.com\/?s={search_term_string}\"},\"query-input\":{\"@type\":\"PropertyValueSpecification\",\"valueRequired\":true,\"valueName\":\"search_term_string\"}}],\"inLanguage\":\"nl-NL\"},{\"@type\":\"Organization\",\"@id\":\"https:\/\/www.o-sarouel.com\/#organization\",\"name\":\"O' Sarouel\",\"url\":\"https:\/\/www.o-sarouel.com\/\",\"logo\":{\"@type\":\"ImageObject\",\"inLanguage\":\"nl-NL\",\"@id\":\"https:\/\/www.o-sarouel.com\/#\/schema\/logo\/image\/\",\"url\":\"https:\/\/www.o-sarouel.com\/wp-content\/uploads\/2022\/01\/logo-o-sarouel.png\",\"contentUrl\":\"https:\/\/www.o-sarouel.com\/wp-content\/uploads\/2022\/01\/logo-o-sarouel.png\",\"width\":350,\"height\":250,\"caption\":\"O' Sarouel\"},\"image\":{\"@id\":\"https:\/\/www.o-sarouel.com\/#\/schema\/logo\/image\/\"}}]}<\/script>\n<!-- \/ Yoast SEO plugin. -->","yoast_head_json":{"title":"GEBRUIK VAN VERZAMELDE PERSOONSGEGEVENS -","robots":{"index":"index","follow":"follow","max-snippet":"max-snippet:-1","max-image-preview":"max-image-preview:large","max-video-preview":"max-video-preview:-1"},"canonical":"https:\/\/www.o-sarouel.com\/nl\/privacybeleid\/","og_locale":"nl_NL","og_type":"article","og_title":"UTILISATION DES DONN\u00c9ES PERSONNELLES COLLECT\u00c9ES -","og_description":"Le site https:\/\/www.o-sarouel.com est d\u00e9velopp\u00e9 par la FRATY LLC dont le si\u00e8ge est au 304 S JONES BLVD, LAS VEGAS, NEVADA 89107. Pour toute question, n\u2019h\u00e9sitez pas \u00e0 nous contacter par email :\u00a0contact@o-sarouel.com Pour son activit\u00e9, O&#8217; Sarouel collecte des donn\u00e9es qui vous sont propres et que vous avez \u00e9t\u00e9 amen\u00e9s \u00e0 indiquer lors de [...]","og_url":"https:\/\/www.o-sarouel.com\/nl\/privacybeleid\/","article_modified_time":"2022-01-16T20:28:28+00:00","twitter_card":"summary_large_image","twitter_misc":{"Geschatte leestijd":"4 minuten"},"schema":{"@context":"https:\/\/schema.org","@graph":[{"@type":"WebPage","@id":"https:\/\/www.o-sarouel.com\/politique-de-confidentialite\/","url":"https:\/\/www.o-sarouel.com\/politique-de-confidentialite\/","name":"GEBRUIK VAN VERZAMELDE PERSOONSGEGEVENS -","isPartOf":{"@id":"https:\/\/www.o-sarouel.com\/#website"},"datePublished":"2022-01-15T21:14:33+00:00","dateModified":"2022-01-16T20:28:28+00:00","breadcrumb":{"@id":"https:\/\/www.o-sarouel.com\/politique-de-confidentialite\/#breadcrumb"},"inLanguage":"nl-NL","potentialAction":[{"@type":"ReadAction","target":["https:\/\/www.o-sarouel.com\/politique-de-confidentialite\/"]}]},{"@type":"BreadcrumbList","@id":"https:\/\/www.o-sarouel.com\/politique-de-confidentialite\/#breadcrumb","itemListElement":[{"@type":"ListItem","position":1,"name":"Accueil","item":"https:\/\/www.o-sarouel.com\/"},{"@type":"ListItem","position":2,"name":"UTILISATION DES DONN\u00c9ES PERSONNELLES COLLECT\u00c9ES"}]},{"@type":"WebSite","@id":"https:\/\/www.o-sarouel.com\/#website","url":"https:\/\/www.o-sarouel.com\/","name":"","description":"","publisher":{"@id":"https:\/\/www.o-sarouel.com\/#organization"},"potentialAction":[{"@type":"SearchAction","target":{"@type":"EntryPoint","urlTemplate":"https:\/\/www.o-sarouel.com\/?s={search_term_string}"},"query-input":{"@type":"PropertyValueSpecification","valueRequired":true,"valueName":"search_term_string"}}],"inLanguage":"nl-NL"},{"@type":"Organization","@id":"https:\/\/www.o-sarouel.com\/#organization","name":"O' Sarouel","url":"https:\/\/www.o-sarouel.com\/","logo":{"@type":"ImageObject","inLanguage":"nl-NL","@id":"https:\/\/www.o-sarouel.com\/#\/schema\/logo\/image\/","url":"https:\/\/www.o-sarouel.com\/wp-content\/uploads\/2022\/01\/logo-o-sarouel.png","contentUrl":"https:\/\/www.o-sarouel.com\/wp-content\/uploads\/2022\/01\/logo-o-sarouel.png","width":350,"height":250,"caption":"O' Sarouel"},"image":{"@id":"https:\/\/www.o-sarouel.com\/#\/schema\/logo\/image\/"}}]}},"_links":{"self":[{"href":"https:\/\/www.o-sarouel.com\/nl\/wp-json\/wp\/v2\/pages\/3","targetHints":{"allow":["GET"]}}],"collection":[{"href":"https:\/\/www.o-sarouel.com\/nl\/wp-json\/wp\/v2\/pages"}],"about":[{"href":"https:\/\/www.o-sarouel.com\/nl\/wp-json\/wp\/v2\/types\/page"}],"author":[{"embeddable":true,"href":"https:\/\/www.o-sarouel.com\/nl\/wp-json\/wp\/v2\/users\/1"}],"replies":[{"embeddable":true,"href":"https:\/\/www.o-sarouel.com\/nl\/wp-json\/wp\/v2\/comments?post=3"}],"version-history":[{"count":1,"href":"https:\/\/www.o-sarouel.com\/nl\/wp-json\/wp\/v2\/pages\/3\/revisions"}],"predecessor-version":[{"id":64,"href":"https:\/\/www.o-sarouel.com\/nl\/wp-json\/wp\/v2\/pages\/3\/revisions\/64"}],"wp:attachment":[{"href":"https:\/\/www.o-sarouel.com\/nl\/wp-json\/wp\/v2\/media?parent=3"}],"curies":[{"name":"wp","href":"https:\/\/api.w.org\/{rel}","templated":true}]}}