{"id":966,"date":"2022-06-24T12:06:27","date_gmt":"2022-06-24T12:06:27","guid":{"rendered":"https:\/\/www.o-sarouel.com\/?post_type=product&#038;p=966"},"modified":"2024-03-30T18:59:52","modified_gmt":"2024-03-30T18:59:52","slug":"khaki-jogging-harem-pants","status":"publish","type":"product","link":"https:\/\/www.o-sarouel.com\/en\/product\/khaki-jogging-harem-pants\/","title":{"rendered":"SJ-1 Khaki Jogging Harem Pants \u2013 Noujoum"},"content":{"rendered":"","protected":false},"excerpt":{"rendered":"<p><strong>Features:\u00a0<\/strong><\/p>\n<ul>\n<li>51% spandex \/ 95% cotton<\/li>\n<li>Tapered cut, four-season fabric with a perfect weight\u2014neither too thin nor too thick\u2014designed to last.<\/li>\n<li>Low crotch, elastic waistband with drawstring, elasticated ankles<\/li>\n<li>Perfect for a sporty or casual outfit that's always stylish!<\/li>\n<li>Our model is 1.80 m tall, weighs 80 kg, and wears size M.<\/li>\n<\/ul>\n<p>&nbsp;<\/p>","protected":false},"featured_media":960,"template":"","meta":[],"product_brand":[],"product_cat":[15,19,49,47],"product_tag":[],"class_list":{"0":"post-966","1":"product","2":"type-product","3":"status-publish","4":"has-post-thumbnail","6":"product_cat-sarouel-homme","7":"product_cat-sarouel-jogging","8":"product_cat-noujoum","9":"product_cat-sarouel-vert","11":"first","12":"instock","13":"shipping-taxable","14":"purchasable","15":"product-type-variable"},"yoast_head":"<!-- This site is optimized with the Yoast SEO plugin v26.9 - https:\/\/yoast.com\/product\/yoast-seo-wordpress\/ -->\n<title>Sarouel jogging kaki | 5% \u00e9lasthanne \/ 95% coton | Noujoum<\/title>\n<meta name=\"robots\" content=\"index, follow, max-snippet:-1, max-image-preview:large, max-video-preview:-1\" \/>\n<link rel=\"canonical\" href=\"https:\/\/www.o-sarouel.com\/en\/product\/khaki-jogging-harem-pants\/\" \/>\n<meta property=\"og:locale\" content=\"en_US\" \/>\n<meta property=\"og:type\" content=\"article\" \/>\n<meta property=\"og:title\" content=\"Sarouel jogging kaki | 5% \u00e9lasthanne \/ 95% coton | Noujoum\" \/>\n<meta property=\"og:description\" content=\"Caract\u00e9ristiques :\u00a0   5% \u00e9lasthanne \/ 95% coton  Coupe fusel\u00e9e, tissu quatre saisons avec un grammage parfait ni trop fin ni trop \u00e9pais con\u00e7u pour durer  Entrejambe bas, une ceinture \u00e9lastique avec cordon de serrage, des \u00e9lastiques aux chevilles  Parfait pour une tenue sportive ou d\u00e9contract\u00e9e mais toujours styl\u00e9e !  Notre mannequin mesure 1m80 pour 80kg et porte du M.  &nbsp;\" \/>\n<meta property=\"og:url\" content=\"https:\/\/www.o-sarouel.com\/en\/product\/khaki-jogging-harem-pants\/\" \/>\n<meta property=\"article:modified_time\" content=\"2024-03-30T18:59:52+00:00\" \/>\n<meta property=\"og:image\" content=\"https:\/\/www.o-sarouel.com\/wp-content\/uploads\/2022\/06\/sarouel-jogging-kaki-face-noujoum.jpg\" \/>\n\t<meta property=\"og:image:width\" content=\"600\" \/>\n\t<meta property=\"og:image:height\" content=\"600\" \/>\n\t<meta property=\"og:image:type\" content=\"image\/jpeg\" \/>\n<meta name=\"twitter:card\" content=\"summary_large_image\" \/>\n<script type=\"application\/ld+json\" class=\"yoast-schema-graph\">{\"@context\":\"https:\/\/schema.org\",\"@graph\":[{\"@type\":\"WebPage\",\"@id\":\"https:\/\/www.o-sarouel.com\/produit\/sarouel-jogging-kaki-noujoum\/\",\"url\":\"https:\/\/www.o-sarouel.com\/produit\/sarouel-jogging-kaki-noujoum\/\",\"name\":\"Sarouel jogging kaki | 5% \u00e9lasthanne \/ 95% coton | Noujoum\",\"isPartOf\":{\"@id\":\"https:\/\/www.o-sarouel.com\/#website\"},\"primaryImageOfPage\":{\"@id\":\"https:\/\/www.o-sarouel.com\/produit\/sarouel-jogging-kaki-noujoum\/#primaryimage\"},\"image\":{\"@id\":\"https:\/\/www.o-sarouel.com\/produit\/sarouel-jogging-kaki-noujoum\/#primaryimage\"},\"thumbnailUrl\":\"https:\/\/www.o-sarouel.com\/wp-content\/uploads\/2022\/06\/sarouel-jogging-kaki-face-noujoum.jpg\",\"datePublished\":\"2022-06-24T12:06:27+00:00\",\"dateModified\":\"2024-03-30T18:59:52+00:00\",\"breadcrumb\":{\"@id\":\"https:\/\/www.o-sarouel.com\/produit\/sarouel-jogging-kaki-noujoum\/#breadcrumb\"},\"inLanguage\":\"en-US\",\"potentialAction\":[{\"@type\":\"ReadAction\",\"target\":[\"https:\/\/www.o-sarouel.com\/produit\/sarouel-jogging-kaki-noujoum\/\"]}]},{\"@type\":\"ImageObject\",\"inLanguage\":\"en-US\",\"@id\":\"https:\/\/www.o-sarouel.com\/produit\/sarouel-jogging-kaki-noujoum\/#primaryimage\",\"url\":\"https:\/\/www.o-sarouel.com\/wp-content\/uploads\/2022\/06\/sarouel-jogging-kaki-face-noujoum.jpg\",\"contentUrl\":\"https:\/\/www.o-sarouel.com\/wp-content\/uploads\/2022\/06\/sarouel-jogging-kaki-face-noujoum.jpg\",\"width\":600,\"height\":600,\"caption\":\"Sarouel Jogging SJ-1 Kaki - Noujoum\"},{\"@type\":\"BreadcrumbList\",\"@id\":\"https:\/\/www.o-sarouel.com\/produit\/sarouel-jogging-kaki-noujoum\/#breadcrumb\",\"itemListElement\":[{\"@type\":\"ListItem\",\"position\":1,\"name\":\"Accueil\",\"item\":\"https:\/\/www.o-sarouel.com\/\"},{\"@type\":\"ListItem\",\"position\":2,\"name\":\"Boutique\",\"item\":\"https:\/\/www.o-sarouel.com\/boutique\/\"},{\"@type\":\"ListItem\",\"position\":3,\"name\":\"Sarouel Jogging SJ-1 Kaki &#8211; Noujoum\"}]},{\"@type\":\"WebSite\",\"@id\":\"https:\/\/www.o-sarouel.com\/#website\",\"url\":\"https:\/\/www.o-sarouel.com\/\",\"name\":\"\",\"description\":\"\",\"publisher\":{\"@id\":\"https:\/\/www.o-sarouel.com\/#organization\"},\"potentialAction\":[{\"@type\":\"SearchAction\",\"target\":{\"@type\":\"EntryPoint\",\"urlTemplate\":\"https:\/\/www.o-sarouel.com\/?s={search_term_string}\"},\"query-input\":{\"@type\":\"PropertyValueSpecification\",\"valueRequired\":true,\"valueName\":\"search_term_string\"}}],\"inLanguage\":\"en-US\"},{\"@type\":\"Organization\",\"@id\":\"https:\/\/www.o-sarouel.com\/#organization\",\"name\":\"O' Sarouel\",\"url\":\"https:\/\/www.o-sarouel.com\/\",\"logo\":{\"@type\":\"ImageObject\",\"inLanguage\":\"en-US\",\"@id\":\"https:\/\/www.o-sarouel.com\/#\/schema\/logo\/image\/\",\"url\":\"https:\/\/www.o-sarouel.com\/wp-content\/uploads\/2022\/01\/logo-o-sarouel.png\",\"contentUrl\":\"https:\/\/www.o-sarouel.com\/wp-content\/uploads\/2022\/01\/logo-o-sarouel.png\",\"width\":350,\"height\":250,\"caption\":\"O' Sarouel\"},\"image\":{\"@id\":\"https:\/\/www.o-sarouel.com\/#\/schema\/logo\/image\/\"}}]}<\/script>\n<!-- \/ Yoast SEO plugin. -->","yoast_head_json":{"title":"Khaki jogging harem pants | 5% elastane \/ 95% cotton | Noujoum","robots":{"index":"index","follow":"follow","max-snippet":"max-snippet:-1","max-image-preview":"max-image-preview:large","max-video-preview":"max-video-preview:-1"},"canonical":"https:\/\/www.o-sarouel.com\/en\/product\/khaki-jogging-harem-pants\/","og_locale":"en_US","og_type":"article","og_title":"Sarouel jogging kaki | 5% \u00e9lasthanne \/ 95% coton | Noujoum","og_description":"Caract\u00e9ristiques :\u00a0   5% \u00e9lasthanne \/ 95% coton  Coupe fusel\u00e9e, tissu quatre saisons avec un grammage parfait ni trop fin ni trop \u00e9pais con\u00e7u pour durer  Entrejambe bas, une ceinture \u00e9lastique avec cordon de serrage, des \u00e9lastiques aux chevilles  Parfait pour une tenue sportive ou d\u00e9contract\u00e9e mais toujours styl\u00e9e !  Notre mannequin mesure 1m80 pour 80kg et porte du M.  &nbsp;","og_url":"https:\/\/www.o-sarouel.com\/en\/product\/khaki-jogging-harem-pants\/","article_modified_time":"2024-03-30T18:59:52+00:00","og_image":[{"width":600,"height":600,"url":"https:\/\/www.o-sarouel.com\/wp-content\/uploads\/2022\/06\/sarouel-jogging-kaki-face-noujoum.jpg","type":"image\/jpeg"}],"twitter_card":"summary_large_image","schema":{"@context":"https:\/\/schema.org","@graph":[{"@type":"WebPage","@id":"https:\/\/www.o-sarouel.com\/produit\/sarouel-jogging-kaki-noujoum\/","url":"https:\/\/www.o-sarouel.com\/produit\/sarouel-jogging-kaki-noujoum\/","name":"Khaki jogging harem pants | 5% elastane \/ 95% cotton | Noujoum","isPartOf":{"@id":"https:\/\/www.o-sarouel.com\/#website"},"primaryImageOfPage":{"@id":"https:\/\/www.o-sarouel.com\/produit\/sarouel-jogging-kaki-noujoum\/#primaryimage"},"image":{"@id":"https:\/\/www.o-sarouel.com\/produit\/sarouel-jogging-kaki-noujoum\/#primaryimage"},"thumbnailUrl":"https:\/\/www.o-sarouel.com\/wp-content\/uploads\/2022\/06\/sarouel-jogging-kaki-face-noujoum.jpg","datePublished":"2022-06-24T12:06:27+00:00","dateModified":"2024-03-30T18:59:52+00:00","breadcrumb":{"@id":"https:\/\/www.o-sarouel.com\/produit\/sarouel-jogging-kaki-noujoum\/#breadcrumb"},"inLanguage":"en-US","potentialAction":[{"@type":"ReadAction","target":["https:\/\/www.o-sarouel.com\/produit\/sarouel-jogging-kaki-noujoum\/"]}]},{"@type":"ImageObject","inLanguage":"en-US","@id":"https:\/\/www.o-sarouel.com\/produit\/sarouel-jogging-kaki-noujoum\/#primaryimage","url":"https:\/\/www.o-sarouel.com\/wp-content\/uploads\/2022\/06\/sarouel-jogging-kaki-face-noujoum.jpg","contentUrl":"https:\/\/www.o-sarouel.com\/wp-content\/uploads\/2022\/06\/sarouel-jogging-kaki-face-noujoum.jpg","width":600,"height":600,"caption":"Sarouel Jogging SJ-1 Kaki - Noujoum"},{"@type":"BreadcrumbList","@id":"https:\/\/www.o-sarouel.com\/produit\/sarouel-jogging-kaki-noujoum\/#breadcrumb","itemListElement":[{"@type":"ListItem","position":1,"name":"Accueil","item":"https:\/\/www.o-sarouel.com\/"},{"@type":"ListItem","position":2,"name":"Boutique","item":"https:\/\/www.o-sarouel.com\/boutique\/"},{"@type":"ListItem","position":3,"name":"Sarouel Jogging SJ-1 Kaki &#8211; Noujoum"}]},{"@type":"WebSite","@id":"https:\/\/www.o-sarouel.com\/#website","url":"https:\/\/www.o-sarouel.com\/","name":"","description":"","publisher":{"@id":"https:\/\/www.o-sarouel.com\/#organization"},"potentialAction":[{"@type":"SearchAction","target":{"@type":"EntryPoint","urlTemplate":"https:\/\/www.o-sarouel.com\/?s={search_term_string}"},"query-input":{"@type":"PropertyValueSpecification","valueRequired":true,"valueName":"search_term_string"}}],"inLanguage":"en-US"},{"@type":"Organization","@id":"https:\/\/www.o-sarouel.com\/#organization","name":"O' Harem pants","url":"https:\/\/www.o-sarouel.com\/","logo":{"@type":"ImageObject","inLanguage":"en-US","@id":"https:\/\/www.o-sarouel.com\/#\/schema\/logo\/image\/","url":"https:\/\/www.o-sarouel.com\/wp-content\/uploads\/2022\/01\/logo-o-sarouel.png","contentUrl":"https:\/\/www.o-sarouel.com\/wp-content\/uploads\/2022\/01\/logo-o-sarouel.png","width":350,"height":250,"caption":"O' Sarouel"},"image":{"@id":"https:\/\/www.o-sarouel.com\/#\/schema\/logo\/image\/"}}]}},"_links":{"self":[{"href":"https:\/\/www.o-sarouel.com\/en\/wp-json\/wp\/v2\/product\/966","targetHints":{"allow":["GET"]}}],"collection":[{"href":"https:\/\/www.o-sarouel.com\/en\/wp-json\/wp\/v2\/product"}],"about":[{"href":"https:\/\/www.o-sarouel.com\/en\/wp-json\/wp\/v2\/types\/product"}],"wp:featuredmedia":[{"embeddable":true,"href":"https:\/\/www.o-sarouel.com\/en\/wp-json\/wp\/v2\/media\/960"}],"wp:attachment":[{"href":"https:\/\/www.o-sarouel.com\/en\/wp-json\/wp\/v2\/media?parent=966"}],"wp:term":[{"taxonomy":"product_brand","embeddable":true,"href":"https:\/\/www.o-sarouel.com\/en\/wp-json\/wp\/v2\/product_brand?post=966"},{"taxonomy":"product_cat","embeddable":true,"href":"https:\/\/www.o-sarouel.com\/en\/wp-json\/wp\/v2\/product_cat?post=966"},{"taxonomy":"product_tag","embeddable":true,"href":"https:\/\/www.o-sarouel.com\/en\/wp-json\/wp\/v2\/product_tag?post=966"}],"curies":[{"name":"wp","href":"https:\/\/api.w.org\/{rel}","templated":true}]}}