{"id":913,"date":"2022-06-20T15:29:38","date_gmt":"2022-06-20T15:29:38","guid":{"rendered":"https:\/\/www.o-sarouel.com\/?post_type=product&#038;p=913"},"modified":"2023-12-14T10:27:36","modified_gmt":"2023-12-14T10:27:36","slug":"clyde-2-blue-swim-shorts","status":"publish","type":"product","link":"https:\/\/www.o-sarouel.com\/en\/product\/clyde-2-blue-swim-shorts\/","title":{"rendered":"Clyde 2 blue swim shorts \u2013 Na3im"},"content":{"rendered":"","protected":false},"excerpt":{"rendered":"<p><strong>Features:<\/strong><\/p>\n<p>The Clyde 2 multi-sport is back with a bang, perfectly suited for indoor, outdoor, and even water sports. Its Lycra reinforcement will keep you covered no matter how you move. It features two deep zippered pockets, and its wide crotch will allow you to stay fluid in all your activities.<\/p>\n<ul>\n<li>Model Photo (take your usual size): 1.80 m tall, weighing 80 kg, wearing size M<\/li>\n<li>Care instructions: Machine washable at 30\u00b0C. (Do not tumble dry).<\/li>\n<\/ul>","protected":false},"featured_media":856,"template":"","meta":[],"product_brand":[],"product_cat":[86],"product_tag":[],"class_list":{"0":"post-913","1":"product","2":"type-product","3":"status-publish","4":"has-post-thumbnail","6":"product_cat-fin-de-stock","8":"first","9":"outofstock","10":"shipping-taxable","11":"purchasable","12":"product-type-variable","13":"has-default-attributes"},"yoast_head":"<!-- This site is optimized with the Yoast SEO plugin v26.9 - https:\/\/yoast.com\/product\/yoast-seo-wordpress\/ -->\n<title>Sarouel de bain Clyde 2 bleu | Collection \u00e9t\u00e9 2022 | Na3im<\/title>\n<meta name=\"robots\" content=\"index, follow, max-snippet:-1, max-image-preview:large, max-video-preview:-1\" \/>\n<link rel=\"canonical\" href=\"https:\/\/www.o-sarouel.com\/en\/product\/clyde-2-blue-swim-shorts\/\" \/>\n<meta property=\"og:locale\" content=\"en_US\" \/>\n<meta property=\"og:type\" content=\"article\" \/>\n<meta property=\"og:title\" content=\"Sarouel de bain Clyde 2 bleu | Collection \u00e9t\u00e9 2022 | Na3im\" \/>\n<meta property=\"og:description\" content=\"Caract\u00e9ristiques :  Le Clyde 2 multi-sport revient en force, s&#039;adapte parfaitement pour du indoor, du outdoor et m\u00eame pour les sports aquatiques.\u00a0Son renfort lycra saura pr\u00e9server votre pudeur quel que soit vos mouvements. On y retrouve 2 poches profondes zipp\u00e9es, et sen entrejambe large vous permettra de rester fluide dans toutes vos activit\u00e9s.   Mannequin Photo (prenez votre taille habituelle) : 1m80 pour 80 kg et porte du M  Conseil d&#039;entretien :\u00a0Lavable en machine \u00e0 30\u00b0. (Pas de s\u00e8che-linge).\" \/>\n<meta property=\"og:url\" content=\"https:\/\/www.o-sarouel.com\/en\/product\/clyde-2-blue-swim-shorts\/\" \/>\n<meta property=\"article:modified_time\" content=\"2023-12-14T10:27:36+00:00\" \/>\n<meta property=\"og:image\" content=\"https:\/\/www.o-sarouel.com\/wp-content\/uploads\/2022\/06\/sarouel-de-bain-clyde-2-bleu-ciel.jpg\" \/>\n\t<meta property=\"og:image:width\" content=\"600\" \/>\n\t<meta property=\"og:image:height\" content=\"600\" \/>\n\t<meta property=\"og:image:type\" content=\"image\/jpeg\" \/>\n<meta name=\"twitter:card\" content=\"summary_large_image\" \/>\n<script type=\"application\/ld+json\" class=\"yoast-schema-graph\">{\"@context\":\"https:\/\/schema.org\",\"@graph\":[{\"@type\":\"WebPage\",\"@id\":\"https:\/\/www.o-sarouel.com\/produit\/sarouel-de-bain-clyde-2-bleu\/\",\"url\":\"https:\/\/www.o-sarouel.com\/produit\/sarouel-de-bain-clyde-2-bleu\/\",\"name\":\"Sarouel de bain Clyde 2 bleu | Collection \u00e9t\u00e9 2022 | Na3im\",\"isPartOf\":{\"@id\":\"https:\/\/www.o-sarouel.com\/#website\"},\"primaryImageOfPage\":{\"@id\":\"https:\/\/www.o-sarouel.com\/produit\/sarouel-de-bain-clyde-2-bleu\/#primaryimage\"},\"image\":{\"@id\":\"https:\/\/www.o-sarouel.com\/produit\/sarouel-de-bain-clyde-2-bleu\/#primaryimage\"},\"thumbnailUrl\":\"https:\/\/www.o-sarouel.com\/wp-content\/uploads\/2022\/06\/sarouel-de-bain-clyde-2-bleu-ciel.jpg\",\"datePublished\":\"2022-06-20T15:29:38+00:00\",\"dateModified\":\"2023-12-14T10:27:36+00:00\",\"breadcrumb\":{\"@id\":\"https:\/\/www.o-sarouel.com\/produit\/sarouel-de-bain-clyde-2-bleu\/#breadcrumb\"},\"inLanguage\":\"en-US\",\"potentialAction\":[{\"@type\":\"ReadAction\",\"target\":[\"https:\/\/www.o-sarouel.com\/produit\/sarouel-de-bain-clyde-2-bleu\/\"]}]},{\"@type\":\"ImageObject\",\"inLanguage\":\"en-US\",\"@id\":\"https:\/\/www.o-sarouel.com\/produit\/sarouel-de-bain-clyde-2-bleu\/#primaryimage\",\"url\":\"https:\/\/www.o-sarouel.com\/wp-content\/uploads\/2022\/06\/sarouel-de-bain-clyde-2-bleu-ciel.jpg\",\"contentUrl\":\"https:\/\/www.o-sarouel.com\/wp-content\/uploads\/2022\/06\/sarouel-de-bain-clyde-2-bleu-ciel.jpg\",\"width\":600,\"height\":600,\"caption\":\"Sarouel de bain Clyde 2 bleu\"},{\"@type\":\"BreadcrumbList\",\"@id\":\"https:\/\/www.o-sarouel.com\/produit\/sarouel-de-bain-clyde-2-bleu\/#breadcrumb\",\"itemListElement\":[{\"@type\":\"ListItem\",\"position\":1,\"name\":\"Accueil\",\"item\":\"https:\/\/www.o-sarouel.com\/\"},{\"@type\":\"ListItem\",\"position\":2,\"name\":\"Boutique\",\"item\":\"https:\/\/www.o-sarouel.com\/boutique\/\"},{\"@type\":\"ListItem\",\"position\":3,\"name\":\"Sarouel de bain Clyde 2 bleu \u2013 Na3im\"}]},{\"@type\":\"WebSite\",\"@id\":\"https:\/\/www.o-sarouel.com\/#website\",\"url\":\"https:\/\/www.o-sarouel.com\/\",\"name\":\"\",\"description\":\"\",\"publisher\":{\"@id\":\"https:\/\/www.o-sarouel.com\/#organization\"},\"potentialAction\":[{\"@type\":\"SearchAction\",\"target\":{\"@type\":\"EntryPoint\",\"urlTemplate\":\"https:\/\/www.o-sarouel.com\/?s={search_term_string}\"},\"query-input\":{\"@type\":\"PropertyValueSpecification\",\"valueRequired\":true,\"valueName\":\"search_term_string\"}}],\"inLanguage\":\"en-US\"},{\"@type\":\"Organization\",\"@id\":\"https:\/\/www.o-sarouel.com\/#organization\",\"name\":\"O' Sarouel\",\"url\":\"https:\/\/www.o-sarouel.com\/\",\"logo\":{\"@type\":\"ImageObject\",\"inLanguage\":\"en-US\",\"@id\":\"https:\/\/www.o-sarouel.com\/#\/schema\/logo\/image\/\",\"url\":\"https:\/\/www.o-sarouel.com\/wp-content\/uploads\/2022\/01\/logo-o-sarouel.png\",\"contentUrl\":\"https:\/\/www.o-sarouel.com\/wp-content\/uploads\/2022\/01\/logo-o-sarouel.png\",\"width\":350,\"height\":250,\"caption\":\"O' Sarouel\"},\"image\":{\"@id\":\"https:\/\/www.o-sarouel.com\/#\/schema\/logo\/image\/\"}}]}<\/script>\n<!-- \/ Yoast SEO plugin. -->","yoast_head_json":{"title":"Clyde 2 blue swim shorts | Summer 2022 collection | Na3im","robots":{"index":"index","follow":"follow","max-snippet":"max-snippet:-1","max-image-preview":"max-image-preview:large","max-video-preview":"max-video-preview:-1"},"canonical":"https:\/\/www.o-sarouel.com\/en\/product\/clyde-2-blue-swim-shorts\/","og_locale":"en_US","og_type":"article","og_title":"Sarouel de bain Clyde 2 bleu | Collection \u00e9t\u00e9 2022 | Na3im","og_description":"Caract\u00e9ristiques :  Le Clyde 2 multi-sport revient en force, s'adapte parfaitement pour du indoor, du outdoor et m\u00eame pour les sports aquatiques.\u00a0Son renfort lycra saura pr\u00e9server votre pudeur quel que soit vos mouvements. On y retrouve 2 poches profondes zipp\u00e9es, et sen entrejambe large vous permettra de rester fluide dans toutes vos activit\u00e9s.   Mannequin Photo (prenez votre taille habituelle) : 1m80 pour 80 kg et porte du M  Conseil d'entretien :\u00a0Lavable en machine \u00e0 30\u00b0. (Pas de s\u00e8che-linge).","og_url":"https:\/\/www.o-sarouel.com\/en\/product\/clyde-2-blue-swim-shorts\/","article_modified_time":"2023-12-14T10:27:36+00:00","og_image":[{"width":600,"height":600,"url":"https:\/\/www.o-sarouel.com\/wp-content\/uploads\/2022\/06\/sarouel-de-bain-clyde-2-bleu-ciel.jpg","type":"image\/jpeg"}],"twitter_card":"summary_large_image","schema":{"@context":"https:\/\/schema.org","@graph":[{"@type":"WebPage","@id":"https:\/\/www.o-sarouel.com\/produit\/sarouel-de-bain-clyde-2-bleu\/","url":"https:\/\/www.o-sarouel.com\/produit\/sarouel-de-bain-clyde-2-bleu\/","name":"Clyde 2 blue swim shorts | Summer 2022 collection | Na3im","isPartOf":{"@id":"https:\/\/www.o-sarouel.com\/#website"},"primaryImageOfPage":{"@id":"https:\/\/www.o-sarouel.com\/produit\/sarouel-de-bain-clyde-2-bleu\/#primaryimage"},"image":{"@id":"https:\/\/www.o-sarouel.com\/produit\/sarouel-de-bain-clyde-2-bleu\/#primaryimage"},"thumbnailUrl":"https:\/\/www.o-sarouel.com\/wp-content\/uploads\/2022\/06\/sarouel-de-bain-clyde-2-bleu-ciel.jpg","datePublished":"2022-06-20T15:29:38+00:00","dateModified":"2023-12-14T10:27:36+00:00","breadcrumb":{"@id":"https:\/\/www.o-sarouel.com\/produit\/sarouel-de-bain-clyde-2-bleu\/#breadcrumb"},"inLanguage":"en-US","potentialAction":[{"@type":"ReadAction","target":["https:\/\/www.o-sarouel.com\/produit\/sarouel-de-bain-clyde-2-bleu\/"]}]},{"@type":"ImageObject","inLanguage":"en-US","@id":"https:\/\/www.o-sarouel.com\/produit\/sarouel-de-bain-clyde-2-bleu\/#primaryimage","url":"https:\/\/www.o-sarouel.com\/wp-content\/uploads\/2022\/06\/sarouel-de-bain-clyde-2-bleu-ciel.jpg","contentUrl":"https:\/\/www.o-sarouel.com\/wp-content\/uploads\/2022\/06\/sarouel-de-bain-clyde-2-bleu-ciel.jpg","width":600,"height":600,"caption":"Sarouel de bain Clyde 2 bleu"},{"@type":"BreadcrumbList","@id":"https:\/\/www.o-sarouel.com\/produit\/sarouel-de-bain-clyde-2-bleu\/#breadcrumb","itemListElement":[{"@type":"ListItem","position":1,"name":"Accueil","item":"https:\/\/www.o-sarouel.com\/"},{"@type":"ListItem","position":2,"name":"Boutique","item":"https:\/\/www.o-sarouel.com\/boutique\/"},{"@type":"ListItem","position":3,"name":"Sarouel de bain Clyde 2 bleu \u2013 Na3im"}]},{"@type":"WebSite","@id":"https:\/\/www.o-sarouel.com\/#website","url":"https:\/\/www.o-sarouel.com\/","name":"","description":"","publisher":{"@id":"https:\/\/www.o-sarouel.com\/#organization"},"potentialAction":[{"@type":"SearchAction","target":{"@type":"EntryPoint","urlTemplate":"https:\/\/www.o-sarouel.com\/?s={search_term_string}"},"query-input":{"@type":"PropertyValueSpecification","valueRequired":true,"valueName":"search_term_string"}}],"inLanguage":"en-US"},{"@type":"Organization","@id":"https:\/\/www.o-sarouel.com\/#organization","name":"O' Harem pants","url":"https:\/\/www.o-sarouel.com\/","logo":{"@type":"ImageObject","inLanguage":"en-US","@id":"https:\/\/www.o-sarouel.com\/#\/schema\/logo\/image\/","url":"https:\/\/www.o-sarouel.com\/wp-content\/uploads\/2022\/01\/logo-o-sarouel.png","contentUrl":"https:\/\/www.o-sarouel.com\/wp-content\/uploads\/2022\/01\/logo-o-sarouel.png","width":350,"height":250,"caption":"O' Sarouel"},"image":{"@id":"https:\/\/www.o-sarouel.com\/#\/schema\/logo\/image\/"}}]}},"_links":{"self":[{"href":"https:\/\/www.o-sarouel.com\/en\/wp-json\/wp\/v2\/product\/913","targetHints":{"allow":["GET"]}}],"collection":[{"href":"https:\/\/www.o-sarouel.com\/en\/wp-json\/wp\/v2\/product"}],"about":[{"href":"https:\/\/www.o-sarouel.com\/en\/wp-json\/wp\/v2\/types\/product"}],"wp:featuredmedia":[{"embeddable":true,"href":"https:\/\/www.o-sarouel.com\/en\/wp-json\/wp\/v2\/media\/856"}],"wp:attachment":[{"href":"https:\/\/www.o-sarouel.com\/en\/wp-json\/wp\/v2\/media?parent=913"}],"wp:term":[{"taxonomy":"product_brand","embeddable":true,"href":"https:\/\/www.o-sarouel.com\/en\/wp-json\/wp\/v2\/product_brand?post=913"},{"taxonomy":"product_cat","embeddable":true,"href":"https:\/\/www.o-sarouel.com\/en\/wp-json\/wp\/v2\/product_cat?post=913"},{"taxonomy":"product_tag","embeddable":true,"href":"https:\/\/www.o-sarouel.com\/en\/wp-json\/wp\/v2\/product_tag?post=913"}],"curies":[{"name":"wp","href":"https:\/\/api.w.org\/{rel}","templated":true}]}}