{"id":800,"date":"2022-06-07T17:49:56","date_gmt":"2022-06-07T17:49:56","guid":{"rendered":"https:\/\/www.o-sarouel.com\/?post_type=product&#038;p=800"},"modified":"2024-06-09T19:45:23","modified_gmt":"2024-06-09T19:45:23","slug":"beige-cargo-harem-pants","status":"publish","type":"product","link":"https:\/\/www.o-sarouel.com\/en\/product\/beige-cargo-harem-pants\/","title":{"rendered":"Beige cargo harem pants SC-1 \u2013 Noujoum"},"content":{"rendered":"<p><img decoding=\"async\" class=\"size-medium wp-image-807 alignleft\" src=\"https:\/\/www.o-sarouel.com\/wp-content\/uploads\/2022\/06\/guide-de-taille-sarouel-cargo-noujoum-800x188.jpg\" alt=\"size guide for cargo sarouel pants\" width=\"800\" height=\"188\" srcset=\"https:\/\/www.o-sarouel.com\/wp-content\/uploads\/2022\/06\/guide-de-taille-sarouel-cargo-noujoum-800x188.jpg 800w, https:\/\/www.o-sarouel.com\/wp-content\/uploads\/2022\/06\/guide-de-taille-sarouel-cargo-noujoum-768x180.jpg 768w, https:\/\/www.o-sarouel.com\/wp-content\/uploads\/2022\/06\/guide-de-taille-sarouel-cargo-noujoum-600x141.jpg 600w, https:\/\/www.o-sarouel.com\/wp-content\/uploads\/2022\/06\/guide-de-taille-sarouel-cargo-noujoum.jpg 881w\" sizes=\"(max-width: 800px) 100vw, 800px\" \/><\/p>","protected":false},"excerpt":{"rendered":"<p><strong>Features:<\/strong><\/p>\n<ul>\n<li>Composition: 97% cotton, 3% spandex<\/li>\n<li>Cargo pockets with gussets<\/li>\n<li>NJ logo<\/li>\n<li>Elastic waistband \/ Drawstring<\/li>\n<li>Elasticated leg cuffs<\/li>\n<li>Tapered cut \/ Low crotch<\/li>\n<li>Our model is 6'3\", weighs 209 lbs, and wears a size XXL. (Go up a size if you prefer a looser fit).<\/li>\n<li>Wash inside out at 30\u00b0C max<\/li>\n<li>Wash with similar colors<\/li>\n<li>Iron inside out at low temperature.<\/li>\n<\/ul>","protected":false},"featured_media":943,"template":"","meta":[],"product_brand":[],"product_cat":[76,52,36,48,69,49],"product_tag":[],"class_list":{"0":"post-800","1":"product","2":"type-product","3":"status-publish","4":"has-post-thumbnail","6":"product_cat-pantalon-cargo-beige","7":"product_cat-sarouel-aid","8":"product_cat-sarouel-beige","9":"product_cat-pantalon-sarouel-cargo","10":"product_cat-sarouel-hiver","11":"product_cat-noujoum","13":"first","14":"instock","15":"shipping-taxable","16":"purchasable","17":"product-type-variable"},"yoast_head":"<!-- This site is optimized with the Yoast SEO plugin v26.9 - https:\/\/yoast.com\/product\/yoast-seo-wordpress\/ -->\n<title>Sarouel cargo beige SC-1 - Noujoum -<\/title>\n<meta name=\"robots\" content=\"index, follow, max-snippet:-1, max-image-preview:large, max-video-preview:-1\" \/>\n<link rel=\"canonical\" href=\"https:\/\/www.o-sarouel.com\/en\/product\/beige-cargo-harem-pants\/\" \/>\n<meta property=\"og:locale\" content=\"en_US\" \/>\n<meta property=\"og:type\" content=\"article\" \/>\n<meta property=\"og:title\" content=\"Sarouel cargo beige SC-1 - Noujoum -\" \/>\n<meta property=\"og:description\" content=\"Caract\u00e9ristiques :   Composition : 97% coton, 3% \u00e9lasthane  Poches cargo soufflets  Logo NJ  Taille \u00e9lastique \/ Cordon de serrage  Bas de jambe resserrer avec \u00e9lastique  Coupe fusel\u00e9e \/ Entrejambe bas  Notre mannequin mesure 1m90, p\u00e8se 95kg et porte une taille XXL. (Prendre une taille au dessus si vous aimez porter un peu plus ample).  Lavage sur l&#039;envers \u00e0 30\u00b0 max  Laver avec des couleurs similaires  Repassage sur l&#039;envers \u00e0 basse temp\u00e9rature.\" \/>\n<meta property=\"og:url\" content=\"https:\/\/www.o-sarouel.com\/en\/product\/beige-cargo-harem-pants\/\" \/>\n<meta property=\"article:modified_time\" content=\"2024-06-09T19:45:23+00:00\" \/>\n<meta property=\"og:image\" content=\"https:\/\/www.o-sarouel.com\/wp-content\/uploads\/2022\/06\/sarouel-cargo-beige-face-noujoum.jpg\" \/>\n\t<meta property=\"og:image:width\" content=\"600\" \/>\n\t<meta property=\"og:image:height\" content=\"600\" \/>\n\t<meta property=\"og:image:type\" content=\"image\/jpeg\" \/>\n<meta name=\"twitter:card\" content=\"summary_large_image\" \/>\n<script type=\"application\/ld+json\" class=\"yoast-schema-graph\">{\"@context\":\"https:\/\/schema.org\",\"@graph\":[{\"@type\":\"WebPage\",\"@id\":\"https:\/\/www.o-sarouel.com\/produit\/sarouel-cargo-beige\/\",\"url\":\"https:\/\/www.o-sarouel.com\/produit\/sarouel-cargo-beige\/\",\"name\":\"Sarouel cargo beige SC-1 - Noujoum -\",\"isPartOf\":{\"@id\":\"https:\/\/www.o-sarouel.com\/#website\"},\"primaryImageOfPage\":{\"@id\":\"https:\/\/www.o-sarouel.com\/produit\/sarouel-cargo-beige\/#primaryimage\"},\"image\":{\"@id\":\"https:\/\/www.o-sarouel.com\/produit\/sarouel-cargo-beige\/#primaryimage\"},\"thumbnailUrl\":\"https:\/\/www.o-sarouel.com\/wp-content\/uploads\/2022\/06\/sarouel-cargo-beige-face-noujoum.jpg\",\"datePublished\":\"2022-06-07T17:49:56+00:00\",\"dateModified\":\"2024-06-09T19:45:23+00:00\",\"breadcrumb\":{\"@id\":\"https:\/\/www.o-sarouel.com\/produit\/sarouel-cargo-beige\/#breadcrumb\"},\"inLanguage\":\"en-US\",\"potentialAction\":[{\"@type\":\"ReadAction\",\"target\":[\"https:\/\/www.o-sarouel.com\/produit\/sarouel-cargo-beige\/\"]}]},{\"@type\":\"ImageObject\",\"inLanguage\":\"en-US\",\"@id\":\"https:\/\/www.o-sarouel.com\/produit\/sarouel-cargo-beige\/#primaryimage\",\"url\":\"https:\/\/www.o-sarouel.com\/wp-content\/uploads\/2022\/06\/sarouel-cargo-beige-face-noujoum.jpg\",\"contentUrl\":\"https:\/\/www.o-sarouel.com\/wp-content\/uploads\/2022\/06\/sarouel-cargo-beige-face-noujoum.jpg\",\"width\":600,\"height\":600,\"caption\":\"Sarouel cargo beige SC-1 - Noujoum\"},{\"@type\":\"BreadcrumbList\",\"@id\":\"https:\/\/www.o-sarouel.com\/produit\/sarouel-cargo-beige\/#breadcrumb\",\"itemListElement\":[{\"@type\":\"ListItem\",\"position\":1,\"name\":\"Accueil\",\"item\":\"https:\/\/www.o-sarouel.com\/\"},{\"@type\":\"ListItem\",\"position\":2,\"name\":\"Boutique\",\"item\":\"https:\/\/www.o-sarouel.com\/boutique\/\"},{\"@type\":\"ListItem\",\"position\":3,\"name\":\"Sarouel cargo beige SC-1 &#8211; Noujoum\"}]},{\"@type\":\"WebSite\",\"@id\":\"https:\/\/www.o-sarouel.com\/#website\",\"url\":\"https:\/\/www.o-sarouel.com\/\",\"name\":\"\",\"description\":\"\",\"publisher\":{\"@id\":\"https:\/\/www.o-sarouel.com\/#organization\"},\"potentialAction\":[{\"@type\":\"SearchAction\",\"target\":{\"@type\":\"EntryPoint\",\"urlTemplate\":\"https:\/\/www.o-sarouel.com\/?s={search_term_string}\"},\"query-input\":{\"@type\":\"PropertyValueSpecification\",\"valueRequired\":true,\"valueName\":\"search_term_string\"}}],\"inLanguage\":\"en-US\"},{\"@type\":\"Organization\",\"@id\":\"https:\/\/www.o-sarouel.com\/#organization\",\"name\":\"O' Sarouel\",\"url\":\"https:\/\/www.o-sarouel.com\/\",\"logo\":{\"@type\":\"ImageObject\",\"inLanguage\":\"en-US\",\"@id\":\"https:\/\/www.o-sarouel.com\/#\/schema\/logo\/image\/\",\"url\":\"https:\/\/www.o-sarouel.com\/wp-content\/uploads\/2022\/01\/logo-o-sarouel.png\",\"contentUrl\":\"https:\/\/www.o-sarouel.com\/wp-content\/uploads\/2022\/01\/logo-o-sarouel.png\",\"width\":350,\"height\":250,\"caption\":\"O' Sarouel\"},\"image\":{\"@id\":\"https:\/\/www.o-sarouel.com\/#\/schema\/logo\/image\/\"}}]}<\/script>\n<!-- \/ Yoast SEO plugin. -->","yoast_head_json":{"title":"Beige cargo harem pants SC-1 - Noujoum -","robots":{"index":"index","follow":"follow","max-snippet":"max-snippet:-1","max-image-preview":"max-image-preview:large","max-video-preview":"max-video-preview:-1"},"canonical":"https:\/\/www.o-sarouel.com\/en\/product\/beige-cargo-harem-pants\/","og_locale":"en_US","og_type":"article","og_title":"Sarouel cargo beige SC-1 - Noujoum -","og_description":"Caract\u00e9ristiques :   Composition : 97% coton, 3% \u00e9lasthane  Poches cargo soufflets  Logo NJ  Taille \u00e9lastique \/ Cordon de serrage  Bas de jambe resserrer avec \u00e9lastique  Coupe fusel\u00e9e \/ Entrejambe bas  Notre mannequin mesure 1m90, p\u00e8se 95kg et porte une taille XXL. (Prendre une taille au dessus si vous aimez porter un peu plus ample).  Lavage sur l'envers \u00e0 30\u00b0 max  Laver avec des couleurs similaires  Repassage sur l'envers \u00e0 basse temp\u00e9rature.","og_url":"https:\/\/www.o-sarouel.com\/en\/product\/beige-cargo-harem-pants\/","article_modified_time":"2024-06-09T19:45:23+00:00","og_image":[{"width":600,"height":600,"url":"https:\/\/www.o-sarouel.com\/wp-content\/uploads\/2022\/06\/sarouel-cargo-beige-face-noujoum.jpg","type":"image\/jpeg"}],"twitter_card":"summary_large_image","schema":{"@context":"https:\/\/schema.org","@graph":[{"@type":"WebPage","@id":"https:\/\/www.o-sarouel.com\/produit\/sarouel-cargo-beige\/","url":"https:\/\/www.o-sarouel.com\/produit\/sarouel-cargo-beige\/","name":"Beige cargo harem pants SC-1 - Noujoum -","isPartOf":{"@id":"https:\/\/www.o-sarouel.com\/#website"},"primaryImageOfPage":{"@id":"https:\/\/www.o-sarouel.com\/produit\/sarouel-cargo-beige\/#primaryimage"},"image":{"@id":"https:\/\/www.o-sarouel.com\/produit\/sarouel-cargo-beige\/#primaryimage"},"thumbnailUrl":"https:\/\/www.o-sarouel.com\/wp-content\/uploads\/2022\/06\/sarouel-cargo-beige-face-noujoum.jpg","datePublished":"2022-06-07T17:49:56+00:00","dateModified":"2024-06-09T19:45:23+00:00","breadcrumb":{"@id":"https:\/\/www.o-sarouel.com\/produit\/sarouel-cargo-beige\/#breadcrumb"},"inLanguage":"en-US","potentialAction":[{"@type":"ReadAction","target":["https:\/\/www.o-sarouel.com\/produit\/sarouel-cargo-beige\/"]}]},{"@type":"ImageObject","inLanguage":"en-US","@id":"https:\/\/www.o-sarouel.com\/produit\/sarouel-cargo-beige\/#primaryimage","url":"https:\/\/www.o-sarouel.com\/wp-content\/uploads\/2022\/06\/sarouel-cargo-beige-face-noujoum.jpg","contentUrl":"https:\/\/www.o-sarouel.com\/wp-content\/uploads\/2022\/06\/sarouel-cargo-beige-face-noujoum.jpg","width":600,"height":600,"caption":"Sarouel cargo beige SC-1 - Noujoum"},{"@type":"BreadcrumbList","@id":"https:\/\/www.o-sarouel.com\/produit\/sarouel-cargo-beige\/#breadcrumb","itemListElement":[{"@type":"ListItem","position":1,"name":"Accueil","item":"https:\/\/www.o-sarouel.com\/"},{"@type":"ListItem","position":2,"name":"Boutique","item":"https:\/\/www.o-sarouel.com\/boutique\/"},{"@type":"ListItem","position":3,"name":"Sarouel cargo beige SC-1 &#8211; Noujoum"}]},{"@type":"WebSite","@id":"https:\/\/www.o-sarouel.com\/#website","url":"https:\/\/www.o-sarouel.com\/","name":"","description":"","publisher":{"@id":"https:\/\/www.o-sarouel.com\/#organization"},"potentialAction":[{"@type":"SearchAction","target":{"@type":"EntryPoint","urlTemplate":"https:\/\/www.o-sarouel.com\/?s={search_term_string}"},"query-input":{"@type":"PropertyValueSpecification","valueRequired":true,"valueName":"search_term_string"}}],"inLanguage":"en-US"},{"@type":"Organization","@id":"https:\/\/www.o-sarouel.com\/#organization","name":"O' Harem pants","url":"https:\/\/www.o-sarouel.com\/","logo":{"@type":"ImageObject","inLanguage":"en-US","@id":"https:\/\/www.o-sarouel.com\/#\/schema\/logo\/image\/","url":"https:\/\/www.o-sarouel.com\/wp-content\/uploads\/2022\/01\/logo-o-sarouel.png","contentUrl":"https:\/\/www.o-sarouel.com\/wp-content\/uploads\/2022\/01\/logo-o-sarouel.png","width":350,"height":250,"caption":"O' Sarouel"},"image":{"@id":"https:\/\/www.o-sarouel.com\/#\/schema\/logo\/image\/"}}]}},"_links":{"self":[{"href":"https:\/\/www.o-sarouel.com\/en\/wp-json\/wp\/v2\/product\/800","targetHints":{"allow":["GET"]}}],"collection":[{"href":"https:\/\/www.o-sarouel.com\/en\/wp-json\/wp\/v2\/product"}],"about":[{"href":"https:\/\/www.o-sarouel.com\/en\/wp-json\/wp\/v2\/types\/product"}],"wp:featuredmedia":[{"embeddable":true,"href":"https:\/\/www.o-sarouel.com\/en\/wp-json\/wp\/v2\/media\/943"}],"wp:attachment":[{"href":"https:\/\/www.o-sarouel.com\/en\/wp-json\/wp\/v2\/media?parent=800"}],"wp:term":[{"taxonomy":"product_brand","embeddable":true,"href":"https:\/\/www.o-sarouel.com\/en\/wp-json\/wp\/v2\/product_brand?post=800"},{"taxonomy":"product_cat","embeddable":true,"href":"https:\/\/www.o-sarouel.com\/en\/wp-json\/wp\/v2\/product_cat?post=800"},{"taxonomy":"product_tag","embeddable":true,"href":"https:\/\/www.o-sarouel.com\/en\/wp-json\/wp\/v2\/product_tag?post=800"}],"curies":[{"name":"wp","href":"https:\/\/api.w.org\/{rel}","templated":true}]}}