{"id":771,"date":"2022-06-07T17:16:20","date_gmt":"2022-06-07T17:16:20","guid":{"rendered":"https:\/\/www.o-sarouel.com\/?post_type=product&#038;p=771"},"modified":"2024-03-07T15:00:13","modified_gmt":"2024-03-07T15:00:13","slug":"black-and-silver-jogging-set","status":"publish","type":"product","link":"https:\/\/www.o-sarouel.com\/en\/product\/black-and-silver-jogging-set\/","title":{"rendered":"Black and silver hooded jogging suit \u2013 Noujoum"},"content":{"rendered":"","protected":false},"excerpt":{"rendered":"<p><strong>Features:<\/strong><\/p>\n<ul>\n<li>Fitted cut<\/li>\n<li>Longer at the back \/ Tapered bottom \/ Low crotch<\/li>\n<li>Composition: 95% cotton, 5% spandex<\/li>\n<li>Zip sleeves \/ Zippered pockets \/ Drawstring<\/li>\n<li>Our model is 1.80 m tall, weighs 80 kg, and wears a size M.<\/li>\n<li>Wash inside out at 30\u00b0C max<\/li>\n<li>Wash with similar colors<\/li>\n<li>Iron inside out at low temperature<\/li>\n<\/ul>","protected":false},"featured_media":779,"template":"","meta":[],"product_brand":[],"product_cat":[58,78,49],"product_tag":[],"class_list":{"0":"post-771","1":"product","2":"type-product","3":"status-publish","4":"has-post-thumbnail","6":"product_cat-ensemble-jogging-homme","7":"product_cat-ensemble-noujoum","8":"product_cat-noujoum","10":"first","11":"instock","12":"shipping-taxable","13":"purchasable","14":"product-type-variable"},"yoast_head":"<!-- This site is optimized with the Yoast SEO plugin v26.9 - https:\/\/yoast.com\/product\/yoast-seo-wordpress\/ -->\n<title>Ensemble jogging \u00e0 capuche noir silver | Mod\u00e8le homme | Noujoum<\/title>\n<meta name=\"robots\" content=\"index, follow, max-snippet:-1, max-image-preview:large, max-video-preview:-1\" \/>\n<link rel=\"canonical\" href=\"https:\/\/www.o-sarouel.com\/en\/product\/black-and-silver-jogging-set\/\" \/>\n<meta property=\"og:locale\" content=\"en_US\" \/>\n<meta property=\"og:type\" content=\"article\" \/>\n<meta property=\"og:title\" content=\"Ensemble jogging \u00e0 capuche noir silver | Mod\u00e8le homme | Noujoum\" \/>\n<meta property=\"og:description\" content=\"Caract\u00e9ristiques :   Coupe cintr\u00e9e  Haut plus long \u00e0 l&#039;arri\u00e8re \/ Bas fusel\u00e9e \/ Entrejambe bas  Composition : 95% coton, 5% \u00e9lasthane  Zip aux manches \/ Poches avec fermeture \u00e9clair \/ Cordon de serrage  Notre mannequin mesure 1m80, p\u00e8se 80kg et porte une taille M.  Lavage sur l&#039;envers \u00e0 30\u00b0 max  Laver avec des couleurs similaires  Repassage sur l&#039;envers \u00e0 basse temp\u00e9rature\" \/>\n<meta property=\"og:url\" content=\"https:\/\/www.o-sarouel.com\/en\/product\/black-and-silver-jogging-set\/\" \/>\n<meta property=\"article:modified_time\" content=\"2024-03-07T15:00:13+00:00\" \/>\n<meta property=\"og:image\" content=\"https:\/\/www.o-sarouel.com\/wp-content\/uploads\/2022\/06\/ensemble-jogging-saroue-noir-silver-face.jpg\" \/>\n\t<meta property=\"og:image:width\" content=\"600\" \/>\n\t<meta property=\"og:image:height\" content=\"600\" \/>\n\t<meta property=\"og:image:type\" content=\"image\/jpeg\" \/>\n<meta name=\"twitter:card\" content=\"summary_large_image\" \/>\n<script type=\"application\/ld+json\" class=\"yoast-schema-graph\">{\"@context\":\"https:\/\/schema.org\",\"@graph\":[{\"@type\":\"WebPage\",\"@id\":\"https:\/\/www.o-sarouel.com\/produit\/ensemble-jogging-noir-silver\/\",\"url\":\"https:\/\/www.o-sarouel.com\/produit\/ensemble-jogging-noir-silver\/\",\"name\":\"Ensemble jogging \u00e0 capuche noir silver | Mod\u00e8le homme | Noujoum\",\"isPartOf\":{\"@id\":\"https:\/\/www.o-sarouel.com\/#website\"},\"primaryImageOfPage\":{\"@id\":\"https:\/\/www.o-sarouel.com\/produit\/ensemble-jogging-noir-silver\/#primaryimage\"},\"image\":{\"@id\":\"https:\/\/www.o-sarouel.com\/produit\/ensemble-jogging-noir-silver\/#primaryimage\"},\"thumbnailUrl\":\"https:\/\/www.o-sarouel.com\/wp-content\/uploads\/2022\/06\/ensemble-jogging-saroue-noir-silver-face.jpg\",\"datePublished\":\"2022-06-07T17:16:20+00:00\",\"dateModified\":\"2024-03-07T15:00:13+00:00\",\"breadcrumb\":{\"@id\":\"https:\/\/www.o-sarouel.com\/produit\/ensemble-jogging-noir-silver\/#breadcrumb\"},\"inLanguage\":\"en-US\",\"potentialAction\":[{\"@type\":\"ReadAction\",\"target\":[\"https:\/\/www.o-sarouel.com\/produit\/ensemble-jogging-noir-silver\/\"]}]},{\"@type\":\"ImageObject\",\"inLanguage\":\"en-US\",\"@id\":\"https:\/\/www.o-sarouel.com\/produit\/ensemble-jogging-noir-silver\/#primaryimage\",\"url\":\"https:\/\/www.o-sarouel.com\/wp-content\/uploads\/2022\/06\/ensemble-jogging-saroue-noir-silver-face.jpg\",\"contentUrl\":\"https:\/\/www.o-sarouel.com\/wp-content\/uploads\/2022\/06\/ensemble-jogging-saroue-noir-silver-face.jpg\",\"width\":600,\"height\":600,\"caption\":\"Ensemble jogging \u00e0 capuche noir silver - Noujoum\"},{\"@type\":\"BreadcrumbList\",\"@id\":\"https:\/\/www.o-sarouel.com\/produit\/ensemble-jogging-noir-silver\/#breadcrumb\",\"itemListElement\":[{\"@type\":\"ListItem\",\"position\":1,\"name\":\"Accueil\",\"item\":\"https:\/\/www.o-sarouel.com\/\"},{\"@type\":\"ListItem\",\"position\":2,\"name\":\"Boutique\",\"item\":\"https:\/\/www.o-sarouel.com\/boutique\/\"},{\"@type\":\"ListItem\",\"position\":3,\"name\":\"Ensemble jogging \u00e0 capuche noir silver &#8211; Noujoum\"}]},{\"@type\":\"WebSite\",\"@id\":\"https:\/\/www.o-sarouel.com\/#website\",\"url\":\"https:\/\/www.o-sarouel.com\/\",\"name\":\"\",\"description\":\"\",\"publisher\":{\"@id\":\"https:\/\/www.o-sarouel.com\/#organization\"},\"potentialAction\":[{\"@type\":\"SearchAction\",\"target\":{\"@type\":\"EntryPoint\",\"urlTemplate\":\"https:\/\/www.o-sarouel.com\/?s={search_term_string}\"},\"query-input\":{\"@type\":\"PropertyValueSpecification\",\"valueRequired\":true,\"valueName\":\"search_term_string\"}}],\"inLanguage\":\"en-US\"},{\"@type\":\"Organization\",\"@id\":\"https:\/\/www.o-sarouel.com\/#organization\",\"name\":\"O' Sarouel\",\"url\":\"https:\/\/www.o-sarouel.com\/\",\"logo\":{\"@type\":\"ImageObject\",\"inLanguage\":\"en-US\",\"@id\":\"https:\/\/www.o-sarouel.com\/#\/schema\/logo\/image\/\",\"url\":\"https:\/\/www.o-sarouel.com\/wp-content\/uploads\/2022\/01\/logo-o-sarouel.png\",\"contentUrl\":\"https:\/\/www.o-sarouel.com\/wp-content\/uploads\/2022\/01\/logo-o-sarouel.png\",\"width\":350,\"height\":250,\"caption\":\"O' Sarouel\"},\"image\":{\"@id\":\"https:\/\/www.o-sarouel.com\/#\/schema\/logo\/image\/\"}}]}<\/script>\n<!-- \/ Yoast SEO plugin. -->","yoast_head_json":{"title":"Black and silver hooded jogging suit | Men's model | Noujoum","robots":{"index":"index","follow":"follow","max-snippet":"max-snippet:-1","max-image-preview":"max-image-preview:large","max-video-preview":"max-video-preview:-1"},"canonical":"https:\/\/www.o-sarouel.com\/en\/product\/black-and-silver-jogging-set\/","og_locale":"en_US","og_type":"article","og_title":"Ensemble jogging \u00e0 capuche noir silver | Mod\u00e8le homme | Noujoum","og_description":"Caract\u00e9ristiques :   Coupe cintr\u00e9e  Haut plus long \u00e0 l'arri\u00e8re \/ Bas fusel\u00e9e \/ Entrejambe bas  Composition : 95% coton, 5% \u00e9lasthane  Zip aux manches \/ Poches avec fermeture \u00e9clair \/ Cordon de serrage  Notre mannequin mesure 1m80, p\u00e8se 80kg et porte une taille M.  Lavage sur l'envers \u00e0 30\u00b0 max  Laver avec des couleurs similaires  Repassage sur l'envers \u00e0 basse temp\u00e9rature","og_url":"https:\/\/www.o-sarouel.com\/en\/product\/black-and-silver-jogging-set\/","article_modified_time":"2024-03-07T15:00:13+00:00","og_image":[{"width":600,"height":600,"url":"https:\/\/www.o-sarouel.com\/wp-content\/uploads\/2022\/06\/ensemble-jogging-saroue-noir-silver-face.jpg","type":"image\/jpeg"}],"twitter_card":"summary_large_image","schema":{"@context":"https:\/\/schema.org","@graph":[{"@type":"WebPage","@id":"https:\/\/www.o-sarouel.com\/produit\/ensemble-jogging-noir-silver\/","url":"https:\/\/www.o-sarouel.com\/produit\/ensemble-jogging-noir-silver\/","name":"Black and silver hooded jogging suit | Men's model | Noujoum","isPartOf":{"@id":"https:\/\/www.o-sarouel.com\/#website"},"primaryImageOfPage":{"@id":"https:\/\/www.o-sarouel.com\/produit\/ensemble-jogging-noir-silver\/#primaryimage"},"image":{"@id":"https:\/\/www.o-sarouel.com\/produit\/ensemble-jogging-noir-silver\/#primaryimage"},"thumbnailUrl":"https:\/\/www.o-sarouel.com\/wp-content\/uploads\/2022\/06\/ensemble-jogging-saroue-noir-silver-face.jpg","datePublished":"2022-06-07T17:16:20+00:00","dateModified":"2024-03-07T15:00:13+00:00","breadcrumb":{"@id":"https:\/\/www.o-sarouel.com\/produit\/ensemble-jogging-noir-silver\/#breadcrumb"},"inLanguage":"en-US","potentialAction":[{"@type":"ReadAction","target":["https:\/\/www.o-sarouel.com\/produit\/ensemble-jogging-noir-silver\/"]}]},{"@type":"ImageObject","inLanguage":"en-US","@id":"https:\/\/www.o-sarouel.com\/produit\/ensemble-jogging-noir-silver\/#primaryimage","url":"https:\/\/www.o-sarouel.com\/wp-content\/uploads\/2022\/06\/ensemble-jogging-saroue-noir-silver-face.jpg","contentUrl":"https:\/\/www.o-sarouel.com\/wp-content\/uploads\/2022\/06\/ensemble-jogging-saroue-noir-silver-face.jpg","width":600,"height":600,"caption":"Ensemble jogging \u00e0 capuche noir silver - Noujoum"},{"@type":"BreadcrumbList","@id":"https:\/\/www.o-sarouel.com\/produit\/ensemble-jogging-noir-silver\/#breadcrumb","itemListElement":[{"@type":"ListItem","position":1,"name":"Accueil","item":"https:\/\/www.o-sarouel.com\/"},{"@type":"ListItem","position":2,"name":"Boutique","item":"https:\/\/www.o-sarouel.com\/boutique\/"},{"@type":"ListItem","position":3,"name":"Ensemble jogging \u00e0 capuche noir silver &#8211; Noujoum"}]},{"@type":"WebSite","@id":"https:\/\/www.o-sarouel.com\/#website","url":"https:\/\/www.o-sarouel.com\/","name":"","description":"","publisher":{"@id":"https:\/\/www.o-sarouel.com\/#organization"},"potentialAction":[{"@type":"SearchAction","target":{"@type":"EntryPoint","urlTemplate":"https:\/\/www.o-sarouel.com\/?s={search_term_string}"},"query-input":{"@type":"PropertyValueSpecification","valueRequired":true,"valueName":"search_term_string"}}],"inLanguage":"en-US"},{"@type":"Organization","@id":"https:\/\/www.o-sarouel.com\/#organization","name":"O' Harem pants","url":"https:\/\/www.o-sarouel.com\/","logo":{"@type":"ImageObject","inLanguage":"en-US","@id":"https:\/\/www.o-sarouel.com\/#\/schema\/logo\/image\/","url":"https:\/\/www.o-sarouel.com\/wp-content\/uploads\/2022\/01\/logo-o-sarouel.png","contentUrl":"https:\/\/www.o-sarouel.com\/wp-content\/uploads\/2022\/01\/logo-o-sarouel.png","width":350,"height":250,"caption":"O' Sarouel"},"image":{"@id":"https:\/\/www.o-sarouel.com\/#\/schema\/logo\/image\/"}}]}},"_links":{"self":[{"href":"https:\/\/www.o-sarouel.com\/en\/wp-json\/wp\/v2\/product\/771","targetHints":{"allow":["GET"]}}],"collection":[{"href":"https:\/\/www.o-sarouel.com\/en\/wp-json\/wp\/v2\/product"}],"about":[{"href":"https:\/\/www.o-sarouel.com\/en\/wp-json\/wp\/v2\/types\/product"}],"wp:featuredmedia":[{"embeddable":true,"href":"https:\/\/www.o-sarouel.com\/en\/wp-json\/wp\/v2\/media\/779"}],"wp:attachment":[{"href":"https:\/\/www.o-sarouel.com\/en\/wp-json\/wp\/v2\/media?parent=771"}],"wp:term":[{"taxonomy":"product_brand","embeddable":true,"href":"https:\/\/www.o-sarouel.com\/en\/wp-json\/wp\/v2\/product_brand?post=771"},{"taxonomy":"product_cat","embeddable":true,"href":"https:\/\/www.o-sarouel.com\/en\/wp-json\/wp\/v2\/product_cat?post=771"},{"taxonomy":"product_tag","embeddable":true,"href":"https:\/\/www.o-sarouel.com\/en\/wp-json\/wp\/v2\/product_tag?post=771"}],"curies":[{"name":"wp","href":"https:\/\/api.w.org\/{rel}","templated":true}]}}