{"id":495,"date":"2022-01-27T11:29:23","date_gmt":"2022-01-27T11:29:23","guid":{"rendered":"https:\/\/www.o-sarouel.com\/?post_type=product&#038;p=495"},"modified":"2024-07-01T20:21:13","modified_gmt":"2024-07-01T20:21:13","slug":"sarouel-jeans-pants-jp10-gray","status":"publish","type":"product","link":"https:\/\/www.o-sarouel.com\/en\/product\/sarouel-jeans-pants-jp10-gray\/","title":{"rendered":"Sarouel jeans pants jp10 gray \u2013 Dc Jeans"},"content":{"rendered":"","protected":false},"excerpt":{"rendered":"<p><strong>Features:<\/strong><\/p>\n<ul>\n<li>Color: Gray.<\/li>\n<li>Composition: stretch denim fabric 98% cotton 2% Lycra.<\/li>\n<li>Cavalier pockets on the belt.<\/li>\n<li>Leather and metal logo badge. Elasticated ankle strap.<\/li>\n<li>Visible patch pockets on the back.<\/li>\n<li>Semi-elastic belt loops (innovation by djjeans).<\/li>\n<li>Custom metal buttons and rivets.<\/li>\n<\/ul>","protected":false},"featured_media":478,"template":"","meta":[],"product_brand":[],"product_cat":[86],"product_tag":[],"class_list":{"0":"post-495","1":"product","2":"type-product","3":"status-publish","4":"has-post-thumbnail","6":"product_cat-fin-de-stock","8":"first","9":"instock","10":"shipping-taxable","11":"purchasable","12":"product-type-variable","13":"has-default-attributes"},"yoast_head":"<!-- This site is optimized with the Yoast SEO plugin v26.9 - https:\/\/yoast.com\/product\/yoast-seo-wordpress\/ -->\n<title>Sarouel jeans pants jp10 gris - Dc Jeans -<\/title>\n<meta name=\"robots\" content=\"index, follow, max-snippet:-1, max-image-preview:large, max-video-preview:-1\" \/>\n<link rel=\"canonical\" href=\"https:\/\/www.o-sarouel.com\/en\/product\/sarouel-jeans-pants-jp10-gray\/\" \/>\n<meta property=\"og:locale\" content=\"en_US\" \/>\n<meta property=\"og:type\" content=\"article\" \/>\n<meta property=\"og:title\" content=\"Sarouel jeans pants jp10 gris - Dc Jeans -\" \/>\n<meta property=\"og:description\" content=\"Caract\u00e9ristiques :   Coloris : Gris.  Composition : toile de denim stretch 98% coton 2% Lycra.  Poches cavali\u00e8res \u00e0 la ceinture.  Badge logo cuir et m\u00e9tal.Elastique \u00e0 la cheville.  Poches dos plaqu\u00e9es apparentes.  Ceinture \u00e0 passant semi-\u00e9lastique (innovation dcjeans).  Boutons et rivets m\u00e9tal personnalis\u00e9s.\" \/>\n<meta property=\"og:url\" content=\"https:\/\/www.o-sarouel.com\/en\/product\/sarouel-jeans-pants-jp10-gray\/\" \/>\n<meta property=\"article:modified_time\" content=\"2024-07-01T20:21:13+00:00\" \/>\n<meta property=\"og:image\" content=\"https:\/\/www.o-sarouel.com\/wp-content\/uploads\/2022\/01\/sarouel-pants-jp10-gris.jpg\" \/>\n\t<meta property=\"og:image:width\" content=\"600\" \/>\n\t<meta property=\"og:image:height\" content=\"600\" \/>\n\t<meta property=\"og:image:type\" content=\"image\/jpeg\" \/>\n<meta name=\"twitter:card\" content=\"summary_large_image\" \/>\n<script type=\"application\/ld+json\" class=\"yoast-schema-graph\">{\"@context\":\"https:\/\/schema.org\",\"@graph\":[{\"@type\":\"WebPage\",\"@id\":\"https:\/\/www.o-sarouel.com\/produit\/sarouel-jeans-pants-jp10-gris\/\",\"url\":\"https:\/\/www.o-sarouel.com\/produit\/sarouel-jeans-pants-jp10-gris\/\",\"name\":\"Sarouel jeans pants jp10 gris - Dc Jeans -\",\"isPartOf\":{\"@id\":\"https:\/\/www.o-sarouel.com\/#website\"},\"primaryImageOfPage\":{\"@id\":\"https:\/\/www.o-sarouel.com\/produit\/sarouel-jeans-pants-jp10-gris\/#primaryimage\"},\"image\":{\"@id\":\"https:\/\/www.o-sarouel.com\/produit\/sarouel-jeans-pants-jp10-gris\/#primaryimage\"},\"thumbnailUrl\":\"https:\/\/www.o-sarouel.com\/wp-content\/uploads\/2022\/01\/sarouel-pants-jp10-gris.jpg\",\"datePublished\":\"2022-01-27T11:29:23+00:00\",\"dateModified\":\"2024-07-01T20:21:13+00:00\",\"breadcrumb\":{\"@id\":\"https:\/\/www.o-sarouel.com\/produit\/sarouel-jeans-pants-jp10-gris\/#breadcrumb\"},\"inLanguage\":\"en-US\",\"potentialAction\":[{\"@type\":\"ReadAction\",\"target\":[\"https:\/\/www.o-sarouel.com\/produit\/sarouel-jeans-pants-jp10-gris\/\"]}]},{\"@type\":\"ImageObject\",\"inLanguage\":\"en-US\",\"@id\":\"https:\/\/www.o-sarouel.com\/produit\/sarouel-jeans-pants-jp10-gris\/#primaryimage\",\"url\":\"https:\/\/www.o-sarouel.com\/wp-content\/uploads\/2022\/01\/sarouel-pants-jp10-gris.jpg\",\"contentUrl\":\"https:\/\/www.o-sarouel.com\/wp-content\/uploads\/2022\/01\/sarouel-pants-jp10-gris.jpg\",\"width\":600,\"height\":600,\"caption\":\"Sarouel jeans pants jp10 gris - Dc Jeans\"},{\"@type\":\"BreadcrumbList\",\"@id\":\"https:\/\/www.o-sarouel.com\/produit\/sarouel-jeans-pants-jp10-gris\/#breadcrumb\",\"itemListElement\":[{\"@type\":\"ListItem\",\"position\":1,\"name\":\"Accueil\",\"item\":\"https:\/\/www.o-sarouel.com\/\"},{\"@type\":\"ListItem\",\"position\":2,\"name\":\"Boutique\",\"item\":\"https:\/\/www.o-sarouel.com\/boutique\/\"},{\"@type\":\"ListItem\",\"position\":3,\"name\":\"Sarouel jeans pants jp10 gris &#8211; Dc Jeans\"}]},{\"@type\":\"WebSite\",\"@id\":\"https:\/\/www.o-sarouel.com\/#website\",\"url\":\"https:\/\/www.o-sarouel.com\/\",\"name\":\"\",\"description\":\"\",\"publisher\":{\"@id\":\"https:\/\/www.o-sarouel.com\/#organization\"},\"potentialAction\":[{\"@type\":\"SearchAction\",\"target\":{\"@type\":\"EntryPoint\",\"urlTemplate\":\"https:\/\/www.o-sarouel.com\/?s={search_term_string}\"},\"query-input\":{\"@type\":\"PropertyValueSpecification\",\"valueRequired\":true,\"valueName\":\"search_term_string\"}}],\"inLanguage\":\"en-US\"},{\"@type\":\"Organization\",\"@id\":\"https:\/\/www.o-sarouel.com\/#organization\",\"name\":\"O' Sarouel\",\"url\":\"https:\/\/www.o-sarouel.com\/\",\"logo\":{\"@type\":\"ImageObject\",\"inLanguage\":\"en-US\",\"@id\":\"https:\/\/www.o-sarouel.com\/#\/schema\/logo\/image\/\",\"url\":\"https:\/\/www.o-sarouel.com\/wp-content\/uploads\/2022\/01\/logo-o-sarouel.png\",\"contentUrl\":\"https:\/\/www.o-sarouel.com\/wp-content\/uploads\/2022\/01\/logo-o-sarouel.png\",\"width\":350,\"height\":250,\"caption\":\"O' Sarouel\"},\"image\":{\"@id\":\"https:\/\/www.o-sarouel.com\/#\/schema\/logo\/image\/\"}}]}<\/script>\n<!-- \/ Yoast SEO plugin. -->","yoast_head_json":{"title":"Sarouel jeans pants jp10 gray - Dc Jeans -","robots":{"index":"index","follow":"follow","max-snippet":"max-snippet:-1","max-image-preview":"max-image-preview:large","max-video-preview":"max-video-preview:-1"},"canonical":"https:\/\/www.o-sarouel.com\/en\/product\/sarouel-jeans-pants-jp10-gray\/","og_locale":"en_US","og_type":"article","og_title":"Sarouel jeans pants jp10 gris - Dc Jeans -","og_description":"Caract\u00e9ristiques :   Coloris : Gris.  Composition : toile de denim stretch 98% coton 2% Lycra.  Poches cavali\u00e8res \u00e0 la ceinture.  Badge logo cuir et m\u00e9tal.Elastique \u00e0 la cheville.  Poches dos plaqu\u00e9es apparentes.  Ceinture \u00e0 passant semi-\u00e9lastique (innovation dcjeans).  Boutons et rivets m\u00e9tal personnalis\u00e9s.","og_url":"https:\/\/www.o-sarouel.com\/en\/product\/sarouel-jeans-pants-jp10-gray\/","article_modified_time":"2024-07-01T20:21:13+00:00","og_image":[{"width":600,"height":600,"url":"https:\/\/www.o-sarouel.com\/wp-content\/uploads\/2022\/01\/sarouel-pants-jp10-gris.jpg","type":"image\/jpeg"}],"twitter_card":"summary_large_image","schema":{"@context":"https:\/\/schema.org","@graph":[{"@type":"WebPage","@id":"https:\/\/www.o-sarouel.com\/produit\/sarouel-jeans-pants-jp10-gris\/","url":"https:\/\/www.o-sarouel.com\/produit\/sarouel-jeans-pants-jp10-gris\/","name":"Sarouel jeans pants jp10 gray - Dc Jeans -","isPartOf":{"@id":"https:\/\/www.o-sarouel.com\/#website"},"primaryImageOfPage":{"@id":"https:\/\/www.o-sarouel.com\/produit\/sarouel-jeans-pants-jp10-gris\/#primaryimage"},"image":{"@id":"https:\/\/www.o-sarouel.com\/produit\/sarouel-jeans-pants-jp10-gris\/#primaryimage"},"thumbnailUrl":"https:\/\/www.o-sarouel.com\/wp-content\/uploads\/2022\/01\/sarouel-pants-jp10-gris.jpg","datePublished":"2022-01-27T11:29:23+00:00","dateModified":"2024-07-01T20:21:13+00:00","breadcrumb":{"@id":"https:\/\/www.o-sarouel.com\/produit\/sarouel-jeans-pants-jp10-gris\/#breadcrumb"},"inLanguage":"en-US","potentialAction":[{"@type":"ReadAction","target":["https:\/\/www.o-sarouel.com\/produit\/sarouel-jeans-pants-jp10-gris\/"]}]},{"@type":"ImageObject","inLanguage":"en-US","@id":"https:\/\/www.o-sarouel.com\/produit\/sarouel-jeans-pants-jp10-gris\/#primaryimage","url":"https:\/\/www.o-sarouel.com\/wp-content\/uploads\/2022\/01\/sarouel-pants-jp10-gris.jpg","contentUrl":"https:\/\/www.o-sarouel.com\/wp-content\/uploads\/2022\/01\/sarouel-pants-jp10-gris.jpg","width":600,"height":600,"caption":"Sarouel jeans pants jp10 gris - Dc Jeans"},{"@type":"BreadcrumbList","@id":"https:\/\/www.o-sarouel.com\/produit\/sarouel-jeans-pants-jp10-gris\/#breadcrumb","itemListElement":[{"@type":"ListItem","position":1,"name":"Accueil","item":"https:\/\/www.o-sarouel.com\/"},{"@type":"ListItem","position":2,"name":"Boutique","item":"https:\/\/www.o-sarouel.com\/boutique\/"},{"@type":"ListItem","position":3,"name":"Sarouel jeans pants jp10 gris &#8211; Dc Jeans"}]},{"@type":"WebSite","@id":"https:\/\/www.o-sarouel.com\/#website","url":"https:\/\/www.o-sarouel.com\/","name":"","description":"","publisher":{"@id":"https:\/\/www.o-sarouel.com\/#organization"},"potentialAction":[{"@type":"SearchAction","target":{"@type":"EntryPoint","urlTemplate":"https:\/\/www.o-sarouel.com\/?s={search_term_string}"},"query-input":{"@type":"PropertyValueSpecification","valueRequired":true,"valueName":"search_term_string"}}],"inLanguage":"en-US"},{"@type":"Organization","@id":"https:\/\/www.o-sarouel.com\/#organization","name":"O' Harem pants","url":"https:\/\/www.o-sarouel.com\/","logo":{"@type":"ImageObject","inLanguage":"en-US","@id":"https:\/\/www.o-sarouel.com\/#\/schema\/logo\/image\/","url":"https:\/\/www.o-sarouel.com\/wp-content\/uploads\/2022\/01\/logo-o-sarouel.png","contentUrl":"https:\/\/www.o-sarouel.com\/wp-content\/uploads\/2022\/01\/logo-o-sarouel.png","width":350,"height":250,"caption":"O' Sarouel"},"image":{"@id":"https:\/\/www.o-sarouel.com\/#\/schema\/logo\/image\/"}}]}},"_links":{"self":[{"href":"https:\/\/www.o-sarouel.com\/en\/wp-json\/wp\/v2\/product\/495","targetHints":{"allow":["GET"]}}],"collection":[{"href":"https:\/\/www.o-sarouel.com\/en\/wp-json\/wp\/v2\/product"}],"about":[{"href":"https:\/\/www.o-sarouel.com\/en\/wp-json\/wp\/v2\/types\/product"}],"wp:featuredmedia":[{"embeddable":true,"href":"https:\/\/www.o-sarouel.com\/en\/wp-json\/wp\/v2\/media\/478"}],"wp:attachment":[{"href":"https:\/\/www.o-sarouel.com\/en\/wp-json\/wp\/v2\/media?parent=495"}],"wp:term":[{"taxonomy":"product_brand","embeddable":true,"href":"https:\/\/www.o-sarouel.com\/en\/wp-json\/wp\/v2\/product_brand?post=495"},{"taxonomy":"product_cat","embeddable":true,"href":"https:\/\/www.o-sarouel.com\/en\/wp-json\/wp\/v2\/product_cat?post=495"},{"taxonomy":"product_tag","embeddable":true,"href":"https:\/\/www.o-sarouel.com\/en\/wp-json\/wp\/v2\/product_tag?post=495"}],"curies":[{"name":"wp","href":"https:\/\/api.w.org\/{rel}","templated":true}]}}