{"id":1329,"date":"2022-07-27T13:21:11","date_gmt":"2022-07-27T13:21:11","guid":{"rendered":"https:\/\/www.o-sarouel.com\/?post_type=product&#038;p=1329"},"modified":"2024-06-04T20:08:04","modified_gmt":"2024-06-04T20:08:04","slug":"green-bali-swim-shorts","status":"publish","type":"product","link":"https:\/\/www.o-sarouel.com\/en\/product\/green-bali-swim-shorts\/","title":{"rendered":"Bali green swim shorts \u2013 Dc Jeans"},"content":{"rendered":"","protected":false},"excerpt":{"rendered":"<p><strong>Features:<\/strong><\/p>\n<ul>\n<li><strong>Photo model:<\/strong> I am 1.79 m tall, weigh 82 kg, and wear size L.<\/li>\n<li><strong>Tips:<\/strong>\u00a0Choose one size smaller if you prefer a slimmer fit, but bear in mind that the garment will be shorter.<\/li>\n<\/ul>\n<p><strong>Please note:<\/strong>\u00a0There are no mesh briefs inside, and the surf or cycling T-shirt is not included.<\/p>","protected":false},"featured_media":1319,"template":"","meta":[],"product_brand":[],"product_cat":[86],"product_tag":[],"class_list":{"0":"post-1329","1":"product","2":"type-product","3":"status-publish","4":"has-post-thumbnail","6":"product_cat-fin-de-stock","8":"first","9":"outofstock","10":"shipping-taxable","11":"purchasable","12":"product-type-variable"},"yoast_head":"<!-- This site is optimized with the Yoast SEO plugin v26.9 - https:\/\/yoast.com\/product\/yoast-seo-wordpress\/ -->\n<title>Sarouel de bain vert bali | Collection \u00e9t\u00e9 2022 | Dc Jeans<\/title>\n<meta name=\"robots\" content=\"index, follow, max-snippet:-1, max-image-preview:large, max-video-preview:-1\" \/>\n<link rel=\"canonical\" href=\"https:\/\/www.o-sarouel.com\/en\/product\/green-bali-swim-shorts\/\" \/>\n<meta property=\"og:locale\" content=\"en_US\" \/>\n<meta property=\"og:type\" content=\"article\" \/>\n<meta property=\"og:title\" content=\"Sarouel de bain vert bali | Collection \u00e9t\u00e9 2022 | Dc Jeans\" \/>\n<meta property=\"og:description\" content=\"Caract\u00e9ristiques :   Mannequin photo : mesure 1m79, 82 kg, taille L..  Conseils :\u00a0Prendre une taille en dessous si vous aimez porter moins large mais attention le v\u00eatement sera plus court.  Attention :\u00a0il n\u2019y a pas de slip en file de mesh \u00e0 l\u2019int\u00e9rieur et le tshirt surf ou cycliste ne sont pas compris avec.\" \/>\n<meta property=\"og:url\" content=\"https:\/\/www.o-sarouel.com\/en\/product\/green-bali-swim-shorts\/\" \/>\n<meta property=\"article:modified_time\" content=\"2024-06-04T20:08:04+00:00\" \/>\n<meta property=\"og:image\" content=\"https:\/\/www.o-sarouel.com\/wp-content\/uploads\/2022\/07\/sarouel-de-bain-vert-bali-dc-jeans.jpg\" \/>\n\t<meta property=\"og:image:width\" content=\"600\" \/>\n\t<meta property=\"og:image:height\" content=\"600\" \/>\n\t<meta property=\"og:image:type\" content=\"image\/jpeg\" \/>\n<meta name=\"twitter:card\" content=\"summary_large_image\" \/>\n<script type=\"application\/ld+json\" class=\"yoast-schema-graph\">{\"@context\":\"https:\/\/schema.org\",\"@graph\":[{\"@type\":\"WebPage\",\"@id\":\"https:\/\/www.o-sarouel.com\/produit\/sarouel-de-bain-vert-bali\/\",\"url\":\"https:\/\/www.o-sarouel.com\/produit\/sarouel-de-bain-vert-bali\/\",\"name\":\"Sarouel de bain vert bali | Collection \u00e9t\u00e9 2022 | Dc Jeans\",\"isPartOf\":{\"@id\":\"https:\/\/www.o-sarouel.com\/#website\"},\"primaryImageOfPage\":{\"@id\":\"https:\/\/www.o-sarouel.com\/produit\/sarouel-de-bain-vert-bali\/#primaryimage\"},\"image\":{\"@id\":\"https:\/\/www.o-sarouel.com\/produit\/sarouel-de-bain-vert-bali\/#primaryimage\"},\"thumbnailUrl\":\"https:\/\/www.o-sarouel.com\/wp-content\/uploads\/2022\/07\/sarouel-de-bain-vert-bali-dc-jeans.jpg\",\"datePublished\":\"2022-07-27T13:21:11+00:00\",\"dateModified\":\"2024-06-04T20:08:04+00:00\",\"breadcrumb\":{\"@id\":\"https:\/\/www.o-sarouel.com\/produit\/sarouel-de-bain-vert-bali\/#breadcrumb\"},\"inLanguage\":\"en-US\",\"potentialAction\":[{\"@type\":\"ReadAction\",\"target\":[\"https:\/\/www.o-sarouel.com\/produit\/sarouel-de-bain-vert-bali\/\"]}]},{\"@type\":\"ImageObject\",\"inLanguage\":\"en-US\",\"@id\":\"https:\/\/www.o-sarouel.com\/produit\/sarouel-de-bain-vert-bali\/#primaryimage\",\"url\":\"https:\/\/www.o-sarouel.com\/wp-content\/uploads\/2022\/07\/sarouel-de-bain-vert-bali-dc-jeans.jpg\",\"contentUrl\":\"https:\/\/www.o-sarouel.com\/wp-content\/uploads\/2022\/07\/sarouel-de-bain-vert-bali-dc-jeans.jpg\",\"width\":600,\"height\":600,\"caption\":\"Sarouel de bain vert bali \u2013 Dc Jeans\"},{\"@type\":\"BreadcrumbList\",\"@id\":\"https:\/\/www.o-sarouel.com\/produit\/sarouel-de-bain-vert-bali\/#breadcrumb\",\"itemListElement\":[{\"@type\":\"ListItem\",\"position\":1,\"name\":\"Accueil\",\"item\":\"https:\/\/www.o-sarouel.com\/\"},{\"@type\":\"ListItem\",\"position\":2,\"name\":\"Boutique\",\"item\":\"https:\/\/www.o-sarouel.com\/boutique\/\"},{\"@type\":\"ListItem\",\"position\":3,\"name\":\"Sarouel de bain vert bali \u2013 Dc Jeans\"}]},{\"@type\":\"WebSite\",\"@id\":\"https:\/\/www.o-sarouel.com\/#website\",\"url\":\"https:\/\/www.o-sarouel.com\/\",\"name\":\"\",\"description\":\"\",\"publisher\":{\"@id\":\"https:\/\/www.o-sarouel.com\/#organization\"},\"potentialAction\":[{\"@type\":\"SearchAction\",\"target\":{\"@type\":\"EntryPoint\",\"urlTemplate\":\"https:\/\/www.o-sarouel.com\/?s={search_term_string}\"},\"query-input\":{\"@type\":\"PropertyValueSpecification\",\"valueRequired\":true,\"valueName\":\"search_term_string\"}}],\"inLanguage\":\"en-US\"},{\"@type\":\"Organization\",\"@id\":\"https:\/\/www.o-sarouel.com\/#organization\",\"name\":\"O' Sarouel\",\"url\":\"https:\/\/www.o-sarouel.com\/\",\"logo\":{\"@type\":\"ImageObject\",\"inLanguage\":\"en-US\",\"@id\":\"https:\/\/www.o-sarouel.com\/#\/schema\/logo\/image\/\",\"url\":\"https:\/\/www.o-sarouel.com\/wp-content\/uploads\/2022\/01\/logo-o-sarouel.png\",\"contentUrl\":\"https:\/\/www.o-sarouel.com\/wp-content\/uploads\/2022\/01\/logo-o-sarouel.png\",\"width\":350,\"height\":250,\"caption\":\"O' Sarouel\"},\"image\":{\"@id\":\"https:\/\/www.o-sarouel.com\/#\/schema\/logo\/image\/\"}}]}<\/script>\n<!-- \/ Yoast SEO plugin. -->","yoast_head_json":{"title":"Green Bali swim shorts | Summer 2022 Collection | Dc Jeans","robots":{"index":"index","follow":"follow","max-snippet":"max-snippet:-1","max-image-preview":"max-image-preview:large","max-video-preview":"max-video-preview:-1"},"canonical":"https:\/\/www.o-sarouel.com\/en\/product\/green-bali-swim-shorts\/","og_locale":"en_US","og_type":"article","og_title":"Sarouel de bain vert bali | Collection \u00e9t\u00e9 2022 | Dc Jeans","og_description":"Caract\u00e9ristiques :   Mannequin photo : mesure 1m79, 82 kg, taille L..  Conseils :\u00a0Prendre une taille en dessous si vous aimez porter moins large mais attention le v\u00eatement sera plus court.  Attention :\u00a0il n\u2019y a pas de slip en file de mesh \u00e0 l\u2019int\u00e9rieur et le tshirt surf ou cycliste ne sont pas compris avec.","og_url":"https:\/\/www.o-sarouel.com\/en\/product\/green-bali-swim-shorts\/","article_modified_time":"2024-06-04T20:08:04+00:00","og_image":[{"width":600,"height":600,"url":"https:\/\/www.o-sarouel.com\/wp-content\/uploads\/2022\/07\/sarouel-de-bain-vert-bali-dc-jeans.jpg","type":"image\/jpeg"}],"twitter_card":"summary_large_image","schema":{"@context":"https:\/\/schema.org","@graph":[{"@type":"WebPage","@id":"https:\/\/www.o-sarouel.com\/produit\/sarouel-de-bain-vert-bali\/","url":"https:\/\/www.o-sarouel.com\/produit\/sarouel-de-bain-vert-bali\/","name":"Green Bali swim shorts | Summer 2022 Collection | Dc Jeans","isPartOf":{"@id":"https:\/\/www.o-sarouel.com\/#website"},"primaryImageOfPage":{"@id":"https:\/\/www.o-sarouel.com\/produit\/sarouel-de-bain-vert-bali\/#primaryimage"},"image":{"@id":"https:\/\/www.o-sarouel.com\/produit\/sarouel-de-bain-vert-bali\/#primaryimage"},"thumbnailUrl":"https:\/\/www.o-sarouel.com\/wp-content\/uploads\/2022\/07\/sarouel-de-bain-vert-bali-dc-jeans.jpg","datePublished":"2022-07-27T13:21:11+00:00","dateModified":"2024-06-04T20:08:04+00:00","breadcrumb":{"@id":"https:\/\/www.o-sarouel.com\/produit\/sarouel-de-bain-vert-bali\/#breadcrumb"},"inLanguage":"en-US","potentialAction":[{"@type":"ReadAction","target":["https:\/\/www.o-sarouel.com\/produit\/sarouel-de-bain-vert-bali\/"]}]},{"@type":"ImageObject","inLanguage":"en-US","@id":"https:\/\/www.o-sarouel.com\/produit\/sarouel-de-bain-vert-bali\/#primaryimage","url":"https:\/\/www.o-sarouel.com\/wp-content\/uploads\/2022\/07\/sarouel-de-bain-vert-bali-dc-jeans.jpg","contentUrl":"https:\/\/www.o-sarouel.com\/wp-content\/uploads\/2022\/07\/sarouel-de-bain-vert-bali-dc-jeans.jpg","width":600,"height":600,"caption":"Sarouel de bain vert bali \u2013 Dc Jeans"},{"@type":"BreadcrumbList","@id":"https:\/\/www.o-sarouel.com\/produit\/sarouel-de-bain-vert-bali\/#breadcrumb","itemListElement":[{"@type":"ListItem","position":1,"name":"Accueil","item":"https:\/\/www.o-sarouel.com\/"},{"@type":"ListItem","position":2,"name":"Boutique","item":"https:\/\/www.o-sarouel.com\/boutique\/"},{"@type":"ListItem","position":3,"name":"Sarouel de bain vert bali \u2013 Dc Jeans"}]},{"@type":"WebSite","@id":"https:\/\/www.o-sarouel.com\/#website","url":"https:\/\/www.o-sarouel.com\/","name":"","description":"","publisher":{"@id":"https:\/\/www.o-sarouel.com\/#organization"},"potentialAction":[{"@type":"SearchAction","target":{"@type":"EntryPoint","urlTemplate":"https:\/\/www.o-sarouel.com\/?s={search_term_string}"},"query-input":{"@type":"PropertyValueSpecification","valueRequired":true,"valueName":"search_term_string"}}],"inLanguage":"en-US"},{"@type":"Organization","@id":"https:\/\/www.o-sarouel.com\/#organization","name":"O' Harem pants","url":"https:\/\/www.o-sarouel.com\/","logo":{"@type":"ImageObject","inLanguage":"en-US","@id":"https:\/\/www.o-sarouel.com\/#\/schema\/logo\/image\/","url":"https:\/\/www.o-sarouel.com\/wp-content\/uploads\/2022\/01\/logo-o-sarouel.png","contentUrl":"https:\/\/www.o-sarouel.com\/wp-content\/uploads\/2022\/01\/logo-o-sarouel.png","width":350,"height":250,"caption":"O' Sarouel"},"image":{"@id":"https:\/\/www.o-sarouel.com\/#\/schema\/logo\/image\/"}}]}},"_links":{"self":[{"href":"https:\/\/www.o-sarouel.com\/en\/wp-json\/wp\/v2\/product\/1329","targetHints":{"allow":["GET"]}}],"collection":[{"href":"https:\/\/www.o-sarouel.com\/en\/wp-json\/wp\/v2\/product"}],"about":[{"href":"https:\/\/www.o-sarouel.com\/en\/wp-json\/wp\/v2\/types\/product"}],"wp:featuredmedia":[{"embeddable":true,"href":"https:\/\/www.o-sarouel.com\/en\/wp-json\/wp\/v2\/media\/1319"}],"wp:attachment":[{"href":"https:\/\/www.o-sarouel.com\/en\/wp-json\/wp\/v2\/media?parent=1329"}],"wp:term":[{"taxonomy":"product_brand","embeddable":true,"href":"https:\/\/www.o-sarouel.com\/en\/wp-json\/wp\/v2\/product_brand?post=1329"},{"taxonomy":"product_cat","embeddable":true,"href":"https:\/\/www.o-sarouel.com\/en\/wp-json\/wp\/v2\/product_cat?post=1329"},{"taxonomy":"product_tag","embeddable":true,"href":"https:\/\/www.o-sarouel.com\/en\/wp-json\/wp\/v2\/product_tag?post=1329"}],"curies":[{"name":"wp","href":"https:\/\/api.w.org\/{rel}","templated":true}]}}