{"id":1168,"date":"2022-07-12T15:27:58","date_gmt":"2022-07-12T15:27:58","guid":{"rendered":"https:\/\/www.o-sarouel.com\/?post_type=product&#038;p=1168"},"modified":"2026-05-01T14:55:43","modified_gmt":"2026-05-01T14:55:43","slug":"white-qamis-pants","status":"publish","type":"product","link":"https:\/\/www.o-sarouel.com\/en\/product\/white-qamis-pants\/","title":{"rendered":"White qamis pants"},"content":{"rendered":"<p>The white qamis pants are\u00a0<strong>the essential<\/strong>\u00a0to wear a qamis correctly. It's the little touch that will enhance your style.<\/p>\n<h2><strong>White qamis pants, clothing designed to respect your modesty<\/strong><\/h2>\n<p>When you wear a white qamis, the disadvantage is that it can easily be seen through. Our white qamis pants will help you avoid this problem. And you will\u00a0<strong>honor to the Sunnah<\/strong>\u00a0of our beloved Prophet \ufdfa. He will also give a\u00a0<strong>broad effect<\/strong>\u00a0to your qamis, which will not tend to stick to you (as can be the case when you are not wearing pants).<\/p>\n<p><strong>White qamis pants: the little extra that will give you style<\/strong><\/p>\n<p>This is the outfit you will wear in all\u00a0<strong>ease<\/strong>. This will give you considerable freedom of movement. Worn with a white qamis, you will have a simple and classy style. You can also <a href=\"https:\/\/www.custom-qamis.com\" target=\"_blank\" rel=\"noopener\"><strong>find a personalized qamis<\/strong><\/a>. But you can also pair it with a dark qamis. White will bring out the dark color and make you look your best. You will be <strong>elegant<\/strong>\u00a0without going overboard.<\/p>\n<h2><strong>Wearing white, advice from our beloved Prophet \ufdfa\u00a0<\/strong><\/h2>\n<p>By wearing our white qamis pants, you are continuing a prophetic tradition. Indeed, the Prophet \ufdfa said: \u00abWear white clothes. They are the best clothes.\u00bb (Reported by at-Tirmidhi). In a different style, the jogging sarouel <a href=\"https:\/\/www.o-sarouel.com\/en\/category\/summer-harem-pants\/\"><strong>lightweight fabric<\/strong><\/a> light gray \u2013 Qaba\u2019il, will suit you perfectly.<\/p>\n<h3><strong>Follow the Prophet in the way you dress<\/strong><\/h3>\n<p>To begin with, the Prophet \ufdfa instructed us to thank Allah when putting on new clothes. Then, start by saying \u00abbismillah\u00bb (\u0628\u0650\u0633\u0652\u0645\u0650 \u0627\u0644\u0644\u0647\u0650). Then begin, always with your right side. So, put your right leg in before your left. Finally, keep it simple. The Prophet \ufdfa warned us against wearing overly flashy clothes and the pride that comes with wearing them. O Sarouel is all about simple elegance.<\/p>","protected":false},"excerpt":{"rendered":"<p>Le pantalon qamis blanc est\u00a0l\u2019incontournable\u00a0pour porter correctement un qamis. C\u2019est la petite touche qui rel\u00e8vera votre style. Le pantalon qamis blanc, l\u2019habit pour respecter votre pudeur Lorsque vous portez un qamis blanc, l\u2019inconv\u00e9nient est qu\u2019on peut facilement voir \u00e0 travers. Notre pantalon de qamis blanc va permettre de vous \u00e9viter ce d\u00e9savantage. Et vous ferez\u00a0honneur [&#8230;]","protected":false},"featured_media":1174,"template":"","meta":[],"product_brand":[],"product_cat":[56],"product_tag":[],"class_list":{"0":"post-1168","1":"product","2":"type-product","3":"status-publish","4":"has-post-thumbnail","6":"product_cat-pantalon-qamis","8":"first","9":"instock","10":"shipping-taxable","11":"purchasable","12":"product-type-variable"},"yoast_head":"<!-- This site is optimized with the Yoast SEO plugin v26.9 - https:\/\/yoast.com\/product\/yoast-seo-wordpress\/ -->\n<title>Pantalon qamis blanc I Tissu agr\u00e9able et l\u00e9ger I Achat s\u00e9curis\u00e9<\/title>\n<meta name=\"description\" content=\"Le pantalon qamis blanc est\u00a0l\u2019incontournable\u00a0pour porter correctement un qamis. C\u2019est la petite touche qui rel\u00e8vera votre style.\u00a0\" \/>\n<meta name=\"robots\" content=\"index, follow, max-snippet:-1, max-image-preview:large, max-video-preview:-1\" \/>\n<link rel=\"canonical\" href=\"https:\/\/www.o-sarouel.com\/en\/product\/white-qamis-pants\/\" \/>\n<meta property=\"og:locale\" content=\"en_US\" \/>\n<meta property=\"og:type\" content=\"article\" \/>\n<meta property=\"og:title\" content=\"Pantalon qamis blanc I Tissu agr\u00e9able et l\u00e9ger I Achat s\u00e9curis\u00e9\" \/>\n<meta property=\"og:description\" content=\"Le pantalon qamis blanc est\u00a0l\u2019incontournable\u00a0pour porter correctement un qamis. C\u2019est la petite touche qui rel\u00e8vera votre style.\u00a0\" \/>\n<meta property=\"og:url\" content=\"https:\/\/www.o-sarouel.com\/en\/product\/white-qamis-pants\/\" \/>\n<meta property=\"article:modified_time\" content=\"2026-05-01T14:55:43+00:00\" \/>\n<meta property=\"og:image\" content=\"https:\/\/www.o-sarouel.com\/wp-content\/uploads\/2022\/07\/BLANC.jpg\" \/>\n\t<meta property=\"og:image:width\" content=\"600\" \/>\n\t<meta property=\"og:image:height\" content=\"600\" \/>\n\t<meta property=\"og:image:type\" content=\"image\/jpeg\" \/>\n<meta name=\"twitter:card\" content=\"summary_large_image\" \/>\n<meta name=\"twitter:label1\" content=\"Est. reading time\" \/>\n\t<meta name=\"twitter:data1\" content=\"2 minutes\" \/>\n<script type=\"application\/ld+json\" class=\"yoast-schema-graph\">{\"@context\":\"https:\/\/schema.org\",\"@graph\":[{\"@type\":\"WebPage\",\"@id\":\"https:\/\/www.o-sarouel.com\/produit\/pantalon-qamis-blanc\/\",\"url\":\"https:\/\/www.o-sarouel.com\/produit\/pantalon-qamis-blanc\/\",\"name\":\"Pantalon qamis blanc I Tissu agr\u00e9able et l\u00e9ger I Achat s\u00e9curis\u00e9\",\"isPartOf\":{\"@id\":\"https:\/\/www.o-sarouel.com\/#website\"},\"primaryImageOfPage\":{\"@id\":\"https:\/\/www.o-sarouel.com\/produit\/pantalon-qamis-blanc\/#primaryimage\"},\"image\":{\"@id\":\"https:\/\/www.o-sarouel.com\/produit\/pantalon-qamis-blanc\/#primaryimage\"},\"thumbnailUrl\":\"https:\/\/www.o-sarouel.com\/wp-content\/uploads\/2022\/07\/BLANC.jpg\",\"datePublished\":\"2022-07-12T15:27:58+00:00\",\"dateModified\":\"2026-05-01T14:55:43+00:00\",\"description\":\"Le pantalon qamis blanc est\u00a0l\u2019incontournable\u00a0pour porter correctement un qamis. C\u2019est la petite touche qui rel\u00e8vera votre style.\u00a0\",\"breadcrumb\":{\"@id\":\"https:\/\/www.o-sarouel.com\/produit\/pantalon-qamis-blanc\/#breadcrumb\"},\"inLanguage\":\"en-US\",\"potentialAction\":[{\"@type\":\"ReadAction\",\"target\":[\"https:\/\/www.o-sarouel.com\/produit\/pantalon-qamis-blanc\/\"]}]},{\"@type\":\"ImageObject\",\"inLanguage\":\"en-US\",\"@id\":\"https:\/\/www.o-sarouel.com\/produit\/pantalon-qamis-blanc\/#primaryimage\",\"url\":\"https:\/\/www.o-sarouel.com\/wp-content\/uploads\/2022\/07\/BLANC.jpg\",\"contentUrl\":\"https:\/\/www.o-sarouel.com\/wp-content\/uploads\/2022\/07\/BLANC.jpg\",\"width\":600,\"height\":600,\"caption\":\"pantalon qamis blanc\"},{\"@type\":\"BreadcrumbList\",\"@id\":\"https:\/\/www.o-sarouel.com\/produit\/pantalon-qamis-blanc\/#breadcrumb\",\"itemListElement\":[{\"@type\":\"ListItem\",\"position\":1,\"name\":\"Accueil\",\"item\":\"https:\/\/www.o-sarouel.com\/\"},{\"@type\":\"ListItem\",\"position\":2,\"name\":\"Boutique\",\"item\":\"https:\/\/www.o-sarouel.com\/boutique\/\"},{\"@type\":\"ListItem\",\"position\":3,\"name\":\"Pantalon qamis blanc\"}]},{\"@type\":\"WebSite\",\"@id\":\"https:\/\/www.o-sarouel.com\/#website\",\"url\":\"https:\/\/www.o-sarouel.com\/\",\"name\":\"\",\"description\":\"\",\"publisher\":{\"@id\":\"https:\/\/www.o-sarouel.com\/#organization\"},\"potentialAction\":[{\"@type\":\"SearchAction\",\"target\":{\"@type\":\"EntryPoint\",\"urlTemplate\":\"https:\/\/www.o-sarouel.com\/?s={search_term_string}\"},\"query-input\":{\"@type\":\"PropertyValueSpecification\",\"valueRequired\":true,\"valueName\":\"search_term_string\"}}],\"inLanguage\":\"en-US\"},{\"@type\":\"Organization\",\"@id\":\"https:\/\/www.o-sarouel.com\/#organization\",\"name\":\"O' Sarouel\",\"url\":\"https:\/\/www.o-sarouel.com\/\",\"logo\":{\"@type\":\"ImageObject\",\"inLanguage\":\"en-US\",\"@id\":\"https:\/\/www.o-sarouel.com\/#\/schema\/logo\/image\/\",\"url\":\"https:\/\/www.o-sarouel.com\/wp-content\/uploads\/2022\/01\/logo-o-sarouel.png\",\"contentUrl\":\"https:\/\/www.o-sarouel.com\/wp-content\/uploads\/2022\/01\/logo-o-sarouel.png\",\"width\":350,\"height\":250,\"caption\":\"O' Sarouel\"},\"image\":{\"@id\":\"https:\/\/www.o-sarouel.com\/#\/schema\/logo\/image\/\"}}]}<\/script>\n<!-- \/ Yoast SEO plugin. -->","yoast_head_json":{"title":"White qamis pants I Comfortable, lightweight fabric I Secure purchase","description":"White qamis pants are a must-have for wearing a qamis correctly. They are the little touch that will elevate your style.\u00a0","robots":{"index":"index","follow":"follow","max-snippet":"max-snippet:-1","max-image-preview":"max-image-preview:large","max-video-preview":"max-video-preview:-1"},"canonical":"https:\/\/www.o-sarouel.com\/en\/product\/white-qamis-pants\/","og_locale":"en_US","og_type":"article","og_title":"Pantalon qamis blanc I Tissu agr\u00e9able et l\u00e9ger I Achat s\u00e9curis\u00e9","og_description":"Le pantalon qamis blanc est\u00a0l\u2019incontournable\u00a0pour porter correctement un qamis. C\u2019est la petite touche qui rel\u00e8vera votre style.\u00a0","og_url":"https:\/\/www.o-sarouel.com\/en\/product\/white-qamis-pants\/","article_modified_time":"2026-05-01T14:55:43+00:00","og_image":[{"width":600,"height":600,"url":"https:\/\/www.o-sarouel.com\/wp-content\/uploads\/2022\/07\/BLANC.jpg","type":"image\/jpeg"}],"twitter_card":"summary_large_image","twitter_misc":{"Est. reading time":"2 minutes"},"schema":{"@context":"https:\/\/schema.org","@graph":[{"@type":"WebPage","@id":"https:\/\/www.o-sarouel.com\/produit\/pantalon-qamis-blanc\/","url":"https:\/\/www.o-sarouel.com\/produit\/pantalon-qamis-blanc\/","name":"White qamis pants I Comfortable, lightweight fabric I Secure purchase","isPartOf":{"@id":"https:\/\/www.o-sarouel.com\/#website"},"primaryImageOfPage":{"@id":"https:\/\/www.o-sarouel.com\/produit\/pantalon-qamis-blanc\/#primaryimage"},"image":{"@id":"https:\/\/www.o-sarouel.com\/produit\/pantalon-qamis-blanc\/#primaryimage"},"thumbnailUrl":"https:\/\/www.o-sarouel.com\/wp-content\/uploads\/2022\/07\/BLANC.jpg","datePublished":"2022-07-12T15:27:58+00:00","dateModified":"2026-05-01T14:55:43+00:00","description":"White qamis pants are a must-have for wearing a qamis correctly. They are the little touch that will elevate your style.\u00a0","breadcrumb":{"@id":"https:\/\/www.o-sarouel.com\/produit\/pantalon-qamis-blanc\/#breadcrumb"},"inLanguage":"en-US","potentialAction":[{"@type":"ReadAction","target":["https:\/\/www.o-sarouel.com\/produit\/pantalon-qamis-blanc\/"]}]},{"@type":"ImageObject","inLanguage":"en-US","@id":"https:\/\/www.o-sarouel.com\/produit\/pantalon-qamis-blanc\/#primaryimage","url":"https:\/\/www.o-sarouel.com\/wp-content\/uploads\/2022\/07\/BLANC.jpg","contentUrl":"https:\/\/www.o-sarouel.com\/wp-content\/uploads\/2022\/07\/BLANC.jpg","width":600,"height":600,"caption":"pantalon qamis blanc"},{"@type":"BreadcrumbList","@id":"https:\/\/www.o-sarouel.com\/produit\/pantalon-qamis-blanc\/#breadcrumb","itemListElement":[{"@type":"ListItem","position":1,"name":"Accueil","item":"https:\/\/www.o-sarouel.com\/"},{"@type":"ListItem","position":2,"name":"Boutique","item":"https:\/\/www.o-sarouel.com\/boutique\/"},{"@type":"ListItem","position":3,"name":"Pantalon qamis blanc"}]},{"@type":"WebSite","@id":"https:\/\/www.o-sarouel.com\/#website","url":"https:\/\/www.o-sarouel.com\/","name":"","description":"","publisher":{"@id":"https:\/\/www.o-sarouel.com\/#organization"},"potentialAction":[{"@type":"SearchAction","target":{"@type":"EntryPoint","urlTemplate":"https:\/\/www.o-sarouel.com\/?s={search_term_string}"},"query-input":{"@type":"PropertyValueSpecification","valueRequired":true,"valueName":"search_term_string"}}],"inLanguage":"en-US"},{"@type":"Organization","@id":"https:\/\/www.o-sarouel.com\/#organization","name":"O' Harem pants","url":"https:\/\/www.o-sarouel.com\/","logo":{"@type":"ImageObject","inLanguage":"en-US","@id":"https:\/\/www.o-sarouel.com\/#\/schema\/logo\/image\/","url":"https:\/\/www.o-sarouel.com\/wp-content\/uploads\/2022\/01\/logo-o-sarouel.png","contentUrl":"https:\/\/www.o-sarouel.com\/wp-content\/uploads\/2022\/01\/logo-o-sarouel.png","width":350,"height":250,"caption":"O' Sarouel"},"image":{"@id":"https:\/\/www.o-sarouel.com\/#\/schema\/logo\/image\/"}}]}},"_links":{"self":[{"href":"https:\/\/www.o-sarouel.com\/en\/wp-json\/wp\/v2\/product\/1168","targetHints":{"allow":["GET"]}}],"collection":[{"href":"https:\/\/www.o-sarouel.com\/en\/wp-json\/wp\/v2\/product"}],"about":[{"href":"https:\/\/www.o-sarouel.com\/en\/wp-json\/wp\/v2\/types\/product"}],"wp:featuredmedia":[{"embeddable":true,"href":"https:\/\/www.o-sarouel.com\/en\/wp-json\/wp\/v2\/media\/1174"}],"wp:attachment":[{"href":"https:\/\/www.o-sarouel.com\/en\/wp-json\/wp\/v2\/media?parent=1168"}],"wp:term":[{"taxonomy":"product_brand","embeddable":true,"href":"https:\/\/www.o-sarouel.com\/en\/wp-json\/wp\/v2\/product_brand?post=1168"},{"taxonomy":"product_cat","embeddable":true,"href":"https:\/\/www.o-sarouel.com\/en\/wp-json\/wp\/v2\/product_cat?post=1168"},{"taxonomy":"product_tag","embeddable":true,"href":"https:\/\/www.o-sarouel.com\/en\/wp-json\/wp\/v2\/product_tag?post=1168"}],"curies":[{"name":"wp","href":"https:\/\/api.w.org\/{rel}","templated":true}]}}