{"id":458,"date":"2022-01-25T08:50:09","date_gmt":"2022-01-25T08:50:09","guid":{"rendered":"https:\/\/www.o-sarouel.com\/?page_id=458"},"modified":"2025-09-01T20:06:52","modified_gmt":"2025-09-01T20:06:52","slug":"terms-and-conditions","status":"publish","type":"page","link":"https:\/\/www.o-sarouel.com\/en\/terms-and-conditions\/","title":{"rendered":"Terms and conditions of sale for products sold on O Sarouel"},"content":{"rendered":"<h1 class=\"wp-block-heading\" id=\"conditions-generales-de-vente-des-produits-vendus-sur-o-sarouel\">Terms and conditions of sale for products sold on O Sarouel<\/h1>\n\n\n\n<p>Date of last update<\/p>\n\n\n\n<h2 class=\"wp-block-heading\" id=\"article-1-objet\">Article 1 \u2013 Purpose<\/h2>\n\n\n\n<p>These terms and conditions govern sales by the company O sarouel street Abdullah bin al dimali 12 e<\/p>\n\n\n\n<p>42314 Madinah <\/p>\n\n\n\n<h2 class=\"wp-block-heading\" id=\"article-2-prix\">Article 2 \u2013 Price<\/h2>\n\n\n\n<p>The prices of our products are indicated in euros, inclusive of all taxes (VAT and other taxes applicable on the date of the order), unless otherwise specified, and excluding processing and shipping costs. In the event of an order to a country other than mainland France, you are the importer of the product(s) concerned. Customs duties or other local taxes or import duties or state taxes may be payable. These duties and sums are not the responsibility of the company.&nbsp;<strong>Manager<\/strong>. You will be responsible for these and they fall under your sole responsibility, both in terms of declarations and payments to the relevant authorities and organizations in your country. We advise you to check with your local authorities about these aspects. All orders, regardless of their origin, are payable in euros. The company&nbsp;<strong>Manager<\/strong>&nbsp;reserves the right to modify its prices at any time, but the product will be invoiced based on the price in effect at the time the order is confirmed and subject to availability. The products remain the property of the company.&nbsp;<strong>Manager<\/strong>&nbsp;until full payment has been received. Please note: as soon as you take physical possession of the products ordered, the risk of loss or damage to the products is transferred to you.<\/p>\n\n\n\n<h2 class=\"wp-block-heading\" id=\"article-3-enregistrement-et-validation-de-commande\">Article 3 \u2013 REGISTRATION AND ORDER CONFIRMATION<\/h2>\n\n\n\n<h3 class=\"wp-block-heading\" id=\"3-1-navigation-a-l-interieur-du-site\">3.1 Navigation within the Site<\/h3>\n\n\n\n<p>The User can view the various Products offered for sale by O Sarouel on its Website.<br>The User may freely browse the various pages of the Website without being bound by any order.<\/p>\n\n\n\n<h3 class=\"wp-block-heading\" id=\"3-2-enregistrement-d-une-commande\">3.2 Order registration<\/h3>\n\n\n\n<p>If the User wishes to place an order, they will select the various Products they are interested in and indicate their interest by clicking on the \u00abshopping cart\u00bb icon.<br>At any time, the User may:<\/p>\n\n\n\n<ul class=\"wp-block-list\">\n<li>obtain a summary of the Products he has selected by clicking on the shopping cart.<\/li>\n\n\n\n<li>Continue or modify your selection of Products by clicking on \u201cContinue shopping.\u201d.<\/li>\n\n\n\n<li>complete your selection of Products and order these Products by clicking on \u201cProceed to checkout.\u201d.<\/li>\n<\/ul>\n\n\n\n<p>To order the Products they have selected, after clicking on \u201cProceed to payment,\u201d all Users must identify themselves by entering their email address and the password they chose when creating their account, or, if this is their first order, by clicking on \u00abCreate an account.\u00bb In the latter case, the User must accurately complete the form provided, including the information necessary for identification, such as their last name, first name, and mailing address. In addition, the User must provide their email address and a password of their choice, which will be personal and confidential and will be required to identify themselves on the Site in the future.<br>The User is informed and accepts that entering these two identifiers constitutes proof of their identity and indicates their consent.<br>Once the User has been identified, they must confirm the delivery address, after which an order form will appear on the screen summarizing: the type, quantity, and price of the Products selected by the User, as well as the total amount of the order, shipping costs, delivery time, the User's contact details, and the delivery address for the Products.<\/p>\n\n\n\n<h5 class=\"wp-block-heading\" id=\"offres-commerciales\">Commercial offers<\/h5>\n\n\n\n<p>To take advantage of a commercial offer addressed to them, Users must enter and validate their \u201dpromo code\u201c in the designated field on the payment page.<\/p>\n\n\n\n<h3 class=\"wp-block-heading\" id=\"3-3-validation-definitive-de-la-commande-et-paiement\">3.3 Final confirmation of the order and payment<\/h3>\n\n\n\n<p>After reviewing the status of their order, and once all the requested information has been completed by the User, a summary of this information and the order will appear, and the User must choose the payment method they wish to use to confirm their order.<br>Orders are payable in:<\/p>\n\n\n\n<ul class=\"wp-block-list\">\n<li>euros by French or international credit card<\/li>\n<\/ul>\n\n\n\n<p>It is specified that when making an immediate payment by credit card, the transaction is secured by SSL (Secure Socket Layer) encryption in order to protect all data related to the means of payment, and that at no time will the User's banking data be transmitted to the computer system of https:\/\/www.o-sarouel.com.<br>As soon as the payment is confirmed, the order is registered. The User becomes a Customer. The order form will be recorded in the computer records of https:\/\/www.o-sarouel.com and will be considered as proof of the contractual relationship between the Parties.<br>The Customer has the right to cancel and receive a refund within fourteen (14) business days from the date of receipt of the Products by the Customer.<\/p>\n\n\n\n<h3 class=\"wp-block-heading\" id=\"3-4-confirmation-de-la-commande\">3.4 Order confirmation<\/h3>\n\n\n\n<p>A summary of the order will be displayed once the order has been confirmed.<br>This confirmation will include all the elements constituting the contract between the Parties.<br>This order summary will also be emailed to the Customer within minutes of their purchase.<br>The Customer will then be able to access the \u201corder tracking\u201d feature by clicking on \u201cLog in\u201d and entering their email address and password.<\/p>\n\n\n\n<h3 class=\"wp-block-heading\" id=\"3-5-modification-d-une-commande\">3.5 Modifying an order<\/h3>\n\n\n\n<p>You can track your orders from the \u00abLog in\u00bb menu.<br>To modify an order, you must cancel the order, return it to the shopping cart, and then correct it as desired before confirming it.<br>Modifying or canceling an order is only possible when its status is \u00abRegistered.\u00bb.<br>An order with a status of \u00abin preparation\u00bb or \u00abshipped\u00bb can no longer be modified.<\/p>\n\n\n\n<h2 class=\"wp-block-heading\" id=\"article-4-paiement\">Article 4 \u2013 Payment<\/h2>\n\n\n\n<p>By confirming your order, you agree to pay the price indicated. Payment for your purchases is made by credit card using a secure system. Your card will only be charged when your order is shipped. In the event of split deliveries, only the products shipped will be charged.<\/p>\n\n\n\n<h2 class=\"wp-block-heading\" id=\"article-5-retour-remboursement-et-droit-de-retractation\">Article 5 \u2013 RETURNS \u2013 REFUNDS AND RIGHT OF WITHDRAWAL<\/h2>\n\n\n\n<h3 class=\"wp-block-heading\" id=\"conditions-de-retractation\">Conditions of withdrawal<\/h3>\n\n\n\n<p>The Customer has a right of return within fourteen (14) days of receiving their entire order to withdraw without necessarily giving a reason. In the event of a return request, the products will only be exchanged or a credit note will be issued to the customer. <br>To exercise the right of withdrawal, the customer must notify their decision to withdraw from their order by means of an unambiguous statement specifying their first and last name, email address, postal address, order number, and order date:<\/p>\n\n\n\n<ul class=\"wp-block-list\">\n<li>by email: contact@o-sarouel.com<\/li>\n<\/ul>\n\n\n\n<h3 class=\"wp-block-heading\" id=\"remboursement\">Reimbursement<\/h3>\n\n\n\n<p>In the event of withdrawal by the Customer, https:\/\/www.o-sarouel.com will refund the payments received from the Customer and, in any event, no later than fourteen (14) days from the day on which https:\/\/www.o-sarouel.com is informed of the Customer's decision to withdraw.<br>In the event of the Customer withdrawing from the entire order, https:\/\/www.o-sarouel.com will refund all payments received from the Customer for that order.<br>In the event of withdrawal by the Customer of part of the Products in the order, https:\/\/www.o-sarouel.com will refund the amount of the returned Products. The product must be returned to the above address (return shipping costs are the responsibility of the customer).<br>The refund will be made using the same payment method that the Customer used for their order or by bank transfer. The product must be returned in perfect condition with its original packaging and label. If any of the above conditions are not met, we will not be able to process your refund request.<br>https:\/\/www.o-sarouel.com may defer this refund until it has received and checked the Products.<\/p>\n\n\n\n<h3 class=\"wp-block-heading\" id=\"retour-des-produits\">Product returns<\/h3>\n\n\n\n<p>The Customer must return the Products no later than fourteen (14) days after communicating their decision to withdraw.<br>Returned products must be unopened, complete, and undamaged.<\/p>\n\n\n\n<p>Due to numerous problems, in the event of a return, refunds will only be made in the form of a credit note and on condition that the product is packaged as you received it (in a condition suitable for resale).<br>Return packages must be sent to the following address:&nbsp;<br><br>The Customer shall bear the costs of returning the entire order or the Products.<\/p>\n\n\n\n<h2 class=\"wp-block-heading\" id=\"article-6-livraison\">Article 6 \u2013 Delivery<\/h2>\n\n\n\n<p>Products are delivered to the delivery address specified during the ordering process, within the time frame indicated on the order confirmation page. In the event of a delay in shipment, you will receive an email informing you of any potential impact on the delivery time frame that was indicated to you. In accordance with legal provisions, in the event of a delay in delivery, you have the option of canceling the order under the terms and conditions defined in Article L 138-2 of the Consumer Code. If, in the meantime, you receive the product, we will refund it and the shipping costs under the terms of Article L 138-3 of the Consumer Code. In the case of deliveries by a carrier, the company&nbsp;<strong>Manager<\/strong>&nbsp;cannot be held liable for late delivery due exclusively to the customer's unavailability after several attempts to arrange an appointment.<\/p>\n\n\n\n<h2 class=\"wp-block-heading\" id=\"article-7-garantie\">Article 7 \u2013 Warranty<\/h2>\n\n\n\n<p>All our products are covered by the legal guarantee of conformity and the guarantee against hidden defects, as provided for in Articles 1641 et seq. of the Civil Code. In the event of non-conformity of a product sold, it may be returned, exchanged, or refunded. All complaints, requests for exchange, or refunds must be made within 30 days of delivery. Products must be returned to us in the condition in which you received them, with all components (accessories, packaging, instructions, etc.). Shipping costs will be refunded based on the invoiced rate and return costs will be refunded upon presentation of supporting documents. The provisions of this Article do not prevent you from exercising your right of withdrawal as provided for in Article 6.<\/p>\n\n\n\n<h2 class=\"wp-block-heading\" id=\"article-8-responsabilite\">Article 8 \u2013 Liability<\/h2>\n\n\n\n<p>The products offered comply with current French legislation. The company's responsibility&nbsp;<strong>Manager<\/strong>&nbsp;cannot be held liable in the event of non-compliance with the legislation of the country where the product is delivered. It is your responsibility to check with the local authorities regarding the possibilities of importing or using the products or services you intend to order. Furthermore, the company&nbsp;<strong>Manager<\/strong>&nbsp;shall not be held liable for any damage resulting from misuse of the purchased product. Finally, the company's liability&nbsp;<strong>Manager<\/strong>&nbsp;shall not be held liable for any inconvenience or damage inherent in the use of the Internet, including service interruption, external intrusion, or the presence of computer viruses.<\/p>\n\n\n\n<h2 class=\"wp-block-heading\" id=\"article-9-droit-applicable-en-cas-de-litiges\">Article 9 \u2013 Applicable law in the event of disputes<\/h2>\n\n\n\n<p>The language of this contract is French. These terms and conditions of sale are subject to French law. In the event of a dispute, the French courts shall have sole jurisdiction.<\/p>\n\n\n\n<h2 class=\"wp-block-heading\" id=\"article-10-propriete-intellectuelle\">Article 10 \u2013 Intellectual Property<\/h2>\n\n\n\n<p>All elements of the O Sarouel website are and remain the exclusive intellectual property of the company.&nbsp;<strong>Manager<\/strong>. No one is authorized to reproduce, exploit, rebroadcast, or use for any purpose whatsoever, even partially, elements of the site, whether software, visual, or audio. Any simple or hypertext link is strictly prohibited without the express written consent of the company.&nbsp;<strong>Manager<\/strong>. Article 13 \u2013 Personal data The company&nbsp;<strong>Manager<\/strong>&nbsp;reserves the right to collect personal information and data about you. This information is necessary for managing your order and improving the services and information we send you. It may also be transmitted to companies that contribute to these relationships, such as those responsible for the execution of services and orders for their management, execution, processing, and payment. This information and data is also stored for security purposes, in order to comply with legal and regulatory obligations. In accordance with the law of January 6, 1978, you have the right to access, rectify, and oppose personal information and data concerning you, directly on the website.<\/p>\n\n\n\n<h2 class=\"wp-block-heading\" id=\"article-11-archivage-preuve\">Article 11 \u2013 Archiving Evidence<\/h2>\n\n\n\n<p>The company&nbsp;<strong>Manager<\/strong>&nbsp;will archive purchase orders and invoices on a reliable and durable medium constituting a faithful copy in accordance with the provisions of Article 1348 of the Civil Code. The company's computerized records&nbsp;<strong>Manager<\/strong>&nbsp;shall be considered by all parties concerned as proof of communications, orders, payments, and transactions between the parties.<\/p>","protected":false},"excerpt":{"rendered":"<p>Conditions g\u00e9n\u00e9rales de vente des produits vendus sur O Sarouel Date de derni\u00e8re mise \u00e0 jour Article 1 \u2013 Objet Les pr\u00e9sentes conditions r\u00e9gissent les ventes par la soci\u00e9t\u00e9 O sarouel street Abdullah bin al dimali 12 e 42314 Madinah Article 2 \u2013 Prix Les prix de nos produits sont indiqu\u00e9s en euros toutes taxes [&#8230;]","protected":false},"author":1,"featured_media":0,"parent":0,"menu_order":0,"comment_status":"closed","ping_status":"closed","template":"","meta":{"footnotes":""},"class_list":["post-458","page","type-page","status-publish","hentry"],"yoast_head":"<!-- This site is optimized with the Yoast SEO plugin v26.9 - https:\/\/yoast.com\/product\/yoast-seo-wordpress\/ -->\n<title>Conditions g\u00e9n\u00e9rales de vente des produits vendus sur O Sarouel -<\/title>\n<meta name=\"robots\" content=\"index, follow, max-snippet:-1, max-image-preview:large, max-video-preview:-1\" \/>\n<link rel=\"canonical\" href=\"https:\/\/www.o-sarouel.com\/en\/terms-and-conditions\/\" \/>\n<meta property=\"og:locale\" content=\"en_US\" \/>\n<meta property=\"og:type\" content=\"article\" \/>\n<meta property=\"og:title\" content=\"Conditions g\u00e9n\u00e9rales de vente des produits vendus sur O Sarouel -\" \/>\n<meta property=\"og:description\" content=\"Conditions g\u00e9n\u00e9rales de vente des produits vendus sur O Sarouel Date de derni\u00e8re mise \u00e0 jour Article 1 \u2013 Objet Les pr\u00e9sentes conditions r\u00e9gissent les ventes par la soci\u00e9t\u00e9 O sarouel street Abdullah bin al dimali 12 e 42314 Madinah Article 2 \u2013 Prix Les prix de nos produits sont indiqu\u00e9s en euros toutes taxes [...]\" \/>\n<meta property=\"og:url\" content=\"https:\/\/www.o-sarouel.com\/en\/terms-and-conditions\/\" \/>\n<meta property=\"article:modified_time\" content=\"2025-09-01T20:06:52+00:00\" \/>\n<meta name=\"twitter:card\" content=\"summary_large_image\" \/>\n<meta name=\"twitter:label1\" content=\"Est. reading time\" \/>\n\t<meta name=\"twitter:data1\" content=\"11 minutes\" \/>\n<script type=\"application\/ld+json\" class=\"yoast-schema-graph\">{\"@context\":\"https:\/\/schema.org\",\"@graph\":[{\"@type\":\"WebPage\",\"@id\":\"https:\/\/www.o-sarouel.com\/cgv\/\",\"url\":\"https:\/\/www.o-sarouel.com\/cgv\/\",\"name\":\"Conditions g\u00e9n\u00e9rales de vente des produits vendus sur O Sarouel -\",\"isPartOf\":{\"@id\":\"https:\/\/www.o-sarouel.com\/#website\"},\"datePublished\":\"2022-01-25T08:50:09+00:00\",\"dateModified\":\"2025-09-01T20:06:52+00:00\",\"breadcrumb\":{\"@id\":\"https:\/\/www.o-sarouel.com\/cgv\/#breadcrumb\"},\"inLanguage\":\"en-US\",\"potentialAction\":[{\"@type\":\"ReadAction\",\"target\":[\"https:\/\/www.o-sarouel.com\/cgv\/\"]}]},{\"@type\":\"BreadcrumbList\",\"@id\":\"https:\/\/www.o-sarouel.com\/cgv\/#breadcrumb\",\"itemListElement\":[{\"@type\":\"ListItem\",\"position\":1,\"name\":\"Accueil\",\"item\":\"https:\/\/www.o-sarouel.com\/\"},{\"@type\":\"ListItem\",\"position\":2,\"name\":\"Conditions g\u00e9n\u00e9rales de vente des produits vendus sur O Sarouel\"}]},{\"@type\":\"WebSite\",\"@id\":\"https:\/\/www.o-sarouel.com\/#website\",\"url\":\"https:\/\/www.o-sarouel.com\/\",\"name\":\"\",\"description\":\"\",\"publisher\":{\"@id\":\"https:\/\/www.o-sarouel.com\/#organization\"},\"potentialAction\":[{\"@type\":\"SearchAction\",\"target\":{\"@type\":\"EntryPoint\",\"urlTemplate\":\"https:\/\/www.o-sarouel.com\/?s={search_term_string}\"},\"query-input\":{\"@type\":\"PropertyValueSpecification\",\"valueRequired\":true,\"valueName\":\"search_term_string\"}}],\"inLanguage\":\"en-US\"},{\"@type\":\"Organization\",\"@id\":\"https:\/\/www.o-sarouel.com\/#organization\",\"name\":\"O' Sarouel\",\"url\":\"https:\/\/www.o-sarouel.com\/\",\"logo\":{\"@type\":\"ImageObject\",\"inLanguage\":\"en-US\",\"@id\":\"https:\/\/www.o-sarouel.com\/#\/schema\/logo\/image\/\",\"url\":\"https:\/\/www.o-sarouel.com\/wp-content\/uploads\/2022\/01\/logo-o-sarouel.png\",\"contentUrl\":\"https:\/\/www.o-sarouel.com\/wp-content\/uploads\/2022\/01\/logo-o-sarouel.png\",\"width\":350,\"height\":250,\"caption\":\"O' Sarouel\"},\"image\":{\"@id\":\"https:\/\/www.o-sarouel.com\/#\/schema\/logo\/image\/\"}}]}<\/script>\n<!-- \/ Yoast SEO plugin. -->","yoast_head_json":{"title":"Terms and conditions of sale for products sold on O Sarouel -","robots":{"index":"index","follow":"follow","max-snippet":"max-snippet:-1","max-image-preview":"max-image-preview:large","max-video-preview":"max-video-preview:-1"},"canonical":"https:\/\/www.o-sarouel.com\/en\/terms-and-conditions\/","og_locale":"en_US","og_type":"article","og_title":"Conditions g\u00e9n\u00e9rales de vente des produits vendus sur O Sarouel -","og_description":"Conditions g\u00e9n\u00e9rales de vente des produits vendus sur O Sarouel Date de derni\u00e8re mise \u00e0 jour Article 1 \u2013 Objet Les pr\u00e9sentes conditions r\u00e9gissent les ventes par la soci\u00e9t\u00e9 O sarouel street Abdullah bin al dimali 12 e 42314 Madinah Article 2 \u2013 Prix Les prix de nos produits sont indiqu\u00e9s en euros toutes taxes [...]","og_url":"https:\/\/www.o-sarouel.com\/en\/terms-and-conditions\/","article_modified_time":"2025-09-01T20:06:52+00:00","twitter_card":"summary_large_image","twitter_misc":{"Est. reading time":"11 minutes"},"schema":{"@context":"https:\/\/schema.org","@graph":[{"@type":"WebPage","@id":"https:\/\/www.o-sarouel.com\/cgv\/","url":"https:\/\/www.o-sarouel.com\/cgv\/","name":"Terms and conditions of sale for products sold on O Sarouel -","isPartOf":{"@id":"https:\/\/www.o-sarouel.com\/#website"},"datePublished":"2022-01-25T08:50:09+00:00","dateModified":"2025-09-01T20:06:52+00:00","breadcrumb":{"@id":"https:\/\/www.o-sarouel.com\/cgv\/#breadcrumb"},"inLanguage":"en-US","potentialAction":[{"@type":"ReadAction","target":["https:\/\/www.o-sarouel.com\/cgv\/"]}]},{"@type":"BreadcrumbList","@id":"https:\/\/www.o-sarouel.com\/cgv\/#breadcrumb","itemListElement":[{"@type":"ListItem","position":1,"name":"Accueil","item":"https:\/\/www.o-sarouel.com\/"},{"@type":"ListItem","position":2,"name":"Conditions g\u00e9n\u00e9rales de vente des produits vendus sur O Sarouel"}]},{"@type":"WebSite","@id":"https:\/\/www.o-sarouel.com\/#website","url":"https:\/\/www.o-sarouel.com\/","name":"","description":"","publisher":{"@id":"https:\/\/www.o-sarouel.com\/#organization"},"potentialAction":[{"@type":"SearchAction","target":{"@type":"EntryPoint","urlTemplate":"https:\/\/www.o-sarouel.com\/?s={search_term_string}"},"query-input":{"@type":"PropertyValueSpecification","valueRequired":true,"valueName":"search_term_string"}}],"inLanguage":"en-US"},{"@type":"Organization","@id":"https:\/\/www.o-sarouel.com\/#organization","name":"O' Harem pants","url":"https:\/\/www.o-sarouel.com\/","logo":{"@type":"ImageObject","inLanguage":"en-US","@id":"https:\/\/www.o-sarouel.com\/#\/schema\/logo\/image\/","url":"https:\/\/www.o-sarouel.com\/wp-content\/uploads\/2022\/01\/logo-o-sarouel.png","contentUrl":"https:\/\/www.o-sarouel.com\/wp-content\/uploads\/2022\/01\/logo-o-sarouel.png","width":350,"height":250,"caption":"O' Sarouel"},"image":{"@id":"https:\/\/www.o-sarouel.com\/#\/schema\/logo\/image\/"}}]}},"_links":{"self":[{"href":"https:\/\/www.o-sarouel.com\/en\/wp-json\/wp\/v2\/pages\/458","targetHints":{"allow":["GET"]}}],"collection":[{"href":"https:\/\/www.o-sarouel.com\/en\/wp-json\/wp\/v2\/pages"}],"about":[{"href":"https:\/\/www.o-sarouel.com\/en\/wp-json\/wp\/v2\/types\/page"}],"author":[{"embeddable":true,"href":"https:\/\/www.o-sarouel.com\/en\/wp-json\/wp\/v2\/users\/1"}],"replies":[{"embeddable":true,"href":"https:\/\/www.o-sarouel.com\/en\/wp-json\/wp\/v2\/comments?post=458"}],"version-history":[{"count":2,"href":"https:\/\/www.o-sarouel.com\/en\/wp-json\/wp\/v2\/pages\/458\/revisions"}],"predecessor-version":[{"id":7825,"href":"https:\/\/www.o-sarouel.com\/en\/wp-json\/wp\/v2\/pages\/458\/revisions\/7825"}],"wp:attachment":[{"href":"https:\/\/www.o-sarouel.com\/en\/wp-json\/wp\/v2\/media?parent=458"}],"curies":[{"name":"wp","href":"https:\/\/api.w.org\/{rel}","templated":true}]}}