{"id":3,"date":"2022-01-15T21:14:33","date_gmt":"2022-01-15T21:14:33","guid":{"rendered":"https:\/\/www.o-sarouel.com\/?page_id=3"},"modified":"2022-01-16T20:28:28","modified_gmt":"2022-01-16T20:28:28","slug":"privacy-policy","status":"publish","type":"page","link":"https:\/\/www.o-sarouel.com\/en\/privacy-policy\/","title":{"rendered":"USE OF COLLECTED PERSONAL DATA"},"content":{"rendered":"<p>The website https:\/\/www.o-sarouel.com is developed by FRATY LLC, headquartered at 304 S JONES BLVD, LAS VEGAS, NEVADA 89107.<\/p>\n\n\n\n<p>If you have any questions, please do not hesitate to contact us by email: contact@o-sarouel.com<\/p>\n\n\n\n<p>For its business, O\u2019 Sarouel collects data specific to you that you provided when registering as a user of the site or as a customer.<\/p>\n\n\n\n<p>All provisions and laws concerning data protection are complied with by O\u2019 Sarouel.<\/p>\n\n\n\n<p>You may contact us to obtain a copy of the information we hold about your profile.<\/p>\n\n\n\n<h3 class=\"wp-block-heading\"><strong>PROTECTION OF PERSONAL DATA<\/strong><\/h3>\n\n\n\n<p><strong>Google Analytics, Google AdWords Conversion Tracking, Google Remarketing, Facebook Pixel<\/strong><\/p>\n\n\n\n<p>This website uses Google Analytics, Google AdWords Conversion Tracking, Google Remarketing, and Facebook Pixel. Google and Facebook use cookies (text files) that are stored on your computer. These enable your use of the website to be analyzed.<\/p>\n\n\n\n<p>Google Analytics and Facebook Pixel collect information anonymously. Website statistics do not contain any personal information about visitors. The cookies used are double-click cookies designed to communicate data to third parties who process it in order to enable remarketing for products such as AdWords in the Google network. Information such as the time of visits is stored in cookies. Additional information is also stored: whether this is the user's first visit, what information about the website led the visitor to the web page, etc. The information provided by cookies is transmitted to Google and Facebook servers, where it is stored. Google may, where applicable, disclose this information to third parties where required to do so by law or where such third parties process the information on Google's behalf. Google complies with the US Safe Harbor privacy provisions and is listed on the US Department of Commerce's Safe Harbor program list. For Google Adwords Conversion Tracking, a cookie is used to determine performance once you have clicked on an AdWords ad. As part of Google Remarketing, the way in which Internet users surf the pages of the site is recorded anonymously using cookies for marketing purposes and used to tailor advertisements to your interests.<\/p>\n\n\n\n<p>Personal data that could reveal the identity of website visitors is not collected or stored by this system in any way. The collection and recording of data can be stopped at any time. You can find out about the use of cookies for Google Adwords Conversion Tracking and Google Remarketing at www.google.com\/ads\/preferences and deactivate them at www.networkadvertising.org\/managing\/opt_out.asp.<\/p>\n\n\n\n<p>If you want to delete all cookies in your browser, you will need to repeat the process. You can completely prevent cookies from being installed in your browser by adjusting your settings accordingly. If you want to disable Google Analytics, you can find the corresponding browser add-on at https:\/\/tools.google.com\/dlpage\/gaoptout?hl=fr.<\/p>\n\n\n\n<p>By using this website, you agree to the storage and processing of data relating to you for the aforementioned purpose. Further information on advertising on Google and data protection can be found at http:\/\/www.google.ch\/intl\/fr\/policies\/technologies\/ads\/.<\/p>\n\n\n\n<p><strong>SECURITY RULES REGARDING COLLECTED DATA<\/strong><\/p>\n\n\n\n<p>All information you save on your website can be read by other Internet users. That is why we ask you to be vigilant and aware of your responsibilities regarding your sensitive information (e.g., addresses, phone numbers) and confidential data (e.g., passwords, usernames). Please note that password-protected areas are not protected against unauthorized access (hacking).<\/p>\n\n\n\n<p><strong>TRANSMISSION OF INFORMATION COLLECTED BY MON O\u2019 SAROUEL<\/strong><\/p>\n\n\n\n<p>Your data will not be sold to third parties.<\/p>\n\n\n\n<p>Furthermore, we will not disclose personal information to third parties without your consent, except to comply with the Terms and Conditions of Sale, our rights, or for statistical analysis purposes.<\/p>\n\n\n\n<p><strong>INFORMATION ABOUT YOUR RIGHTS<\/strong><\/p>\n\n\n\n<p>If you have an account or have left comments on the site, you can request to receive a file containing all the personal data we hold about you, including data you have provided to us. You can also request the deletion of your personal data. This does not include data stored for administrative, legal, or security purposes.<\/p>","protected":false},"excerpt":{"rendered":"<p>Le site https:\/\/www.o-sarouel.com est d\u00e9velopp\u00e9 par la FRATY LLC dont le si\u00e8ge est au 304 S JONES BLVD, LAS VEGAS, NEVADA 89107. Pour toute question, n\u2019h\u00e9sitez pas \u00e0 nous contacter par email :\u00a0contact@o-sarouel.com Pour son activit\u00e9, O&#8217; Sarouel collecte des donn\u00e9es qui vous sont propres et que vous avez \u00e9t\u00e9 amen\u00e9s \u00e0 indiquer lors de [&#8230;]","protected":false},"author":1,"featured_media":0,"parent":0,"menu_order":0,"comment_status":"closed","ping_status":"open","template":"","meta":{"footnotes":""},"class_list":["post-3","page","type-page","status-publish","hentry"],"yoast_head":"<!-- This site is optimized with the Yoast SEO plugin v26.9 - https:\/\/yoast.com\/product\/yoast-seo-wordpress\/ -->\n<title>UTILISATION DES DONN\u00c9ES PERSONNELLES COLLECT\u00c9ES -<\/title>\n<meta name=\"robots\" content=\"index, follow, max-snippet:-1, max-image-preview:large, max-video-preview:-1\" \/>\n<link rel=\"canonical\" href=\"https:\/\/www.o-sarouel.com\/en\/privacy-policy\/\" \/>\n<meta property=\"og:locale\" content=\"en_US\" \/>\n<meta property=\"og:type\" content=\"article\" \/>\n<meta property=\"og:title\" content=\"UTILISATION DES DONN\u00c9ES PERSONNELLES COLLECT\u00c9ES -\" \/>\n<meta property=\"og:description\" content=\"Le site https:\/\/www.o-sarouel.com est d\u00e9velopp\u00e9 par la FRATY LLC dont le si\u00e8ge est au 304 S JONES BLVD, LAS VEGAS, NEVADA 89107. Pour toute question, n\u2019h\u00e9sitez pas \u00e0 nous contacter par email :\u00a0contact@o-sarouel.com Pour son activit\u00e9, O&#8217; Sarouel collecte des donn\u00e9es qui vous sont propres et que vous avez \u00e9t\u00e9 amen\u00e9s \u00e0 indiquer lors de [...]\" \/>\n<meta property=\"og:url\" content=\"https:\/\/www.o-sarouel.com\/en\/privacy-policy\/\" \/>\n<meta property=\"article:modified_time\" content=\"2022-01-16T20:28:28+00:00\" \/>\n<meta name=\"twitter:card\" content=\"summary_large_image\" \/>\n<meta name=\"twitter:label1\" content=\"Est. reading time\" \/>\n\t<meta name=\"twitter:data1\" content=\"4 minutes\" \/>\n<script type=\"application\/ld+json\" class=\"yoast-schema-graph\">{\"@context\":\"https:\/\/schema.org\",\"@graph\":[{\"@type\":\"WebPage\",\"@id\":\"https:\/\/www.o-sarouel.com\/politique-de-confidentialite\/\",\"url\":\"https:\/\/www.o-sarouel.com\/politique-de-confidentialite\/\",\"name\":\"UTILISATION DES DONN\u00c9ES PERSONNELLES COLLECT\u00c9ES -\",\"isPartOf\":{\"@id\":\"https:\/\/www.o-sarouel.com\/#website\"},\"datePublished\":\"2022-01-15T21:14:33+00:00\",\"dateModified\":\"2022-01-16T20:28:28+00:00\",\"breadcrumb\":{\"@id\":\"https:\/\/www.o-sarouel.com\/politique-de-confidentialite\/#breadcrumb\"},\"inLanguage\":\"en-US\",\"potentialAction\":[{\"@type\":\"ReadAction\",\"target\":[\"https:\/\/www.o-sarouel.com\/politique-de-confidentialite\/\"]}]},{\"@type\":\"BreadcrumbList\",\"@id\":\"https:\/\/www.o-sarouel.com\/politique-de-confidentialite\/#breadcrumb\",\"itemListElement\":[{\"@type\":\"ListItem\",\"position\":1,\"name\":\"Accueil\",\"item\":\"https:\/\/www.o-sarouel.com\/\"},{\"@type\":\"ListItem\",\"position\":2,\"name\":\"UTILISATION DES DONN\u00c9ES PERSONNELLES COLLECT\u00c9ES\"}]},{\"@type\":\"WebSite\",\"@id\":\"https:\/\/www.o-sarouel.com\/#website\",\"url\":\"https:\/\/www.o-sarouel.com\/\",\"name\":\"\",\"description\":\"\",\"publisher\":{\"@id\":\"https:\/\/www.o-sarouel.com\/#organization\"},\"potentialAction\":[{\"@type\":\"SearchAction\",\"target\":{\"@type\":\"EntryPoint\",\"urlTemplate\":\"https:\/\/www.o-sarouel.com\/?s={search_term_string}\"},\"query-input\":{\"@type\":\"PropertyValueSpecification\",\"valueRequired\":true,\"valueName\":\"search_term_string\"}}],\"inLanguage\":\"en-US\"},{\"@type\":\"Organization\",\"@id\":\"https:\/\/www.o-sarouel.com\/#organization\",\"name\":\"O' Sarouel\",\"url\":\"https:\/\/www.o-sarouel.com\/\",\"logo\":{\"@type\":\"ImageObject\",\"inLanguage\":\"en-US\",\"@id\":\"https:\/\/www.o-sarouel.com\/#\/schema\/logo\/image\/\",\"url\":\"https:\/\/www.o-sarouel.com\/wp-content\/uploads\/2022\/01\/logo-o-sarouel.png\",\"contentUrl\":\"https:\/\/www.o-sarouel.com\/wp-content\/uploads\/2022\/01\/logo-o-sarouel.png\",\"width\":350,\"height\":250,\"caption\":\"O' Sarouel\"},\"image\":{\"@id\":\"https:\/\/www.o-sarouel.com\/#\/schema\/logo\/image\/\"}}]}<\/script>\n<!-- \/ Yoast SEO plugin. -->","yoast_head_json":{"title":"USE OF COLLECTED PERSONAL DATA -","robots":{"index":"index","follow":"follow","max-snippet":"max-snippet:-1","max-image-preview":"max-image-preview:large","max-video-preview":"max-video-preview:-1"},"canonical":"https:\/\/www.o-sarouel.com\/en\/privacy-policy\/","og_locale":"en_US","og_type":"article","og_title":"UTILISATION DES DONN\u00c9ES PERSONNELLES COLLECT\u00c9ES -","og_description":"Le site https:\/\/www.o-sarouel.com est d\u00e9velopp\u00e9 par la FRATY LLC dont le si\u00e8ge est au 304 S JONES BLVD, LAS VEGAS, NEVADA 89107. Pour toute question, n\u2019h\u00e9sitez pas \u00e0 nous contacter par email :\u00a0contact@o-sarouel.com Pour son activit\u00e9, O&#8217; Sarouel collecte des donn\u00e9es qui vous sont propres et que vous avez \u00e9t\u00e9 amen\u00e9s \u00e0 indiquer lors de [...]","og_url":"https:\/\/www.o-sarouel.com\/en\/privacy-policy\/","article_modified_time":"2022-01-16T20:28:28+00:00","twitter_card":"summary_large_image","twitter_misc":{"Est. reading time":"4 minutes"},"schema":{"@context":"https:\/\/schema.org","@graph":[{"@type":"WebPage","@id":"https:\/\/www.o-sarouel.com\/politique-de-confidentialite\/","url":"https:\/\/www.o-sarouel.com\/politique-de-confidentialite\/","name":"USE OF COLLECTED PERSONAL DATA -","isPartOf":{"@id":"https:\/\/www.o-sarouel.com\/#website"},"datePublished":"2022-01-15T21:14:33+00:00","dateModified":"2022-01-16T20:28:28+00:00","breadcrumb":{"@id":"https:\/\/www.o-sarouel.com\/politique-de-confidentialite\/#breadcrumb"},"inLanguage":"en-US","potentialAction":[{"@type":"ReadAction","target":["https:\/\/www.o-sarouel.com\/politique-de-confidentialite\/"]}]},{"@type":"BreadcrumbList","@id":"https:\/\/www.o-sarouel.com\/politique-de-confidentialite\/#breadcrumb","itemListElement":[{"@type":"ListItem","position":1,"name":"Accueil","item":"https:\/\/www.o-sarouel.com\/"},{"@type":"ListItem","position":2,"name":"UTILISATION DES DONN\u00c9ES PERSONNELLES COLLECT\u00c9ES"}]},{"@type":"WebSite","@id":"https:\/\/www.o-sarouel.com\/#website","url":"https:\/\/www.o-sarouel.com\/","name":"","description":"","publisher":{"@id":"https:\/\/www.o-sarouel.com\/#organization"},"potentialAction":[{"@type":"SearchAction","target":{"@type":"EntryPoint","urlTemplate":"https:\/\/www.o-sarouel.com\/?s={search_term_string}"},"query-input":{"@type":"PropertyValueSpecification","valueRequired":true,"valueName":"search_term_string"}}],"inLanguage":"en-US"},{"@type":"Organization","@id":"https:\/\/www.o-sarouel.com\/#organization","name":"O' Harem pants","url":"https:\/\/www.o-sarouel.com\/","logo":{"@type":"ImageObject","inLanguage":"en-US","@id":"https:\/\/www.o-sarouel.com\/#\/schema\/logo\/image\/","url":"https:\/\/www.o-sarouel.com\/wp-content\/uploads\/2022\/01\/logo-o-sarouel.png","contentUrl":"https:\/\/www.o-sarouel.com\/wp-content\/uploads\/2022\/01\/logo-o-sarouel.png","width":350,"height":250,"caption":"O' Sarouel"},"image":{"@id":"https:\/\/www.o-sarouel.com\/#\/schema\/logo\/image\/"}}]}},"_links":{"self":[{"href":"https:\/\/www.o-sarouel.com\/en\/wp-json\/wp\/v2\/pages\/3","targetHints":{"allow":["GET"]}}],"collection":[{"href":"https:\/\/www.o-sarouel.com\/en\/wp-json\/wp\/v2\/pages"}],"about":[{"href":"https:\/\/www.o-sarouel.com\/en\/wp-json\/wp\/v2\/types\/page"}],"author":[{"embeddable":true,"href":"https:\/\/www.o-sarouel.com\/en\/wp-json\/wp\/v2\/users\/1"}],"replies":[{"embeddable":true,"href":"https:\/\/www.o-sarouel.com\/en\/wp-json\/wp\/v2\/comments?post=3"}],"version-history":[{"count":1,"href":"https:\/\/www.o-sarouel.com\/en\/wp-json\/wp\/v2\/pages\/3\/revisions"}],"predecessor-version":[{"id":64,"href":"https:\/\/www.o-sarouel.com\/en\/wp-json\/wp\/v2\/pages\/3\/revisions\/64"}],"wp:attachment":[{"href":"https:\/\/www.o-sarouel.com\/en\/wp-json\/wp\/v2\/media?parent=3"}],"curies":[{"name":"wp","href":"https:\/\/api.w.org\/{rel}","templated":true}]}}