{"id":883,"date":"2022-06-20T14:48:14","date_gmt":"2022-06-20T14:48:14","guid":{"rendered":"https:\/\/www.o-sarouel.com\/?post_type=product&#038;p=883"},"modified":"2024-01-01T17:23:56","modified_gmt":"2024-01-01T17:23:56","slug":"set-supreme-2-weis","status":"publish","type":"product","link":"https:\/\/www.o-sarouel.com\/de\/product-2\/set-supreme-2-weis\/","title":{"rendered":"Set Supreme 2 wei\u00df (Oversize-T-Shirt &amp; Saroual Djazairi) \u2013 Na3im"},"content":{"rendered":"","protected":false},"excerpt":{"rendered":"<p><strong>Eigenschaften:<\/strong><\/p>\n<p>Oversize-T-Shirt mit umgekehrten Ecken, elegant, 100% Baumwolle (h\u00f6heres Gewicht als das Vorg\u00e4ngermodell). Mit Aufdruck auf dem Solarplexus f\u00fcr einen schlichten, zur\u00fcckhaltenden und eleganten Stil.<\/p>\n<ul>\n<li>Sch\u00f6ner und angenehmer Stoff f\u00fcr den Sommer, Material 100% Baumwolle<\/li>\n<li>2 Seitentaschen ohne Verschluss<\/li>\n<li>2 Seitentaschen mit Rei\u00dfverschluss<\/li>\n<li>Fotomodell (w\u00e4hlen Sie Ihre \u00fcbliche Gr\u00f6\u00dfe): 1,80 m, 80 kg, tr\u00e4gt Gr\u00f6\u00dfe M<\/li>\n<li>Pflegehinweis: Maschinenwaschbar bei 30 \u00b0C.<\/li>\n<\/ul>","protected":false},"featured_media":848,"template":"","meta":[],"product_brand":[],"product_cat":[58,80],"product_tag":[],"class_list":{"0":"post-883","1":"product","2":"type-product","3":"status-publish","4":"has-post-thumbnail","6":"product_cat-ensemble-jogging-homme","7":"product_cat-ensemble-na3im","9":"first","10":"instock","11":"shipping-taxable","12":"purchasable","13":"product-type-variable"},"yoast_head":"<!-- This site is optimized with the Yoast SEO plugin v26.9 - https:\/\/yoast.com\/product\/yoast-seo-wordpress\/ -->\n<title>Ensemble Supreme 2 blanc | Collection \u00e9t\u00e9 2022 | Na3im<\/title>\n<meta name=\"robots\" content=\"index, follow, max-snippet:-1, max-image-preview:large, max-video-preview:-1\" \/>\n<link rel=\"canonical\" href=\"https:\/\/www.o-sarouel.com\/de\/product-2\/set-supreme-2-weis\/\" \/>\n<meta property=\"og:locale\" content=\"de_DE\" \/>\n<meta property=\"og:type\" content=\"article\" \/>\n<meta property=\"og:title\" content=\"Ensemble Supreme 2 blanc | Collection \u00e9t\u00e9 2022 | Na3im\" \/>\n<meta property=\"og:description\" content=\"Caract\u00e9ristiques :  T-shirt oversize avec ses angles invers\u00e9s, \u00e9l\u00e9gant 100% coton (grammage plus \u00e9pais que le mod\u00e8le pr\u00e9c\u00e9dent).\u00a0On y retrouve son flocage au plexus pour un style \u00e9pur\u00e9, sobre et distingu\u00e9.   Beau et agr\u00e9able tissu pour l&#039;\u00e9t\u00e9, mati\u00e8re 100% Coton  2 poches lat\u00e9rales sans fermeture  2 poches lat\u00e9rales zip\u00e9es  Mannequin Photo (prenez votre taille habituelle) : 1m80 pour 80 kg et porte du M  Conseil d&#039;entretien :\u00a0Lavable en machine \u00e0 30\u00b0.\" \/>\n<meta property=\"og:url\" content=\"https:\/\/www.o-sarouel.com\/de\/product-2\/set-supreme-2-weis\/\" \/>\n<meta property=\"article:modified_time\" content=\"2024-01-01T17:23:56+00:00\" \/>\n<meta property=\"og:image\" content=\"https:\/\/www.o-sarouel.com\/wp-content\/uploads\/2022\/06\/ensemble-supreme-2-blanc.jpg\" \/>\n\t<meta property=\"og:image:width\" content=\"600\" \/>\n\t<meta property=\"og:image:height\" content=\"600\" \/>\n\t<meta property=\"og:image:type\" content=\"image\/jpeg\" \/>\n<meta name=\"twitter:card\" content=\"summary_large_image\" \/>\n<script type=\"application\/ld+json\" class=\"yoast-schema-graph\">{\"@context\":\"https:\/\/schema.org\",\"@graph\":[{\"@type\":\"WebPage\",\"@id\":\"https:\/\/www.o-sarouel.com\/produit\/ensemble-supreme-2-blanc\/\",\"url\":\"https:\/\/www.o-sarouel.com\/produit\/ensemble-supreme-2-blanc\/\",\"name\":\"Ensemble Supreme 2 blanc | Collection \u00e9t\u00e9 2022 | Na3im\",\"isPartOf\":{\"@id\":\"https:\/\/www.o-sarouel.com\/#website\"},\"primaryImageOfPage\":{\"@id\":\"https:\/\/www.o-sarouel.com\/produit\/ensemble-supreme-2-blanc\/#primaryimage\"},\"image\":{\"@id\":\"https:\/\/www.o-sarouel.com\/produit\/ensemble-supreme-2-blanc\/#primaryimage\"},\"thumbnailUrl\":\"https:\/\/www.o-sarouel.com\/wp-content\/uploads\/2022\/06\/ensemble-supreme-2-blanc.jpg\",\"datePublished\":\"2022-06-20T14:48:14+00:00\",\"dateModified\":\"2024-01-01T17:23:56+00:00\",\"breadcrumb\":{\"@id\":\"https:\/\/www.o-sarouel.com\/produit\/ensemble-supreme-2-blanc\/#breadcrumb\"},\"inLanguage\":\"de\",\"potentialAction\":[{\"@type\":\"ReadAction\",\"target\":[\"https:\/\/www.o-sarouel.com\/produit\/ensemble-supreme-2-blanc\/\"]}]},{\"@type\":\"ImageObject\",\"inLanguage\":\"de\",\"@id\":\"https:\/\/www.o-sarouel.com\/produit\/ensemble-supreme-2-blanc\/#primaryimage\",\"url\":\"https:\/\/www.o-sarouel.com\/wp-content\/uploads\/2022\/06\/ensemble-supreme-2-blanc.jpg\",\"contentUrl\":\"https:\/\/www.o-sarouel.com\/wp-content\/uploads\/2022\/06\/ensemble-supreme-2-blanc.jpg\",\"width\":600,\"height\":600,\"caption\":\"Ensemble Supreme 2 blanc\"},{\"@type\":\"BreadcrumbList\",\"@id\":\"https:\/\/www.o-sarouel.com\/produit\/ensemble-supreme-2-blanc\/#breadcrumb\",\"itemListElement\":[{\"@type\":\"ListItem\",\"position\":1,\"name\":\"Accueil\",\"item\":\"https:\/\/www.o-sarouel.com\/\"},{\"@type\":\"ListItem\",\"position\":2,\"name\":\"Boutique\",\"item\":\"https:\/\/www.o-sarouel.com\/boutique\/\"},{\"@type\":\"ListItem\",\"position\":3,\"name\":\"Ensemble Supreme 2 blanc (T-Shirt Oversize &#038; Saroual Djazairi) \u2013 Na3im\"}]},{\"@type\":\"WebSite\",\"@id\":\"https:\/\/www.o-sarouel.com\/#website\",\"url\":\"https:\/\/www.o-sarouel.com\/\",\"name\":\"\",\"description\":\"\",\"publisher\":{\"@id\":\"https:\/\/www.o-sarouel.com\/#organization\"},\"potentialAction\":[{\"@type\":\"SearchAction\",\"target\":{\"@type\":\"EntryPoint\",\"urlTemplate\":\"https:\/\/www.o-sarouel.com\/?s={search_term_string}\"},\"query-input\":{\"@type\":\"PropertyValueSpecification\",\"valueRequired\":true,\"valueName\":\"search_term_string\"}}],\"inLanguage\":\"de\"},{\"@type\":\"Organization\",\"@id\":\"https:\/\/www.o-sarouel.com\/#organization\",\"name\":\"O' Sarouel\",\"url\":\"https:\/\/www.o-sarouel.com\/\",\"logo\":{\"@type\":\"ImageObject\",\"inLanguage\":\"de\",\"@id\":\"https:\/\/www.o-sarouel.com\/#\/schema\/logo\/image\/\",\"url\":\"https:\/\/www.o-sarouel.com\/wp-content\/uploads\/2022\/01\/logo-o-sarouel.png\",\"contentUrl\":\"https:\/\/www.o-sarouel.com\/wp-content\/uploads\/2022\/01\/logo-o-sarouel.png\",\"width\":350,\"height\":250,\"caption\":\"O' Sarouel\"},\"image\":{\"@id\":\"https:\/\/www.o-sarouel.com\/#\/schema\/logo\/image\/\"}}]}<\/script>\n<!-- \/ Yoast SEO plugin. -->","yoast_head_json":{"title":"Set Supreme 2 wei\u00df | Sommerkollektion 2022 | Na3im","robots":{"index":"index","follow":"follow","max-snippet":"max-snippet:-1","max-image-preview":"max-image-preview:large","max-video-preview":"max-video-preview:-1"},"canonical":"https:\/\/www.o-sarouel.com\/de\/product-2\/set-supreme-2-weis\/","og_locale":"de_DE","og_type":"article","og_title":"Ensemble Supreme 2 blanc | Collection \u00e9t\u00e9 2022 | Na3im","og_description":"Caract\u00e9ristiques :  T-shirt oversize avec ses angles invers\u00e9s, \u00e9l\u00e9gant 100% coton (grammage plus \u00e9pais que le mod\u00e8le pr\u00e9c\u00e9dent).\u00a0On y retrouve son flocage au plexus pour un style \u00e9pur\u00e9, sobre et distingu\u00e9.   Beau et agr\u00e9able tissu pour l'\u00e9t\u00e9, mati\u00e8re 100% Coton  2 poches lat\u00e9rales sans fermeture  2 poches lat\u00e9rales zip\u00e9es  Mannequin Photo (prenez votre taille habituelle) : 1m80 pour 80 kg et porte du M  Conseil d'entretien :\u00a0Lavable en machine \u00e0 30\u00b0.","og_url":"https:\/\/www.o-sarouel.com\/de\/product-2\/set-supreme-2-weis\/","article_modified_time":"2024-01-01T17:23:56+00:00","og_image":[{"width":600,"height":600,"url":"https:\/\/www.o-sarouel.com\/wp-content\/uploads\/2022\/06\/ensemble-supreme-2-blanc.jpg","type":"image\/jpeg"}],"twitter_card":"summary_large_image","schema":{"@context":"https:\/\/schema.org","@graph":[{"@type":"WebPage","@id":"https:\/\/www.o-sarouel.com\/produit\/ensemble-supreme-2-blanc\/","url":"https:\/\/www.o-sarouel.com\/produit\/ensemble-supreme-2-blanc\/","name":"Set Supreme 2 wei\u00df | Sommerkollektion 2022 | Na3im","isPartOf":{"@id":"https:\/\/www.o-sarouel.com\/#website"},"primaryImageOfPage":{"@id":"https:\/\/www.o-sarouel.com\/produit\/ensemble-supreme-2-blanc\/#primaryimage"},"image":{"@id":"https:\/\/www.o-sarouel.com\/produit\/ensemble-supreme-2-blanc\/#primaryimage"},"thumbnailUrl":"https:\/\/www.o-sarouel.com\/wp-content\/uploads\/2022\/06\/ensemble-supreme-2-blanc.jpg","datePublished":"2022-06-20T14:48:14+00:00","dateModified":"2024-01-01T17:23:56+00:00","breadcrumb":{"@id":"https:\/\/www.o-sarouel.com\/produit\/ensemble-supreme-2-blanc\/#breadcrumb"},"inLanguage":"de","potentialAction":[{"@type":"ReadAction","target":["https:\/\/www.o-sarouel.com\/produit\/ensemble-supreme-2-blanc\/"]}]},{"@type":"ImageObject","inLanguage":"de","@id":"https:\/\/www.o-sarouel.com\/produit\/ensemble-supreme-2-blanc\/#primaryimage","url":"https:\/\/www.o-sarouel.com\/wp-content\/uploads\/2022\/06\/ensemble-supreme-2-blanc.jpg","contentUrl":"https:\/\/www.o-sarouel.com\/wp-content\/uploads\/2022\/06\/ensemble-supreme-2-blanc.jpg","width":600,"height":600,"caption":"Ensemble Supreme 2 blanc"},{"@type":"BreadcrumbList","@id":"https:\/\/www.o-sarouel.com\/produit\/ensemble-supreme-2-blanc\/#breadcrumb","itemListElement":[{"@type":"ListItem","position":1,"name":"Accueil","item":"https:\/\/www.o-sarouel.com\/"},{"@type":"ListItem","position":2,"name":"Boutique","item":"https:\/\/www.o-sarouel.com\/boutique\/"},{"@type":"ListItem","position":3,"name":"Ensemble Supreme 2 blanc (T-Shirt Oversize &#038; Saroual Djazairi) \u2013 Na3im"}]},{"@type":"WebSite","@id":"https:\/\/www.o-sarouel.com\/#website","url":"https:\/\/www.o-sarouel.com\/","name":"","description":"","publisher":{"@id":"https:\/\/www.o-sarouel.com\/#organization"},"potentialAction":[{"@type":"SearchAction","target":{"@type":"EntryPoint","urlTemplate":"https:\/\/www.o-sarouel.com\/?s={search_term_string}"},"query-input":{"@type":"PropertyValueSpecification","valueRequired":true,"valueName":"search_term_string"}}],"inLanguage":"de"},{"@type":"Organization","@id":"https:\/\/www.o-sarouel.com\/#organization","name":"O' Sarouel","url":"https:\/\/www.o-sarouel.com\/","logo":{"@type":"ImageObject","inLanguage":"de","@id":"https:\/\/www.o-sarouel.com\/#\/schema\/logo\/image\/","url":"https:\/\/www.o-sarouel.com\/wp-content\/uploads\/2022\/01\/logo-o-sarouel.png","contentUrl":"https:\/\/www.o-sarouel.com\/wp-content\/uploads\/2022\/01\/logo-o-sarouel.png","width":350,"height":250,"caption":"O' Sarouel"},"image":{"@id":"https:\/\/www.o-sarouel.com\/#\/schema\/logo\/image\/"}}]}},"_links":{"self":[{"href":"https:\/\/www.o-sarouel.com\/de\/wp-json\/wp\/v2\/product\/883","targetHints":{"allow":["GET"]}}],"collection":[{"href":"https:\/\/www.o-sarouel.com\/de\/wp-json\/wp\/v2\/product"}],"about":[{"href":"https:\/\/www.o-sarouel.com\/de\/wp-json\/wp\/v2\/types\/product"}],"wp:featuredmedia":[{"embeddable":true,"href":"https:\/\/www.o-sarouel.com\/de\/wp-json\/wp\/v2\/media\/848"}],"wp:attachment":[{"href":"https:\/\/www.o-sarouel.com\/de\/wp-json\/wp\/v2\/media?parent=883"}],"wp:term":[{"taxonomy":"product_brand","embeddable":true,"href":"https:\/\/www.o-sarouel.com\/de\/wp-json\/wp\/v2\/product_brand?post=883"},{"taxonomy":"product_cat","embeddable":true,"href":"https:\/\/www.o-sarouel.com\/de\/wp-json\/wp\/v2\/product_cat?post=883"},{"taxonomy":"product_tag","embeddable":true,"href":"https:\/\/www.o-sarouel.com\/de\/wp-json\/wp\/v2\/product_tag?post=883"}],"curies":[{"name":"wp","href":"https:\/\/api.w.org\/{rel}","templated":true}]}}