{"id":865,"date":"2022-06-20T14:23:11","date_gmt":"2022-06-20T14:23:11","guid":{"rendered":"https:\/\/www.o-sarouel.com\/?post_type=product&#038;p=865"},"modified":"2025-07-08T00:31:18","modified_gmt":"2025-07-08T00:31:18","slug":"aktuelles-set-von-na3im","status":"publish","type":"product","link":"https:\/\/www.o-sarouel.com\/de\/product-2\/aktuelles-set-von-na3im\/","title":{"rendered":"Wei\u00dfes Ensemble Actual (Oversize-T-Shirt &amp; Saroual Djazairi) \u2013 Na3im"},"content":{"rendered":"","protected":false},"excerpt":{"rendered":"<p><strong>Eigenschaften:<\/strong><\/p>\n<p>Die Shorts mit einer Tasche sind sowohl trendy als auch schlicht und verf\u00fcgen ebenfalls \u00fcber zwei Rei\u00dfverschlusstaschen und ein Metallabzeichen, das an das T-Shirt erinnert und das Outfit zu einem harmonischen und stilvollen Ensemble macht.<\/p>\n<ul>\n<li>Sch\u00f6ner und angenehmer Stoff f\u00fcr den Sommer, Material 100% Baumwolle<\/li>\n<li>W\u00e4hlen Sie Ihre \u00fcbliche Gr\u00f6\u00dfe.<\/li>\n<li>Model Foto: 1,80 m gro\u00df, 80 kg schwer und tr\u00e4gt Gr\u00f6\u00dfe M.<\/li>\n<li>Pflegehinweis: Maschinenwaschbar bei 30 \u00b0C.<\/li>\n<\/ul>","protected":false},"featured_media":861,"template":"","meta":[],"product_brand":[],"product_cat":[86],"product_tag":[],"class_list":{"0":"post-865","1":"product","2":"type-product","3":"status-publish","4":"has-post-thumbnail","6":"product_cat-fin-de-stock","8":"first","9":"outofstock","10":"shipping-taxable","11":"purchasable","12":"product-type-variable"},"yoast_head":"<!-- This site is optimized with the Yoast SEO plugin v26.9 - https:\/\/yoast.com\/product\/yoast-seo-wordpress\/ -->\n<title>Ensemble Actual blanc | Collection \u00e9t\u00e9 2022 | Na3im<\/title>\n<meta name=\"robots\" content=\"index, follow, max-snippet:-1, max-image-preview:large, max-video-preview:-1\" \/>\n<link rel=\"canonical\" href=\"https:\/\/www.o-sarouel.com\/de\/product-2\/aktuelles-set-von-na3im\/\" \/>\n<meta property=\"og:locale\" content=\"de_DE\" \/>\n<meta property=\"og:type\" content=\"article\" \/>\n<meta property=\"og:title\" content=\"Ensemble Actual blanc | Collection \u00e9t\u00e9 2022 | Na3im\" \/>\n<meta property=\"og:description\" content=\"Caract\u00e9ristiques :  Quant \u00e0 son short para mono poche, on y retrouve un style tendance et \u00e9pur\u00e9 \u00e0 la fois, \u00e9galement con\u00e7u avec deux poches zipp\u00e9es et un badge m\u00e9tallique en rappel avec celui du t-shirt qui fait de lui un ensemble harmonieux et styl\u00e9.   Beau et agr\u00e9able tissu pour l&#039;\u00e9t\u00e9, mati\u00e8re 100% Coton  Prenez votre taille habituelle  Mannequin Photo : 1m80 pour 80 kg et porte du M  Conseil d&#039;entretien :\u00a0Lavable en machine \u00e0 30\u00b0.\" \/>\n<meta property=\"og:url\" content=\"https:\/\/www.o-sarouel.com\/de\/product-2\/aktuelles-set-von-na3im\/\" \/>\n<meta property=\"article:modified_time\" content=\"2025-07-08T00:31:18+00:00\" \/>\n<meta property=\"og:image\" content=\"https:\/\/www.o-sarouel.com\/wp-content\/uploads\/2022\/06\/ensemble-actual-blanc.jpg\" \/>\n\t<meta property=\"og:image:width\" content=\"600\" \/>\n\t<meta property=\"og:image:height\" content=\"600\" \/>\n\t<meta property=\"og:image:type\" content=\"image\/jpeg\" \/>\n<meta name=\"twitter:card\" content=\"summary_large_image\" \/>\n<script type=\"application\/ld+json\" class=\"yoast-schema-graph\">{\"@context\":\"https:\/\/schema.org\",\"@graph\":[{\"@type\":\"WebPage\",\"@id\":\"https:\/\/www.o-sarouel.com\/produit\/ensemble-actual-blanc-na3im\/\",\"url\":\"https:\/\/www.o-sarouel.com\/produit\/ensemble-actual-blanc-na3im\/\",\"name\":\"Ensemble Actual blanc | Collection \u00e9t\u00e9 2022 | Na3im\",\"isPartOf\":{\"@id\":\"https:\/\/www.o-sarouel.com\/#website\"},\"primaryImageOfPage\":{\"@id\":\"https:\/\/www.o-sarouel.com\/produit\/ensemble-actual-blanc-na3im\/#primaryimage\"},\"image\":{\"@id\":\"https:\/\/www.o-sarouel.com\/produit\/ensemble-actual-blanc-na3im\/#primaryimage\"},\"thumbnailUrl\":\"https:\/\/www.o-sarouel.com\/wp-content\/uploads\/2022\/06\/ensemble-actual-blanc.jpg\",\"datePublished\":\"2022-06-20T14:23:11+00:00\",\"dateModified\":\"2025-07-08T00:31:18+00:00\",\"breadcrumb\":{\"@id\":\"https:\/\/www.o-sarouel.com\/produit\/ensemble-actual-blanc-na3im\/#breadcrumb\"},\"inLanguage\":\"de\",\"potentialAction\":[{\"@type\":\"ReadAction\",\"target\":[\"https:\/\/www.o-sarouel.com\/produit\/ensemble-actual-blanc-na3im\/\"]}]},{\"@type\":\"ImageObject\",\"inLanguage\":\"de\",\"@id\":\"https:\/\/www.o-sarouel.com\/produit\/ensemble-actual-blanc-na3im\/#primaryimage\",\"url\":\"https:\/\/www.o-sarouel.com\/wp-content\/uploads\/2022\/06\/ensemble-actual-blanc.jpg\",\"contentUrl\":\"https:\/\/www.o-sarouel.com\/wp-content\/uploads\/2022\/06\/ensemble-actual-blanc.jpg\",\"width\":600,\"height\":600,\"caption\":\"Ensemble actual blanc\"},{\"@type\":\"BreadcrumbList\",\"@id\":\"https:\/\/www.o-sarouel.com\/produit\/ensemble-actual-blanc-na3im\/#breadcrumb\",\"itemListElement\":[{\"@type\":\"ListItem\",\"position\":1,\"name\":\"Accueil\",\"item\":\"https:\/\/www.o-sarouel.com\/\"},{\"@type\":\"ListItem\",\"position\":2,\"name\":\"Boutique\",\"item\":\"https:\/\/www.o-sarouel.com\/boutique\/\"},{\"@type\":\"ListItem\",\"position\":3,\"name\":\"Ensemble Actual blanc (T-Shirt Oversize &#038; Saroual Djazairi) \u2013 Na3im\"}]},{\"@type\":\"WebSite\",\"@id\":\"https:\/\/www.o-sarouel.com\/#website\",\"url\":\"https:\/\/www.o-sarouel.com\/\",\"name\":\"\",\"description\":\"\",\"publisher\":{\"@id\":\"https:\/\/www.o-sarouel.com\/#organization\"},\"potentialAction\":[{\"@type\":\"SearchAction\",\"target\":{\"@type\":\"EntryPoint\",\"urlTemplate\":\"https:\/\/www.o-sarouel.com\/?s={search_term_string}\"},\"query-input\":{\"@type\":\"PropertyValueSpecification\",\"valueRequired\":true,\"valueName\":\"search_term_string\"}}],\"inLanguage\":\"de\"},{\"@type\":\"Organization\",\"@id\":\"https:\/\/www.o-sarouel.com\/#organization\",\"name\":\"O' Sarouel\",\"url\":\"https:\/\/www.o-sarouel.com\/\",\"logo\":{\"@type\":\"ImageObject\",\"inLanguage\":\"de\",\"@id\":\"https:\/\/www.o-sarouel.com\/#\/schema\/logo\/image\/\",\"url\":\"https:\/\/www.o-sarouel.com\/wp-content\/uploads\/2022\/01\/logo-o-sarouel.png\",\"contentUrl\":\"https:\/\/www.o-sarouel.com\/wp-content\/uploads\/2022\/01\/logo-o-sarouel.png\",\"width\":350,\"height\":250,\"caption\":\"O' Sarouel\"},\"image\":{\"@id\":\"https:\/\/www.o-sarouel.com\/#\/schema\/logo\/image\/\"}}]}<\/script>\n<!-- \/ Yoast SEO plugin. -->","yoast_head_json":{"title":"Wei\u00dfes Ensemble Actual | Sommerkollektion 2022 | Na3im","robots":{"index":"index","follow":"follow","max-snippet":"max-snippet:-1","max-image-preview":"max-image-preview:large","max-video-preview":"max-video-preview:-1"},"canonical":"https:\/\/www.o-sarouel.com\/de\/product-2\/aktuelles-set-von-na3im\/","og_locale":"de_DE","og_type":"article","og_title":"Ensemble Actual blanc | Collection \u00e9t\u00e9 2022 | Na3im","og_description":"Caract\u00e9ristiques :  Quant \u00e0 son short para mono poche, on y retrouve un style tendance et \u00e9pur\u00e9 \u00e0 la fois, \u00e9galement con\u00e7u avec deux poches zipp\u00e9es et un badge m\u00e9tallique en rappel avec celui du t-shirt qui fait de lui un ensemble harmonieux et styl\u00e9.   Beau et agr\u00e9able tissu pour l'\u00e9t\u00e9, mati\u00e8re 100% Coton  Prenez votre taille habituelle  Mannequin Photo : 1m80 pour 80 kg et porte du M  Conseil d'entretien :\u00a0Lavable en machine \u00e0 30\u00b0.","og_url":"https:\/\/www.o-sarouel.com\/de\/product-2\/aktuelles-set-von-na3im\/","article_modified_time":"2025-07-08T00:31:18+00:00","og_image":[{"width":600,"height":600,"url":"https:\/\/www.o-sarouel.com\/wp-content\/uploads\/2022\/06\/ensemble-actual-blanc.jpg","type":"image\/jpeg"}],"twitter_card":"summary_large_image","schema":{"@context":"https:\/\/schema.org","@graph":[{"@type":"WebPage","@id":"https:\/\/www.o-sarouel.com\/produit\/ensemble-actual-blanc-na3im\/","url":"https:\/\/www.o-sarouel.com\/produit\/ensemble-actual-blanc-na3im\/","name":"Wei\u00dfes Ensemble Actual | Sommerkollektion 2022 | Na3im","isPartOf":{"@id":"https:\/\/www.o-sarouel.com\/#website"},"primaryImageOfPage":{"@id":"https:\/\/www.o-sarouel.com\/produit\/ensemble-actual-blanc-na3im\/#primaryimage"},"image":{"@id":"https:\/\/www.o-sarouel.com\/produit\/ensemble-actual-blanc-na3im\/#primaryimage"},"thumbnailUrl":"https:\/\/www.o-sarouel.com\/wp-content\/uploads\/2022\/06\/ensemble-actual-blanc.jpg","datePublished":"2022-06-20T14:23:11+00:00","dateModified":"2025-07-08T00:31:18+00:00","breadcrumb":{"@id":"https:\/\/www.o-sarouel.com\/produit\/ensemble-actual-blanc-na3im\/#breadcrumb"},"inLanguage":"de","potentialAction":[{"@type":"ReadAction","target":["https:\/\/www.o-sarouel.com\/produit\/ensemble-actual-blanc-na3im\/"]}]},{"@type":"ImageObject","inLanguage":"de","@id":"https:\/\/www.o-sarouel.com\/produit\/ensemble-actual-blanc-na3im\/#primaryimage","url":"https:\/\/www.o-sarouel.com\/wp-content\/uploads\/2022\/06\/ensemble-actual-blanc.jpg","contentUrl":"https:\/\/www.o-sarouel.com\/wp-content\/uploads\/2022\/06\/ensemble-actual-blanc.jpg","width":600,"height":600,"caption":"Ensemble actual blanc"},{"@type":"BreadcrumbList","@id":"https:\/\/www.o-sarouel.com\/produit\/ensemble-actual-blanc-na3im\/#breadcrumb","itemListElement":[{"@type":"ListItem","position":1,"name":"Accueil","item":"https:\/\/www.o-sarouel.com\/"},{"@type":"ListItem","position":2,"name":"Boutique","item":"https:\/\/www.o-sarouel.com\/boutique\/"},{"@type":"ListItem","position":3,"name":"Ensemble Actual blanc (T-Shirt Oversize &#038; Saroual Djazairi) \u2013 Na3im"}]},{"@type":"WebSite","@id":"https:\/\/www.o-sarouel.com\/#website","url":"https:\/\/www.o-sarouel.com\/","name":"","description":"","publisher":{"@id":"https:\/\/www.o-sarouel.com\/#organization"},"potentialAction":[{"@type":"SearchAction","target":{"@type":"EntryPoint","urlTemplate":"https:\/\/www.o-sarouel.com\/?s={search_term_string}"},"query-input":{"@type":"PropertyValueSpecification","valueRequired":true,"valueName":"search_term_string"}}],"inLanguage":"de"},{"@type":"Organization","@id":"https:\/\/www.o-sarouel.com\/#organization","name":"O' Sarouel","url":"https:\/\/www.o-sarouel.com\/","logo":{"@type":"ImageObject","inLanguage":"de","@id":"https:\/\/www.o-sarouel.com\/#\/schema\/logo\/image\/","url":"https:\/\/www.o-sarouel.com\/wp-content\/uploads\/2022\/01\/logo-o-sarouel.png","contentUrl":"https:\/\/www.o-sarouel.com\/wp-content\/uploads\/2022\/01\/logo-o-sarouel.png","width":350,"height":250,"caption":"O' Sarouel"},"image":{"@id":"https:\/\/www.o-sarouel.com\/#\/schema\/logo\/image\/"}}]}},"_links":{"self":[{"href":"https:\/\/www.o-sarouel.com\/de\/wp-json\/wp\/v2\/product\/865","targetHints":{"allow":["GET"]}}],"collection":[{"href":"https:\/\/www.o-sarouel.com\/de\/wp-json\/wp\/v2\/product"}],"about":[{"href":"https:\/\/www.o-sarouel.com\/de\/wp-json\/wp\/v2\/types\/product"}],"wp:featuredmedia":[{"embeddable":true,"href":"https:\/\/www.o-sarouel.com\/de\/wp-json\/wp\/v2\/media\/861"}],"wp:attachment":[{"href":"https:\/\/www.o-sarouel.com\/de\/wp-json\/wp\/v2\/media?parent=865"}],"wp:term":[{"taxonomy":"product_brand","embeddable":true,"href":"https:\/\/www.o-sarouel.com\/de\/wp-json\/wp\/v2\/product_brand?post=865"},{"taxonomy":"product_cat","embeddable":true,"href":"https:\/\/www.o-sarouel.com\/de\/wp-json\/wp\/v2\/product_cat?post=865"},{"taxonomy":"product_tag","embeddable":true,"href":"https:\/\/www.o-sarouel.com\/de\/wp-json\/wp\/v2\/product_tag?post=865"}],"curies":[{"name":"wp","href":"https:\/\/api.w.org\/{rel}","templated":true}]}}