{"id":650,"date":"2022-05-10T17:23:41","date_gmt":"2022-05-10T17:23:41","guid":{"rendered":"https:\/\/www.o-sarouel.com\/?post_type=product&#038;p=650"},"modified":"2025-07-07T23:26:07","modified_gmt":"2025-07-07T23:26:07","slug":"blaue-haremshose-fur-damen","status":"publish","type":"product","link":"https:\/\/www.o-sarouel.com\/de\/product-2\/blaue-haremshose-fur-damen\/","title":{"rendered":"Sarouelhose f\u00fcr Damen, blau\/grau"},"content":{"rendered":"<p>Wenn es um Kleidung geht, haben muslimische Frauen immer das Vergn\u00fcgen, das Beste in Bezug auf Sittsamkeit und Komfort auszuw\u00e4hlen. Und so ist es auch mit dem\u00a0<strong>Blaue Haremshose f\u00fcr Damen<\/strong>\u00a0das in jeden Kleiderschrank geh\u00f6rt, der diesen Namen verdient.<\/p>\n<p>In der Tat, das\u00a0<strong>Blaue Haremshose f\u00fcr Damen <\/strong>hat viele Vorz\u00fcge; einer davon ist, dass er Ihnen Stil verleiht. Aber das ist noch nicht alles... Gemeinsam mit O-Sarouel werden wir die Vorz\u00fcge eines solchen Kleidungsst\u00fccks entdecken...<\/p>\n<h2><strong>Blaue Sarouelhose f\u00fcr Damen: ein zeitgem\u00e4\u00dfes Kleidungsst\u00fcck von Mestour<\/strong><\/h2>\n<p>Die blaue Damen-Haremshose \u00fcberzeugt durch ihren durchdachten Schnitt und ihre Farbe. Au\u00dferdem ist sie in verschiedenen Gr\u00f6\u00dfen erh\u00e4ltlich, damit sie sich perfekt an Ihre Figur anpasst.<\/p>\n<p>Es ist in Gr\u00f6\u00dfe 1 erh\u00e4ltlich, was einer Gr\u00f6\u00dfe von S bis M entspricht. Dann gibt es noch Gr\u00f6\u00dfe 2, die einer Gr\u00f6\u00dfe von L bis XL entspricht.<\/p>\n<p>Der Preis betr\u00e4gt 19,90 \u20ac, was f\u00fcr dieses Produkt sehr erschwinglich ist. <strong>hochwertige Seroual-Hose<\/strong>. Also, z\u00f6gern Sie nicht l\u00e4nger und sichern Sie sich dieses Kleidungsst\u00fcck, das sowohl bedeckend als auch zeitgem\u00e4\u00df ist!<\/p>\n<h2><strong>Die blaue Damen-Haremshose: Wenn Stil auf Bescheidenheit trifft\u00a0<\/strong><\/h2>\n<p>Was gibt es Sch\u00f6neres als ein feminines Kleidungsst\u00fcck, das Ihre Zur\u00fcckhaltung unterstreicht und Ihnen gleichzeitig Stil verleiht! Genau das erwartet Sie mit diesem\u00a0<strong>Saroual<\/strong>\u00a0mit gutem Schnitt. Er ist so gut durchdacht und gestaltet, dass er die Formen verbirgt und Ihre Scham vor Ihren Mitmenschen bewahrt.<\/p>\n<p>Wer hat denn gesagt, dass eine Muslima nicht Bescheidenheit und Stil miteinander verbinden kann? Nun, das\u00a0<strong>Saroual O\u2019Sarouel<\/strong>, beweist uns, dass dies m\u00f6glich ist! Vor allem, weil sich sein weiter und langer Schnitt von vielen anderen Serouels unterscheidet, die nicht unbedingt die Schamhaftigkeit wahren.<\/p>\n<p>Das Modell, das wir Ihnen heute vorstellen, \u00e4hnelt einem Rock, ist jedoch unten geschlossen. Au\u00dferdem empfehlen wir Ihnen auch das Modell\u00a0<a href=\"https:\/\/www.o-sarouel.com\/de\/product-2\/sarouelhose-fur-damen-schwarz\/\"><strong>Sarouelhose f\u00fcr Damen, schwarz<\/strong><\/a>\u00a0Sehr diskret mit seinem Schwarz, das zu jeder Farbe passt.<\/p>\n<h2><strong>Die blaue Damen-Haremshose: Komfort, der Sie \u00fcberallhin begleitet<\/strong><\/h2>\n<p>Tats\u00e4chlich gibt es nichts Praktischeres als diese Hosenrock, um sich frei bewegen zu k\u00f6nnen. Vor allem wenn Sie ein aktiver Mensch sind, werden Sie sich in Ihren Bewegungen wohlf\u00fchlen. Au\u00dferdem werden Sie sich wohlf\u00fchlen, ohne bef\u00fcrchten zu m\u00fcssen, dass Ihre Awra sichtbar wird.<\/p>\n<p>Er hat einen sehr weiten und bequemen Schnitt, der sich all Ihren Bewegungen anpasst. Au\u00dferdem sorgt das Mikrofasergewebe, das f\u00fcr seinen hohen Tragekomfort bekannt ist, f\u00fcr ein deutlich besseres Tragegef\u00fchl.<\/p>\n<p>Au\u00dferdem ist das Material so leicht und flie\u00dfend, dass Sie es unter Ihrer Kleidung kaum sp\u00fcren werden. <a href=\"https:\/\/www.aujourdhui-et-demain.com\/2021\/10\/20\/comment-choisir-votre-abaya-pour-allier-elegance-et-beaute\/\" target=\"_blank\" rel=\"noopener\"><strong>Djelbeb<\/strong><\/a>. Dar\u00fcber hinaus passt es sich allen Jahreszeiten an und begleitet Sie \u00fcberallhin.<\/p>\n<h3><strong>Stilvolle und gesetzeskonforme Kleidung f\u00fcr eine Muslima, die sich in ihrer Haut wohlf\u00fchlt<\/strong><\/h3>\n<p>Ebenso kann es beim Sport, in der Freizeit oder zu Hause im Alltag getragen werden. Kurz gesagt, es kann unter dem Rock Ihres Jilbeb im Freien getragen werden, um Ihre Sittsamkeit zu unterstreichen.<\/p>\n<p>Auch wenn Sie Treppen steigen, k\u00f6nnen Sie Ihren Rock hochziehen, ohne bef\u00fcrchten zu m\u00fcssen, dass Ihre Waden zu sehen sind. Schlie\u00dflich ist diese Seroual in vielen verschiedenen Farben erh\u00e4ltlich und somit f\u00fcr jeden Geschmack etwas dabei!<\/p>\n<p>Beachten Sie, dass diese Damenhose nicht vor M\u00e4nnern getragen werden darf, sondern nur vor Ihren Mahars und anderen Frauen. Sie ersetzt nicht die gesetzlich vorgeschriebene Djelbeb-Hose, die zum Ausgehen getragen werden muss.<\/p>","protected":false},"excerpt":{"rendered":"<p><strong>Stoff<\/strong> : Mikrofaser.<\/p>","protected":false},"featured_media":630,"template":"","meta":[],"product_brand":[],"product_cat":[86],"product_tag":[],"class_list":{"0":"post-650","1":"product","2":"type-product","3":"status-publish","4":"has-post-thumbnail","6":"product_cat-fin-de-stock","8":"first","9":"outofstock","10":"shipping-taxable","11":"purchasable","12":"product-type-variable"},"yoast_head":"<!-- This site is optimized with the Yoast SEO plugin v26.9 - https:\/\/yoast.com\/product\/yoast-seo-wordpress\/ -->\n<title>Sarouel bleu femme | Tissu microfibre | Livraison rapide<\/title>\n<meta name=\"description\" content=\"Effectivement, ce\u00a0sarouel bleu femme a plusieurs qualit\u00e9s ; et parmi ses avantages, il y a le fait de vous donner du style.\" \/>\n<meta name=\"robots\" content=\"index, follow, max-snippet:-1, max-image-preview:large, max-video-preview:-1\" \/>\n<link rel=\"canonical\" href=\"https:\/\/www.o-sarouel.com\/de\/product-2\/blaue-haremshose-fur-damen\/\" \/>\n<meta property=\"og:locale\" content=\"de_DE\" \/>\n<meta property=\"og:type\" content=\"article\" \/>\n<meta property=\"og:title\" content=\"Sarouel bleu femme | Tissu microfibre | Livraison rapide\" \/>\n<meta property=\"og:description\" content=\"Effectivement, ce\u00a0sarouel bleu femme a plusieurs qualit\u00e9s ; et parmi ses avantages, il y a le fait de vous donner du style.\" \/>\n<meta property=\"og:url\" content=\"https:\/\/www.o-sarouel.com\/de\/product-2\/blaue-haremshose-fur-damen\/\" \/>\n<meta property=\"article:modified_time\" content=\"2025-07-07T23:26:07+00:00\" \/>\n<meta property=\"og:image\" content=\"https:\/\/www.o-sarouel.com\/wp-content\/uploads\/2022\/05\/sarouel-femme-bleu.jpg\" \/>\n\t<meta property=\"og:image:width\" content=\"600\" \/>\n\t<meta property=\"og:image:height\" content=\"600\" \/>\n\t<meta property=\"og:image:type\" content=\"image\/jpeg\" \/>\n<meta name=\"twitter:card\" content=\"summary_large_image\" \/>\n<meta name=\"twitter:label1\" content=\"Gesch\u00e4tzte Lesezeit\" \/>\n\t<meta name=\"twitter:data1\" content=\"3\u00a0Minuten\" \/>\n<script type=\"application\/ld+json\" class=\"yoast-schema-graph\">{\"@context\":\"https:\/\/schema.org\",\"@graph\":[{\"@type\":\"WebPage\",\"@id\":\"https:\/\/www.o-sarouel.com\/produit\/sarouel-femme-bleu\/\",\"url\":\"https:\/\/www.o-sarouel.com\/produit\/sarouel-femme-bleu\/\",\"name\":\"Sarouel bleu femme | Tissu microfibre | Livraison rapide\",\"isPartOf\":{\"@id\":\"https:\/\/www.o-sarouel.com\/#website\"},\"primaryImageOfPage\":{\"@id\":\"https:\/\/www.o-sarouel.com\/produit\/sarouel-femme-bleu\/#primaryimage\"},\"image\":{\"@id\":\"https:\/\/www.o-sarouel.com\/produit\/sarouel-femme-bleu\/#primaryimage\"},\"thumbnailUrl\":\"https:\/\/www.o-sarouel.com\/wp-content\/uploads\/2022\/05\/sarouel-femme-bleu.jpg\",\"datePublished\":\"2022-05-10T17:23:41+00:00\",\"dateModified\":\"2025-07-07T23:26:07+00:00\",\"description\":\"Effectivement, ce\u00a0sarouel bleu femme a plusieurs qualit\u00e9s ; et parmi ses avantages, il y a le fait de vous donner du style.\",\"breadcrumb\":{\"@id\":\"https:\/\/www.o-sarouel.com\/produit\/sarouel-femme-bleu\/#breadcrumb\"},\"inLanguage\":\"de\",\"potentialAction\":[{\"@type\":\"ReadAction\",\"target\":[\"https:\/\/www.o-sarouel.com\/produit\/sarouel-femme-bleu\/\"]}]},{\"@type\":\"ImageObject\",\"inLanguage\":\"de\",\"@id\":\"https:\/\/www.o-sarouel.com\/produit\/sarouel-femme-bleu\/#primaryimage\",\"url\":\"https:\/\/www.o-sarouel.com\/wp-content\/uploads\/2022\/05\/sarouel-femme-bleu.jpg\",\"contentUrl\":\"https:\/\/www.o-sarouel.com\/wp-content\/uploads\/2022\/05\/sarouel-femme-bleu.jpg\",\"width\":600,\"height\":600,\"caption\":\"sarouel femme bleu\"},{\"@type\":\"BreadcrumbList\",\"@id\":\"https:\/\/www.o-sarouel.com\/produit\/sarouel-femme-bleu\/#breadcrumb\",\"itemListElement\":[{\"@type\":\"ListItem\",\"position\":1,\"name\":\"Accueil\",\"item\":\"https:\/\/www.o-sarouel.com\/\"},{\"@type\":\"ListItem\",\"position\":2,\"name\":\"Boutique\",\"item\":\"https:\/\/www.o-sarouel.com\/boutique\/\"},{\"@type\":\"ListItem\",\"position\":3,\"name\":\"Sarouel femme bleu \/ gris\"}]},{\"@type\":\"WebSite\",\"@id\":\"https:\/\/www.o-sarouel.com\/#website\",\"url\":\"https:\/\/www.o-sarouel.com\/\",\"name\":\"\",\"description\":\"\",\"publisher\":{\"@id\":\"https:\/\/www.o-sarouel.com\/#organization\"},\"potentialAction\":[{\"@type\":\"SearchAction\",\"target\":{\"@type\":\"EntryPoint\",\"urlTemplate\":\"https:\/\/www.o-sarouel.com\/?s={search_term_string}\"},\"query-input\":{\"@type\":\"PropertyValueSpecification\",\"valueRequired\":true,\"valueName\":\"search_term_string\"}}],\"inLanguage\":\"de\"},{\"@type\":\"Organization\",\"@id\":\"https:\/\/www.o-sarouel.com\/#organization\",\"name\":\"O' Sarouel\",\"url\":\"https:\/\/www.o-sarouel.com\/\",\"logo\":{\"@type\":\"ImageObject\",\"inLanguage\":\"de\",\"@id\":\"https:\/\/www.o-sarouel.com\/#\/schema\/logo\/image\/\",\"url\":\"https:\/\/www.o-sarouel.com\/wp-content\/uploads\/2022\/01\/logo-o-sarouel.png\",\"contentUrl\":\"https:\/\/www.o-sarouel.com\/wp-content\/uploads\/2022\/01\/logo-o-sarouel.png\",\"width\":350,\"height\":250,\"caption\":\"O' Sarouel\"},\"image\":{\"@id\":\"https:\/\/www.o-sarouel.com\/#\/schema\/logo\/image\/\"}}]}<\/script>\n<!-- \/ Yoast SEO plugin. -->","yoast_head_json":{"title":"Blaue Haremshose f\u00fcr Damen | Mikrofaserstoff | Schnelle Lieferung","description":"Diese blaue Damen-Haremshose hat tats\u00e4chlich mehrere Qualit\u00e4ten; und zu ihren Vorteilen geh\u00f6rt, dass sie Ihnen Stil verleiht.","robots":{"index":"index","follow":"follow","max-snippet":"max-snippet:-1","max-image-preview":"max-image-preview:large","max-video-preview":"max-video-preview:-1"},"canonical":"https:\/\/www.o-sarouel.com\/de\/product-2\/blaue-haremshose-fur-damen\/","og_locale":"de_DE","og_type":"article","og_title":"Sarouel bleu femme | Tissu microfibre | Livraison rapide","og_description":"Effectivement, ce\u00a0sarouel bleu femme a plusieurs qualit\u00e9s ; et parmi ses avantages, il y a le fait de vous donner du style.","og_url":"https:\/\/www.o-sarouel.com\/de\/product-2\/blaue-haremshose-fur-damen\/","article_modified_time":"2025-07-07T23:26:07+00:00","og_image":[{"width":600,"height":600,"url":"https:\/\/www.o-sarouel.com\/wp-content\/uploads\/2022\/05\/sarouel-femme-bleu.jpg","type":"image\/jpeg"}],"twitter_card":"summary_large_image","twitter_misc":{"Gesch\u00e4tzte Lesezeit":"3\u00a0Minuten"},"schema":{"@context":"https:\/\/schema.org","@graph":[{"@type":"WebPage","@id":"https:\/\/www.o-sarouel.com\/produit\/sarouel-femme-bleu\/","url":"https:\/\/www.o-sarouel.com\/produit\/sarouel-femme-bleu\/","name":"Blaue Haremshose f\u00fcr Damen | Mikrofaserstoff | Schnelle Lieferung","isPartOf":{"@id":"https:\/\/www.o-sarouel.com\/#website"},"primaryImageOfPage":{"@id":"https:\/\/www.o-sarouel.com\/produit\/sarouel-femme-bleu\/#primaryimage"},"image":{"@id":"https:\/\/www.o-sarouel.com\/produit\/sarouel-femme-bleu\/#primaryimage"},"thumbnailUrl":"https:\/\/www.o-sarouel.com\/wp-content\/uploads\/2022\/05\/sarouel-femme-bleu.jpg","datePublished":"2022-05-10T17:23:41+00:00","dateModified":"2025-07-07T23:26:07+00:00","description":"Diese blaue Damen-Haremshose hat tats\u00e4chlich mehrere Qualit\u00e4ten; und zu ihren Vorteilen geh\u00f6rt, dass sie Ihnen Stil verleiht.","breadcrumb":{"@id":"https:\/\/www.o-sarouel.com\/produit\/sarouel-femme-bleu\/#breadcrumb"},"inLanguage":"de","potentialAction":[{"@type":"ReadAction","target":["https:\/\/www.o-sarouel.com\/produit\/sarouel-femme-bleu\/"]}]},{"@type":"ImageObject","inLanguage":"de","@id":"https:\/\/www.o-sarouel.com\/produit\/sarouel-femme-bleu\/#primaryimage","url":"https:\/\/www.o-sarouel.com\/wp-content\/uploads\/2022\/05\/sarouel-femme-bleu.jpg","contentUrl":"https:\/\/www.o-sarouel.com\/wp-content\/uploads\/2022\/05\/sarouel-femme-bleu.jpg","width":600,"height":600,"caption":"sarouel femme bleu"},{"@type":"BreadcrumbList","@id":"https:\/\/www.o-sarouel.com\/produit\/sarouel-femme-bleu\/#breadcrumb","itemListElement":[{"@type":"ListItem","position":1,"name":"Accueil","item":"https:\/\/www.o-sarouel.com\/"},{"@type":"ListItem","position":2,"name":"Boutique","item":"https:\/\/www.o-sarouel.com\/boutique\/"},{"@type":"ListItem","position":3,"name":"Sarouel femme bleu \/ gris"}]},{"@type":"WebSite","@id":"https:\/\/www.o-sarouel.com\/#website","url":"https:\/\/www.o-sarouel.com\/","name":"","description":"","publisher":{"@id":"https:\/\/www.o-sarouel.com\/#organization"},"potentialAction":[{"@type":"SearchAction","target":{"@type":"EntryPoint","urlTemplate":"https:\/\/www.o-sarouel.com\/?s={search_term_string}"},"query-input":{"@type":"PropertyValueSpecification","valueRequired":true,"valueName":"search_term_string"}}],"inLanguage":"de"},{"@type":"Organization","@id":"https:\/\/www.o-sarouel.com\/#organization","name":"O' Sarouel","url":"https:\/\/www.o-sarouel.com\/","logo":{"@type":"ImageObject","inLanguage":"de","@id":"https:\/\/www.o-sarouel.com\/#\/schema\/logo\/image\/","url":"https:\/\/www.o-sarouel.com\/wp-content\/uploads\/2022\/01\/logo-o-sarouel.png","contentUrl":"https:\/\/www.o-sarouel.com\/wp-content\/uploads\/2022\/01\/logo-o-sarouel.png","width":350,"height":250,"caption":"O' Sarouel"},"image":{"@id":"https:\/\/www.o-sarouel.com\/#\/schema\/logo\/image\/"}}]}},"_links":{"self":[{"href":"https:\/\/www.o-sarouel.com\/de\/wp-json\/wp\/v2\/product\/650","targetHints":{"allow":["GET"]}}],"collection":[{"href":"https:\/\/www.o-sarouel.com\/de\/wp-json\/wp\/v2\/product"}],"about":[{"href":"https:\/\/www.o-sarouel.com\/de\/wp-json\/wp\/v2\/types\/product"}],"wp:featuredmedia":[{"embeddable":true,"href":"https:\/\/www.o-sarouel.com\/de\/wp-json\/wp\/v2\/media\/630"}],"wp:attachment":[{"href":"https:\/\/www.o-sarouel.com\/de\/wp-json\/wp\/v2\/media?parent=650"}],"wp:term":[{"taxonomy":"product_brand","embeddable":true,"href":"https:\/\/www.o-sarouel.com\/de\/wp-json\/wp\/v2\/product_brand?post=650"},{"taxonomy":"product_cat","embeddable":true,"href":"https:\/\/www.o-sarouel.com\/de\/wp-json\/wp\/v2\/product_cat?post=650"},{"taxonomy":"product_tag","embeddable":true,"href":"https:\/\/www.o-sarouel.com\/de\/wp-json\/wp\/v2\/product_tag?post=650"}],"curies":[{"name":"wp","href":"https:\/\/api.w.org\/{rel}","templated":true}]}}