{"id":647,"date":"2022-05-10T17:19:10","date_gmt":"2022-05-10T17:19:10","guid":{"rendered":"https:\/\/www.o-sarouel.com\/?post_type=product&#038;p=647"},"modified":"2025-07-07T23:26:40","modified_gmt":"2025-07-07T23:26:40","slug":"graue-damen-haremshose","status":"publish","type":"product","link":"https:\/\/www.o-sarouel.com\/de\/product-2\/graue-damen-haremshose\/","title":{"rendered":"Graue Damen-Haremshose"},"content":{"rendered":"<p>F\u00fcr diese Sommerferien w\u00e4re es sicherlich interessant, Ihren Stil ein wenig zu ver\u00e4ndern. Denken Sie beim n\u00e4chsten Einkauf an eine graue Damen-Haremshose! Es handelt sich um eine recht bekannte Hose persischen Ursprungs. Entdecken Sie in diesem Text die zahlreichen Vorteile, die diese Wahl mit sich bringt.<\/p>\n<h2><strong>Entscheiden Sie sich f\u00fcr eine graue Damen-Haremshose, die garantiert bequem ist!<\/strong><\/h2>\n<p>Die graue Damen-Haremshose ist weit geschnitten und sehr geschmeidig. Mit diesem Kleidungsst\u00fcck gibt es also keinerlei Probleme hinsichtlich Bequemlichkeit oder Bewegungsfreiheit, insbesondere f\u00fcr Frauen. Eine Mastour-Hose, die viel Freiheit bietet. Der recht weite Schlitz im Schritt tr\u00e4gt wesentlich dazu bei. Andererseits kaschiert sie die K\u00f6rperform. F\u00fcr Frauen, die sich selbst nicht besonders m\u00f6gen, ist sie eine hervorragende Alternative, um ohne Angst vor Blicken auszugehen. Sie eignet sich sowohl f\u00fcr Frauen als auch f\u00fcr M\u00e4nner. Dank ihrer Beschaffenheit kann sie au\u00dferdem sowohl im Sommer als auch im Winter getragen werden.<\/p>\n<h2><strong>Ein praktisches Kleidungsst\u00fcck f\u00fcr einen individuellen Stil<\/strong><\/h2>\n<p>Es handelt sich um ein Modeelement, das Ihnen das Leben erleichtert. Es ist einfach zu tragen und zu pflegen. So muss es beispielsweise vor dem Anziehen nicht geb\u00fcgelt werden. Mit diesem trendigen Modeelement k\u00f6nnen Sie einen korrekten und l\u00e4ssigen Stil erzielen. Es gibt verschiedene Varianten:<\/p>\n<ul>\n<li>der Hippie;<\/li>\n<li>ethnisch<\/li>\n<li>Sarouel-Montage<\/li>\n<li>Rasta;<\/li>\n<li>die Latzhose;<\/li>\n<li><a href=\"https:\/\/www.o-sarouel.com\/de\/techwear\/\"><strong>Techwear<\/strong><\/a><\/li>\n<li>die schlichte Hose.<\/li>\n<\/ul>\n<p>Entscheiden Sie sich einfach f\u00fcr einen modernen und eleganten Look. W\u00e4hlen Sie entsprechend Ihrem Stil.<\/p>\n<h2><strong>Die graue Damen-Haremshose, ideal f\u00fcr alle Gelegenheiten<\/strong><\/h2>\n<p>Die Haremshose kann zu jedem Anlass getragen werden. Sie k\u00f6nnen sie zu Hause, zum Ausgehen, im B\u00fcro oder bei anderen informellen Aktivit\u00e4ten tragen. In diesem Zusammenhang k\u00f6nnen Sie mit Farben spielen, um Ihr Schmuckst\u00fcck besser zur Geltung zu bringen. Beispielsweise passt die graue Haremshose f\u00fcr Damen gut zu allen Oberteilen.<\/p>\n<p>Es wird dringend empfohlen, Ihre Entspannungs\u00fcbungen darin durchzuf\u00fchren. Sie k\u00f6nnen es auch zum Zumba tragen. Mit diesem Kleidungsst\u00fcck zeigen Sie schlie\u00dflich, dass Sie offen f\u00fcr andere Kulturen sind.<\/p>","protected":false},"excerpt":{"rendered":"<p><strong>Stoff<\/strong> : Mikrofaser.<\/p>","protected":false},"featured_media":628,"template":"","meta":[],"product_brand":[],"product_cat":[86],"product_tag":[],"class_list":{"0":"post-647","1":"product","2":"type-product","3":"status-publish","4":"has-post-thumbnail","6":"product_cat-fin-de-stock","8":"first","9":"outofstock","10":"shipping-taxable","11":"purchasable","12":"product-type-variable"},"yoast_head":"<!-- This site is optimized with the Yoast SEO plugin v26.9 - https:\/\/yoast.com\/product\/yoast-seo-wordpress\/ -->\n<title>Sarouel femme gris | Tissu microfibre de qualit\u00e9 | Livraison rapide<\/title>\n<meta name=\"description\" content=\"Pour ces vacances d\u2019\u00e9t\u00e9, il serait assur\u00e9ment int\u00e9ressant d\u2019apporter quelques modifications \u00e0 votre style. Au prochain shopping, pensez sarouel\u2009femme gris !\" \/>\n<meta name=\"robots\" content=\"index, follow, max-snippet:-1, max-image-preview:large, max-video-preview:-1\" \/>\n<link rel=\"canonical\" href=\"https:\/\/www.o-sarouel.com\/de\/product-2\/graue-damen-haremshose\/\" \/>\n<meta property=\"og:locale\" content=\"de_DE\" \/>\n<meta property=\"og:type\" content=\"article\" \/>\n<meta property=\"og:title\" content=\"Sarouel femme gris | Tissu microfibre de qualit\u00e9 | Livraison rapide\" \/>\n<meta property=\"og:description\" content=\"Pour ces vacances d\u2019\u00e9t\u00e9, il serait assur\u00e9ment int\u00e9ressant d\u2019apporter quelques modifications \u00e0 votre style. Au prochain shopping, pensez sarouel\u2009femme gris !\" \/>\n<meta property=\"og:url\" content=\"https:\/\/www.o-sarouel.com\/de\/product-2\/graue-damen-haremshose\/\" \/>\n<meta property=\"article:modified_time\" content=\"2025-07-07T23:26:40+00:00\" \/>\n<meta property=\"og:image\" content=\"https:\/\/www.o-sarouel.com\/wp-content\/uploads\/2022\/05\/sarouel-femme-gris.jpg\" \/>\n\t<meta property=\"og:image:width\" content=\"600\" \/>\n\t<meta property=\"og:image:height\" content=\"600\" \/>\n\t<meta property=\"og:image:type\" content=\"image\/jpeg\" \/>\n<meta name=\"twitter:card\" content=\"summary_large_image\" \/>\n<meta name=\"twitter:label1\" content=\"Gesch\u00e4tzte Lesezeit\" \/>\n\t<meta name=\"twitter:data1\" content=\"2\u00a0Minuten\" \/>\n<script type=\"application\/ld+json\" class=\"yoast-schema-graph\">{\"@context\":\"https:\/\/schema.org\",\"@graph\":[{\"@type\":\"WebPage\",\"@id\":\"https:\/\/www.o-sarouel.com\/produit\/sarouel-femme-gris\/\",\"url\":\"https:\/\/www.o-sarouel.com\/produit\/sarouel-femme-gris\/\",\"name\":\"Sarouel femme gris | Tissu microfibre de qualit\u00e9 | Livraison rapide\",\"isPartOf\":{\"@id\":\"https:\/\/www.o-sarouel.com\/#website\"},\"primaryImageOfPage\":{\"@id\":\"https:\/\/www.o-sarouel.com\/produit\/sarouel-femme-gris\/#primaryimage\"},\"image\":{\"@id\":\"https:\/\/www.o-sarouel.com\/produit\/sarouel-femme-gris\/#primaryimage\"},\"thumbnailUrl\":\"https:\/\/www.o-sarouel.com\/wp-content\/uploads\/2022\/05\/sarouel-femme-gris.jpg\",\"datePublished\":\"2022-05-10T17:19:10+00:00\",\"dateModified\":\"2025-07-07T23:26:40+00:00\",\"description\":\"Pour ces vacances d\u2019\u00e9t\u00e9, il serait assur\u00e9ment int\u00e9ressant d\u2019apporter quelques modifications \u00e0 votre style. Au prochain shopping, pensez sarouel\u2009femme gris !\",\"breadcrumb\":{\"@id\":\"https:\/\/www.o-sarouel.com\/produit\/sarouel-femme-gris\/#breadcrumb\"},\"inLanguage\":\"de\",\"potentialAction\":[{\"@type\":\"ReadAction\",\"target\":[\"https:\/\/www.o-sarouel.com\/produit\/sarouel-femme-gris\/\"]}]},{\"@type\":\"ImageObject\",\"inLanguage\":\"de\",\"@id\":\"https:\/\/www.o-sarouel.com\/produit\/sarouel-femme-gris\/#primaryimage\",\"url\":\"https:\/\/www.o-sarouel.com\/wp-content\/uploads\/2022\/05\/sarouel-femme-gris.jpg\",\"contentUrl\":\"https:\/\/www.o-sarouel.com\/wp-content\/uploads\/2022\/05\/sarouel-femme-gris.jpg\",\"width\":600,\"height\":600,\"caption\":\"Sarouel femme gris\"},{\"@type\":\"BreadcrumbList\",\"@id\":\"https:\/\/www.o-sarouel.com\/produit\/sarouel-femme-gris\/#breadcrumb\",\"itemListElement\":[{\"@type\":\"ListItem\",\"position\":1,\"name\":\"Accueil\",\"item\":\"https:\/\/www.o-sarouel.com\/\"},{\"@type\":\"ListItem\",\"position\":2,\"name\":\"Boutique\",\"item\":\"https:\/\/www.o-sarouel.com\/boutique\/\"},{\"@type\":\"ListItem\",\"position\":3,\"name\":\"Sarouel femme gris\"}]},{\"@type\":\"WebSite\",\"@id\":\"https:\/\/www.o-sarouel.com\/#website\",\"url\":\"https:\/\/www.o-sarouel.com\/\",\"name\":\"\",\"description\":\"\",\"publisher\":{\"@id\":\"https:\/\/www.o-sarouel.com\/#organization\"},\"potentialAction\":[{\"@type\":\"SearchAction\",\"target\":{\"@type\":\"EntryPoint\",\"urlTemplate\":\"https:\/\/www.o-sarouel.com\/?s={search_term_string}\"},\"query-input\":{\"@type\":\"PropertyValueSpecification\",\"valueRequired\":true,\"valueName\":\"search_term_string\"}}],\"inLanguage\":\"de\"},{\"@type\":\"Organization\",\"@id\":\"https:\/\/www.o-sarouel.com\/#organization\",\"name\":\"O' Sarouel\",\"url\":\"https:\/\/www.o-sarouel.com\/\",\"logo\":{\"@type\":\"ImageObject\",\"inLanguage\":\"de\",\"@id\":\"https:\/\/www.o-sarouel.com\/#\/schema\/logo\/image\/\",\"url\":\"https:\/\/www.o-sarouel.com\/wp-content\/uploads\/2022\/01\/logo-o-sarouel.png\",\"contentUrl\":\"https:\/\/www.o-sarouel.com\/wp-content\/uploads\/2022\/01\/logo-o-sarouel.png\",\"width\":350,\"height\":250,\"caption\":\"O' Sarouel\"},\"image\":{\"@id\":\"https:\/\/www.o-sarouel.com\/#\/schema\/logo\/image\/\"}}]}<\/script>\n<!-- \/ Yoast SEO plugin. -->","yoast_head_json":{"title":"Graue Damen-Haremshose | Hochwertiger Mikrofaserstoff | Schnelle Lieferung","description":"F\u00fcr diese Sommerferien w\u00e4re es sicherlich interessant, Ihren Stil ein wenig zu ver\u00e4ndern. Denken Sie beim n\u00e4chsten Einkauf an graue Haremshosen f\u00fcr Damen!","robots":{"index":"index","follow":"follow","max-snippet":"max-snippet:-1","max-image-preview":"max-image-preview:large","max-video-preview":"max-video-preview:-1"},"canonical":"https:\/\/www.o-sarouel.com\/de\/product-2\/graue-damen-haremshose\/","og_locale":"de_DE","og_type":"article","og_title":"Sarouel femme gris | Tissu microfibre de qualit\u00e9 | Livraison rapide","og_description":"Pour ces vacances d\u2019\u00e9t\u00e9, il serait assur\u00e9ment int\u00e9ressant d\u2019apporter quelques modifications \u00e0 votre style. Au prochain shopping, pensez sarouel\u2009femme gris !","og_url":"https:\/\/www.o-sarouel.com\/de\/product-2\/graue-damen-haremshose\/","article_modified_time":"2025-07-07T23:26:40+00:00","og_image":[{"width":600,"height":600,"url":"https:\/\/www.o-sarouel.com\/wp-content\/uploads\/2022\/05\/sarouel-femme-gris.jpg","type":"image\/jpeg"}],"twitter_card":"summary_large_image","twitter_misc":{"Gesch\u00e4tzte Lesezeit":"2\u00a0Minuten"},"schema":{"@context":"https:\/\/schema.org","@graph":[{"@type":"WebPage","@id":"https:\/\/www.o-sarouel.com\/produit\/sarouel-femme-gris\/","url":"https:\/\/www.o-sarouel.com\/produit\/sarouel-femme-gris\/","name":"Graue Damen-Haremshose | Hochwertiger Mikrofaserstoff | Schnelle Lieferung","isPartOf":{"@id":"https:\/\/www.o-sarouel.com\/#website"},"primaryImageOfPage":{"@id":"https:\/\/www.o-sarouel.com\/produit\/sarouel-femme-gris\/#primaryimage"},"image":{"@id":"https:\/\/www.o-sarouel.com\/produit\/sarouel-femme-gris\/#primaryimage"},"thumbnailUrl":"https:\/\/www.o-sarouel.com\/wp-content\/uploads\/2022\/05\/sarouel-femme-gris.jpg","datePublished":"2022-05-10T17:19:10+00:00","dateModified":"2025-07-07T23:26:40+00:00","description":"F\u00fcr diese Sommerferien w\u00e4re es sicherlich interessant, Ihren Stil ein wenig zu ver\u00e4ndern. Denken Sie beim n\u00e4chsten Einkauf an graue Haremshosen f\u00fcr Damen!","breadcrumb":{"@id":"https:\/\/www.o-sarouel.com\/produit\/sarouel-femme-gris\/#breadcrumb"},"inLanguage":"de","potentialAction":[{"@type":"ReadAction","target":["https:\/\/www.o-sarouel.com\/produit\/sarouel-femme-gris\/"]}]},{"@type":"ImageObject","inLanguage":"de","@id":"https:\/\/www.o-sarouel.com\/produit\/sarouel-femme-gris\/#primaryimage","url":"https:\/\/www.o-sarouel.com\/wp-content\/uploads\/2022\/05\/sarouel-femme-gris.jpg","contentUrl":"https:\/\/www.o-sarouel.com\/wp-content\/uploads\/2022\/05\/sarouel-femme-gris.jpg","width":600,"height":600,"caption":"Sarouel femme gris"},{"@type":"BreadcrumbList","@id":"https:\/\/www.o-sarouel.com\/produit\/sarouel-femme-gris\/#breadcrumb","itemListElement":[{"@type":"ListItem","position":1,"name":"Accueil","item":"https:\/\/www.o-sarouel.com\/"},{"@type":"ListItem","position":2,"name":"Boutique","item":"https:\/\/www.o-sarouel.com\/boutique\/"},{"@type":"ListItem","position":3,"name":"Sarouel femme gris"}]},{"@type":"WebSite","@id":"https:\/\/www.o-sarouel.com\/#website","url":"https:\/\/www.o-sarouel.com\/","name":"","description":"","publisher":{"@id":"https:\/\/www.o-sarouel.com\/#organization"},"potentialAction":[{"@type":"SearchAction","target":{"@type":"EntryPoint","urlTemplate":"https:\/\/www.o-sarouel.com\/?s={search_term_string}"},"query-input":{"@type":"PropertyValueSpecification","valueRequired":true,"valueName":"search_term_string"}}],"inLanguage":"de"},{"@type":"Organization","@id":"https:\/\/www.o-sarouel.com\/#organization","name":"O' Sarouel","url":"https:\/\/www.o-sarouel.com\/","logo":{"@type":"ImageObject","inLanguage":"de","@id":"https:\/\/www.o-sarouel.com\/#\/schema\/logo\/image\/","url":"https:\/\/www.o-sarouel.com\/wp-content\/uploads\/2022\/01\/logo-o-sarouel.png","contentUrl":"https:\/\/www.o-sarouel.com\/wp-content\/uploads\/2022\/01\/logo-o-sarouel.png","width":350,"height":250,"caption":"O' Sarouel"},"image":{"@id":"https:\/\/www.o-sarouel.com\/#\/schema\/logo\/image\/"}}]}},"_links":{"self":[{"href":"https:\/\/www.o-sarouel.com\/de\/wp-json\/wp\/v2\/product\/647","targetHints":{"allow":["GET"]}}],"collection":[{"href":"https:\/\/www.o-sarouel.com\/de\/wp-json\/wp\/v2\/product"}],"about":[{"href":"https:\/\/www.o-sarouel.com\/de\/wp-json\/wp\/v2\/types\/product"}],"wp:featuredmedia":[{"embeddable":true,"href":"https:\/\/www.o-sarouel.com\/de\/wp-json\/wp\/v2\/media\/628"}],"wp:attachment":[{"href":"https:\/\/www.o-sarouel.com\/de\/wp-json\/wp\/v2\/media?parent=647"}],"wp:term":[{"taxonomy":"product_brand","embeddable":true,"href":"https:\/\/www.o-sarouel.com\/de\/wp-json\/wp\/v2\/product_brand?post=647"},{"taxonomy":"product_cat","embeddable":true,"href":"https:\/\/www.o-sarouel.com\/de\/wp-json\/wp\/v2\/product_cat?post=647"},{"taxonomy":"product_tag","embeddable":true,"href":"https:\/\/www.o-sarouel.com\/de\/wp-json\/wp\/v2\/product_tag?post=647"}],"curies":[{"name":"wp","href":"https:\/\/api.w.org\/{rel}","templated":true}]}}