{"id":644,"date":"2022-05-10T17:15:47","date_gmt":"2022-05-10T17:15:47","guid":{"rendered":"https:\/\/www.o-sarouel.com\/?post_type=product&#038;p=644"},"modified":"2025-07-07T23:28:10","modified_gmt":"2025-07-07T23:28:10","slug":"sarouelhose-fur-damen-schwarz","status":"publish","type":"product","link":"https:\/\/www.o-sarouel.com\/de\/product-2\/sarouelhose-fur-damen-schwarz\/","title":{"rendered":"Schwarze Haremshose f\u00fcr Damen"},"content":{"rendered":"<p>Der\u00a0<strong>Sarouelhose f\u00fcr Damen, schwarz\u00a0<\/strong>ist zweifellos ein Basic, das in keinem Kleiderschrank fehlen sollte. Trauen Sie sich, eine Haremshose zu tragen, Sie werden es garantiert nicht bereuen.<\/p>\n<h2><strong>Die Damen-Sarouelhose von o-sarouel: endlich eine weite Hose, die gesetzlich zul\u00e4ssig ist\u00a0<\/strong><\/h2>\n<p>Unsere Sarouelhosen f\u00fcr Damen wurden speziell entwickelt, um der Sittsamkeit muslimischer Frauen gerecht zu werden. Einige sogenannte \u201egesetzkonforme\u201c Sarouelhosen sehen beim Tragen eher wie Hosen aus oder entsprechen nicht ganz den\u00a0<strong>awra\u00a0<\/strong>der Frau. Tats\u00e4chlich k\u00f6nnen sie hochrutschen und die Kn\u00f6chel sichtbar machen.<\/p>\n<p>Im Gegensatz zu diesen k\u00f6nnten unsere Sarouelhosen mit R\u00f6cken verglichen werden, nat\u00fcrlich ohne deren Nachteile.<\/p>\n<p>Unsere Marke bietet eine gro\u00dfe Auswahl an Farben, damit keine Langeweile aufkommt.<\/p>\n<p>Warum nicht Zur\u00fcckhaltung und Eleganz miteinander verbinden?<\/p>\n<h2><strong>Die schwarze Damen-Haremshose: nichts ist praktischer\u00a0<\/strong><\/h2>\n<p>Schluss mit dem Jilbeb, der auf dem Boden schleift, denn dank des\u00a0<strong>Sarouelhose f\u00fcr Damen, schwarz\u00a0<\/strong>k\u00f6nnen Sie spazieren gehen, ohne den ganzen Staub von drau\u00dfen mitzubringen.<\/p>\n<p>Welche Frau kennt nicht die Probleme mit dem Jilbab-Rock bei Regenwetter? Endlich\u00a0<strong>Sarouelhose f\u00fcr Damen, schwarz\u00a0<\/strong>konnte diese Probleme beheben, er sammelt nicht das gesamte Wasser auf, das sich auf dem Boden befindet.<\/p>\n<p>Aber auch f\u00fcr M\u00fctter, mit einem\u00a0<strong>Sarouelhose f\u00fcr Damen, schwarz\u00a0<\/strong>verhindert, dass Sie beim Tragen Ihres Kindes \u00fcber Ihren Rock stolpern. Dank seiner schwarzen Farbe l\u00e4sst er sich bei leichten Verschmutzungen schnell mit einem Schwamm reinigen.<\/p>\n<p>Vergessen wir nicht, dass Sie sich den ganzen Tag \u00fcber wohlf\u00fchlen werden, wenn Sie sich daf\u00fcr entscheiden.<\/p>\n<p>Schlie\u00dflich erspart es Ihnen eine Menge Unf\u00e4lle beim Treppensteigen oder Zusammenst\u00f6\u00dfe mit den R\u00e4dern des Einkaufswagens.<\/p>\n<h3><strong>Ein Must-have f\u00fcr die Garderobe muslimischer Frauen\u00a0<\/strong><\/h3>\n<p>Der\u00a0<strong>Sarouelhose f\u00fcr Damen, schwarz\u00a0<\/strong>passt zu jedem Outfit. Er kann sowohl mit einem Jilbab-Oberteil als auch mit einer weiten Tunika im Freien getragen werden. F\u00fcr mehr Bedeckung kann er sogar unter einem <a href=\"https:\/\/www.my-abaya-dubai.com\/\" target=\"_blank\" rel=\"noopener\"><strong>Abaya<\/strong><\/a>.<\/p>\n<p>Au\u00dferdem passt es zu jedem Outfit, da es auch zu Hause zu jedem Oberteil getragen werden kann.<\/p>\n<p>Da Schwarz zu allen Farben passt, k\u00f6nnen Sie sich austoben und es mit vielen trendigen Outfits kombinieren.<\/p>\n<p>Das Mikrofasermaterial kann sowohl im Winter als auch im Sommer getragen werden und ist bekannt daf\u00fcr, dass es knitterfrei und langlebig ist. Au\u00dferdem l\u00e4sst es sich leicht waschen und trocknet sehr schnell.<\/p>\n<p>Es stehen Ihnen 2 Gr\u00f6\u00dfen zur Verf\u00fcgung, sodass es f\u00fcr alle K\u00f6rpergr\u00f6\u00dfen geeignet ist.<\/p>\n<p>Zusammenfassend l\u00e4sst sich sagen, dass\u00a0<strong>Sarouelhose f\u00fcr Damen, schwarz\u00a0<\/strong>wird zu einem unverzichtbaren Bestandteil Ihrer Garderobe. Wenn Sie es einmal getragen haben, werden Sie nicht mehr darauf verzichten wollen.<\/p>\n<p>Probieren Sie es aus, es kostet nur 19,90 \u20ac. Sie m\u00fcssen nicht lange \u00fcberlegen.<\/p>\n<p><strong>O-sarouel.com\u00a0<\/strong>hat auch an unsere Herren gedacht, mit unseren wundersch\u00f6nen Marken Dc Jeans, Na3im, Qabail und vielen anderen. Entdecken Sie auch unsere Badehosen f\u00fcr M\u00e4nner, die Wert auf ihre Schamhaftigkeit legen.<\/p>\n<p>Unsere kleinen Muslime werden sich auch freuen, sich mit unseren <a href=\"https:\/\/www.o-sarouel.com\/de\/kategorie\/sarouelhose-fur-babys-und-kinder\/\"><strong>Kinder-Haremshosen<\/strong><\/a>.<\/p>","protected":false},"excerpt":{"rendered":"<p><strong>Stoff<\/strong> : Mikrofaser.<\/p>","protected":false},"featured_media":632,"template":"","meta":[],"product_brand":[],"product_cat":[86],"product_tag":[],"class_list":{"0":"post-644","1":"product","2":"type-product","3":"status-publish","4":"has-post-thumbnail","6":"product_cat-fin-de-stock","8":"first","9":"outofstock","10":"shipping-taxable","11":"purchasable","12":"product-type-variable"},"yoast_head":"<!-- This site is optimized with the Yoast SEO plugin v26.9 - https:\/\/yoast.com\/product\/yoast-seo-wordpress\/ -->\n<title>Sarouel femme noir | Tissu microfibre de qualit\u00e9 | Livraison rapide<\/title>\n<meta name=\"description\" content=\"Le\u00a0sarouel femme noir\u00a0est incontestablement un basique que l\u2019on devrait trouver dans toute garde-robe. Adoptez-le !\" \/>\n<meta name=\"robots\" content=\"index, follow, max-snippet:-1, max-image-preview:large, max-video-preview:-1\" \/>\n<link rel=\"canonical\" href=\"https:\/\/www.o-sarouel.com\/de\/product-2\/sarouelhose-fur-damen-schwarz\/\" \/>\n<meta property=\"og:locale\" content=\"de_DE\" \/>\n<meta property=\"og:type\" content=\"article\" \/>\n<meta property=\"og:title\" content=\"Sarouel femme noir | Tissu microfibre de qualit\u00e9 | Livraison rapide\" \/>\n<meta property=\"og:description\" content=\"Le\u00a0sarouel femme noir\u00a0est incontestablement un basique que l\u2019on devrait trouver dans toute garde-robe. Adoptez-le !\" \/>\n<meta property=\"og:url\" content=\"https:\/\/www.o-sarouel.com\/de\/product-2\/sarouelhose-fur-damen-schwarz\/\" \/>\n<meta property=\"article:modified_time\" content=\"2025-07-07T23:28:10+00:00\" \/>\n<meta property=\"og:image\" content=\"https:\/\/www.o-sarouel.com\/wp-content\/uploads\/2022\/05\/sarouel-femme-noir.jpg\" \/>\n\t<meta property=\"og:image:width\" content=\"600\" \/>\n\t<meta property=\"og:image:height\" content=\"600\" \/>\n\t<meta property=\"og:image:type\" content=\"image\/jpeg\" \/>\n<meta name=\"twitter:card\" content=\"summary_large_image\" \/>\n<meta name=\"twitter:label1\" content=\"Gesch\u00e4tzte Lesezeit\" \/>\n\t<meta name=\"twitter:data1\" content=\"3\u00a0Minuten\" \/>\n<script type=\"application\/ld+json\" class=\"yoast-schema-graph\">{\"@context\":\"https:\/\/schema.org\",\"@graph\":[{\"@type\":\"WebPage\",\"@id\":\"https:\/\/www.o-sarouel.com\/produit\/sarouel-femme-noir\/\",\"url\":\"https:\/\/www.o-sarouel.com\/produit\/sarouel-femme-noir\/\",\"name\":\"Sarouel femme noir | Tissu microfibre de qualit\u00e9 | Livraison rapide\",\"isPartOf\":{\"@id\":\"https:\/\/www.o-sarouel.com\/#website\"},\"primaryImageOfPage\":{\"@id\":\"https:\/\/www.o-sarouel.com\/produit\/sarouel-femme-noir\/#primaryimage\"},\"image\":{\"@id\":\"https:\/\/www.o-sarouel.com\/produit\/sarouel-femme-noir\/#primaryimage\"},\"thumbnailUrl\":\"https:\/\/www.o-sarouel.com\/wp-content\/uploads\/2022\/05\/sarouel-femme-noir.jpg\",\"datePublished\":\"2022-05-10T17:15:47+00:00\",\"dateModified\":\"2025-07-07T23:28:10+00:00\",\"description\":\"Le\u00a0sarouel femme noir\u00a0est incontestablement un basique que l\u2019on devrait trouver dans toute garde-robe. Adoptez-le !\",\"breadcrumb\":{\"@id\":\"https:\/\/www.o-sarouel.com\/produit\/sarouel-femme-noir\/#breadcrumb\"},\"inLanguage\":\"de\",\"potentialAction\":[{\"@type\":\"ReadAction\",\"target\":[\"https:\/\/www.o-sarouel.com\/produit\/sarouel-femme-noir\/\"]}]},{\"@type\":\"ImageObject\",\"inLanguage\":\"de\",\"@id\":\"https:\/\/www.o-sarouel.com\/produit\/sarouel-femme-noir\/#primaryimage\",\"url\":\"https:\/\/www.o-sarouel.com\/wp-content\/uploads\/2022\/05\/sarouel-femme-noir.jpg\",\"contentUrl\":\"https:\/\/www.o-sarouel.com\/wp-content\/uploads\/2022\/05\/sarouel-femme-noir.jpg\",\"width\":600,\"height\":600,\"caption\":\"sarouel femme noir\"},{\"@type\":\"BreadcrumbList\",\"@id\":\"https:\/\/www.o-sarouel.com\/produit\/sarouel-femme-noir\/#breadcrumb\",\"itemListElement\":[{\"@type\":\"ListItem\",\"position\":1,\"name\":\"Accueil\",\"item\":\"https:\/\/www.o-sarouel.com\/\"},{\"@type\":\"ListItem\",\"position\":2,\"name\":\"Boutique\",\"item\":\"https:\/\/www.o-sarouel.com\/boutique\/\"},{\"@type\":\"ListItem\",\"position\":3,\"name\":\"Sarouel femme noir\"}]},{\"@type\":\"WebSite\",\"@id\":\"https:\/\/www.o-sarouel.com\/#website\",\"url\":\"https:\/\/www.o-sarouel.com\/\",\"name\":\"\",\"description\":\"\",\"publisher\":{\"@id\":\"https:\/\/www.o-sarouel.com\/#organization\"},\"potentialAction\":[{\"@type\":\"SearchAction\",\"target\":{\"@type\":\"EntryPoint\",\"urlTemplate\":\"https:\/\/www.o-sarouel.com\/?s={search_term_string}\"},\"query-input\":{\"@type\":\"PropertyValueSpecification\",\"valueRequired\":true,\"valueName\":\"search_term_string\"}}],\"inLanguage\":\"de\"},{\"@type\":\"Organization\",\"@id\":\"https:\/\/www.o-sarouel.com\/#organization\",\"name\":\"O' Sarouel\",\"url\":\"https:\/\/www.o-sarouel.com\/\",\"logo\":{\"@type\":\"ImageObject\",\"inLanguage\":\"de\",\"@id\":\"https:\/\/www.o-sarouel.com\/#\/schema\/logo\/image\/\",\"url\":\"https:\/\/www.o-sarouel.com\/wp-content\/uploads\/2022\/01\/logo-o-sarouel.png\",\"contentUrl\":\"https:\/\/www.o-sarouel.com\/wp-content\/uploads\/2022\/01\/logo-o-sarouel.png\",\"width\":350,\"height\":250,\"caption\":\"O' Sarouel\"},\"image\":{\"@id\":\"https:\/\/www.o-sarouel.com\/#\/schema\/logo\/image\/\"}}]}<\/script>\n<!-- \/ Yoast SEO plugin. -->","yoast_head_json":{"title":"Schwarze Damen-Haremshose | Hochwertiger Mikrofaserstoff | Schnelle Lieferung","description":"Die schwarze Damen-Haremshose ist zweifellos ein Basic, das in keinem Kleiderschrank fehlen sollte. Holen Sie sich diese Hose!","robots":{"index":"index","follow":"follow","max-snippet":"max-snippet:-1","max-image-preview":"max-image-preview:large","max-video-preview":"max-video-preview:-1"},"canonical":"https:\/\/www.o-sarouel.com\/de\/product-2\/sarouelhose-fur-damen-schwarz\/","og_locale":"de_DE","og_type":"article","og_title":"Sarouel femme noir | Tissu microfibre de qualit\u00e9 | Livraison rapide","og_description":"Le\u00a0sarouel femme noir\u00a0est incontestablement un basique que l\u2019on devrait trouver dans toute garde-robe. Adoptez-le !","og_url":"https:\/\/www.o-sarouel.com\/de\/product-2\/sarouelhose-fur-damen-schwarz\/","article_modified_time":"2025-07-07T23:28:10+00:00","og_image":[{"width":600,"height":600,"url":"https:\/\/www.o-sarouel.com\/wp-content\/uploads\/2022\/05\/sarouel-femme-noir.jpg","type":"image\/jpeg"}],"twitter_card":"summary_large_image","twitter_misc":{"Gesch\u00e4tzte Lesezeit":"3\u00a0Minuten"},"schema":{"@context":"https:\/\/schema.org","@graph":[{"@type":"WebPage","@id":"https:\/\/www.o-sarouel.com\/produit\/sarouel-femme-noir\/","url":"https:\/\/www.o-sarouel.com\/produit\/sarouel-femme-noir\/","name":"Schwarze Damen-Haremshose | Hochwertiger Mikrofaserstoff | Schnelle Lieferung","isPartOf":{"@id":"https:\/\/www.o-sarouel.com\/#website"},"primaryImageOfPage":{"@id":"https:\/\/www.o-sarouel.com\/produit\/sarouel-femme-noir\/#primaryimage"},"image":{"@id":"https:\/\/www.o-sarouel.com\/produit\/sarouel-femme-noir\/#primaryimage"},"thumbnailUrl":"https:\/\/www.o-sarouel.com\/wp-content\/uploads\/2022\/05\/sarouel-femme-noir.jpg","datePublished":"2022-05-10T17:15:47+00:00","dateModified":"2025-07-07T23:28:10+00:00","description":"Die schwarze Damen-Haremshose ist zweifellos ein Basic, das in keinem Kleiderschrank fehlen sollte. Holen Sie sich diese Hose!","breadcrumb":{"@id":"https:\/\/www.o-sarouel.com\/produit\/sarouel-femme-noir\/#breadcrumb"},"inLanguage":"de","potentialAction":[{"@type":"ReadAction","target":["https:\/\/www.o-sarouel.com\/produit\/sarouel-femme-noir\/"]}]},{"@type":"ImageObject","inLanguage":"de","@id":"https:\/\/www.o-sarouel.com\/produit\/sarouel-femme-noir\/#primaryimage","url":"https:\/\/www.o-sarouel.com\/wp-content\/uploads\/2022\/05\/sarouel-femme-noir.jpg","contentUrl":"https:\/\/www.o-sarouel.com\/wp-content\/uploads\/2022\/05\/sarouel-femme-noir.jpg","width":600,"height":600,"caption":"sarouel femme noir"},{"@type":"BreadcrumbList","@id":"https:\/\/www.o-sarouel.com\/produit\/sarouel-femme-noir\/#breadcrumb","itemListElement":[{"@type":"ListItem","position":1,"name":"Accueil","item":"https:\/\/www.o-sarouel.com\/"},{"@type":"ListItem","position":2,"name":"Boutique","item":"https:\/\/www.o-sarouel.com\/boutique\/"},{"@type":"ListItem","position":3,"name":"Sarouel femme noir"}]},{"@type":"WebSite","@id":"https:\/\/www.o-sarouel.com\/#website","url":"https:\/\/www.o-sarouel.com\/","name":"","description":"","publisher":{"@id":"https:\/\/www.o-sarouel.com\/#organization"},"potentialAction":[{"@type":"SearchAction","target":{"@type":"EntryPoint","urlTemplate":"https:\/\/www.o-sarouel.com\/?s={search_term_string}"},"query-input":{"@type":"PropertyValueSpecification","valueRequired":true,"valueName":"search_term_string"}}],"inLanguage":"de"},{"@type":"Organization","@id":"https:\/\/www.o-sarouel.com\/#organization","name":"O' Sarouel","url":"https:\/\/www.o-sarouel.com\/","logo":{"@type":"ImageObject","inLanguage":"de","@id":"https:\/\/www.o-sarouel.com\/#\/schema\/logo\/image\/","url":"https:\/\/www.o-sarouel.com\/wp-content\/uploads\/2022\/01\/logo-o-sarouel.png","contentUrl":"https:\/\/www.o-sarouel.com\/wp-content\/uploads\/2022\/01\/logo-o-sarouel.png","width":350,"height":250,"caption":"O' Sarouel"},"image":{"@id":"https:\/\/www.o-sarouel.com\/#\/schema\/logo\/image\/"}}]}},"_links":{"self":[{"href":"https:\/\/www.o-sarouel.com\/de\/wp-json\/wp\/v2\/product\/644","targetHints":{"allow":["GET"]}}],"collection":[{"href":"https:\/\/www.o-sarouel.com\/de\/wp-json\/wp\/v2\/product"}],"about":[{"href":"https:\/\/www.o-sarouel.com\/de\/wp-json\/wp\/v2\/types\/product"}],"wp:featuredmedia":[{"embeddable":true,"href":"https:\/\/www.o-sarouel.com\/de\/wp-json\/wp\/v2\/media\/632"}],"wp:attachment":[{"href":"https:\/\/www.o-sarouel.com\/de\/wp-json\/wp\/v2\/media?parent=644"}],"wp:term":[{"taxonomy":"product_brand","embeddable":true,"href":"https:\/\/www.o-sarouel.com\/de\/wp-json\/wp\/v2\/product_brand?post=644"},{"taxonomy":"product_cat","embeddable":true,"href":"https:\/\/www.o-sarouel.com\/de\/wp-json\/wp\/v2\/product_cat?post=644"},{"taxonomy":"product_tag","embeddable":true,"href":"https:\/\/www.o-sarouel.com\/de\/wp-json\/wp\/v2\/product_tag?post=644"}],"curies":[{"name":"wp","href":"https:\/\/api.w.org\/{rel}","templated":true}]}}