{"id":641,"date":"2022-05-10T17:14:16","date_gmt":"2022-05-10T17:14:16","guid":{"rendered":"https:\/\/www.o-sarouel.com\/?post_type=product&#038;p=641"},"modified":"2024-07-16T20:36:20","modified_gmt":"2024-07-16T20:36:20","slug":"sarouelhose-fur-damen-in-khaki-grun","status":"publish","type":"product","link":"https:\/\/www.o-sarouel.com\/de\/product-2\/sarouelhose-fur-damen-in-khaki-grun\/","title":{"rendered":"Sarouelhose f\u00fcr Damen in Khaki-Gr\u00fcn"},"content":{"rendered":"<p>Der\u00a0<strong>Hosenrock f\u00fcr Damen in Khaki<\/strong>, ist die unverzichtbare Hose der\u00a0<strong>muslimische Frau<\/strong>. Ein\u00a0<strong>gesetzlich vorgeschriebene Kleidung<\/strong>\u00a0das perfekt in Ihre Garderobe passt! Blau, rot, beige, schwarz... es gibt sie in verschiedenen Farben, und das ist das\u00a0<strong>khaki<\/strong>\u00a0der hier im Rampenlicht steht!<\/p>\n<p>Wir erz\u00e4hlen Ihnen gleich mehr \u00fcber dieses ebenso angenehme wie unverzichtbare Kleidungsst\u00fcck!<\/p>\n<h2><strong>Khakifarbene Sarouelhose f\u00fcr Damen: eine Hose, die wie ein Rock aussieht!<\/strong><\/h2>\n<p>Es ist schwierig, ja fast unm\u00f6glich, normalerweise einen\u00a0<strong>weite Hose\u00a0<\/strong>die die\u2019<a href=\"https:\/\/www.my-jilbab.com\/\" target=\"_blank\" rel=\"noopener\"><strong>char3i-Kleidung f\u00fcr Frauen<\/strong><\/a>\u2026 O\u2019sarouel hat es geschafft! Wir bieten Ihnen eine Hose, die den Erwartungen des\u00a0<strong>sittsame Kleidung<\/strong>\u00a0Muslim.<\/p>\n<p>Dieses Kleidungsst\u00fcck wird schnell zu einem unverzichtbaren Bestandteil Ihrer Garderobe werden.<\/p>\n<p>Die Farbe Khaki passt n\u00e4mlich perfekt zu dunkleren T\u00f6nen wie\u00a0<strong>schwarz<\/strong>, der <a href=\"https:\/\/www.o-sarouel.com\/de\/product-2\/blaue-haremshose-fur-damen\/\"><strong>Blaue Haremshose f\u00fcr Damen<\/strong><\/a> oder ein\u00a0<strong>gr\u00fcn\u00a0<\/strong>\u00e4hnlich. Sie k\u00f6nnen ihn jedoch ganz nach Ihrem Geschmack kombinieren!<\/p>\n<p>Es ist erh\u00e4ltlich in\u00a0<strong>2 Gr\u00f6\u00dfen\u00a0<\/strong>um sich an verschiedene K\u00f6rperformen anzupassen.<\/p>\n<p>Ohne weitere Umschweife, hier sind alle Gr\u00fcnde, warum Sie sich f\u00fcr unsere khakifarbene Damen-Hose entscheiden sollten...<\/p>\n<h2><strong>Die khakifarbene Damen-Hose: ein bequemes, praktisches und hochwertiges Kleidungsst\u00fcck!\u00a0<\/strong><\/h2>\n<p>Die khakifarbene Damen-Haremshose entspricht nicht nur den islamischen Kleidungsvorschriften, sondern ist auch ein tolles Kleidungsst\u00fcck.\u00a0<strong>praktisch<\/strong>\u00a0!<\/p>\n<p>Tats\u00e4chlich ist sein Material aus\u00a0<strong>Mikrofaser<\/strong>, erm\u00f6glicht eine\u00a0<strong>Schnellwartung<\/strong>\u00a0und effizient. Dar\u00fcber hinaus ist diese\u00a0<strong>knitterfrei<\/strong>, So k\u00f6nnen Sie regelm\u00e4\u00dfig waschen, ohne stundenlang am B\u00fcgeltisch zu stehen!<\/p>\n<p>Das Material verleiht ihm au\u00dferdem Weichheit und\u00a0<strong>Leichtigkeit<\/strong>\u2026 Diese bietet eine echte\u00a0<strong>Wohlgef\u00fchl\u00a0<\/strong>Mit der khakifarbenen Damen-Hose mit weitem Bein f\u00fchlen Sie sich in jeder Situation wohl. Und das zu jeder Jahreszeit.<\/p>\n<p>Der Stoff ist\u00a0<strong>an den Kn\u00f6cheln enger<\/strong>, sondern f\u00e4llt auf diese zur\u00fcck, um die Schamhaftigkeit der Frau zu wahren. Au\u00dferdem schleift er nicht \u00fcber den Boden, sodass Sie nicht dar\u00fcber stolpern k\u00f6nnen. Au\u00dferdem vermeiden Sie so Staub, Schmutz und Wasserpf\u00fctzen...<\/p>\n<p>Im Gegensatz zu einem klassischen Jilbeb-Rock flattert die khakifarbene Damen-Haremshose also nicht bei jedem Windsto\u00df und gibt ungewollt den Blick auf Ihre Beine frei...<\/p>\n<p>Schlie\u00dflich kann dieser mit einem\u00a0<strong>Jilbeb-Oberteil<\/strong>\u00a0oder unter Ihrem\u00a0<strong>Jilbeb Einzelst\u00fcck<\/strong>\u00a0f\u00fcr eine optimale Abdeckung (z. B. im Winter).<\/p>\n<h3><strong>Sarawil f\u00fcr Gro\u00df und Klein!<\/strong><\/h3>\n<p>Finden Sie auch das\u00a0<strong>Hosen f\u00fcr M\u00e4nner,\u00a0<\/strong>Es gibt verschiedene Ausf\u00fchrungen:\u00a0<strong>Jeans<\/strong>,\u00a0<strong>Frachtflugzeug<\/strong>,\u00a0<strong>Jogging<\/strong>,\u00a0<strong>Bermuda<\/strong>,\u00a0<strong>klassische Hosen<\/strong>\u2026 Sie haben alles, was Sie brauchen, um zu jeder Jahreszeit jeden Look zu tragen!<\/p>\n<p>Vergessen Sie in der warmen Jahreszeit oder f\u00fcr einen Moment der Entspannung am Pool nicht Ihre\u00a0<strong>Badeshorts\u00a0<\/strong>! Ein\u00a0<strong>gesetzlich vorgeschriebenes Trikot<\/strong>\u00a0damit Sie ganz ungeniert baden k\u00f6nnen! Entdecken Sie zum Beispiel das\u00a0<strong>Beach-Hose ohne Lycra von Qaba\u2019il<\/strong>\u00a0in Farbe\u00a0<strong>beige<\/strong>,\u00a0<strong>schwarz<\/strong>,\u00a0<strong>Mitternachtsblau<\/strong>\u00a0und\u00a0<strong>khaki<\/strong>.<\/p>\n<p>Und f\u00fcr Ihre Kleinkinder bieten wir auch das\u00a0<strong>Kinder-Haremshose<\/strong>\u00a0in verschiedenen Farben erh\u00e4ltlich. So k\u00f6nnen sie sich stilvoll kleiden und es Abi und Oumi gleichtun!<\/p>\n<p>Endlich finden Sie alle Ihre Lieblingsmarken f\u00fcr Hosen wieder:\u00a0<strong>DC Jeans<\/strong>,\u00a0<strong>Qaba\u2019il<\/strong>,\u00a0<strong>Noujoum<\/strong>,\u00a0<strong>Na3im<\/strong>\u2026 Qualit\u00e4t zu einem au\u00dfergew\u00f6hnlichen Preis!<\/p>","protected":false},"excerpt":{"rendered":"<p><strong>Stoff<\/strong> : Mikrofaser.<\/p>","protected":false},"featured_media":633,"template":"","meta":[],"product_brand":[],"product_cat":[17,47],"product_tag":[],"class_list":{"0":"post-641","1":"product","2":"type-product","3":"status-publish","4":"has-post-thumbnail","6":"product_cat-sarouel-femme","7":"product_cat-sarouel-vert","9":"first","10":"instock","11":"shipping-taxable","12":"purchasable","13":"product-type-variable"},"yoast_head":"<!-- This site is optimized with the Yoast SEO plugin v26.9 - https:\/\/yoast.com\/product\/yoast-seo-wordpress\/ -->\n<title>Sarouel kaki femme | Tissu vert microfibre de qualit\u00e9 | Achat rapide<\/title>\n<meta name=\"description\" content=\"Le\u00a0sarouel kaki femme, c\u2019est le pantalon incontournable qui trouvera parfaitement sa place dans votre garde-robe\u00a0!\" \/>\n<meta name=\"robots\" content=\"index, follow, max-snippet:-1, max-image-preview:large, max-video-preview:-1\" \/>\n<link rel=\"canonical\" href=\"https:\/\/www.o-sarouel.com\/de\/product-2\/sarouelhose-fur-damen-in-khaki-grun\/\" \/>\n<meta property=\"og:locale\" content=\"de_DE\" \/>\n<meta property=\"og:type\" content=\"article\" \/>\n<meta property=\"og:title\" content=\"Sarouel kaki femme | Tissu vert microfibre de qualit\u00e9 | Achat rapide\" \/>\n<meta property=\"og:description\" content=\"Le\u00a0sarouel kaki femme, c\u2019est le pantalon incontournable qui trouvera parfaitement sa place dans votre garde-robe\u00a0!\" \/>\n<meta property=\"og:url\" content=\"https:\/\/www.o-sarouel.com\/de\/product-2\/sarouelhose-fur-damen-in-khaki-grun\/\" \/>\n<meta property=\"article:modified_time\" content=\"2024-07-16T20:36:20+00:00\" \/>\n<meta property=\"og:image\" content=\"https:\/\/www.o-sarouel.com\/wp-content\/uploads\/2022\/05\/sarouel-femme-kaki.jpg\" \/>\n\t<meta property=\"og:image:width\" content=\"600\" \/>\n\t<meta property=\"og:image:height\" content=\"600\" \/>\n\t<meta property=\"og:image:type\" content=\"image\/jpeg\" \/>\n<meta name=\"twitter:card\" content=\"summary_large_image\" \/>\n<meta name=\"twitter:label1\" content=\"Gesch\u00e4tzte Lesezeit\" \/>\n\t<meta name=\"twitter:data1\" content=\"3\u00a0Minuten\" \/>\n<script type=\"application\/ld+json\" class=\"yoast-schema-graph\">{\"@context\":\"https:\/\/schema.org\",\"@graph\":[{\"@type\":\"WebPage\",\"@id\":\"https:\/\/www.o-sarouel.com\/produit\/sarouel-femme-vert-kaki\/\",\"url\":\"https:\/\/www.o-sarouel.com\/produit\/sarouel-femme-vert-kaki\/\",\"name\":\"Sarouel kaki femme | Tissu vert microfibre de qualit\u00e9 | Achat rapide\",\"isPartOf\":{\"@id\":\"https:\/\/www.o-sarouel.com\/#website\"},\"primaryImageOfPage\":{\"@id\":\"https:\/\/www.o-sarouel.com\/produit\/sarouel-femme-vert-kaki\/#primaryimage\"},\"image\":{\"@id\":\"https:\/\/www.o-sarouel.com\/produit\/sarouel-femme-vert-kaki\/#primaryimage\"},\"thumbnailUrl\":\"https:\/\/www.o-sarouel.com\/wp-content\/uploads\/2022\/05\/sarouel-femme-kaki.jpg\",\"datePublished\":\"2022-05-10T17:14:16+00:00\",\"dateModified\":\"2024-07-16T20:36:20+00:00\",\"description\":\"Le\u00a0sarouel kaki femme, c\u2019est le pantalon incontournable qui trouvera parfaitement sa place dans votre garde-robe\u00a0!\",\"breadcrumb\":{\"@id\":\"https:\/\/www.o-sarouel.com\/produit\/sarouel-femme-vert-kaki\/#breadcrumb\"},\"inLanguage\":\"de\",\"potentialAction\":[{\"@type\":\"ReadAction\",\"target\":[\"https:\/\/www.o-sarouel.com\/produit\/sarouel-femme-vert-kaki\/\"]}]},{\"@type\":\"ImageObject\",\"inLanguage\":\"de\",\"@id\":\"https:\/\/www.o-sarouel.com\/produit\/sarouel-femme-vert-kaki\/#primaryimage\",\"url\":\"https:\/\/www.o-sarouel.com\/wp-content\/uploads\/2022\/05\/sarouel-femme-kaki.jpg\",\"contentUrl\":\"https:\/\/www.o-sarouel.com\/wp-content\/uploads\/2022\/05\/sarouel-femme-kaki.jpg\",\"width\":600,\"height\":600,\"caption\":\"sarouel femme vert kaki\"},{\"@type\":\"BreadcrumbList\",\"@id\":\"https:\/\/www.o-sarouel.com\/produit\/sarouel-femme-vert-kaki\/#breadcrumb\",\"itemListElement\":[{\"@type\":\"ListItem\",\"position\":1,\"name\":\"Accueil\",\"item\":\"https:\/\/www.o-sarouel.com\/\"},{\"@type\":\"ListItem\",\"position\":2,\"name\":\"Boutique\",\"item\":\"https:\/\/www.o-sarouel.com\/boutique\/\"},{\"@type\":\"ListItem\",\"position\":3,\"name\":\"Sarouel femme vert kaki\"}]},{\"@type\":\"WebSite\",\"@id\":\"https:\/\/www.o-sarouel.com\/#website\",\"url\":\"https:\/\/www.o-sarouel.com\/\",\"name\":\"\",\"description\":\"\",\"publisher\":{\"@id\":\"https:\/\/www.o-sarouel.com\/#organization\"},\"potentialAction\":[{\"@type\":\"SearchAction\",\"target\":{\"@type\":\"EntryPoint\",\"urlTemplate\":\"https:\/\/www.o-sarouel.com\/?s={search_term_string}\"},\"query-input\":{\"@type\":\"PropertyValueSpecification\",\"valueRequired\":true,\"valueName\":\"search_term_string\"}}],\"inLanguage\":\"de\"},{\"@type\":\"Organization\",\"@id\":\"https:\/\/www.o-sarouel.com\/#organization\",\"name\":\"O' Sarouel\",\"url\":\"https:\/\/www.o-sarouel.com\/\",\"logo\":{\"@type\":\"ImageObject\",\"inLanguage\":\"de\",\"@id\":\"https:\/\/www.o-sarouel.com\/#\/schema\/logo\/image\/\",\"url\":\"https:\/\/www.o-sarouel.com\/wp-content\/uploads\/2022\/01\/logo-o-sarouel.png\",\"contentUrl\":\"https:\/\/www.o-sarouel.com\/wp-content\/uploads\/2022\/01\/logo-o-sarouel.png\",\"width\":350,\"height\":250,\"caption\":\"O' Sarouel\"},\"image\":{\"@id\":\"https:\/\/www.o-sarouel.com\/#\/schema\/logo\/image\/\"}}]}<\/script>\n<!-- \/ Yoast SEO plugin. -->","yoast_head_json":{"title":"Sarouelhose f\u00fcr Damen in Khaki | Hochwertiger gr\u00fcner Mikrofaserstoff | Schneller Kauf","description":"Die khakifarbene Damen-Hose mit weitem Bein ist ein Must-have, das perfekt in Ihre Garderobe passt!","robots":{"index":"index","follow":"follow","max-snippet":"max-snippet:-1","max-image-preview":"max-image-preview:large","max-video-preview":"max-video-preview:-1"},"canonical":"https:\/\/www.o-sarouel.com\/de\/product-2\/sarouelhose-fur-damen-in-khaki-grun\/","og_locale":"de_DE","og_type":"article","og_title":"Sarouel kaki femme | Tissu vert microfibre de qualit\u00e9 | Achat rapide","og_description":"Le\u00a0sarouel kaki femme, c\u2019est le pantalon incontournable qui trouvera parfaitement sa place dans votre garde-robe\u00a0!","og_url":"https:\/\/www.o-sarouel.com\/de\/product-2\/sarouelhose-fur-damen-in-khaki-grun\/","article_modified_time":"2024-07-16T20:36:20+00:00","og_image":[{"width":600,"height":600,"url":"https:\/\/www.o-sarouel.com\/wp-content\/uploads\/2022\/05\/sarouel-femme-kaki.jpg","type":"image\/jpeg"}],"twitter_card":"summary_large_image","twitter_misc":{"Gesch\u00e4tzte Lesezeit":"3\u00a0Minuten"},"schema":{"@context":"https:\/\/schema.org","@graph":[{"@type":"WebPage","@id":"https:\/\/www.o-sarouel.com\/produit\/sarouel-femme-vert-kaki\/","url":"https:\/\/www.o-sarouel.com\/produit\/sarouel-femme-vert-kaki\/","name":"Sarouelhose f\u00fcr Damen in Khaki | Hochwertiger gr\u00fcner Mikrofaserstoff | Schneller Kauf","isPartOf":{"@id":"https:\/\/www.o-sarouel.com\/#website"},"primaryImageOfPage":{"@id":"https:\/\/www.o-sarouel.com\/produit\/sarouel-femme-vert-kaki\/#primaryimage"},"image":{"@id":"https:\/\/www.o-sarouel.com\/produit\/sarouel-femme-vert-kaki\/#primaryimage"},"thumbnailUrl":"https:\/\/www.o-sarouel.com\/wp-content\/uploads\/2022\/05\/sarouel-femme-kaki.jpg","datePublished":"2022-05-10T17:14:16+00:00","dateModified":"2024-07-16T20:36:20+00:00","description":"Die khakifarbene Damen-Hose mit weitem Bein ist ein Must-have, das perfekt in Ihre Garderobe passt!","breadcrumb":{"@id":"https:\/\/www.o-sarouel.com\/produit\/sarouel-femme-vert-kaki\/#breadcrumb"},"inLanguage":"de","potentialAction":[{"@type":"ReadAction","target":["https:\/\/www.o-sarouel.com\/produit\/sarouel-femme-vert-kaki\/"]}]},{"@type":"ImageObject","inLanguage":"de","@id":"https:\/\/www.o-sarouel.com\/produit\/sarouel-femme-vert-kaki\/#primaryimage","url":"https:\/\/www.o-sarouel.com\/wp-content\/uploads\/2022\/05\/sarouel-femme-kaki.jpg","contentUrl":"https:\/\/www.o-sarouel.com\/wp-content\/uploads\/2022\/05\/sarouel-femme-kaki.jpg","width":600,"height":600,"caption":"sarouel femme vert kaki"},{"@type":"BreadcrumbList","@id":"https:\/\/www.o-sarouel.com\/produit\/sarouel-femme-vert-kaki\/#breadcrumb","itemListElement":[{"@type":"ListItem","position":1,"name":"Accueil","item":"https:\/\/www.o-sarouel.com\/"},{"@type":"ListItem","position":2,"name":"Boutique","item":"https:\/\/www.o-sarouel.com\/boutique\/"},{"@type":"ListItem","position":3,"name":"Sarouel femme vert kaki"}]},{"@type":"WebSite","@id":"https:\/\/www.o-sarouel.com\/#website","url":"https:\/\/www.o-sarouel.com\/","name":"","description":"","publisher":{"@id":"https:\/\/www.o-sarouel.com\/#organization"},"potentialAction":[{"@type":"SearchAction","target":{"@type":"EntryPoint","urlTemplate":"https:\/\/www.o-sarouel.com\/?s={search_term_string}"},"query-input":{"@type":"PropertyValueSpecification","valueRequired":true,"valueName":"search_term_string"}}],"inLanguage":"de"},{"@type":"Organization","@id":"https:\/\/www.o-sarouel.com\/#organization","name":"O' Sarouel","url":"https:\/\/www.o-sarouel.com\/","logo":{"@type":"ImageObject","inLanguage":"de","@id":"https:\/\/www.o-sarouel.com\/#\/schema\/logo\/image\/","url":"https:\/\/www.o-sarouel.com\/wp-content\/uploads\/2022\/01\/logo-o-sarouel.png","contentUrl":"https:\/\/www.o-sarouel.com\/wp-content\/uploads\/2022\/01\/logo-o-sarouel.png","width":350,"height":250,"caption":"O' Sarouel"},"image":{"@id":"https:\/\/www.o-sarouel.com\/#\/schema\/logo\/image\/"}}]}},"_links":{"self":[{"href":"https:\/\/www.o-sarouel.com\/de\/wp-json\/wp\/v2\/product\/641","targetHints":{"allow":["GET"]}}],"collection":[{"href":"https:\/\/www.o-sarouel.com\/de\/wp-json\/wp\/v2\/product"}],"about":[{"href":"https:\/\/www.o-sarouel.com\/de\/wp-json\/wp\/v2\/types\/product"}],"wp:featuredmedia":[{"embeddable":true,"href":"https:\/\/www.o-sarouel.com\/de\/wp-json\/wp\/v2\/media\/633"}],"wp:attachment":[{"href":"https:\/\/www.o-sarouel.com\/de\/wp-json\/wp\/v2\/media?parent=641"}],"wp:term":[{"taxonomy":"product_brand","embeddable":true,"href":"https:\/\/www.o-sarouel.com\/de\/wp-json\/wp\/v2\/product_brand?post=641"},{"taxonomy":"product_cat","embeddable":true,"href":"https:\/\/www.o-sarouel.com\/de\/wp-json\/wp\/v2\/product_cat?post=641"},{"taxonomy":"product_tag","embeddable":true,"href":"https:\/\/www.o-sarouel.com\/de\/wp-json\/wp\/v2\/product_tag?post=641"}],"curies":[{"name":"wp","href":"https:\/\/api.w.org\/{rel}","templated":true}]}}