{"id":635,"date":"2022-05-10T17:11:51","date_gmt":"2022-05-10T17:11:51","guid":{"rendered":"https:\/\/www.o-sarouel.com\/?post_type=product&#038;p=635"},"modified":"2026-05-02T09:51:41","modified_gmt":"2026-05-02T09:51:41","slug":"beigefarbene-damen-hose-im-sarouel-stil","status":"publish","type":"product","link":"https:\/\/www.o-sarouel.com\/de\/product-2\/beigefarbene-damen-hose-im-sarouel-stil\/","title":{"rendered":"Beigefarbene Damen-Hose im Sarouel-Stil"},"content":{"rendered":"<p>Der\u00a0<strong>Beigefarbene Haremshose f\u00fcr Damen<\/strong>, ist die ideale Hose f\u00fcr muslimische Frauen. Tats\u00e4chlich handelt es sich um ein gesetzlich vorgeschriebenes Kleidungsst\u00fcck, das perfekt in die Garderobe muslimischer Frauen passt. <a href=\"https:\/\/www.o-sarouel.com\/de\/product-2\/sarouelhose-fur-damen-schwarz\/\"><strong>Schwarz<\/strong><\/a>, <a href=\"https:\/\/www.o-sarouel.com\/de\/product-2\/rote-damen-haremshose\/\"><strong>Rot<\/strong><\/a>, <a href=\"https:\/\/www.o-sarouel.com\/de\/product-2\/blaue-haremshose-fur-damen\/\"><strong>blau<\/strong><\/a>, <a href=\"https:\/\/www.o-sarouel.com\/de\/product-2\/sarouelhose-fur-damen-in-khaki-grun\/\"><strong>khaki<\/strong><\/a>\u2026 Es gibt viele Farben, und heute steht Beige im Mittelpunkt! Begeben wir uns also auf die Entdeckungsreise dieser Farbe.<strong>\u00a0Kleidung char3i<\/strong>\u00a0So angenehm wie n\u00f6tig!<\/p>\n<h2><strong>Die beige Sarouelhose f\u00fcr Damen: eine Hose, die wie ein Rock aussieht!\u00a0<\/strong><\/h2>\n<p>Wie wir wissen, ist es schwierig, einen\u00a0<strong>weite Hose\u00a0<\/strong>Die Einhaltung der schari'itischen Kleiderordnung ist keine leichte Aufgabe. Deshalb\u00a0<strong>O Sarouel<\/strong>\u00a0bietet Ihnen genau das! Wir bieten Ihnen diese Hose an, die den Anforderungen an sittsame muslimische Kleidung perfekt entspricht. Sie wird schnell zu einem unverzichtbaren Bestandteil Ihrer Garderobe werden.<\/p>\n<p>Auch die Farbe Beige passt perfekt zu hellen Farbt\u00f6nen. Sie k\u00f6nnen sie jedoch ganz nach Ihren W\u00fcnschen und Ihrem Geschmack kombinieren! Es gibt sie in zwei Gr\u00f6\u00dfen, um sich verschiedenen K\u00f6rperformen anzupassen.<\/p>\n<p>Schauen wir uns dazu einmal an, warum man es einf\u00fchren sollte.<\/p>\n<h2><strong>Die beige Haremshose f\u00fcr Damen: bequem, praktisch und hochwertig!\u00a0<\/strong><\/h2>\n<p>Abgesehen von der Einhaltung der islamischen Kleiderordnung<strong>\u00a0Beigefarbene Haremshose f\u00fcr Damen<\/strong>\u00a0ist viel mehr. Es handelt sich n\u00e4mlich um ein \u00e4u\u00dferst praktisches Kleidungsst\u00fcck. Und das dank seines Mikrofasermaterials, das eine schnelle und effiziente Pflege erm\u00f6glicht. Au\u00dferdem ist es knitterfrei, sodass Sie es regelm\u00e4\u00dfig waschen k\u00f6nnen, ohne es b\u00fcgeln zu m\u00fcssen.<\/p>\n<p>Das Material verleiht ihr au\u00dferdem Weichheit und Leichtigkeit. Sie bietet ein bemerkenswertes Tragegef\u00fchl! Mit der beigen Damen-Hose Sarouel f\u00fchlen Sie sich zu jeder Gelegenheit wohl. Und das zu jeder Jahreszeit.<\/p>\n<p>Au\u00dferdem ist der Stoff an den Kn\u00f6cheln enger geschnitten, f\u00e4llt aber \u00fcber diese hinweg, um die\u00a0<strong>Die Schamhaftigkeit der Muslimin.<\/strong>\u00a0Au\u00dferdem liegt es nicht auf dem Boden herum, sodass man nicht darauf treten und dar\u00fcber stolpern kann. Au\u00dferdem sammelt sich so kein Staub, Schmutz und Wasserpf\u00fctzen an.<\/p>\n<p>Im Gegensatz zu einem klassischen Jilbeb-Rock besteht bei der beigen Damen-Haremshose also nicht die Gefahr, dass sie beim geringsten Windsto\u00df hochweht und Ihre Beine entbl\u00f6\u00dft.<\/p>\n<p>Schlie\u00dflich kann dieser mit einem Jilbeb-Oberteil oder sogar unter Ihrem einteiligen Jilbeb getragen werden, um eine optimale Bedeckung zu gew\u00e4hrleisten.<\/p>\n<h3><strong>Haremshosen f\u00fcr die ganze Familie<\/strong><\/h3>\n<p>Auf unserer\u00a0<strong>Online-Shop,<\/strong>\u00a0finden Sie zahlreiche Haremshosen. Zum Beispiel die Haremshose f\u00fcr Herren, die es in verschiedenen Ausf\u00fchrungen gibt: Jeans, Cargohose, klassische Hose, Bermuda... Mit all diesen Modellen k\u00f6nnen Sie zu jeder Jahreszeit jeden Look tragen.<\/p>\n<p>Und f\u00fcr die warmen Jahreszeiten oder den Pool denken Sie an\u00a0<strong>Badeshorts<\/strong>\u00a0Dies ist der perfekte Badeanzug, um sich ganz diskret zu baden.<\/p>\n<p>Und f\u00fcr Ihre kleinen Muslime bieten wir auch Sarouelhosen f\u00fcr Kinder in verschiedenen Farben an. So k\u00f6nnen sie sich wie Mama und Papa kleiden.<\/p>\n<p>Schlie\u00dflich finden Sie hier zahlreiche Marken wie:\u00a0<strong>Qaba\u2019il,<\/strong>\u00a0Noujoum, Na3im usw. In unserem Shop finden Sie Qualit\u00e4t.<\/p>","protected":false},"excerpt":{"rendered":"<p><strong>Stoff<\/strong> : Mikrofaser.<\/p>","protected":false},"featured_media":631,"template":"","meta":[],"product_brand":[],"product_cat":[36,17],"product_tag":[],"class_list":{"0":"post-635","1":"product","2":"type-product","3":"status-publish","4":"has-post-thumbnail","6":"product_cat-sarouel-beige","7":"product_cat-sarouel-femme","9":"first","10":"instock","11":"shipping-taxable","12":"purchasable","13":"product-type-variable"},"yoast_head":"<!-- This site is optimized with the Yoast SEO plugin v26.9 - https:\/\/yoast.com\/product\/yoast-seo-wordpress\/ -->\n<title>Sarouel femme beige | Tissu microfibre de qualit\u00e9 | Livraison rapide<\/title>\n<meta name=\"description\" content=\"Le\u00a0sarouel beige femme, est le pantalon id\u00e9al pour les femmes musulmanes. D\u00e9couvrez-le sans plus attendre en quelques clics !\" \/>\n<meta name=\"robots\" content=\"index, follow, max-snippet:-1, max-image-preview:large, max-video-preview:-1\" \/>\n<link rel=\"canonical\" href=\"https:\/\/www.o-sarouel.com\/de\/product-2\/beigefarbene-damen-hose-im-sarouel-stil\/\" \/>\n<meta property=\"og:locale\" content=\"de_DE\" \/>\n<meta property=\"og:type\" content=\"article\" \/>\n<meta property=\"og:title\" content=\"Sarouel femme beige | Tissu microfibre de qualit\u00e9 | Livraison rapide\" \/>\n<meta property=\"og:description\" content=\"Le\u00a0sarouel beige femme, est le pantalon id\u00e9al pour les femmes musulmanes. D\u00e9couvrez-le sans plus attendre en quelques clics !\" \/>\n<meta property=\"og:url\" content=\"https:\/\/www.o-sarouel.com\/de\/product-2\/beigefarbene-damen-hose-im-sarouel-stil\/\" \/>\n<meta property=\"article:modified_time\" content=\"2026-05-02T09:51:41+00:00\" \/>\n<meta property=\"og:image\" content=\"https:\/\/www.o-sarouel.com\/wp-content\/uploads\/2022\/05\/sarouel-femme-beige.jpg\" \/>\n\t<meta property=\"og:image:width\" content=\"600\" \/>\n\t<meta property=\"og:image:height\" content=\"600\" \/>\n\t<meta property=\"og:image:type\" content=\"image\/jpeg\" \/>\n<meta name=\"twitter:card\" content=\"summary_large_image\" \/>\n<meta name=\"twitter:label1\" content=\"Gesch\u00e4tzte Lesezeit\" \/>\n\t<meta name=\"twitter:data1\" content=\"3\u00a0Minuten\" \/>\n<script type=\"application\/ld+json\" class=\"yoast-schema-graph\">{\"@context\":\"https:\/\/schema.org\",\"@graph\":[{\"@type\":\"WebPage\",\"@id\":\"https:\/\/www.o-sarouel.com\/produit\/sarouel-femme-beige\/\",\"url\":\"https:\/\/www.o-sarouel.com\/produit\/sarouel-femme-beige\/\",\"name\":\"Sarouel femme beige | Tissu microfibre de qualit\u00e9 | Livraison rapide\",\"isPartOf\":{\"@id\":\"https:\/\/www.o-sarouel.com\/#website\"},\"primaryImageOfPage\":{\"@id\":\"https:\/\/www.o-sarouel.com\/produit\/sarouel-femme-beige\/#primaryimage\"},\"image\":{\"@id\":\"https:\/\/www.o-sarouel.com\/produit\/sarouel-femme-beige\/#primaryimage\"},\"thumbnailUrl\":\"https:\/\/www.o-sarouel.com\/wp-content\/uploads\/2022\/05\/sarouel-femme-beige.jpg\",\"datePublished\":\"2022-05-10T17:11:51+00:00\",\"dateModified\":\"2026-05-02T09:51:41+00:00\",\"description\":\"Le\u00a0sarouel beige femme, est le pantalon id\u00e9al pour les femmes musulmanes. D\u00e9couvrez-le sans plus attendre en quelques clics !\",\"breadcrumb\":{\"@id\":\"https:\/\/www.o-sarouel.com\/produit\/sarouel-femme-beige\/#breadcrumb\"},\"inLanguage\":\"de\",\"potentialAction\":[{\"@type\":\"ReadAction\",\"target\":[\"https:\/\/www.o-sarouel.com\/produit\/sarouel-femme-beige\/\"]}]},{\"@type\":\"ImageObject\",\"inLanguage\":\"de\",\"@id\":\"https:\/\/www.o-sarouel.com\/produit\/sarouel-femme-beige\/#primaryimage\",\"url\":\"https:\/\/www.o-sarouel.com\/wp-content\/uploads\/2022\/05\/sarouel-femme-beige.jpg\",\"contentUrl\":\"https:\/\/www.o-sarouel.com\/wp-content\/uploads\/2022\/05\/sarouel-femme-beige.jpg\",\"width\":600,\"height\":600,\"caption\":\"sarouel femme beige\"},{\"@type\":\"BreadcrumbList\",\"@id\":\"https:\/\/www.o-sarouel.com\/produit\/sarouel-femme-beige\/#breadcrumb\",\"itemListElement\":[{\"@type\":\"ListItem\",\"position\":1,\"name\":\"Accueil\",\"item\":\"https:\/\/www.o-sarouel.com\/\"},{\"@type\":\"ListItem\",\"position\":2,\"name\":\"Boutique\",\"item\":\"https:\/\/www.o-sarouel.com\/boutique\/\"},{\"@type\":\"ListItem\",\"position\":3,\"name\":\"Sarouel femme beige\"}]},{\"@type\":\"WebSite\",\"@id\":\"https:\/\/www.o-sarouel.com\/#website\",\"url\":\"https:\/\/www.o-sarouel.com\/\",\"name\":\"\",\"description\":\"\",\"publisher\":{\"@id\":\"https:\/\/www.o-sarouel.com\/#organization\"},\"potentialAction\":[{\"@type\":\"SearchAction\",\"target\":{\"@type\":\"EntryPoint\",\"urlTemplate\":\"https:\/\/www.o-sarouel.com\/?s={search_term_string}\"},\"query-input\":{\"@type\":\"PropertyValueSpecification\",\"valueRequired\":true,\"valueName\":\"search_term_string\"}}],\"inLanguage\":\"de\"},{\"@type\":\"Organization\",\"@id\":\"https:\/\/www.o-sarouel.com\/#organization\",\"name\":\"O' Sarouel\",\"url\":\"https:\/\/www.o-sarouel.com\/\",\"logo\":{\"@type\":\"ImageObject\",\"inLanguage\":\"de\",\"@id\":\"https:\/\/www.o-sarouel.com\/#\/schema\/logo\/image\/\",\"url\":\"https:\/\/www.o-sarouel.com\/wp-content\/uploads\/2022\/01\/logo-o-sarouel.png\",\"contentUrl\":\"https:\/\/www.o-sarouel.com\/wp-content\/uploads\/2022\/01\/logo-o-sarouel.png\",\"width\":350,\"height\":250,\"caption\":\"O' Sarouel\"},\"image\":{\"@id\":\"https:\/\/www.o-sarouel.com\/#\/schema\/logo\/image\/\"}}]}<\/script>\n<!-- \/ Yoast SEO plugin. -->","yoast_head_json":{"title":"Beigefarbene Damen-Haremshose | Hochwertiger Mikrofaserstoff | Schnelle Lieferung","description":"Die beige Sarouelhose f\u00fcr Damen ist die ideale Hose f\u00fcr muslimische Frauen. Entdecken Sie sie jetzt mit nur wenigen Klicks!","robots":{"index":"index","follow":"follow","max-snippet":"max-snippet:-1","max-image-preview":"max-image-preview:large","max-video-preview":"max-video-preview:-1"},"canonical":"https:\/\/www.o-sarouel.com\/de\/product-2\/beigefarbene-damen-hose-im-sarouel-stil\/","og_locale":"de_DE","og_type":"article","og_title":"Sarouel femme beige | Tissu microfibre de qualit\u00e9 | Livraison rapide","og_description":"Le\u00a0sarouel beige femme, est le pantalon id\u00e9al pour les femmes musulmanes. D\u00e9couvrez-le sans plus attendre en quelques clics !","og_url":"https:\/\/www.o-sarouel.com\/de\/product-2\/beigefarbene-damen-hose-im-sarouel-stil\/","article_modified_time":"2026-05-02T09:51:41+00:00","og_image":[{"width":600,"height":600,"url":"https:\/\/www.o-sarouel.com\/wp-content\/uploads\/2022\/05\/sarouel-femme-beige.jpg","type":"image\/jpeg"}],"twitter_card":"summary_large_image","twitter_misc":{"Gesch\u00e4tzte Lesezeit":"3\u00a0Minuten"},"schema":{"@context":"https:\/\/schema.org","@graph":[{"@type":"WebPage","@id":"https:\/\/www.o-sarouel.com\/produit\/sarouel-femme-beige\/","url":"https:\/\/www.o-sarouel.com\/produit\/sarouel-femme-beige\/","name":"Beigefarbene Damen-Haremshose | Hochwertiger Mikrofaserstoff | Schnelle Lieferung","isPartOf":{"@id":"https:\/\/www.o-sarouel.com\/#website"},"primaryImageOfPage":{"@id":"https:\/\/www.o-sarouel.com\/produit\/sarouel-femme-beige\/#primaryimage"},"image":{"@id":"https:\/\/www.o-sarouel.com\/produit\/sarouel-femme-beige\/#primaryimage"},"thumbnailUrl":"https:\/\/www.o-sarouel.com\/wp-content\/uploads\/2022\/05\/sarouel-femme-beige.jpg","datePublished":"2022-05-10T17:11:51+00:00","dateModified":"2026-05-02T09:51:41+00:00","description":"Die beige Sarouelhose f\u00fcr Damen ist die ideale Hose f\u00fcr muslimische Frauen. Entdecken Sie sie jetzt mit nur wenigen Klicks!","breadcrumb":{"@id":"https:\/\/www.o-sarouel.com\/produit\/sarouel-femme-beige\/#breadcrumb"},"inLanguage":"de","potentialAction":[{"@type":"ReadAction","target":["https:\/\/www.o-sarouel.com\/produit\/sarouel-femme-beige\/"]}]},{"@type":"ImageObject","inLanguage":"de","@id":"https:\/\/www.o-sarouel.com\/produit\/sarouel-femme-beige\/#primaryimage","url":"https:\/\/www.o-sarouel.com\/wp-content\/uploads\/2022\/05\/sarouel-femme-beige.jpg","contentUrl":"https:\/\/www.o-sarouel.com\/wp-content\/uploads\/2022\/05\/sarouel-femme-beige.jpg","width":600,"height":600,"caption":"sarouel femme beige"},{"@type":"BreadcrumbList","@id":"https:\/\/www.o-sarouel.com\/produit\/sarouel-femme-beige\/#breadcrumb","itemListElement":[{"@type":"ListItem","position":1,"name":"Accueil","item":"https:\/\/www.o-sarouel.com\/"},{"@type":"ListItem","position":2,"name":"Boutique","item":"https:\/\/www.o-sarouel.com\/boutique\/"},{"@type":"ListItem","position":3,"name":"Sarouel femme beige"}]},{"@type":"WebSite","@id":"https:\/\/www.o-sarouel.com\/#website","url":"https:\/\/www.o-sarouel.com\/","name":"","description":"","publisher":{"@id":"https:\/\/www.o-sarouel.com\/#organization"},"potentialAction":[{"@type":"SearchAction","target":{"@type":"EntryPoint","urlTemplate":"https:\/\/www.o-sarouel.com\/?s={search_term_string}"},"query-input":{"@type":"PropertyValueSpecification","valueRequired":true,"valueName":"search_term_string"}}],"inLanguage":"de"},{"@type":"Organization","@id":"https:\/\/www.o-sarouel.com\/#organization","name":"O' Sarouel","url":"https:\/\/www.o-sarouel.com\/","logo":{"@type":"ImageObject","inLanguage":"de","@id":"https:\/\/www.o-sarouel.com\/#\/schema\/logo\/image\/","url":"https:\/\/www.o-sarouel.com\/wp-content\/uploads\/2022\/01\/logo-o-sarouel.png","contentUrl":"https:\/\/www.o-sarouel.com\/wp-content\/uploads\/2022\/01\/logo-o-sarouel.png","width":350,"height":250,"caption":"O' Sarouel"},"image":{"@id":"https:\/\/www.o-sarouel.com\/#\/schema\/logo\/image\/"}}]}},"_links":{"self":[{"href":"https:\/\/www.o-sarouel.com\/de\/wp-json\/wp\/v2\/product\/635","targetHints":{"allow":["GET"]}}],"collection":[{"href":"https:\/\/www.o-sarouel.com\/de\/wp-json\/wp\/v2\/product"}],"about":[{"href":"https:\/\/www.o-sarouel.com\/de\/wp-json\/wp\/v2\/types\/product"}],"wp:featuredmedia":[{"embeddable":true,"href":"https:\/\/www.o-sarouel.com\/de\/wp-json\/wp\/v2\/media\/631"}],"wp:attachment":[{"href":"https:\/\/www.o-sarouel.com\/de\/wp-json\/wp\/v2\/media?parent=635"}],"wp:term":[{"taxonomy":"product_brand","embeddable":true,"href":"https:\/\/www.o-sarouel.com\/de\/wp-json\/wp\/v2\/product_brand?post=635"},{"taxonomy":"product_cat","embeddable":true,"href":"https:\/\/www.o-sarouel.com\/de\/wp-json\/wp\/v2\/product_cat?post=635"},{"taxonomy":"product_tag","embeddable":true,"href":"https:\/\/www.o-sarouel.com\/de\/wp-json\/wp\/v2\/product_tag?post=635"}],"curies":[{"name":"wp","href":"https:\/\/api.w.org\/{rel}","templated":true}]}}