{"id":440,"date":"2022-01-24T20:28:09","date_gmt":"2022-01-24T20:28:09","guid":{"rendered":"https:\/\/www.o-sarouel.com\/?post_type=product&#038;p=440"},"modified":"2025-08-20T18:00:51","modified_gmt":"2025-08-20T18:00:51","slug":"kinder-cargohose-in-schwarz","status":"publish","type":"product","link":"https:\/\/www.o-sarouel.com\/de\/product-2\/kinder-cargohose-in-schwarz\/","title":{"rendered":"Schwarze Cargo-Hose f\u00fcr Kinder \u2013 Dc Jeans"},"content":{"rendered":"<p>Es ist allgemein bekannt, dass Kinder gerne rennen und sich bewegen. Bieten Sie ihnen also\u00a0<strong>Die schwarze Cargo-Hose f\u00fcr Kinder<\/strong>\u00a0von DC Jeans. Der bequeme Schnitt und das hochwertige Material machen sie zu einem Kleidungsst\u00fcck, das sich gut im Alltag tragen l\u00e4sst.<\/p>\n<h2><strong>Schwarze Cargo-Hose f\u00fcr Kinder: stylisch und cool<\/strong><\/h2>\n<p>Da sich Moden \u00e4ndern und weiterentwickeln, gibt es Hosen heute in einer Vielzahl von Stilen und Farben. So ist die sehr trendige,\u00a0<strong>die schwarze Cargohose<\/strong>\u00a0hat auch seinen Platz im Kleiderschrank unserer Kinder gefunden. Tats\u00e4chlich,\u00a0<strong>sein weiter Schnitt im Sarouel-Stil<\/strong>\u00a0bietet gro\u00dfe Bewegungsfreiheit. Dar\u00fcber hinaus verdeckt es die Awra gem\u00e4\u00df der muslimischen Gesetzgebung. Schlie\u00dflich verleihen ihm seine vielen praktischen Taschen\u00a0<strong>ein Gitterstil<\/strong>\u00a0bei Jungen sehr beliebt.<\/p>\n<h2><strong>Schamgef\u00fchl bei Kindern<\/strong><\/h2>\n<p>Zun\u00e4chst einmal zitieren wir die Worte des Propheten, der sagte: \u00abAnstand ist ein Zweig des Glaubens\u00bb (Bukhari). Daher ist es unsere Aufgabe als Eltern, unseren Kindern diesen edlen Charakter zu vermitteln. Anstand zeigt sich in der Sprache, im Verhalten und in der Kleidung. Deshalb m\u00fcssen wir unsere Kinder daran gew\u00f6hnen, sich entsprechend den Werten und der Ethik des Islam zu kleiden. Kurz gesagt: Wir d\u00fcrfen unsere Rolle nicht vernachl\u00e4ssigen und m\u00fcssen unseren Kindern ein Vorbild sein.<\/p>\n<h3><strong>Schwarze Cargo-Hose f\u00fcr Kinder: ein Modell, das allen gef\u00e4llt<\/strong><\/h3>\n<p>Das hei\u00dft, dass unsere kleinen Muslime bei O Sarouel verw\u00f6hnt werden. In unserem Online-Shop finden Sie ein Flaggschiffprodukt der Marke DC Jeans. Das hei\u00dft\u00a0<strong>Die schwarze Cargo-Hose im Sarouel-Stil f\u00fcr Kinder<\/strong>. Dar\u00fcber hinaus ist es dank seiner zeitlosen und trendigen schwarzen Farbe ein sicherer Wert.<\/p>\n<p>Aber auch der milit\u00e4rische Stil mit seinen aufgesetzten Seitentaschen mit Patte und zwei Ges\u00e4\u00dftaschen mit Knopfverschluss gef\u00e4llt uns sehr gut. Dar\u00fcber hinaus l\u00e4sst sich die Hose dank ihres halb elastischen Bundes bei Bedarf mit einem G\u00fcrtel an die Gr\u00f6\u00dfe Ihres Kindes anpassen. Schlie\u00dflich runden die Details wie der Gummizug am Kn\u00f6chel und der individuelle Knopfverschluss dieses Modell ab. <a href=\"https:\/\/www.o-sarouel.com\/de\/kategorie\/leinen-hose\/\"><strong>praktisches und elegantes Kleidungsst\u00fcck<\/strong><\/a>.<\/p>","protected":false},"excerpt":{"rendered":"<p><strong>Eigenschaften:<\/strong><\/p>\n<ul>\n<li>Farbe: Schwarz einfarbig.<\/li>\n<li>Zusammensetzung: Serge-Gewebe 98% Baumwolle 2% Polyester.<\/li>\n<li>2 aufgesetzte Seitentaschen und Ges\u00e4\u00dftaschen mit gekn\u00f6pften Patten.<\/li>\n<li>Elastisch am Kn\u00f6chel.<\/li>\n<li>Halbelastischer G\u00fcrtel mit Schlaufen<\/li>\n<li>Individuell gestaltete Kn\u00f6pfe.<\/li>\n<\/ul>","protected":false},"featured_media":435,"template":"","meta":[],"product_brand":[],"product_cat":[68,52,48,24,28,101,69,20],"product_tag":[],"class_list":{"0":"post-440","1":"product","2":"type-product","3":"status-publish","4":"has-post-thumbnail","6":"product_cat-pantalon-cargo-noir","7":"product_cat-sarouel-aid","8":"product_cat-pantalon-sarouel-cargo","9":"product_cat-sarouel-dc-jeans","10":"product_cat-sarouel-bebe-enfant","11":"product_cat-sarouel-enfant-dc-jeans","12":"product_cat-sarouel-hiver","13":"product_cat-sarouel-noir","15":"first","16":"instock","17":"shipping-taxable","18":"purchasable","19":"product-type-variable","20":"has-default-attributes"},"yoast_head":"<!-- This site is optimized with the Yoast SEO plugin v26.9 - https:\/\/yoast.com\/product\/yoast-seo-wordpress\/ -->\n<title>Cargo enfant noir I Sarouel enfant I Collection Dc Jeans<\/title>\n<meta name=\"description\" content=\"De toute \u00e9vidence, il est connu que les enfants aiment courir et bouger. Ainsi, offrez-leur\u00a0le sarouel cargo enfant noir\u00a0by DC Jeans.\" \/>\n<meta name=\"robots\" content=\"index, follow, max-snippet:-1, max-image-preview:large, max-video-preview:-1\" \/>\n<link rel=\"canonical\" href=\"https:\/\/www.o-sarouel.com\/de\/product-2\/kinder-cargohose-in-schwarz\/\" \/>\n<meta property=\"og:locale\" content=\"de_DE\" \/>\n<meta property=\"og:type\" content=\"article\" \/>\n<meta property=\"og:title\" content=\"Cargo enfant noir I Sarouel enfant I Collection Dc Jeans\" \/>\n<meta property=\"og:description\" content=\"De toute \u00e9vidence, il est connu que les enfants aiment courir et bouger. Ainsi, offrez-leur\u00a0le sarouel cargo enfant noir\u00a0by DC Jeans.\" \/>\n<meta property=\"og:url\" content=\"https:\/\/www.o-sarouel.com\/de\/product-2\/kinder-cargohose-in-schwarz\/\" \/>\n<meta property=\"article:modified_time\" content=\"2025-08-20T18:00:51+00:00\" \/>\n<meta property=\"og:image\" content=\"https:\/\/www.o-sarouel.com\/wp-content\/uploads\/2022\/01\/sarouel-enfant-noir-cargo.jpg\" \/>\n\t<meta property=\"og:image:width\" content=\"600\" \/>\n\t<meta property=\"og:image:height\" content=\"600\" \/>\n\t<meta property=\"og:image:type\" content=\"image\/jpeg\" \/>\n<meta name=\"twitter:card\" content=\"summary_large_image\" \/>\n<meta name=\"twitter:label1\" content=\"Gesch\u00e4tzte Lesezeit\" \/>\n\t<meta name=\"twitter:data1\" content=\"2\u00a0Minuten\" \/>\n<script type=\"application\/ld+json\" class=\"yoast-schema-graph\">{\"@context\":\"https:\/\/schema.org\",\"@graph\":[{\"@type\":\"WebPage\",\"@id\":\"https:\/\/www.o-sarouel.com\/produit\/sarouel-enfant-cargo-noir\/\",\"url\":\"https:\/\/www.o-sarouel.com\/produit\/sarouel-enfant-cargo-noir\/\",\"name\":\"Cargo enfant noir I Sarouel enfant I Collection Dc Jeans\",\"isPartOf\":{\"@id\":\"https:\/\/www.o-sarouel.com\/#website\"},\"primaryImageOfPage\":{\"@id\":\"https:\/\/www.o-sarouel.com\/produit\/sarouel-enfant-cargo-noir\/#primaryimage\"},\"image\":{\"@id\":\"https:\/\/www.o-sarouel.com\/produit\/sarouel-enfant-cargo-noir\/#primaryimage\"},\"thumbnailUrl\":\"https:\/\/www.o-sarouel.com\/wp-content\/uploads\/2022\/01\/sarouel-enfant-noir-cargo.jpg\",\"datePublished\":\"2022-01-24T20:28:09+00:00\",\"dateModified\":\"2025-08-20T18:00:51+00:00\",\"description\":\"De toute \u00e9vidence, il est connu que les enfants aiment courir et bouger. Ainsi, offrez-leur\u00a0le sarouel cargo enfant noir\u00a0by DC Jeans.\",\"breadcrumb\":{\"@id\":\"https:\/\/www.o-sarouel.com\/produit\/sarouel-enfant-cargo-noir\/#breadcrumb\"},\"inLanguage\":\"de\",\"potentialAction\":[{\"@type\":\"ReadAction\",\"target\":[\"https:\/\/www.o-sarouel.com\/produit\/sarouel-enfant-cargo-noir\/\"]}]},{\"@type\":\"ImageObject\",\"inLanguage\":\"de\",\"@id\":\"https:\/\/www.o-sarouel.com\/produit\/sarouel-enfant-cargo-noir\/#primaryimage\",\"url\":\"https:\/\/www.o-sarouel.com\/wp-content\/uploads\/2022\/01\/sarouel-enfant-noir-cargo.jpg\",\"contentUrl\":\"https:\/\/www.o-sarouel.com\/wp-content\/uploads\/2022\/01\/sarouel-enfant-noir-cargo.jpg\",\"width\":600,\"height\":600,\"caption\":\"Sarouel enfant cargo noir - Dc Jeans\"},{\"@type\":\"BreadcrumbList\",\"@id\":\"https:\/\/www.o-sarouel.com\/produit\/sarouel-enfant-cargo-noir\/#breadcrumb\",\"itemListElement\":[{\"@type\":\"ListItem\",\"position\":1,\"name\":\"Accueil\",\"item\":\"https:\/\/www.o-sarouel.com\/\"},{\"@type\":\"ListItem\",\"position\":2,\"name\":\"Boutique\",\"item\":\"https:\/\/www.o-sarouel.com\/boutique\/\"},{\"@type\":\"ListItem\",\"position\":3,\"name\":\"Sarouel enfant cargo noir &#8211; Dc Jeans\"}]},{\"@type\":\"WebSite\",\"@id\":\"https:\/\/www.o-sarouel.com\/#website\",\"url\":\"https:\/\/www.o-sarouel.com\/\",\"name\":\"\",\"description\":\"\",\"publisher\":{\"@id\":\"https:\/\/www.o-sarouel.com\/#organization\"},\"potentialAction\":[{\"@type\":\"SearchAction\",\"target\":{\"@type\":\"EntryPoint\",\"urlTemplate\":\"https:\/\/www.o-sarouel.com\/?s={search_term_string}\"},\"query-input\":{\"@type\":\"PropertyValueSpecification\",\"valueRequired\":true,\"valueName\":\"search_term_string\"}}],\"inLanguage\":\"de\"},{\"@type\":\"Organization\",\"@id\":\"https:\/\/www.o-sarouel.com\/#organization\",\"name\":\"O' Sarouel\",\"url\":\"https:\/\/www.o-sarouel.com\/\",\"logo\":{\"@type\":\"ImageObject\",\"inLanguage\":\"de\",\"@id\":\"https:\/\/www.o-sarouel.com\/#\/schema\/logo\/image\/\",\"url\":\"https:\/\/www.o-sarouel.com\/wp-content\/uploads\/2022\/01\/logo-o-sarouel.png\",\"contentUrl\":\"https:\/\/www.o-sarouel.com\/wp-content\/uploads\/2022\/01\/logo-o-sarouel.png\",\"width\":350,\"height\":250,\"caption\":\"O' Sarouel\"},\"image\":{\"@id\":\"https:\/\/www.o-sarouel.com\/#\/schema\/logo\/image\/\"}}]}<\/script>\n<!-- \/ Yoast SEO plugin. -->","yoast_head_json":{"title":"Kinder-Cargo-Hose schwarz I Kinder-Hose mit weitem Bein I Kollektion Dc Jeans","description":"Es ist allgemein bekannt, dass Kinder gerne rennen und sich bewegen. Schenken Sie ihnen daher die schwarze Cargo-Hose f\u00fcr Kinder von DC Jeans.","robots":{"index":"index","follow":"follow","max-snippet":"max-snippet:-1","max-image-preview":"max-image-preview:large","max-video-preview":"max-video-preview:-1"},"canonical":"https:\/\/www.o-sarouel.com\/de\/product-2\/kinder-cargohose-in-schwarz\/","og_locale":"de_DE","og_type":"article","og_title":"Cargo enfant noir I Sarouel enfant I Collection Dc Jeans","og_description":"De toute \u00e9vidence, il est connu que les enfants aiment courir et bouger. Ainsi, offrez-leur\u00a0le sarouel cargo enfant noir\u00a0by DC Jeans.","og_url":"https:\/\/www.o-sarouel.com\/de\/product-2\/kinder-cargohose-in-schwarz\/","article_modified_time":"2025-08-20T18:00:51+00:00","og_image":[{"width":600,"height":600,"url":"https:\/\/www.o-sarouel.com\/wp-content\/uploads\/2022\/01\/sarouel-enfant-noir-cargo.jpg","type":"image\/jpeg"}],"twitter_card":"summary_large_image","twitter_misc":{"Gesch\u00e4tzte Lesezeit":"2\u00a0Minuten"},"schema":{"@context":"https:\/\/schema.org","@graph":[{"@type":"WebPage","@id":"https:\/\/www.o-sarouel.com\/produit\/sarouel-enfant-cargo-noir\/","url":"https:\/\/www.o-sarouel.com\/produit\/sarouel-enfant-cargo-noir\/","name":"Kinder-Cargo-Hose schwarz I Kinder-Hose mit weitem Bein I Kollektion Dc Jeans","isPartOf":{"@id":"https:\/\/www.o-sarouel.com\/#website"},"primaryImageOfPage":{"@id":"https:\/\/www.o-sarouel.com\/produit\/sarouel-enfant-cargo-noir\/#primaryimage"},"image":{"@id":"https:\/\/www.o-sarouel.com\/produit\/sarouel-enfant-cargo-noir\/#primaryimage"},"thumbnailUrl":"https:\/\/www.o-sarouel.com\/wp-content\/uploads\/2022\/01\/sarouel-enfant-noir-cargo.jpg","datePublished":"2022-01-24T20:28:09+00:00","dateModified":"2025-08-20T18:00:51+00:00","description":"Es ist allgemein bekannt, dass Kinder gerne rennen und sich bewegen. Schenken Sie ihnen daher die schwarze Cargo-Hose f\u00fcr Kinder von DC Jeans.","breadcrumb":{"@id":"https:\/\/www.o-sarouel.com\/produit\/sarouel-enfant-cargo-noir\/#breadcrumb"},"inLanguage":"de","potentialAction":[{"@type":"ReadAction","target":["https:\/\/www.o-sarouel.com\/produit\/sarouel-enfant-cargo-noir\/"]}]},{"@type":"ImageObject","inLanguage":"de","@id":"https:\/\/www.o-sarouel.com\/produit\/sarouel-enfant-cargo-noir\/#primaryimage","url":"https:\/\/www.o-sarouel.com\/wp-content\/uploads\/2022\/01\/sarouel-enfant-noir-cargo.jpg","contentUrl":"https:\/\/www.o-sarouel.com\/wp-content\/uploads\/2022\/01\/sarouel-enfant-noir-cargo.jpg","width":600,"height":600,"caption":"Sarouel enfant cargo noir - Dc Jeans"},{"@type":"BreadcrumbList","@id":"https:\/\/www.o-sarouel.com\/produit\/sarouel-enfant-cargo-noir\/#breadcrumb","itemListElement":[{"@type":"ListItem","position":1,"name":"Accueil","item":"https:\/\/www.o-sarouel.com\/"},{"@type":"ListItem","position":2,"name":"Boutique","item":"https:\/\/www.o-sarouel.com\/boutique\/"},{"@type":"ListItem","position":3,"name":"Sarouel enfant cargo noir &#8211; Dc Jeans"}]},{"@type":"WebSite","@id":"https:\/\/www.o-sarouel.com\/#website","url":"https:\/\/www.o-sarouel.com\/","name":"","description":"","publisher":{"@id":"https:\/\/www.o-sarouel.com\/#organization"},"potentialAction":[{"@type":"SearchAction","target":{"@type":"EntryPoint","urlTemplate":"https:\/\/www.o-sarouel.com\/?s={search_term_string}"},"query-input":{"@type":"PropertyValueSpecification","valueRequired":true,"valueName":"search_term_string"}}],"inLanguage":"de"},{"@type":"Organization","@id":"https:\/\/www.o-sarouel.com\/#organization","name":"O' Sarouel","url":"https:\/\/www.o-sarouel.com\/","logo":{"@type":"ImageObject","inLanguage":"de","@id":"https:\/\/www.o-sarouel.com\/#\/schema\/logo\/image\/","url":"https:\/\/www.o-sarouel.com\/wp-content\/uploads\/2022\/01\/logo-o-sarouel.png","contentUrl":"https:\/\/www.o-sarouel.com\/wp-content\/uploads\/2022\/01\/logo-o-sarouel.png","width":350,"height":250,"caption":"O' Sarouel"},"image":{"@id":"https:\/\/www.o-sarouel.com\/#\/schema\/logo\/image\/"}}]}},"_links":{"self":[{"href":"https:\/\/www.o-sarouel.com\/de\/wp-json\/wp\/v2\/product\/440","targetHints":{"allow":["GET"]}}],"collection":[{"href":"https:\/\/www.o-sarouel.com\/de\/wp-json\/wp\/v2\/product"}],"about":[{"href":"https:\/\/www.o-sarouel.com\/de\/wp-json\/wp\/v2\/types\/product"}],"wp:featuredmedia":[{"embeddable":true,"href":"https:\/\/www.o-sarouel.com\/de\/wp-json\/wp\/v2\/media\/435"}],"wp:attachment":[{"href":"https:\/\/www.o-sarouel.com\/de\/wp-json\/wp\/v2\/media?parent=440"}],"wp:term":[{"taxonomy":"product_brand","embeddable":true,"href":"https:\/\/www.o-sarouel.com\/de\/wp-json\/wp\/v2\/product_brand?post=440"},{"taxonomy":"product_cat","embeddable":true,"href":"https:\/\/www.o-sarouel.com\/de\/wp-json\/wp\/v2\/product_cat?post=440"},{"taxonomy":"product_tag","embeddable":true,"href":"https:\/\/www.o-sarouel.com\/de\/wp-json\/wp\/v2\/product_tag?post=440"}],"curies":[{"name":"wp","href":"https:\/\/api.w.org\/{rel}","templated":true}]}}