{"id":291,"date":"2022-01-21T06:57:29","date_gmt":"2022-01-21T06:57:29","guid":{"rendered":"https:\/\/www.o-sarouel.com\/?post_type=product&#038;p=291"},"modified":"2024-03-22T21:11:06","modified_gmt":"2024-03-22T21:11:06","slug":"beigefarbene-chino-hose-im-sarouel-stil","status":"publish","type":"product","link":"https:\/\/www.o-sarouel.com\/de\/product-2\/beigefarbene-chino-hose-im-sarouel-stil\/","title":{"rendered":"Beigefarbene Basic-Chino-Hose \u2013 Dc Jeans"},"content":{"rendered":"","protected":false},"excerpt":{"rendered":"<p><strong>Eigenschaften:<\/strong><\/p>\n<ul>\n<li>Farbe: Einfarbig beige.<\/li>\n<li>Zusammensetzung: Stretch-K\u00f6pergewebe 97% Baumwolle 3% Lycra, 270 g\/m\u00b2.<\/li>\n<li>Italienische Taschen am Bund.<\/li>\n<li>Logo-Ansteckplakette aus Leder und Metall.<\/li>\n<li>Elastisch am Kn\u00f6chel.<\/li>\n<li>Doppelte Paspeltaschen mit Kn\u00f6pfen auf der R\u00fcckseite.<\/li>\n<li>Halbelastischer G\u00fcrtel mit Schlaufen (Innovation von djjeans).<\/li>\n<li>Individuell gestaltete Kn\u00f6pfe an Hosenschlitz und G\u00fcrtel.<\/li>\n<\/ul>","protected":false},"featured_media":281,"template":"","meta":[],"product_brand":[],"product_cat":[36,42,24,69,15],"product_tag":[],"class_list":{"0":"post-291","1":"product","2":"type-product","3":"status-publish","4":"has-post-thumbnail","6":"product_cat-sarouel-beige","7":"product_cat-sarouel-chino","8":"product_cat-sarouel-dc-jeans","9":"product_cat-sarouel-hiver","10":"product_cat-sarouel-homme","12":"first","13":"instock","14":"shipping-taxable","15":"purchasable","16":"product-type-variable","17":"has-default-attributes"},"yoast_head":"<!-- This site is optimized with the Yoast SEO plugin v26.9 - https:\/\/yoast.com\/product\/yoast-seo-wordpress\/ -->\n<title>Sarouel chino basic beige - Dc Jeans -<\/title>\n<meta name=\"robots\" content=\"index, follow, max-snippet:-1, max-image-preview:large, max-video-preview:-1\" \/>\n<link rel=\"canonical\" href=\"https:\/\/www.o-sarouel.com\/de\/product-2\/beigefarbene-chino-hose-im-sarouel-stil\/\" \/>\n<meta property=\"og:locale\" content=\"de_DE\" \/>\n<meta property=\"og:type\" content=\"article\" \/>\n<meta property=\"og:title\" content=\"Sarouel chino basic beige - Dc Jeans -\" \/>\n<meta property=\"og:description\" content=\"Caract\u00e9ristiques :   Coloris : Beige uni.  Composition : toile serg\u00e9 stretch 97% coton 3% Lycra, 270gr\/m2.  Poches italiennes \u00e0 la ceinture.  Badge logo cuir et m\u00e9tal.  \u00c9lastique \u00e0 la cheville.  Poches dos double passepoil boutonn\u00e9es.  Ceinture \u00e0 passant semi-\u00e9lastique (innovation dcjeans).  Boutons personnalis\u00e9s \u00e0 la braguette et ceinture.\" \/>\n<meta property=\"og:url\" content=\"https:\/\/www.o-sarouel.com\/de\/product-2\/beigefarbene-chino-hose-im-sarouel-stil\/\" \/>\n<meta property=\"article:modified_time\" content=\"2024-03-22T21:11:06+00:00\" \/>\n<meta property=\"og:image\" content=\"https:\/\/www.o-sarouel.com\/wp-content\/uploads\/2022\/01\/sarouel-chino-basic-beige.jpg\" \/>\n\t<meta property=\"og:image:width\" content=\"600\" \/>\n\t<meta property=\"og:image:height\" content=\"600\" \/>\n\t<meta property=\"og:image:type\" content=\"image\/jpeg\" \/>\n<meta name=\"twitter:card\" content=\"summary_large_image\" \/>\n<script type=\"application\/ld+json\" class=\"yoast-schema-graph\">{\"@context\":\"https:\/\/schema.org\",\"@graph\":[{\"@type\":\"WebPage\",\"@id\":\"https:\/\/www.o-sarouel.com\/produit\/sarouel-chino-basic-beige\/\",\"url\":\"https:\/\/www.o-sarouel.com\/produit\/sarouel-chino-basic-beige\/\",\"name\":\"Sarouel chino basic beige - Dc Jeans -\",\"isPartOf\":{\"@id\":\"https:\/\/www.o-sarouel.com\/#website\"},\"primaryImageOfPage\":{\"@id\":\"https:\/\/www.o-sarouel.com\/produit\/sarouel-chino-basic-beige\/#primaryimage\"},\"image\":{\"@id\":\"https:\/\/www.o-sarouel.com\/produit\/sarouel-chino-basic-beige\/#primaryimage\"},\"thumbnailUrl\":\"https:\/\/www.o-sarouel.com\/wp-content\/uploads\/2022\/01\/sarouel-chino-basic-beige.jpg\",\"datePublished\":\"2022-01-21T06:57:29+00:00\",\"dateModified\":\"2024-03-22T21:11:06+00:00\",\"breadcrumb\":{\"@id\":\"https:\/\/www.o-sarouel.com\/produit\/sarouel-chino-basic-beige\/#breadcrumb\"},\"inLanguage\":\"de\",\"potentialAction\":[{\"@type\":\"ReadAction\",\"target\":[\"https:\/\/www.o-sarouel.com\/produit\/sarouel-chino-basic-beige\/\"]}]},{\"@type\":\"ImageObject\",\"inLanguage\":\"de\",\"@id\":\"https:\/\/www.o-sarouel.com\/produit\/sarouel-chino-basic-beige\/#primaryimage\",\"url\":\"https:\/\/www.o-sarouel.com\/wp-content\/uploads\/2022\/01\/sarouel-chino-basic-beige.jpg\",\"contentUrl\":\"https:\/\/www.o-sarouel.com\/wp-content\/uploads\/2022\/01\/sarouel-chino-basic-beige.jpg\",\"width\":600,\"height\":600,\"caption\":\"Sarouel chino basic beige - Dc Jeans\"},{\"@type\":\"BreadcrumbList\",\"@id\":\"https:\/\/www.o-sarouel.com\/produit\/sarouel-chino-basic-beige\/#breadcrumb\",\"itemListElement\":[{\"@type\":\"ListItem\",\"position\":1,\"name\":\"Accueil\",\"item\":\"https:\/\/www.o-sarouel.com\/\"},{\"@type\":\"ListItem\",\"position\":2,\"name\":\"Boutique\",\"item\":\"https:\/\/www.o-sarouel.com\/boutique\/\"},{\"@type\":\"ListItem\",\"position\":3,\"name\":\"Sarouel chino basic beige &#8211; Dc Jeans\"}]},{\"@type\":\"WebSite\",\"@id\":\"https:\/\/www.o-sarouel.com\/#website\",\"url\":\"https:\/\/www.o-sarouel.com\/\",\"name\":\"\",\"description\":\"\",\"publisher\":{\"@id\":\"https:\/\/www.o-sarouel.com\/#organization\"},\"potentialAction\":[{\"@type\":\"SearchAction\",\"target\":{\"@type\":\"EntryPoint\",\"urlTemplate\":\"https:\/\/www.o-sarouel.com\/?s={search_term_string}\"},\"query-input\":{\"@type\":\"PropertyValueSpecification\",\"valueRequired\":true,\"valueName\":\"search_term_string\"}}],\"inLanguage\":\"de\"},{\"@type\":\"Organization\",\"@id\":\"https:\/\/www.o-sarouel.com\/#organization\",\"name\":\"O' Sarouel\",\"url\":\"https:\/\/www.o-sarouel.com\/\",\"logo\":{\"@type\":\"ImageObject\",\"inLanguage\":\"de\",\"@id\":\"https:\/\/www.o-sarouel.com\/#\/schema\/logo\/image\/\",\"url\":\"https:\/\/www.o-sarouel.com\/wp-content\/uploads\/2022\/01\/logo-o-sarouel.png\",\"contentUrl\":\"https:\/\/www.o-sarouel.com\/wp-content\/uploads\/2022\/01\/logo-o-sarouel.png\",\"width\":350,\"height\":250,\"caption\":\"O' Sarouel\"},\"image\":{\"@id\":\"https:\/\/www.o-sarouel.com\/#\/schema\/logo\/image\/\"}}]}<\/script>\n<!-- \/ Yoast SEO plugin. -->","yoast_head_json":{"title":"Beigefarbene Basic-Chino-Hose mit weitem Bein \u2013 Dc Jeans \u2013","robots":{"index":"index","follow":"follow","max-snippet":"max-snippet:-1","max-image-preview":"max-image-preview:large","max-video-preview":"max-video-preview:-1"},"canonical":"https:\/\/www.o-sarouel.com\/de\/product-2\/beigefarbene-chino-hose-im-sarouel-stil\/","og_locale":"de_DE","og_type":"article","og_title":"Sarouel chino basic beige - Dc Jeans -","og_description":"Caract\u00e9ristiques :   Coloris : Beige uni.  Composition : toile serg\u00e9 stretch 97% coton 3% Lycra, 270gr\/m2.  Poches italiennes \u00e0 la ceinture.  Badge logo cuir et m\u00e9tal.  \u00c9lastique \u00e0 la cheville.  Poches dos double passepoil boutonn\u00e9es.  Ceinture \u00e0 passant semi-\u00e9lastique (innovation dcjeans).  Boutons personnalis\u00e9s \u00e0 la braguette et ceinture.","og_url":"https:\/\/www.o-sarouel.com\/de\/product-2\/beigefarbene-chino-hose-im-sarouel-stil\/","article_modified_time":"2024-03-22T21:11:06+00:00","og_image":[{"width":600,"height":600,"url":"https:\/\/www.o-sarouel.com\/wp-content\/uploads\/2022\/01\/sarouel-chino-basic-beige.jpg","type":"image\/jpeg"}],"twitter_card":"summary_large_image","schema":{"@context":"https:\/\/schema.org","@graph":[{"@type":"WebPage","@id":"https:\/\/www.o-sarouel.com\/produit\/sarouel-chino-basic-beige\/","url":"https:\/\/www.o-sarouel.com\/produit\/sarouel-chino-basic-beige\/","name":"Beigefarbene Basic-Chino-Hose mit weitem Bein \u2013 Dc Jeans \u2013","isPartOf":{"@id":"https:\/\/www.o-sarouel.com\/#website"},"primaryImageOfPage":{"@id":"https:\/\/www.o-sarouel.com\/produit\/sarouel-chino-basic-beige\/#primaryimage"},"image":{"@id":"https:\/\/www.o-sarouel.com\/produit\/sarouel-chino-basic-beige\/#primaryimage"},"thumbnailUrl":"https:\/\/www.o-sarouel.com\/wp-content\/uploads\/2022\/01\/sarouel-chino-basic-beige.jpg","datePublished":"2022-01-21T06:57:29+00:00","dateModified":"2024-03-22T21:11:06+00:00","breadcrumb":{"@id":"https:\/\/www.o-sarouel.com\/produit\/sarouel-chino-basic-beige\/#breadcrumb"},"inLanguage":"de","potentialAction":[{"@type":"ReadAction","target":["https:\/\/www.o-sarouel.com\/produit\/sarouel-chino-basic-beige\/"]}]},{"@type":"ImageObject","inLanguage":"de","@id":"https:\/\/www.o-sarouel.com\/produit\/sarouel-chino-basic-beige\/#primaryimage","url":"https:\/\/www.o-sarouel.com\/wp-content\/uploads\/2022\/01\/sarouel-chino-basic-beige.jpg","contentUrl":"https:\/\/www.o-sarouel.com\/wp-content\/uploads\/2022\/01\/sarouel-chino-basic-beige.jpg","width":600,"height":600,"caption":"Sarouel chino basic beige - Dc Jeans"},{"@type":"BreadcrumbList","@id":"https:\/\/www.o-sarouel.com\/produit\/sarouel-chino-basic-beige\/#breadcrumb","itemListElement":[{"@type":"ListItem","position":1,"name":"Accueil","item":"https:\/\/www.o-sarouel.com\/"},{"@type":"ListItem","position":2,"name":"Boutique","item":"https:\/\/www.o-sarouel.com\/boutique\/"},{"@type":"ListItem","position":3,"name":"Sarouel chino basic beige &#8211; Dc Jeans"}]},{"@type":"WebSite","@id":"https:\/\/www.o-sarouel.com\/#website","url":"https:\/\/www.o-sarouel.com\/","name":"","description":"","publisher":{"@id":"https:\/\/www.o-sarouel.com\/#organization"},"potentialAction":[{"@type":"SearchAction","target":{"@type":"EntryPoint","urlTemplate":"https:\/\/www.o-sarouel.com\/?s={search_term_string}"},"query-input":{"@type":"PropertyValueSpecification","valueRequired":true,"valueName":"search_term_string"}}],"inLanguage":"de"},{"@type":"Organization","@id":"https:\/\/www.o-sarouel.com\/#organization","name":"O' Sarouel","url":"https:\/\/www.o-sarouel.com\/","logo":{"@type":"ImageObject","inLanguage":"de","@id":"https:\/\/www.o-sarouel.com\/#\/schema\/logo\/image\/","url":"https:\/\/www.o-sarouel.com\/wp-content\/uploads\/2022\/01\/logo-o-sarouel.png","contentUrl":"https:\/\/www.o-sarouel.com\/wp-content\/uploads\/2022\/01\/logo-o-sarouel.png","width":350,"height":250,"caption":"O' Sarouel"},"image":{"@id":"https:\/\/www.o-sarouel.com\/#\/schema\/logo\/image\/"}}]}},"_links":{"self":[{"href":"https:\/\/www.o-sarouel.com\/de\/wp-json\/wp\/v2\/product\/291","targetHints":{"allow":["GET"]}}],"collection":[{"href":"https:\/\/www.o-sarouel.com\/de\/wp-json\/wp\/v2\/product"}],"about":[{"href":"https:\/\/www.o-sarouel.com\/de\/wp-json\/wp\/v2\/types\/product"}],"wp:featuredmedia":[{"embeddable":true,"href":"https:\/\/www.o-sarouel.com\/de\/wp-json\/wp\/v2\/media\/281"}],"wp:attachment":[{"href":"https:\/\/www.o-sarouel.com\/de\/wp-json\/wp\/v2\/media?parent=291"}],"wp:term":[{"taxonomy":"product_brand","embeddable":true,"href":"https:\/\/www.o-sarouel.com\/de\/wp-json\/wp\/v2\/product_brand?post=291"},{"taxonomy":"product_cat","embeddable":true,"href":"https:\/\/www.o-sarouel.com\/de\/wp-json\/wp\/v2\/product_cat?post=291"},{"taxonomy":"product_tag","embeddable":true,"href":"https:\/\/www.o-sarouel.com\/de\/wp-json\/wp\/v2\/product_tag?post=291"}],"curies":[{"name":"wp","href":"https:\/\/api.w.org\/{rel}","templated":true}]}}