{"id":1168,"date":"2022-07-12T15:27:58","date_gmt":"2022-07-12T15:27:58","guid":{"rendered":"https:\/\/www.o-sarouel.com\/?post_type=product&#038;p=1168"},"modified":"2026-05-01T14:55:43","modified_gmt":"2026-05-01T14:55:43","slug":"weise-qamis-hose","status":"publish","type":"product","link":"https:\/\/www.o-sarouel.com\/de\/product-2\/weise-qamis-hose\/","title":{"rendered":"Wei\u00dfe Qamis-Hose"},"content":{"rendered":"<p>Die wei\u00dfe Qamis-Hose ist\u00a0<strong>das Unverzichtbare<\/strong>\u00a0um einen Qamis richtig zu tragen. Das ist das gewisse Etwas, das Ihren Stil unterstreicht.<\/p>\n<h2><strong>Die wei\u00dfe Qamis-Hose, das Kleidungsst\u00fcck, das Ihre Schamhaftigkeit respektiert<\/strong><\/h2>\n<p>Wenn Sie einen wei\u00dfen Qamis tragen, hat dies den Nachteil, dass man leicht hindurchsehen kann. Mit unserer wei\u00dfen Qamis-Hose k\u00f6nnen Sie diesen Nachteil vermeiden. Und Sie werden\u00a0<strong>Ehre der Sunna<\/strong>\u00a0unserem geliebten Propheten \ufdfa . Er wird auch einen\u00a0<strong>breite Wirkung<\/strong>\u00a0zu Ihrem Qamis, der nicht dazu neigt, an Ihnen zu kleben (wie es der Fall sein kann, wenn Sie keine Hose tragen).<\/p>\n<p><strong>Die wei\u00dfe Qamis-Hose: das gewisse Extra, das Ihnen Stil verleiht<\/strong><\/p>\n<p>Das ist das Kleidungsst\u00fcck, das Sie zu jeder Gelegenheit tragen werden.\u00a0<strong>Wohlstand<\/strong>. So bietet es Ihnen eine angenehme Bewegungsfreiheit. In Kombination mit einem wei\u00dfen Qamis erzielen Sie einen schlichten und eleganten Stil. Sie k\u00f6nnen auch <a href=\"https:\/\/www.custom-qamis.com\" target=\"_blank\" rel=\"noopener\"><strong>einen personalisierten Qamis finden<\/strong><\/a>. Sie k\u00f6nnen es aber auch mit einem dunklen Qamis kombinieren. Denn Wei\u00df bringt die dunkle Farbe zur Geltung und l\u00e4sst Sie gut aussehen. Sie werden <strong>elegant<\/strong>\u00a0ohne dabei \u00fcbertrieben zu sein.<\/p>\n<h2><strong>Wei\u00df tragen, ein Ratschlag unseres geliebten Propheten \ufdfa\u00a0<\/strong><\/h2>\n<p>Wenn Sie unsere wei\u00dfe Qamis-Hose tragen, f\u00fchren Sie eine prophetische Tradition fort. Der Prophet \ufdfa sagte n\u00e4mlich: \u00abZieht wei\u00dfe Kleidung an. Das ist die beste Kleidung.\u00bb (\u00dcberliefert von at-Tirmidhi). In einem anderen Stil, die Jogging-Haremshose <a href=\"https:\/\/www.o-sarouel.com\/de\/kategorie\/sarouelhose-sommer\/\"><strong>leichtes Gewebe<\/strong><\/a> Hellgrau \u2013 Qaba\u2019il, wird Ihnen hervorragend stehen.<\/p>\n<h3><strong>Folgen Sie dem Propheten in Ihrer Art, sich zu kleiden<\/strong><\/h3>\n<p>Zun\u00e4chst einmal hat uns der Prophet \ufdfa aufgefordert, Allah zu danken, wenn wir ein neues Kleidungsst\u00fcck anziehen. Beginnen Sie also damit, \u00abbismillah\u00bb (\u0628\u0650\u0633\u0652\u0645\u0650 \u0627\u0644\u0644\u0647\u0650) zu sagen. Beginnen Sie dann immer mit Ihrer rechten Seite. Ziehen Sie also zuerst Ihr rechtes Bein an, bevor Sie das linke anziehen. Schlie\u00dflich sollten Sie auf Schlichtheit achten. Denn der Prophet \ufdfa hat uns vor zu auff\u00e4lliger Kleidung und dem Stolz gewarnt, den man beim Tragen solcher Kleidung empfinden k\u00f6nnte. O Sarouel steht f\u00fcr Eleganz in aller Schlichtheit.<\/p>","protected":false},"excerpt":{"rendered":"<p>Le pantalon qamis blanc est\u00a0l\u2019incontournable\u00a0pour porter correctement un qamis. C\u2019est la petite touche qui rel\u00e8vera votre style. Le pantalon qamis blanc, l\u2019habit pour respecter votre pudeur Lorsque vous portez un qamis blanc, l\u2019inconv\u00e9nient est qu\u2019on peut facilement voir \u00e0 travers. Notre pantalon de qamis blanc va permettre de vous \u00e9viter ce d\u00e9savantage. Et vous ferez\u00a0honneur [&#8230;]","protected":false},"featured_media":1174,"template":"","meta":[],"product_brand":[],"product_cat":[56],"product_tag":[],"class_list":{"0":"post-1168","1":"product","2":"type-product","3":"status-publish","4":"has-post-thumbnail","6":"product_cat-pantalon-qamis","8":"first","9":"instock","10":"shipping-taxable","11":"purchasable","12":"product-type-variable"},"yoast_head":"<!-- This site is optimized with the Yoast SEO plugin v26.9 - https:\/\/yoast.com\/product\/yoast-seo-wordpress\/ -->\n<title>Pantalon qamis blanc I Tissu agr\u00e9able et l\u00e9ger I Achat s\u00e9curis\u00e9<\/title>\n<meta name=\"description\" content=\"Le pantalon qamis blanc est\u00a0l\u2019incontournable\u00a0pour porter correctement un qamis. C\u2019est la petite touche qui rel\u00e8vera votre style.\u00a0\" \/>\n<meta name=\"robots\" content=\"index, follow, max-snippet:-1, max-image-preview:large, max-video-preview:-1\" \/>\n<link rel=\"canonical\" href=\"https:\/\/www.o-sarouel.com\/de\/product-2\/weise-qamis-hose\/\" \/>\n<meta property=\"og:locale\" content=\"de_DE\" \/>\n<meta property=\"og:type\" content=\"article\" \/>\n<meta property=\"og:title\" content=\"Pantalon qamis blanc I Tissu agr\u00e9able et l\u00e9ger I Achat s\u00e9curis\u00e9\" \/>\n<meta property=\"og:description\" content=\"Le pantalon qamis blanc est\u00a0l\u2019incontournable\u00a0pour porter correctement un qamis. C\u2019est la petite touche qui rel\u00e8vera votre style.\u00a0\" \/>\n<meta property=\"og:url\" content=\"https:\/\/www.o-sarouel.com\/de\/product-2\/weise-qamis-hose\/\" \/>\n<meta property=\"article:modified_time\" content=\"2026-05-01T14:55:43+00:00\" \/>\n<meta property=\"og:image\" content=\"https:\/\/www.o-sarouel.com\/wp-content\/uploads\/2022\/07\/BLANC.jpg\" \/>\n\t<meta property=\"og:image:width\" content=\"600\" \/>\n\t<meta property=\"og:image:height\" content=\"600\" \/>\n\t<meta property=\"og:image:type\" content=\"image\/jpeg\" \/>\n<meta name=\"twitter:card\" content=\"summary_large_image\" \/>\n<meta name=\"twitter:label1\" content=\"Gesch\u00e4tzte Lesezeit\" \/>\n\t<meta name=\"twitter:data1\" content=\"2\u00a0Minuten\" \/>\n<script type=\"application\/ld+json\" class=\"yoast-schema-graph\">{\"@context\":\"https:\/\/schema.org\",\"@graph\":[{\"@type\":\"WebPage\",\"@id\":\"https:\/\/www.o-sarouel.com\/produit\/pantalon-qamis-blanc\/\",\"url\":\"https:\/\/www.o-sarouel.com\/produit\/pantalon-qamis-blanc\/\",\"name\":\"Pantalon qamis blanc I Tissu agr\u00e9able et l\u00e9ger I Achat s\u00e9curis\u00e9\",\"isPartOf\":{\"@id\":\"https:\/\/www.o-sarouel.com\/#website\"},\"primaryImageOfPage\":{\"@id\":\"https:\/\/www.o-sarouel.com\/produit\/pantalon-qamis-blanc\/#primaryimage\"},\"image\":{\"@id\":\"https:\/\/www.o-sarouel.com\/produit\/pantalon-qamis-blanc\/#primaryimage\"},\"thumbnailUrl\":\"https:\/\/www.o-sarouel.com\/wp-content\/uploads\/2022\/07\/BLANC.jpg\",\"datePublished\":\"2022-07-12T15:27:58+00:00\",\"dateModified\":\"2026-05-01T14:55:43+00:00\",\"description\":\"Le pantalon qamis blanc est\u00a0l\u2019incontournable\u00a0pour porter correctement un qamis. C\u2019est la petite touche qui rel\u00e8vera votre style.\u00a0\",\"breadcrumb\":{\"@id\":\"https:\/\/www.o-sarouel.com\/produit\/pantalon-qamis-blanc\/#breadcrumb\"},\"inLanguage\":\"de\",\"potentialAction\":[{\"@type\":\"ReadAction\",\"target\":[\"https:\/\/www.o-sarouel.com\/produit\/pantalon-qamis-blanc\/\"]}]},{\"@type\":\"ImageObject\",\"inLanguage\":\"de\",\"@id\":\"https:\/\/www.o-sarouel.com\/produit\/pantalon-qamis-blanc\/#primaryimage\",\"url\":\"https:\/\/www.o-sarouel.com\/wp-content\/uploads\/2022\/07\/BLANC.jpg\",\"contentUrl\":\"https:\/\/www.o-sarouel.com\/wp-content\/uploads\/2022\/07\/BLANC.jpg\",\"width\":600,\"height\":600,\"caption\":\"pantalon qamis blanc\"},{\"@type\":\"BreadcrumbList\",\"@id\":\"https:\/\/www.o-sarouel.com\/produit\/pantalon-qamis-blanc\/#breadcrumb\",\"itemListElement\":[{\"@type\":\"ListItem\",\"position\":1,\"name\":\"Accueil\",\"item\":\"https:\/\/www.o-sarouel.com\/\"},{\"@type\":\"ListItem\",\"position\":2,\"name\":\"Boutique\",\"item\":\"https:\/\/www.o-sarouel.com\/boutique\/\"},{\"@type\":\"ListItem\",\"position\":3,\"name\":\"Pantalon qamis blanc\"}]},{\"@type\":\"WebSite\",\"@id\":\"https:\/\/www.o-sarouel.com\/#website\",\"url\":\"https:\/\/www.o-sarouel.com\/\",\"name\":\"\",\"description\":\"\",\"publisher\":{\"@id\":\"https:\/\/www.o-sarouel.com\/#organization\"},\"potentialAction\":[{\"@type\":\"SearchAction\",\"target\":{\"@type\":\"EntryPoint\",\"urlTemplate\":\"https:\/\/www.o-sarouel.com\/?s={search_term_string}\"},\"query-input\":{\"@type\":\"PropertyValueSpecification\",\"valueRequired\":true,\"valueName\":\"search_term_string\"}}],\"inLanguage\":\"de\"},{\"@type\":\"Organization\",\"@id\":\"https:\/\/www.o-sarouel.com\/#organization\",\"name\":\"O' Sarouel\",\"url\":\"https:\/\/www.o-sarouel.com\/\",\"logo\":{\"@type\":\"ImageObject\",\"inLanguage\":\"de\",\"@id\":\"https:\/\/www.o-sarouel.com\/#\/schema\/logo\/image\/\",\"url\":\"https:\/\/www.o-sarouel.com\/wp-content\/uploads\/2022\/01\/logo-o-sarouel.png\",\"contentUrl\":\"https:\/\/www.o-sarouel.com\/wp-content\/uploads\/2022\/01\/logo-o-sarouel.png\",\"width\":350,\"height\":250,\"caption\":\"O' Sarouel\"},\"image\":{\"@id\":\"https:\/\/www.o-sarouel.com\/#\/schema\/logo\/image\/\"}}]}<\/script>\n<!-- \/ Yoast SEO plugin. -->","yoast_head_json":{"title":"Wei\u00dfe Qamis-Hose I Angenehmes, leichtes Material I Sicherer Kauf","description":"Die wei\u00dfe Qamis-Hose ist ein Muss, um einen Qamis richtig zu tragen. Sie ist das kleine Detail, das Ihren Stil unterstreicht.\u00a0","robots":{"index":"index","follow":"follow","max-snippet":"max-snippet:-1","max-image-preview":"max-image-preview:large","max-video-preview":"max-video-preview:-1"},"canonical":"https:\/\/www.o-sarouel.com\/de\/product-2\/weise-qamis-hose\/","og_locale":"de_DE","og_type":"article","og_title":"Pantalon qamis blanc I Tissu agr\u00e9able et l\u00e9ger I Achat s\u00e9curis\u00e9","og_description":"Le pantalon qamis blanc est\u00a0l\u2019incontournable\u00a0pour porter correctement un qamis. C\u2019est la petite touche qui rel\u00e8vera votre style.\u00a0","og_url":"https:\/\/www.o-sarouel.com\/de\/product-2\/weise-qamis-hose\/","article_modified_time":"2026-05-01T14:55:43+00:00","og_image":[{"width":600,"height":600,"url":"https:\/\/www.o-sarouel.com\/wp-content\/uploads\/2022\/07\/BLANC.jpg","type":"image\/jpeg"}],"twitter_card":"summary_large_image","twitter_misc":{"Gesch\u00e4tzte Lesezeit":"2\u00a0Minuten"},"schema":{"@context":"https:\/\/schema.org","@graph":[{"@type":"WebPage","@id":"https:\/\/www.o-sarouel.com\/produit\/pantalon-qamis-blanc\/","url":"https:\/\/www.o-sarouel.com\/produit\/pantalon-qamis-blanc\/","name":"Wei\u00dfe Qamis-Hose I Angenehmes, leichtes Material I Sicherer Kauf","isPartOf":{"@id":"https:\/\/www.o-sarouel.com\/#website"},"primaryImageOfPage":{"@id":"https:\/\/www.o-sarouel.com\/produit\/pantalon-qamis-blanc\/#primaryimage"},"image":{"@id":"https:\/\/www.o-sarouel.com\/produit\/pantalon-qamis-blanc\/#primaryimage"},"thumbnailUrl":"https:\/\/www.o-sarouel.com\/wp-content\/uploads\/2022\/07\/BLANC.jpg","datePublished":"2022-07-12T15:27:58+00:00","dateModified":"2026-05-01T14:55:43+00:00","description":"Die wei\u00dfe Qamis-Hose ist ein Muss, um einen Qamis richtig zu tragen. Sie ist das kleine Detail, das Ihren Stil unterstreicht.\u00a0","breadcrumb":{"@id":"https:\/\/www.o-sarouel.com\/produit\/pantalon-qamis-blanc\/#breadcrumb"},"inLanguage":"de","potentialAction":[{"@type":"ReadAction","target":["https:\/\/www.o-sarouel.com\/produit\/pantalon-qamis-blanc\/"]}]},{"@type":"ImageObject","inLanguage":"de","@id":"https:\/\/www.o-sarouel.com\/produit\/pantalon-qamis-blanc\/#primaryimage","url":"https:\/\/www.o-sarouel.com\/wp-content\/uploads\/2022\/07\/BLANC.jpg","contentUrl":"https:\/\/www.o-sarouel.com\/wp-content\/uploads\/2022\/07\/BLANC.jpg","width":600,"height":600,"caption":"pantalon qamis blanc"},{"@type":"BreadcrumbList","@id":"https:\/\/www.o-sarouel.com\/produit\/pantalon-qamis-blanc\/#breadcrumb","itemListElement":[{"@type":"ListItem","position":1,"name":"Accueil","item":"https:\/\/www.o-sarouel.com\/"},{"@type":"ListItem","position":2,"name":"Boutique","item":"https:\/\/www.o-sarouel.com\/boutique\/"},{"@type":"ListItem","position":3,"name":"Pantalon qamis blanc"}]},{"@type":"WebSite","@id":"https:\/\/www.o-sarouel.com\/#website","url":"https:\/\/www.o-sarouel.com\/","name":"","description":"","publisher":{"@id":"https:\/\/www.o-sarouel.com\/#organization"},"potentialAction":[{"@type":"SearchAction","target":{"@type":"EntryPoint","urlTemplate":"https:\/\/www.o-sarouel.com\/?s={search_term_string}"},"query-input":{"@type":"PropertyValueSpecification","valueRequired":true,"valueName":"search_term_string"}}],"inLanguage":"de"},{"@type":"Organization","@id":"https:\/\/www.o-sarouel.com\/#organization","name":"O' Sarouel","url":"https:\/\/www.o-sarouel.com\/","logo":{"@type":"ImageObject","inLanguage":"de","@id":"https:\/\/www.o-sarouel.com\/#\/schema\/logo\/image\/","url":"https:\/\/www.o-sarouel.com\/wp-content\/uploads\/2022\/01\/logo-o-sarouel.png","contentUrl":"https:\/\/www.o-sarouel.com\/wp-content\/uploads\/2022\/01\/logo-o-sarouel.png","width":350,"height":250,"caption":"O' Sarouel"},"image":{"@id":"https:\/\/www.o-sarouel.com\/#\/schema\/logo\/image\/"}}]}},"_links":{"self":[{"href":"https:\/\/www.o-sarouel.com\/de\/wp-json\/wp\/v2\/product\/1168","targetHints":{"allow":["GET"]}}],"collection":[{"href":"https:\/\/www.o-sarouel.com\/de\/wp-json\/wp\/v2\/product"}],"about":[{"href":"https:\/\/www.o-sarouel.com\/de\/wp-json\/wp\/v2\/types\/product"}],"wp:featuredmedia":[{"embeddable":true,"href":"https:\/\/www.o-sarouel.com\/de\/wp-json\/wp\/v2\/media\/1174"}],"wp:attachment":[{"href":"https:\/\/www.o-sarouel.com\/de\/wp-json\/wp\/v2\/media?parent=1168"}],"wp:term":[{"taxonomy":"product_brand","embeddable":true,"href":"https:\/\/www.o-sarouel.com\/de\/wp-json\/wp\/v2\/product_brand?post=1168"},{"taxonomy":"product_cat","embeddable":true,"href":"https:\/\/www.o-sarouel.com\/de\/wp-json\/wp\/v2\/product_cat?post=1168"},{"taxonomy":"product_tag","embeddable":true,"href":"https:\/\/www.o-sarouel.com\/de\/wp-json\/wp\/v2\/product_tag?post=1168"}],"curies":[{"name":"wp","href":"https:\/\/api.w.org\/{rel}","templated":true}]}}