{"id":3,"date":"2022-01-15T21:14:33","date_gmt":"2022-01-15T21:14:33","guid":{"rendered":"https:\/\/www.o-sarouel.com\/?page_id=3"},"modified":"2022-01-16T20:28:28","modified_gmt":"2022-01-16T20:28:28","slug":"datenschutzerklarung","status":"publish","type":"page","link":"https:\/\/www.o-sarouel.com\/de\/datenschutzerklarung\/","title":{"rendered":"VERWENDUNG DER ERFASSTEN PERSONENBEZOGENEN DATEN"},"content":{"rendered":"<p>Die Website https:\/\/www.o-sarouel.com wird von FRATY LLC mit Sitz in 304 S JONES BLVD, LAS VEGAS, NEVADA 89107 entwickelt.<\/p>\n\n\n\n<p>Bei Fragen wenden Sie sich bitte per E-Mail an uns: contact@o-sarouel.com<\/p>\n\n\n\n<p>F\u00fcr seine T\u00e4tigkeit sammelt O\u2019 Sarouel Daten, die Sie betreffen und die Sie bei Ihrer Registrierung als Nutzer der Website oder als Kunde angegeben haben.<\/p>\n\n\n\n<p>Alle Bestimmungen und Gesetze zum Datenschutz werden von O\u2019 Sarouel eingehalten.<\/p>\n\n\n\n<p>Sie k\u00f6nnen uns kontaktieren, um die Informationen zu erhalten, die wir \u00fcber Ihr Profil gespeichert haben.<\/p>\n\n\n\n<h3 class=\"wp-block-heading\"><strong>SCHUTZ PERSONENBEZOGENER DATEN<\/strong><\/h3>\n\n\n\n<p><strong>Google Analytics, Google AdWords Conversion Tracking, Google Remarketing, Facebook Pixel<\/strong><\/p>\n\n\n\n<p>Diese Website verwendet Google Analytics, Google AdWords Conversion Tracking, Google Remarketing und das Facebook-Pixel. Google und Facebook verwenden Cookies (Textdateien), die auf Ihrem Computer gespeichert werden. Sie erm\u00f6glichen eine Analyse Ihrer Nutzung der Website.<\/p>\n\n\n\n<p>Google Analytics und das Facebook-Pixel erfassen die Informationen anonym. Die Website-Statistiken enthalten keine pers\u00f6nlichen Angaben zu den Besuchern. Bei den verwendeten Cookies handelt es sich um Double-Click-Cookies, die dazu dienen, Daten an Dritte weiterzugeben, die diese verarbeiten, um Remarketing f\u00fcr Produkte wie AdWords im Google-Netzwerk zu erm\u00f6glichen. Informationen wie beispielsweise die Besuchszeiten werden in den Cookies gespeichert. Hinzu kommen weitere Informationen: Handelt es sich um den ersten Besuch des Nutzers, welche Angaben zur Website haben den Besucher auf die Webseite gef\u00fchrt usw. Die durch die Cookies bereitgestellten Informationen werden an die Server von Google und Facebook \u00fcbertragen und dort gespeichert. Google kann diese Informationen gegebenenfalls an Dritte weitergeben, wenn dies gesetzlich vorgeschrieben ist oder wenn Dritte diese Daten im Auftrag von Google verarbeiten. Google h\u00e4lt sich an die Datenschutzbestimmungen des US-amerikanischen Safe Harbor (Sicherheitsbereich) und ist in der Liste der Teilnehmer am Safe-Harbor-Programm des US-Handelsministeriums aufgef\u00fchrt. Bei Google Adwords Conversion Tracking wird ein Cookie verwendet, um die Leistung zu ermitteln, nachdem Sie auf eine AdWords-Anzeige geklickt haben. Im Rahmen von Google Remarketing wird das Surfverhalten der Internetnutzer auf den Seiten der Website mithilfe von Cookies anonym f\u00fcr Marketingzwecke gespeichert und verwendet, um die Werbung an Ihre Interessen anzupassen.<\/p>\n\n\n\n<p>Personenbezogene Daten, die R\u00fcckschl\u00fcsse auf die Identit\u00e4t der Besucher der Website zulassen, werden von diesem System in keiner Weise erfasst oder gespeichert. Die Erfassung und Speicherung von Daten kann jederzeit unterbrochen werden. Sie k\u00f6nnen die Verwendung von Cookies f\u00fcr Google Adwords Conversion Tracking und Google Remarketing unter www.google.com\/ads\/preferences einsehen und unter www.networkadvertising.org\/managing\/opt_out.asp deaktivieren.<\/p>\n\n\n\n<p>Wenn Sie alle Cookies im Browser l\u00f6schen m\u00f6chten, m\u00fcssen Sie diesen Vorgang wiederholen. Durch eine entsprechende Einstellung k\u00f6nnen Sie die Installation von Cookies in Ihrem Browser vollst\u00e4ndig verhindern. Wenn Sie Google Analytics deaktivieren m\u00f6chten, finden Sie das entsprechende Browser-Add-on unter https:\/\/tools.google.com\/dlpage\/gaoptout?hl=fr.<\/p>\n\n\n\n<p>Durch die Nutzung dieser Website erkl\u00e4ren Sie sich mit der Speicherung und Verarbeitung Ihrer Daten zu dem oben genannten Zweck einverstanden. Weitere Informationen zu Werbung bei Google und zum Datenschutz finden Sie unter http:\/\/www.google.ch\/intl\/fr\/policies\/technologies\/ads\/.<\/p>\n\n\n\n<p><strong>SICHERHEITSVORSCHRIFTEN F\u00dcR DIE ERFASSTEN DATEN<\/strong><\/p>\n\n\n\n<p>Alle Informationen, die Sie auf Ihrer Website speichern, k\u00f6nnen von anderen Internetnutzern gelesen werden. Wir bitten Sie daher, wachsam zu sein und sich Ihrer Verantwortung in Bezug auf sensible Informationen (z. B. Adressen, Telefonnummern) und vertrauliche Daten (z. B. Passw\u00f6rter, Benutzernamen) bewusst zu sein. Beachten Sie, dass passwortgesch\u00fctzte Bereiche nicht vor unbefugtem Zugriff (Hacking) gesch\u00fctzt sind.<\/p>\n\n\n\n<p><strong>WEITERGABE DER VON MON O\u2019 SAROUEL ERFASSTEN INFORMATIONEN<\/strong><\/p>\n\n\n\n<p>Ihre Daten werden nicht an Dritte verkauft.<\/p>\n\n\n\n<p>Dar\u00fcber hinaus geben wir ohne Ihre Zustimmung keine personenbezogenen Daten an Dritte weiter, es sei denn, dies ist zur Einhaltung der Allgemeinen Gesch\u00e4ftsbedingungen, zur Wahrung unserer Rechte oder zur Durchf\u00fchrung statistischer Analysen erforderlich.<\/p>\n\n\n\n<p><strong>INFORMATIONEN ZU IHREN RECHTEN<\/strong><\/p>\n\n\n\n<p>Wenn Sie ein Konto haben oder Kommentare auf der Website hinterlassen haben, k\u00f6nnen Sie eine Datei mit allen personenbezogenen Daten anfordern, die wir \u00fcber Sie gespeichert haben, einschlie\u00dflich der Daten, die Sie uns zur Verf\u00fcgung gestellt haben. Sie k\u00f6nnen auch die L\u00f6schung Ihrer personenbezogenen Daten beantragen. Davon ausgenommen sind Daten, die zu administrativen, rechtlichen oder Sicherheitszwecken gespeichert werden.<\/p>","protected":false},"excerpt":{"rendered":"<p>Le site https:\/\/www.o-sarouel.com est d\u00e9velopp\u00e9 par la FRATY LLC dont le si\u00e8ge est au 304 S JONES BLVD, LAS VEGAS, NEVADA 89107. Pour toute question, n\u2019h\u00e9sitez pas \u00e0 nous contacter par email :\u00a0contact@o-sarouel.com Pour son activit\u00e9, O&#8217; Sarouel collecte des donn\u00e9es qui vous sont propres et que vous avez \u00e9t\u00e9 amen\u00e9s \u00e0 indiquer lors de [&#8230;]","protected":false},"author":1,"featured_media":0,"parent":0,"menu_order":0,"comment_status":"closed","ping_status":"open","template":"","meta":{"footnotes":""},"class_list":["post-3","page","type-page","status-publish","hentry"],"yoast_head":"<!-- This site is optimized with the Yoast SEO plugin v26.9 - https:\/\/yoast.com\/product\/yoast-seo-wordpress\/ -->\n<title>UTILISATION DES DONN\u00c9ES PERSONNELLES COLLECT\u00c9ES -<\/title>\n<meta name=\"robots\" content=\"index, follow, max-snippet:-1, max-image-preview:large, max-video-preview:-1\" \/>\n<link rel=\"canonical\" href=\"https:\/\/www.o-sarouel.com\/de\/datenschutzerklarung\/\" \/>\n<meta property=\"og:locale\" content=\"de_DE\" \/>\n<meta property=\"og:type\" content=\"article\" \/>\n<meta property=\"og:title\" content=\"UTILISATION DES DONN\u00c9ES PERSONNELLES COLLECT\u00c9ES -\" \/>\n<meta property=\"og:description\" content=\"Le site https:\/\/www.o-sarouel.com est d\u00e9velopp\u00e9 par la FRATY LLC dont le si\u00e8ge est au 304 S JONES BLVD, LAS VEGAS, NEVADA 89107. Pour toute question, n\u2019h\u00e9sitez pas \u00e0 nous contacter par email :\u00a0contact@o-sarouel.com Pour son activit\u00e9, O&#8217; Sarouel collecte des donn\u00e9es qui vous sont propres et que vous avez \u00e9t\u00e9 amen\u00e9s \u00e0 indiquer lors de [...]\" \/>\n<meta property=\"og:url\" content=\"https:\/\/www.o-sarouel.com\/de\/datenschutzerklarung\/\" \/>\n<meta property=\"article:modified_time\" content=\"2022-01-16T20:28:28+00:00\" \/>\n<meta name=\"twitter:card\" content=\"summary_large_image\" \/>\n<meta name=\"twitter:label1\" content=\"Gesch\u00e4tzte Lesezeit\" \/>\n\t<meta name=\"twitter:data1\" content=\"4\u00a0Minuten\" \/>\n<script type=\"application\/ld+json\" class=\"yoast-schema-graph\">{\"@context\":\"https:\/\/schema.org\",\"@graph\":[{\"@type\":\"WebPage\",\"@id\":\"https:\/\/www.o-sarouel.com\/politique-de-confidentialite\/\",\"url\":\"https:\/\/www.o-sarouel.com\/politique-de-confidentialite\/\",\"name\":\"UTILISATION DES DONN\u00c9ES PERSONNELLES COLLECT\u00c9ES -\",\"isPartOf\":{\"@id\":\"https:\/\/www.o-sarouel.com\/#website\"},\"datePublished\":\"2022-01-15T21:14:33+00:00\",\"dateModified\":\"2022-01-16T20:28:28+00:00\",\"breadcrumb\":{\"@id\":\"https:\/\/www.o-sarouel.com\/politique-de-confidentialite\/#breadcrumb\"},\"inLanguage\":\"de\",\"potentialAction\":[{\"@type\":\"ReadAction\",\"target\":[\"https:\/\/www.o-sarouel.com\/politique-de-confidentialite\/\"]}]},{\"@type\":\"BreadcrumbList\",\"@id\":\"https:\/\/www.o-sarouel.com\/politique-de-confidentialite\/#breadcrumb\",\"itemListElement\":[{\"@type\":\"ListItem\",\"position\":1,\"name\":\"Accueil\",\"item\":\"https:\/\/www.o-sarouel.com\/\"},{\"@type\":\"ListItem\",\"position\":2,\"name\":\"UTILISATION DES DONN\u00c9ES PERSONNELLES COLLECT\u00c9ES\"}]},{\"@type\":\"WebSite\",\"@id\":\"https:\/\/www.o-sarouel.com\/#website\",\"url\":\"https:\/\/www.o-sarouel.com\/\",\"name\":\"\",\"description\":\"\",\"publisher\":{\"@id\":\"https:\/\/www.o-sarouel.com\/#organization\"},\"potentialAction\":[{\"@type\":\"SearchAction\",\"target\":{\"@type\":\"EntryPoint\",\"urlTemplate\":\"https:\/\/www.o-sarouel.com\/?s={search_term_string}\"},\"query-input\":{\"@type\":\"PropertyValueSpecification\",\"valueRequired\":true,\"valueName\":\"search_term_string\"}}],\"inLanguage\":\"de\"},{\"@type\":\"Organization\",\"@id\":\"https:\/\/www.o-sarouel.com\/#organization\",\"name\":\"O' Sarouel\",\"url\":\"https:\/\/www.o-sarouel.com\/\",\"logo\":{\"@type\":\"ImageObject\",\"inLanguage\":\"de\",\"@id\":\"https:\/\/www.o-sarouel.com\/#\/schema\/logo\/image\/\",\"url\":\"https:\/\/www.o-sarouel.com\/wp-content\/uploads\/2022\/01\/logo-o-sarouel.png\",\"contentUrl\":\"https:\/\/www.o-sarouel.com\/wp-content\/uploads\/2022\/01\/logo-o-sarouel.png\",\"width\":350,\"height\":250,\"caption\":\"O' Sarouel\"},\"image\":{\"@id\":\"https:\/\/www.o-sarouel.com\/#\/schema\/logo\/image\/\"}}]}<\/script>\n<!-- \/ Yoast SEO plugin. -->","yoast_head_json":{"title":"VERWENDUNG DER ERFASSTEN PERSONENBEZOGENEN DATEN -","robots":{"index":"index","follow":"follow","max-snippet":"max-snippet:-1","max-image-preview":"max-image-preview:large","max-video-preview":"max-video-preview:-1"},"canonical":"https:\/\/www.o-sarouel.com\/de\/datenschutzerklarung\/","og_locale":"de_DE","og_type":"article","og_title":"UTILISATION DES DONN\u00c9ES PERSONNELLES COLLECT\u00c9ES -","og_description":"Le site https:\/\/www.o-sarouel.com est d\u00e9velopp\u00e9 par la FRATY LLC dont le si\u00e8ge est au 304 S JONES BLVD, LAS VEGAS, NEVADA 89107. Pour toute question, n\u2019h\u00e9sitez pas \u00e0 nous contacter par email :\u00a0contact@o-sarouel.com Pour son activit\u00e9, O&#8217; Sarouel collecte des donn\u00e9es qui vous sont propres et que vous avez \u00e9t\u00e9 amen\u00e9s \u00e0 indiquer lors de [...]","og_url":"https:\/\/www.o-sarouel.com\/de\/datenschutzerklarung\/","article_modified_time":"2022-01-16T20:28:28+00:00","twitter_card":"summary_large_image","twitter_misc":{"Gesch\u00e4tzte Lesezeit":"4\u00a0Minuten"},"schema":{"@context":"https:\/\/schema.org","@graph":[{"@type":"WebPage","@id":"https:\/\/www.o-sarouel.com\/politique-de-confidentialite\/","url":"https:\/\/www.o-sarouel.com\/politique-de-confidentialite\/","name":"VERWENDUNG DER ERFASSTEN PERSONENBEZOGENEN DATEN -","isPartOf":{"@id":"https:\/\/www.o-sarouel.com\/#website"},"datePublished":"2022-01-15T21:14:33+00:00","dateModified":"2022-01-16T20:28:28+00:00","breadcrumb":{"@id":"https:\/\/www.o-sarouel.com\/politique-de-confidentialite\/#breadcrumb"},"inLanguage":"de","potentialAction":[{"@type":"ReadAction","target":["https:\/\/www.o-sarouel.com\/politique-de-confidentialite\/"]}]},{"@type":"BreadcrumbList","@id":"https:\/\/www.o-sarouel.com\/politique-de-confidentialite\/#breadcrumb","itemListElement":[{"@type":"ListItem","position":1,"name":"Accueil","item":"https:\/\/www.o-sarouel.com\/"},{"@type":"ListItem","position":2,"name":"UTILISATION DES DONN\u00c9ES PERSONNELLES COLLECT\u00c9ES"}]},{"@type":"WebSite","@id":"https:\/\/www.o-sarouel.com\/#website","url":"https:\/\/www.o-sarouel.com\/","name":"","description":"","publisher":{"@id":"https:\/\/www.o-sarouel.com\/#organization"},"potentialAction":[{"@type":"SearchAction","target":{"@type":"EntryPoint","urlTemplate":"https:\/\/www.o-sarouel.com\/?s={search_term_string}"},"query-input":{"@type":"PropertyValueSpecification","valueRequired":true,"valueName":"search_term_string"}}],"inLanguage":"de"},{"@type":"Organization","@id":"https:\/\/www.o-sarouel.com\/#organization","name":"O' Sarouel","url":"https:\/\/www.o-sarouel.com\/","logo":{"@type":"ImageObject","inLanguage":"de","@id":"https:\/\/www.o-sarouel.com\/#\/schema\/logo\/image\/","url":"https:\/\/www.o-sarouel.com\/wp-content\/uploads\/2022\/01\/logo-o-sarouel.png","contentUrl":"https:\/\/www.o-sarouel.com\/wp-content\/uploads\/2022\/01\/logo-o-sarouel.png","width":350,"height":250,"caption":"O' Sarouel"},"image":{"@id":"https:\/\/www.o-sarouel.com\/#\/schema\/logo\/image\/"}}]}},"_links":{"self":[{"href":"https:\/\/www.o-sarouel.com\/de\/wp-json\/wp\/v2\/pages\/3","targetHints":{"allow":["GET"]}}],"collection":[{"href":"https:\/\/www.o-sarouel.com\/de\/wp-json\/wp\/v2\/pages"}],"about":[{"href":"https:\/\/www.o-sarouel.com\/de\/wp-json\/wp\/v2\/types\/page"}],"author":[{"embeddable":true,"href":"https:\/\/www.o-sarouel.com\/de\/wp-json\/wp\/v2\/users\/1"}],"replies":[{"embeddable":true,"href":"https:\/\/www.o-sarouel.com\/de\/wp-json\/wp\/v2\/comments?post=3"}],"version-history":[{"count":1,"href":"https:\/\/www.o-sarouel.com\/de\/wp-json\/wp\/v2\/pages\/3\/revisions"}],"predecessor-version":[{"id":64,"href":"https:\/\/www.o-sarouel.com\/de\/wp-json\/wp\/v2\/pages\/3\/revisions\/64"}],"wp:attachment":[{"href":"https:\/\/www.o-sarouel.com\/de\/wp-json\/wp\/v2\/media?parent=3"}],"curies":[{"name":"wp","href":"https:\/\/api.w.org\/{rel}","templated":true}]}}