{"id":1390,"date":"2022-08-03T19:18:36","date_gmt":"2022-08-03T19:18:36","guid":{"rendered":"https:\/\/www.o-sarouel.com\/?page_id=1390"},"modified":"2022-10-02T13:21:52","modified_gmt":"2022-10-02T13:21:52","slug":"marke-fur-sarouelhosen","status":"publish","type":"page","link":"https:\/\/www.o-sarouel.com\/de\/marke-fur-sarouelhosen\/","title":{"rendered":"Marke f\u00fcr Sarouelhosen"},"content":{"rendered":"<div class=\"container section-title-container\" ><h1 class=\"section-title section-title-center\"><b aria-hidden=\"true\"><\/b><span class=\"section-title-main\" >Marke f\u00fcr Sarouelhosen<\/span><b aria-hidden=\"true\"><\/b><\/h1><\/div>\n\n<div class=\"row\"  id=\"row-13794786\">\n\n\n\t<div id=\"col-459853176\" class=\"col medium-4 small-12 large-4\"  >\n\t\t\t\t<div class=\"col-inner\"  >\n\t\t\t\n\t\t\t\n\n\t<div class=\"img has-hover x md-x lg-x y md-y lg-y\" id=\"image_473390672\">\n\t\t<a class=\"\" href=\"https:\/\/www.o-sarouel.com\/de\/kategorie\/sarouelhose-na3im\/\" >\t\t\t\t\t\t<div class=\"img-inner dark\" >\n\t\t\t<img decoding=\"async\" width=\"654\" height=\"450\" src=\"https:\/\/www.o-sarouel.com\/wp-content\/uploads\/2022\/08\/sarouel-na3im.jpg\" class=\"attachment-large size-large\" alt=\"Logo Sarouel Na3im\" srcset=\"https:\/\/www.o-sarouel.com\/wp-content\/uploads\/2022\/08\/sarouel-na3im.jpg 654w, https:\/\/www.o-sarouel.com\/wp-content\/uploads\/2022\/08\/sarouel-na3im-581x400.jpg 581w, https:\/\/www.o-sarouel.com\/wp-content\/uploads\/2022\/08\/sarouel-na3im-600x413.jpg 600w\" sizes=\"(max-width: 654px) 100vw, 654px\" \/>\t\t\t\t\t\t\n\t\t\t\t\t<\/div>\n\t\t\t\t\t\t<\/a>\t\t\n<style>\n#image_473390672 {\n  width: 100%;\n}\n<\/style>\n\t<\/div>\n\t\n\n\n\t\t<\/div>\n\t\t\t\t\t<\/div>\n\n\t\n\n\t<div id=\"col-36064366\" class=\"col medium-4 small-12 large-4\"  >\n\t\t\t\t<div class=\"col-inner\"  >\n\t\t\t\n\t\t\t\n\n\t<div class=\"img has-hover x md-x lg-x y md-y lg-y\" id=\"image_425077975\">\n\t\t<a class=\"\" href=\"https:\/\/www.o-sarouel.com\/de\/kategorie\/qabail-hose\/\" >\t\t\t\t\t\t<div class=\"img-inner dark\" >\n\t\t\t<img decoding=\"async\" width=\"654\" height=\"450\" src=\"https:\/\/www.o-sarouel.com\/wp-content\/uploads\/2022\/08\/sarouel-qabail.jpg\" class=\"attachment-large size-large\" alt=\"Logo Sarouel Qabail\" srcset=\"https:\/\/www.o-sarouel.com\/wp-content\/uploads\/2022\/08\/sarouel-qabail.jpg 654w, https:\/\/www.o-sarouel.com\/wp-content\/uploads\/2022\/08\/sarouel-qabail-581x400.jpg 581w, https:\/\/www.o-sarouel.com\/wp-content\/uploads\/2022\/08\/sarouel-qabail-600x413.jpg 600w\" sizes=\"(max-width: 654px) 100vw, 654px\" \/>\t\t\t\t\t\t\n\t\t\t\t\t<\/div>\n\t\t\t\t\t\t<\/a>\t\t\n<style>\n#image_425077975 {\n  width: 100%;\n}\n<\/style>\n\t<\/div>\n\t\n\n\n\t\t<\/div>\n\t\t\t\t\t<\/div>\n\n\t\n\n\t<div id=\"col-1802380023\" class=\"col medium-4 small-12 large-4\"  >\n\t\t\t\t<div class=\"col-inner\"  >\n\t\t\t\n\t\t\t\n\n\t<div class=\"img has-hover x md-x lg-x y md-y lg-y\" id=\"image_572376403\">\n\t\t<a class=\"\" href=\"https:\/\/www.o-sarouel.com\/de\/kategorie\/jeans-hose-mit-weitem-bein\/\" >\t\t\t\t\t\t<div class=\"img-inner dark\" >\n\t\t\t<img decoding=\"async\" width=\"654\" height=\"450\" src=\"https:\/\/www.o-sarouel.com\/wp-content\/uploads\/2022\/08\/sarouel-dc-jeans.jpg\" class=\"attachment-large size-large\" alt=\"Logo Sarouel DC Jeans\" srcset=\"https:\/\/www.o-sarouel.com\/wp-content\/uploads\/2022\/08\/sarouel-dc-jeans.jpg 654w, https:\/\/www.o-sarouel.com\/wp-content\/uploads\/2022\/08\/sarouel-dc-jeans-581x400.jpg 581w, https:\/\/www.o-sarouel.com\/wp-content\/uploads\/2022\/08\/sarouel-dc-jeans-600x413.jpg 600w\" sizes=\"(max-width: 654px) 100vw, 654px\" \/>\t\t\t\t\t\t\n\t\t\t\t\t<\/div>\n\t\t\t\t\t\t<\/a>\t\t\n<style>\n#image_572376403 {\n  width: 100%;\n}\n<\/style>\n\t<\/div>\n\t\n\n\n\t\t<\/div>\n\t\t\t\t\t<\/div>\n\n\t\n\n<\/div>\n<div class=\"row\"  id=\"row-1076588713\">\n\n\n\t<div id=\"col-2000828296\" class=\"col medium-4 small-12 large-4\"  >\n\t\t\t\t<div class=\"col-inner\"  >\n\t\t\t\n\t\t\t\n\n\t<div class=\"img has-hover x md-x lg-x y md-y lg-y\" id=\"image_748370228\">\n\t\t<a class=\"\" href=\"https:\/\/www.o-sarouel.com\/de\/kategorie\/noujoum\/\" >\t\t\t\t\t\t<div class=\"img-inner dark\" >\n\t\t\t<img decoding=\"async\" width=\"654\" height=\"450\" src=\"https:\/\/www.o-sarouel.com\/wp-content\/uploads\/2022\/08\/log-sarouel-noujoum.jpg\" class=\"attachment-large size-large\" alt=\"Logo Sarouel Noujoum\" srcset=\"https:\/\/www.o-sarouel.com\/wp-content\/uploads\/2022\/08\/log-sarouel-noujoum.jpg 654w, https:\/\/www.o-sarouel.com\/wp-content\/uploads\/2022\/08\/log-sarouel-noujoum-581x400.jpg 581w, https:\/\/www.o-sarouel.com\/wp-content\/uploads\/2022\/08\/log-sarouel-noujoum-600x413.jpg 600w\" sizes=\"(max-width: 654px) 100vw, 654px\" \/>\t\t\t\t\t\t\n\t\t\t\t\t<\/div>\n\t\t\t\t\t\t<\/a>\t\t\n<style>\n#image_748370228 {\n  width: 100%;\n}\n<\/style>\n\t<\/div>\n\t\n\n\n\t\t<\/div>\n\t\t\t\t\t<\/div>\n\n\t\n\n\t<div id=\"col-1912674903\" class=\"col medium-4 small-12 large-4\"  >\n\t\t\t\t<div class=\"col-inner\"  >\n\t\t\t\n\t\t\t\n\n\t<div class=\"img has-hover x md-x lg-x y md-y lg-y\" id=\"image_1796556452\">\n\t\t<a class=\"\" href=\"https:\/\/www.o-sarouel.com\/de\/kategorie\/timssan-hose\/\" >\t\t\t\t\t\t<div class=\"img-inner dark\" >\n\t\t\t<img decoding=\"async\" width=\"654\" height=\"450\" src=\"https:\/\/www.o-sarouel.com\/wp-content\/uploads\/2022\/08\/logo-sarouel-timssan.jpg\" class=\"attachment-large size-large\" alt=\"Logo Sarouel Timssan\" srcset=\"https:\/\/www.o-sarouel.com\/wp-content\/uploads\/2022\/08\/logo-sarouel-timssan.jpg 654w, https:\/\/www.o-sarouel.com\/wp-content\/uploads\/2022\/08\/logo-sarouel-timssan-581x400.jpg 581w, https:\/\/www.o-sarouel.com\/wp-content\/uploads\/2022\/08\/logo-sarouel-timssan-600x413.jpg 600w\" sizes=\"(max-width: 654px) 100vw, 654px\" \/>\t\t\t\t\t\t\n\t\t\t\t\t<\/div>\n\t\t\t\t\t\t<\/a>\t\t\n<style>\n#image_1796556452 {\n  width: 100%;\n}\n<\/style>\n\t<\/div>\n\t\n\n\n\t\t<\/div>\n\t\t\t\t\t<\/div>\n\n\t\n\n\t<div id=\"col-507469501\" class=\"col medium-4 small-12 large-4\"  >\n\t\t\t\t<div class=\"col-inner\"  >\n\t\t\t\n\t\t\t\n\n\t<div class=\"img has-hover x md-x lg-x y md-y lg-y\" id=\"image_841966966\">\n\t\t<a class=\"\" href=\"https:\/\/www.o-sarouel.com\/de\/kategorie\/syndeed\/\" >\t\t\t\t\t\t<div class=\"img-inner dark\" >\n\t\t\t<img decoding=\"async\" width=\"654\" height=\"450\" src=\"https:\/\/www.o-sarouel.com\/wp-content\/uploads\/2022\/08\/sarouel-syndeed.jpg\" class=\"attachment-large size-large\" alt=\"Sarouelhose Syndeed\" srcset=\"https:\/\/www.o-sarouel.com\/wp-content\/uploads\/2022\/08\/sarouel-syndeed.jpg 654w, https:\/\/www.o-sarouel.com\/wp-content\/uploads\/2022\/08\/sarouel-syndeed-581x400.jpg 581w, https:\/\/www.o-sarouel.com\/wp-content\/uploads\/2022\/08\/sarouel-syndeed-600x413.jpg 600w\" sizes=\"(max-width: 654px) 100vw, 654px\" \/>\t\t\t\t\t\t\n\t\t\t\t\t<\/div>\n\t\t\t\t\t\t<\/a>\t\t\n<style>\n#image_841966966 {\n  width: 100%;\n}\n<\/style>\n\t<\/div>\n\t\n\n\n\t\t<\/div>\n\t\t\t\t\t<\/div>\n\n\t\n\n\t<div id=\"col-675700871\" class=\"col medium-4 small-12 large-4\"  >\n\t\t\t\t<div class=\"col-inner\"  >\n\t\t\t\n\t\t\t\n\n\t<div class=\"img has-hover x md-x lg-x y md-y lg-y\" id=\"image_2136332332\">\n\t\t<a class=\"\" href=\"https:\/\/www.o-sarouel.com\/de\/kategorie\/ibn-adam-hose\/\" >\t\t\t\t\t\t<div class=\"img-inner dark\" >\n\t\t\t<img decoding=\"async\" width=\"600\" height=\"600\" src=\"https:\/\/www.o-sarouel.com\/wp-content\/uploads\/2022\/10\/sarouel-ibn-adam.jpg\" class=\"attachment-large size-large\" alt=\"Ibn Adam-Hose\" srcset=\"https:\/\/www.o-sarouel.com\/wp-content\/uploads\/2022\/10\/sarouel-ibn-adam.jpg 600w, https:\/\/www.o-sarouel.com\/wp-content\/uploads\/2022\/10\/sarouel-ibn-adam-100x100.jpg 100w, https:\/\/www.o-sarouel.com\/wp-content\/uploads\/2022\/10\/sarouel-ibn-adam-400x400.jpg 400w, https:\/\/www.o-sarouel.com\/wp-content\/uploads\/2022\/10\/sarouel-ibn-adam-280x280.jpg 280w, https:\/\/www.o-sarouel.com\/wp-content\/uploads\/2022\/10\/sarouel-ibn-adam-300x300.jpg 300w\" sizes=\"(max-width: 600px) 100vw, 600px\" \/>\t\t\t\t\t\t\n\t\t\t\t\t<\/div>\n\t\t\t\t\t\t<\/a>\t\t\n<style>\n#image_2136332332 {\n  width: 100%;\n}\n<\/style>\n\t<\/div>\n\t\n\n\n\t\t<\/div>\n\t\t\t\t\t<\/div>\n\n\t\n\n<\/div>\n<p>Die richtige Marke f\u00fcr Haremshosen finden Sie hier!  Als Spezialisten auf diesem Gebiet bieten wir Ihnen&nbsp;<strong>alle Stile<\/strong>&nbsp;: l\u00e4ssig, schick, Sportbekleidung, urban. <a href=\"https:\/\/www.o-sarouel.com\/de\/kategorie\/hosen-fur-frauen\/\"><strong>Frau<\/strong><\/a> oder <a href=\"https:\/\/www.o-sarouel.com\/de\/kategorie\/hosen-fur-manner\/\"><strong>Mann<\/strong><\/a>, Ihr&nbsp;<strong>Das Gl\u00fcck ist hier<\/strong>&nbsp;! Unsere Sarouel-Marken richten sich an die ganze Familie. Ob Sie gro\u00df, klein, schlank oder kr\u00e4ftig sind, Sie werden mit Sicherheit die Sarouel finden, die Ihnen gef\u00e4llt.<\/p>\n<h2><strong>Warum sollte man sich f\u00fcr eine Sarouel-Marke statt f\u00fcr eine klassische Hose entscheiden?<\/strong><\/h2>\n<p>Die aus dem Nahen Osten stammende Haremshose wird seit Jahrhunderten sowohl von M\u00e4nnern als auch von Frauen getragen. Im Gegensatz zu einer klassischen Hose ist die Haremshose mit ihrem weiten Schnitt im Schritt ein Kleidungsst\u00fcck, das&nbsp;<strong>wird Ihre Schamhaftigkeit respektieren<\/strong>. Es ist das trendige Kleidungsst\u00fcck,&nbsp;<strong>gesetzlich geregelt<\/strong>. Sie ist bequem und angenehm zu tragen.  Im Gegensatz zu einer klassischen Hose m\u00fcssen Sie nicht nach einem Hemd oder einem langen T-Shirt suchen, um Ihre Schamhaftigkeit zu wahren.<\/p>\n<p>In den letzten Jahren haben die Sarouel-Marken den traditionellen Schnitt der Sarouel-Hose \u00fcberarbeitet und bieten nun&nbsp;<strong>trendige Haremshosen<\/strong>. Unabh\u00e4ngig vom Schnitt immer bequem, tragen Sie die Sarouelhose&nbsp;<strong>bei jeder Gelegenheit<\/strong>.<\/p>\n<h2><strong>Marke f\u00fcr Sarouelhosen: Die Vorteile<\/strong><\/h2>\n<p>Unsere Sarouel-Marken bieten Ihnen ein&nbsp;<strong>gro\u00dfe Auswahl<\/strong>. So finden Sie die ideale Haremshose f\u00fcr den Sport, f\u00fcr Ausfl\u00fcge mit Freunden, aber auch f\u00fcr besondere Anl\u00e4sse. Sie k\u00f6nnen sich mal schlicht und l\u00e4ssig, mal schick und elegant kleiden.&nbsp;<strong>Alle Stile<\/strong>&nbsp;sind bei unseren Sarouel-Marken ganz gro\u00df im Kommen!<br>\nSie haben au\u00dferdem die Wahl zwischen&nbsp;<strong>verschiedene Materialien<\/strong>&nbsp;(Baumwolle, Jeansstoff, Nylon \u2026) und&nbsp;<strong>verschiedene Schnitte<\/strong>&nbsp;:<\/p>\n<ul>\n<li>Lang (die Haremshose verdeckt Ihre Kn\u00f6chel)<\/li>\n<li>Halbkurz (die Sarouelhose reicht bis zur Wadenmitte)<\/li>\n<li>Kurz (die Haremshose reicht bis unterhalb des Knies)<\/li>\n<\/ul>\n<p>Die meisten Haremshosen sind einfarbig (blau, wei\u00df, beige, bordeauxrot, pflaumenfarben, kamelfarben, grau), aber es gibt auch Haremshosen mit Mustern (Camouflage, Drucke, Wellen).<\/p>\n<h2><strong>Unabh\u00e4ngig von Ihrer Gr\u00f6\u00dfe finden Sie bei uns die passende Sarouel-Hose:<\/strong><\/h2>\n<ul>\n<li>Von L bis XXL f\u00fcr M\u00e4nner<\/li>\n<li>Von S bis XL f\u00fcr Frauen<\/li>\n<li>Von 3 bis 10 Jahren f\u00fcr Kinder<\/li>\n<\/ul>\n<h3><strong>Die Haremshose, der neue Trend<\/strong><\/h3>\n<p>Die Sarouel-Marken haben es verstanden, sich der Mode anzupassen. Dabei haben sie ihre&nbsp;<strong>origineller Schnitt<\/strong>&nbsp;Die Haremshose, die ihren Erfolg begr\u00fcndet hat, hat sich weiterentwickelt. Heute bieten die Marken unter anderem Haremshosen aus Jeansstoff oder mit Camouflage-Muster an. Die klassische Haremshose hat nach wie vor ihren Platz, aber die Designer bieten Ihnen auch neu interpretierte Modelle an. So k\u00f6nnen Sie Sarouel-Hosen mit Camouflage- oder Wellenmuster (Waves) oder auch mit Aufdrucken entdecken. Auch f\u00fcr M\u00e4nner gibt es verschiedene Schnitte. Die kurze Sarouel-Hose oder eine Hose mit starker Verengung an den Kn\u00f6cheln verleiht Ihnen einen originellen und trendigen Stil.<\/p>\n<p>Die Marke f\u00fcr moderne Haremshosen&nbsp;<strong>entspricht Ihren Bed\u00fcrfnissen<\/strong>&nbsp;Sie unternehmen etwas mit Freunden, m\u00f6chten joggen gehen oder sind zu einem Abendessen eingeladen? Dann ist eine Haremshose genau das Richtige f\u00fcr Sie! Unsere Haremshosenmarken entsprechen Ihren Vorstellungen und liegen voll im Trend \u2013 Sie werden begeistert sein.<\/p>","protected":false},"excerpt":{"rendered":"","protected":false},"author":1,"featured_media":0,"parent":0,"menu_order":0,"comment_status":"closed","ping_status":"closed","template":"","meta":{"footnotes":""},"class_list":["post-1390","page","type-page","status-publish","hentry"],"yoast_head":"<!-- This site is optimized with the Yoast SEO plugin v26.9 - https:\/\/yoast.com\/product\/yoast-seo-wordpress\/ -->\n<title>Marque de sarouel I Vente des meilleures marques de sarouel<\/title>\n<meta name=\"description\" content=\"La marque de sarouel qu&#039;il vous faut est ici !\u00a0 Ici, nous vous proposons\u00a0tous les styles\u00a0: d\u00e9contract\u00e9, chic, sportwear, urbain.\" \/>\n<meta name=\"robots\" content=\"index, follow, max-snippet:-1, max-image-preview:large, max-video-preview:-1\" \/>\n<link rel=\"canonical\" href=\"https:\/\/www.o-sarouel.com\/de\/marke-fur-sarouelhosen\/\" \/>\n<meta property=\"og:locale\" content=\"de_DE\" \/>\n<meta property=\"og:type\" content=\"article\" \/>\n<meta property=\"og:title\" content=\"Marque de sarouel I Vente des meilleures marques de sarouel\" \/>\n<meta property=\"og:description\" content=\"La marque de sarouel qu&#039;il vous faut est ici !\u00a0 Ici, nous vous proposons\u00a0tous les styles\u00a0: d\u00e9contract\u00e9, chic, sportwear, urbain.\" \/>\n<meta property=\"og:url\" content=\"https:\/\/www.o-sarouel.com\/de\/marke-fur-sarouelhosen\/\" \/>\n<meta property=\"article:modified_time\" content=\"2022-10-02T13:21:52+00:00\" \/>\n<meta name=\"twitter:card\" content=\"summary_large_image\" \/>\n<meta name=\"twitter:label1\" content=\"Gesch\u00e4tzte Lesezeit\" \/>\n\t<meta name=\"twitter:data1\" content=\"3\u00a0Minuten\" \/>\n<script type=\"application\/ld+json\" class=\"yoast-schema-graph\">{\"@context\":\"https:\/\/schema.org\",\"@graph\":[{\"@type\":\"WebPage\",\"@id\":\"https:\/\/www.o-sarouel.com\/marque-de-sarouel\/\",\"url\":\"https:\/\/www.o-sarouel.com\/marque-de-sarouel\/\",\"name\":\"Marque de sarouel I Vente des meilleures marques de sarouel\",\"isPartOf\":{\"@id\":\"https:\/\/www.o-sarouel.com\/#website\"},\"datePublished\":\"2022-08-03T19:18:36+00:00\",\"dateModified\":\"2022-10-02T13:21:52+00:00\",\"description\":\"La marque de sarouel qu'il vous faut est ici !\u00a0 Ici, nous vous proposons\u00a0tous les styles\u00a0: d\u00e9contract\u00e9, chic, sportwear, urbain.\",\"breadcrumb\":{\"@id\":\"https:\/\/www.o-sarouel.com\/marque-de-sarouel\/#breadcrumb\"},\"inLanguage\":\"de\",\"potentialAction\":[{\"@type\":\"ReadAction\",\"target\":[\"https:\/\/www.o-sarouel.com\/marque-de-sarouel\/\"]}]},{\"@type\":\"BreadcrumbList\",\"@id\":\"https:\/\/www.o-sarouel.com\/marque-de-sarouel\/#breadcrumb\",\"itemListElement\":[{\"@type\":\"ListItem\",\"position\":1,\"name\":\"Accueil\",\"item\":\"https:\/\/www.o-sarouel.com\/\"},{\"@type\":\"ListItem\",\"position\":2,\"name\":\"Marque de sarouel\"}]},{\"@type\":\"WebSite\",\"@id\":\"https:\/\/www.o-sarouel.com\/#website\",\"url\":\"https:\/\/www.o-sarouel.com\/\",\"name\":\"\",\"description\":\"\",\"publisher\":{\"@id\":\"https:\/\/www.o-sarouel.com\/#organization\"},\"potentialAction\":[{\"@type\":\"SearchAction\",\"target\":{\"@type\":\"EntryPoint\",\"urlTemplate\":\"https:\/\/www.o-sarouel.com\/?s={search_term_string}\"},\"query-input\":{\"@type\":\"PropertyValueSpecification\",\"valueRequired\":true,\"valueName\":\"search_term_string\"}}],\"inLanguage\":\"de\"},{\"@type\":\"Organization\",\"@id\":\"https:\/\/www.o-sarouel.com\/#organization\",\"name\":\"O' Sarouel\",\"url\":\"https:\/\/www.o-sarouel.com\/\",\"logo\":{\"@type\":\"ImageObject\",\"inLanguage\":\"de\",\"@id\":\"https:\/\/www.o-sarouel.com\/#\/schema\/logo\/image\/\",\"url\":\"https:\/\/www.o-sarouel.com\/wp-content\/uploads\/2022\/01\/logo-o-sarouel.png\",\"contentUrl\":\"https:\/\/www.o-sarouel.com\/wp-content\/uploads\/2022\/01\/logo-o-sarouel.png\",\"width\":350,\"height\":250,\"caption\":\"O' Sarouel\"},\"image\":{\"@id\":\"https:\/\/www.o-sarouel.com\/#\/schema\/logo\/image\/\"}}]}<\/script>\n<!-- \/ Yoast SEO plugin. -->","yoast_head_json":{"title":"Marke f\u00fcr Sarouelhosen I Verkauf der besten Marken f\u00fcr Sarouelhosen","description":"Die richtige Marke f\u00fcr Haremshosen finden Sie hier!  Wir bieten Ihnen alle Stilrichtungen: l\u00e4ssig, schick, Sportbekleidung, urban.","robots":{"index":"index","follow":"follow","max-snippet":"max-snippet:-1","max-image-preview":"max-image-preview:large","max-video-preview":"max-video-preview:-1"},"canonical":"https:\/\/www.o-sarouel.com\/de\/marke-fur-sarouelhosen\/","og_locale":"de_DE","og_type":"article","og_title":"Marque de sarouel I Vente des meilleures marques de sarouel","og_description":"La marque de sarouel qu'il vous faut est ici !\u00a0 Ici, nous vous proposons\u00a0tous les styles\u00a0: d\u00e9contract\u00e9, chic, sportwear, urbain.","og_url":"https:\/\/www.o-sarouel.com\/de\/marke-fur-sarouelhosen\/","article_modified_time":"2022-10-02T13:21:52+00:00","twitter_card":"summary_large_image","twitter_misc":{"Gesch\u00e4tzte Lesezeit":"3\u00a0Minuten"},"schema":{"@context":"https:\/\/schema.org","@graph":[{"@type":"WebPage","@id":"https:\/\/www.o-sarouel.com\/marque-de-sarouel\/","url":"https:\/\/www.o-sarouel.com\/marque-de-sarouel\/","name":"Marke f\u00fcr Sarouelhosen I Verkauf der besten Marken f\u00fcr Sarouelhosen","isPartOf":{"@id":"https:\/\/www.o-sarouel.com\/#website"},"datePublished":"2022-08-03T19:18:36+00:00","dateModified":"2022-10-02T13:21:52+00:00","description":"Die richtige Marke f\u00fcr Haremshosen finden Sie hier!  Wir bieten Ihnen alle Stilrichtungen: l\u00e4ssig, schick, Sportbekleidung, urban.","breadcrumb":{"@id":"https:\/\/www.o-sarouel.com\/marque-de-sarouel\/#breadcrumb"},"inLanguage":"de","potentialAction":[{"@type":"ReadAction","target":["https:\/\/www.o-sarouel.com\/marque-de-sarouel\/"]}]},{"@type":"BreadcrumbList","@id":"https:\/\/www.o-sarouel.com\/marque-de-sarouel\/#breadcrumb","itemListElement":[{"@type":"ListItem","position":1,"name":"Accueil","item":"https:\/\/www.o-sarouel.com\/"},{"@type":"ListItem","position":2,"name":"Marque de sarouel"}]},{"@type":"WebSite","@id":"https:\/\/www.o-sarouel.com\/#website","url":"https:\/\/www.o-sarouel.com\/","name":"","description":"","publisher":{"@id":"https:\/\/www.o-sarouel.com\/#organization"},"potentialAction":[{"@type":"SearchAction","target":{"@type":"EntryPoint","urlTemplate":"https:\/\/www.o-sarouel.com\/?s={search_term_string}"},"query-input":{"@type":"PropertyValueSpecification","valueRequired":true,"valueName":"search_term_string"}}],"inLanguage":"de"},{"@type":"Organization","@id":"https:\/\/www.o-sarouel.com\/#organization","name":"O' Sarouel","url":"https:\/\/www.o-sarouel.com\/","logo":{"@type":"ImageObject","inLanguage":"de","@id":"https:\/\/www.o-sarouel.com\/#\/schema\/logo\/image\/","url":"https:\/\/www.o-sarouel.com\/wp-content\/uploads\/2022\/01\/logo-o-sarouel.png","contentUrl":"https:\/\/www.o-sarouel.com\/wp-content\/uploads\/2022\/01\/logo-o-sarouel.png","width":350,"height":250,"caption":"O' Sarouel"},"image":{"@id":"https:\/\/www.o-sarouel.com\/#\/schema\/logo\/image\/"}}]}},"_links":{"self":[{"href":"https:\/\/www.o-sarouel.com\/de\/wp-json\/wp\/v2\/pages\/1390","targetHints":{"allow":["GET"]}}],"collection":[{"href":"https:\/\/www.o-sarouel.com\/de\/wp-json\/wp\/v2\/pages"}],"about":[{"href":"https:\/\/www.o-sarouel.com\/de\/wp-json\/wp\/v2\/types\/page"}],"author":[{"embeddable":true,"href":"https:\/\/www.o-sarouel.com\/de\/wp-json\/wp\/v2\/users\/1"}],"replies":[{"embeddable":true,"href":"https:\/\/www.o-sarouel.com\/de\/wp-json\/wp\/v2\/comments?post=1390"}],"version-history":[{"count":3,"href":"https:\/\/www.o-sarouel.com\/de\/wp-json\/wp\/v2\/pages\/1390\/revisions"}],"predecessor-version":[{"id":1577,"href":"https:\/\/www.o-sarouel.com\/de\/wp-json\/wp\/v2\/pages\/1390\/revisions\/1577"}],"wp:attachment":[{"href":"https:\/\/www.o-sarouel.com\/de\/wp-json\/wp\/v2\/media?parent=1390"}],"curies":[{"name":"wp","href":"https:\/\/api.w.org\/{rel}","templated":true}]}}